{"id":69,"date":"2019-06-04T08:53:26","date_gmt":"2019-06-04T08:53:26","guid":{"rendered":"https:\/\/mptpc.wordpress.com\/?page_id=39"},"modified":"2025-07-01T09:58:46","modified_gmt":"2025-07-01T08:58:46","slug":"15-25-ans","status":"publish","type":"page","link":"https:\/\/mptpetitcharran.fr\/?page_id=69","title":{"rendered":"11-25 ans"},"content":{"rendered":"\n<div class=\"wp-block-media-text alignwide has-media-on-the-right is-stacked-on-mobile has-background\" style=\"background-color:#f4f3ef\"><div class=\"wp-block-media-text__content\">\n<p class=\"has-text-align-center has-large-font-size\"><strong>Accueil libre<\/strong><\/p>\n\n\n\n<p class=\"has-text-align-center\"><strong>PERMANENCES TOUS LES MERCREDIS DE<br>14H \u00c0 18H , LES JEUDIS DE 16H \u00c0 19H ET<br>CULTURE GEEK DE 17H \u00c0 18H. <br>1ER MERCREDI DU MOIS : D\u00c9COUVERTE DE JEUX DE SOCI\u00c9T\u00c9 OUVERTURE LES SAMEDIS suivant les projets propos\u00e9s.<\/strong><\/p>\n\n\n\n<p class=\"has-text-align-center\"><\/p>\n\n\n\n<p>Accompagn\u00e9 par l&rsquo;\u00e9quipe de la MPT, vous pourrez construire et r\u00e9aliser vos projets personnels tout en b\u00e9n\u00e9ficiant d&rsquo;une exp\u00e9rience encadr\u00e9e.<br><\/p>\n<\/div><figure class=\"wp-block-media-text__media\"><img loading=\"lazy\" decoding=\"async\" width=\"1024\" height=\"618\" src=\"https:\/\/mptpetitcharran.fr\/wp-content\/uploads\/2024\/06\/medium-shot-people-planning-trip-1024x618.jpg\" alt=\"\" class=\"wp-image-5551 size-full\" srcset=\"https:\/\/mptpetitcharran.fr\/wp-content\/uploads\/2024\/06\/medium-shot-people-planning-trip-1024x618.jpg 1024w, https:\/\/mptpetitcharran.fr\/wp-content\/uploads\/2024\/06\/medium-shot-people-planning-trip-300x181.jpg 300w, https:\/\/mptpetitcharran.fr\/wp-content\/uploads\/2024\/06\/medium-shot-people-planning-trip-768x463.jpg 768w, https:\/\/mptpetitcharran.fr\/wp-content\/uploads\/2024\/06\/medium-shot-people-planning-trip-1536x927.jpg 1536w, https:\/\/mptpetitcharran.fr\/wp-content\/uploads\/2024\/06\/medium-shot-people-planning-trip-2048x1236.jpg 2048w, https:\/\/mptpetitcharran.fr\/wp-content\/uploads\/2024\/06\/medium-shot-people-planning-trip-700x422.jpg 700w, https:\/\/mptpetitcharran.fr\/wp-content\/uploads\/2024\/06\/medium-shot-people-planning-trip-2000x1207.jpg 2000w, https:\/\/mptpetitcharran.fr\/wp-content\/uploads\/2024\/06\/medium-shot-people-planning-trip-663x400.jpg 663w\" sizes=\"auto, (max-width: 1024px) 100vw, 1024px\" \/><\/figure><\/div>\n\n\n\n<div style=\"height:20px\" aria-hidden=\"true\" class=\"wp-block-spacer\"><\/div>\n\n\n\n<div class=\"wp-block-media-text alignwide has-media-on-the-right is-stacked-on-mobile has-background\" style=\"background-color:#f4f3ef;grid-template-columns:auto 38%\"><div class=\"wp-block-media-text__content\">\n<p><\/p>\n\n\n\n<p class=\"has-text-align-center has-large-font-size\"><strong>Accompagnement et engagement<\/strong><\/p>\n\n\n\n<p>L\u2019ENGAGEMENT au sein du secteur jeunesse se<br>fait \u00e9galement \u00e0 travers un accompagnement<br>collectif, encadr\u00e9 par les salari\u00e9s de la MPT.<br>Participez \u00e0 des missions de <strong>SERVICE CIVIQUE<\/strong>, au <strong>SERVICE NATIONAL UNIVERSEL<\/strong>, ainsi qu&rsquo;\u00e0 des <strong>FORMATIONS BAFA<\/strong> et des <strong>STAGES<\/strong>. Devenez <strong>B\u00c9N\u00c9VOLE<\/strong> pour enrichir votre exp\u00e9rience et d\u00e9velopper vos comp\u00e9tences tout en<br>contribuant activement \u00e0 la vie de la Maison Pour Tous.<\/p>\n\n\n\n<p><\/p>\n<\/div><figure class=\"wp-block-media-text__media\"><img decoding=\"async\" src=\"https:\/\/mptpc.files.wordpress.com\/2019\/06\/advice-advise-advisor-7096.jpg?w=1024\" alt=\"\" class=\"wp-image-838 size-full\"\/><\/figure><\/div>\n\n\n\n<div style=\"height:20px\" aria-hidden=\"true\" class=\"wp-block-spacer\"><\/div>\n\n\n\n<div class=\"wp-block-media-text alignwide is-stacked-on-mobile has-background\" style=\"background-color:#f4f3ef\"><figure class=\"wp-block-media-text__media\"><img loading=\"lazy\" decoding=\"async\" width=\"1024\" height=\"679\" src=\"https:\/\/mptpetitcharran.fr\/wp-content\/uploads\/2021\/07\/rachel-jenks-QCh407JdMJ8-unsplash-1024x679.jpg\" alt=\"\" class=\"wp-image-3089 size-full\" srcset=\"https:\/\/mptpetitcharran.fr\/wp-content\/uploads\/2021\/07\/rachel-jenks-QCh407JdMJ8-unsplash-1024x679.jpg 1024w, https:\/\/mptpetitcharran.fr\/wp-content\/uploads\/2021\/07\/rachel-jenks-QCh407JdMJ8-unsplash-300x199.jpg 300w, https:\/\/mptpetitcharran.fr\/wp-content\/uploads\/2021\/07\/rachel-jenks-QCh407JdMJ8-unsplash-768x509.jpg 768w, https:\/\/mptpetitcharran.fr\/wp-content\/uploads\/2021\/07\/rachel-jenks-QCh407JdMJ8-unsplash-1536x1019.jpg 1536w, https:\/\/mptpetitcharran.fr\/wp-content\/uploads\/2021\/07\/rachel-jenks-QCh407JdMJ8-unsplash-2048x1358.jpg 2048w, https:\/\/mptpetitcharran.fr\/wp-content\/uploads\/2021\/07\/rachel-jenks-QCh407JdMJ8-unsplash-700x464.jpg 700w, https:\/\/mptpetitcharran.fr\/wp-content\/uploads\/2021\/07\/rachel-jenks-QCh407JdMJ8-unsplash-2000x1326.jpg 2000w, https:\/\/mptpetitcharran.fr\/wp-content\/uploads\/2021\/07\/rachel-jenks-QCh407JdMJ8-unsplash-603x400.jpg 603w\" sizes=\"auto, (max-width: 1024px) 100vw, 1024px\" \/><\/figure><div class=\"wp-block-media-text__content\">\n<p><\/p>\n\n\n\n<p class=\"has-text-align-center has-large-font-size\"><strong>Programmation culturelle \u00e9clectique et engag\u00e9e<\/strong><\/p>\n\n\n\n<p class=\"has-text-align-center\">Gaming Time, soir\u00e9e jeux, cin\u00e9ma plein air, troc de fringues, concert, sorties culturelles (Grenoble\u2009: mus\u00e9e, Marseille\u2009: Mucem, Dieulefit : \u00ab\u00a0les murs ne servent \u00e0 rien\u00a0\u00bb)<\/p>\n\n\n\n<p><\/p>\n<\/div><\/div>\n\n\n\n<div style=\"height:20px\" aria-hidden=\"true\" class=\"wp-block-spacer\"><\/div>\n\n\n\n<div class=\"wp-block-media-text alignwide is-stacked-on-mobile has-background\" style=\"background-color:#f4f3ef\"><figure class=\"wp-block-media-text__media\"><img loading=\"lazy\" decoding=\"async\" width=\"1024\" height=\"558\" src=\"https:\/\/mptpetitcharran.fr\/wp-content\/uploads\/2025\/07\/bareme-11-17-ans-1024x558.jpg\" alt=\"\" class=\"wp-image-6521 size-full\" srcset=\"https:\/\/mptpetitcharran.fr\/wp-content\/uploads\/2025\/07\/bareme-11-17-ans-1024x558.jpg 1024w, https:\/\/mptpetitcharran.fr\/wp-content\/uploads\/2025\/07\/bareme-11-17-ans-300x163.jpg 300w, https:\/\/mptpetitcharran.fr\/wp-content\/uploads\/2025\/07\/bareme-11-17-ans-768x418.jpg 768w, https:\/\/mptpetitcharran.fr\/wp-content\/uploads\/2025\/07\/bareme-11-17-ans-1536x836.jpg 1536w, https:\/\/mptpetitcharran.fr\/wp-content\/uploads\/2025\/07\/bareme-11-17-ans-2048x1115.jpg 2048w, https:\/\/mptpetitcharran.fr\/wp-content\/uploads\/2025\/07\/bareme-11-17-ans-700x381.jpg 700w, https:\/\/mptpetitcharran.fr\/wp-content\/uploads\/2025\/07\/bareme-11-17-ans-2000x1089.jpg 2000w, https:\/\/mptpetitcharran.fr\/wp-content\/uploads\/2025\/07\/bareme-11-17-ans-735x400.jpg 735w\" sizes=\"auto, (max-width: 1024px) 100vw, 1024px\" \/><\/figure><div class=\"wp-block-media-text__content\">\n<p><\/p>\n\n\n\n<p class=\"has-text-align-center has-large-font-size\"><strong>L&rsquo;accueil de loisirs 11-17 ans<\/strong><\/p>\n\n\n\n<blockquote class=\"wp-block-quote is-layout-flow wp-block-quote-is-layout-flow\">\n<p><strong>OUVERTURE 1 SEMAINE \u00c0 CHAQUE P\u00c9RIODE DE VACANCES<\/strong> sauf durant l\u2019\u00e9t\u00e9 (3 semaines en juillet et 1 semaine fin ao\u00fbt).<br><br>&gt; <strong>DES SORTIES NATURES<\/strong> pour d\u00e9couvrir les montagnes et rivi\u00e8res de notre r\u00e9gion.<br>\u2009&gt; <strong>DES JEUX, DES PROJETS ET DES ACTIVIT\u00c9S HORS DU COMMUN<\/strong><br>&gt;\u2009<strong>S\u00c9JOURS CULTURELS<\/strong> pour apprendre et comprendre le monde qui nous entoure.<br><br><strong>T\u00e9l\u00e9charger les dossiers d\u2019inscription :<\/strong><br><strong><a href=\"https:\/\/mptpetitcharran.fr\/wp-content\/uploads\/2024\/07\/ficheinscription-complete-24-25.pdf\" target=\"_blank\" rel=\"noreferrer noopener\">Dossier d&rsquo;inscription 2025-2026<\/a><\/strong><br><a href=\"https:\/\/mptpetitcharran.fr\/wp-content\/uploads\/2024\/06\/Fiche-sanitaire.pdf\"><strong>Fiche sanitaire (pour les &#8211; de 18 ans)<\/strong><\/a><br><strong><a href=\"https:\/\/mptpetitcharran.fr\/wp-content\/uploads\/2025\/07\/REGLEMENT-INTERIEUR-2025.pdf\">R\u00e8glement int\u00e9rieur<\/a><\/strong><\/p>\n<\/blockquote>\n<\/div><\/div>\n\n\n\n<div style=\"height:20px\" aria-hidden=\"true\" class=\"wp-block-spacer\"><\/div>\n\n\n\n<div class=\"wp-block-columns alignwide has-white-background-color has-background is-layout-flex wp-container-core-columns-is-layout-9d6595d7 wp-block-columns-is-layout-flex\">\n<div class=\"wp-block-column is-layout-flow wp-block-column-is-layout-flow\" style=\"flex-basis:100%\">\n<p class=\"has-text-align-center has-large-font-size\"><strong>Animateurs jeunesse<\/strong><\/p>\n\n\n\n<blockquote class=\"wp-block-quote is-layout-flow wp-block-quote-is-layout-flow\">\n<ul style=\"font-size:17px\" class=\"wp-block-list\">\n<li><strong>L\u00c9A MARTIN<\/strong>, animatrice ados<br>Jeux en tout genre, cr\u00e9ation de jeux en bois, radio,spectacle, pr\u00e9vention \u00e0 la sexualit\u00e9 et au sexisme\u2026<br>Instagram : jeunesse_mptpetitcharran26<br>Snapchat : l\u00e9a_PetitCharran<br>Mail : ado@mptpetitcharran.org<\/li>\n\n\n\n<li><strong>CAMILLE REYMOND<\/strong>, Directrice de l\u2019accueil de loisirs <br>Sport collectif et sant\u00e9, d\u00e9bat, conf\u00e9rence,<br>jeux de cartes, activit\u00e9s montagne\u2026<br>Tel : 06 58 15 57 58<br>Mail : animation@mptpetitcharran.org<\/li>\n\n\n\n<li><strong>MATHIEU CROCHET<\/strong>, animateur jeunesse<br>Cr\u00e9ation artistique et culturelle, po\u00e9sie, cuisine\u2026<br>Facebook et instagram : pdnpetitcharran<br>Mail : jeunesse@mptpetitcharran.org<\/li>\n\n\n\n<li><strong>MATHIEU GOUNON<\/strong>, conseiller num\u00e9rique<br>Jeux vid\u00e9o, Esport, jeux de soci\u00e9t\u00e9\u2026<br>Instagram : labox_mptpetitcharran<br>Mail : labox@mptpetitcharran.org<br>Tel : 06 01 28 77 01<\/li>\n<\/ul>\n<cite>Instagram : <a href=\"https:\/\/www.instagram.com\/jeunesse_mptpetitcharran26\/\">jeunesse_mptpetitcharran26<\/a>, suivez-nous !<\/cite><\/blockquote>\n<\/div>\n<\/div>\n\n\n\n<div style=\"height:20px\" aria-hidden=\"true\" class=\"wp-block-spacer\"><\/div>\n","protected":false},"excerpt":{"rendered":"<p>Accueil libre PERMANENCES TOUS LES MERCREDIS DE14H \u00c0 18H , LES JEUDIS DE 16H \u00c0 19H ETCULTURE GEEK DE 17H \u00c0 18H. 1ER MERCREDI DU MOIS : D\u00c9COUVERTE DE JEUX &hellip; <a href=\"https:\/\/mptpetitcharran.fr\/?page_id=69\" class=\"more-link\">Continue reading <span class=\"screen-reader-text\">11-25 ans<\/span> <span class=\"meta-nav\">&rarr;<\/span><\/a><\/p>\n","protected":false},"author":1,"featured_media":0,"parent":0,"menu_order":0,"comment_status":"closed","ping_status":"closed","template":"","meta":{"footnotes":""},"class_list":["post-69","page","type-page","status-publish","hentry"],"yoast_head":"<!-- This site is optimized with the Yoast SEO plugin v27.0 - https:\/\/yoast.com\/product\/yoast-seo-wordpress\/ -->\n<title>11-25 ans - Maison pour tous du Petit charran<\/title>\n<meta name=\"robots\" content=\"index, follow, max-snippet:-1, max-image-preview:large, max-video-preview:-1\" \/>\n<link rel=\"canonical\" href=\"https:\/\/mptpetitcharran.fr\/?page_id=69\" \/>\n<meta property=\"og:locale\" content=\"fr_FR\" \/>\n<meta property=\"og:type\" content=\"article\" \/>\n<meta property=\"og:title\" content=\"11-25 ans - Maison pour tous du Petit charran\" \/>\n<meta property=\"og:description\" content=\"Accueil libre PERMANENCES TOUS LES MERCREDIS DE14H \u00c0 18H , LES JEUDIS DE 16H \u00c0 19H ETCULTURE GEEK DE 17H \u00c0 18H. 1ER MERCREDI DU MOIS : D\u00c9COUVERTE DE JEUX &hellip; Continue reading 11-25 ans &rarr;\" \/>\n<meta property=\"og:url\" content=\"https:\/\/mptpetitcharran.fr\/?page_id=69\" \/>\n<meta property=\"og:site_name\" content=\"Maison pour tous du Petit charran\" \/>\n<meta property=\"article:publisher\" content=\"https:\/\/www.facebook.com\/mptpetitcharran\" \/>\n<meta property=\"article:modified_time\" content=\"2025-07-01T08:58:46+00:00\" \/>\n<meta property=\"og:image\" content=\"https:\/\/mptpetitcharran.fr\/wp-content\/uploads\/2024\/06\/medium-shot-people-planning-trip-scaled.jpg\" \/>\n\t<meta property=\"og:image:width\" content=\"2560\" \/>\n\t<meta property=\"og:image:height\" content=\"1545\" \/>\n\t<meta property=\"og:image:type\" content=\"image\/jpeg\" \/>\n<meta name=\"twitter:card\" content=\"summary_large_image\" \/>\n<meta name=\"twitter:label1\" content=\"Dur\u00e9e de lecture estim\u00e9e\" \/>\n\t<meta name=\"twitter:data1\" content=\"2 minutes\" \/>\n<script type=\"application\/ld+json\" class=\"yoast-schema-graph\">{\"@context\":\"https:\/\/schema.org\",\"@graph\":[{\"@type\":\"WebPage\",\"@id\":\"https:\/\/mptpetitcharran.fr\/?page_id=69\",\"url\":\"https:\/\/mptpetitcharran.fr\/?page_id=69\",\"name\":\"11-25 ans - Maison pour tous du Petit charran\",\"isPartOf\":{\"@id\":\"https:\/\/mptpetitcharran.fr\/#website\"},\"primaryImageOfPage\":{\"@id\":\"https:\/\/mptpetitcharran.fr\/?page_id=69#primaryimage\"},\"image\":{\"@id\":\"https:\/\/mptpetitcharran.fr\/?page_id=69#primaryimage\"},\"thumbnailUrl\":\"https:\/\/mptpetitcharran.fr\/wp-content\/uploads\/2024\/06\/medium-shot-people-planning-trip-1024x618.jpg\",\"datePublished\":\"2019-06-04T08:53:26+00:00\",\"dateModified\":\"2025-07-01T08:58:46+00:00\",\"breadcrumb\":{\"@id\":\"https:\/\/mptpetitcharran.fr\/?page_id=69#breadcrumb\"},\"inLanguage\":\"fr-FR\",\"potentialAction\":[{\"@type\":\"ReadAction\",\"target\":[\"https:\/\/mptpetitcharran.fr\/?page_id=69\"]}]},{\"@type\":\"ImageObject\",\"inLanguage\":\"fr-FR\",\"@id\":\"https:\/\/mptpetitcharran.fr\/?page_id=69#primaryimage\",\"url\":\"https:\/\/mptpetitcharran.fr\/wp-content\/uploads\/2024\/06\/medium-shot-people-planning-trip-scaled.jpg\",\"contentUrl\":\"https:\/\/mptpetitcharran.fr\/wp-content\/uploads\/2024\/06\/medium-shot-people-planning-trip-scaled.jpg\",\"width\":2560,\"height\":1545},{\"@type\":\"BreadcrumbList\",\"@id\":\"https:\/\/mptpetitcharran.fr\/?page_id=69#breadcrumb\",\"itemListElement\":[{\"@type\":\"ListItem\",\"position\":1,\"name\":\"Accueil\",\"item\":\"https:\/\/mptpetitcharran.fr\/\"},{\"@type\":\"ListItem\",\"position\":2,\"name\":\"11-25 ans\"}]},{\"@type\":\"WebSite\",\"@id\":\"https:\/\/mptpetitcharran.fr\/#website\",\"url\":\"https:\/\/mptpetitcharran.fr\/\",\"name\":\"Maison pour tous du Petit charran\",\"description\":\"\",\"publisher\":{\"@id\":\"https:\/\/mptpetitcharran.fr\/#organization\"},\"potentialAction\":[{\"@type\":\"SearchAction\",\"target\":{\"@type\":\"EntryPoint\",\"urlTemplate\":\"https:\/\/mptpetitcharran.fr\/?s={search_term_string}\"},\"query-input\":{\"@type\":\"PropertyValueSpecification\",\"valueRequired\":true,\"valueName\":\"search_term_string\"}}],\"inLanguage\":\"fr-FR\"},{\"@type\":\"Organization\",\"@id\":\"https:\/\/mptpetitcharran.fr\/#organization\",\"name\":\"Maison pour tous du Petit charran\",\"url\":\"https:\/\/mptpetitcharran.fr\/\",\"logo\":{\"@type\":\"ImageObject\",\"inLanguage\":\"fr-FR\",\"@id\":\"https:\/\/mptpetitcharran.fr\/#\/schema\/logo\/image\/\",\"url\":\"http:\/\/mptpetitcharran.fr\/wp-content\/uploads\/2023\/07\/cropped-logo_mptpc.jpg\",\"contentUrl\":\"http:\/\/mptpetitcharran.fr\/wp-content\/uploads\/2023\/07\/cropped-logo_mptpc.jpg\",\"width\":532,\"height\":529,\"caption\":\"Maison pour tous du Petit charran\"},\"image\":{\"@id\":\"https:\/\/mptpetitcharran.fr\/#\/schema\/logo\/image\/\"},\"sameAs\":[\"https:\/\/www.facebook.com\/mptpetitcharran\",\"https:\/\/www.instagram.com\/mptpetitcharran\/\"]}]}<\/script>\n<!-- \/ Yoast SEO plugin. -->","yoast_head_json":{"title":"11-25 ans - Maison pour tous du Petit charran","robots":{"index":"index","follow":"follow","max-snippet":"max-snippet:-1","max-image-preview":"max-image-preview:large","max-video-preview":"max-video-preview:-1"},"canonical":"https:\/\/mptpetitcharran.fr\/?page_id=69","og_locale":"fr_FR","og_type":"article","og_title":"11-25 ans - Maison pour tous du Petit charran","og_description":"Accueil libre PERMANENCES TOUS LES MERCREDIS DE14H \u00c0 18H , LES JEUDIS DE 16H \u00c0 19H ETCULTURE GEEK DE 17H \u00c0 18H. 1ER MERCREDI DU MOIS : D\u00c9COUVERTE DE JEUX &hellip; Continue reading 11-25 ans &rarr;","og_url":"https:\/\/mptpetitcharran.fr\/?page_id=69","og_site_name":"Maison pour tous du Petit charran","article_publisher":"https:\/\/www.facebook.com\/mptpetitcharran","article_modified_time":"2025-07-01T08:58:46+00:00","og_image":[{"width":2560,"height":1545,"url":"https:\/\/mptpetitcharran.fr\/wp-content\/uploads\/2024\/06\/medium-shot-people-planning-trip-scaled.jpg","type":"image\/jpeg"}],"twitter_card":"summary_large_image","twitter_misc":{"Dur\u00e9e de lecture estim\u00e9e":"2 minutes"},"schema":{"@context":"https:\/\/schema.org","@graph":[{"@type":"WebPage","@id":"https:\/\/mptpetitcharran.fr\/?page_id=69","url":"https:\/\/mptpetitcharran.fr\/?page_id=69","name":"11-25 ans - Maison pour tous du Petit charran","isPartOf":{"@id":"https:\/\/mptpetitcharran.fr\/#website"},"primaryImageOfPage":{"@id":"https:\/\/mptpetitcharran.fr\/?page_id=69#primaryimage"},"image":{"@id":"https:\/\/mptpetitcharran.fr\/?page_id=69#primaryimage"},"thumbnailUrl":"https:\/\/mptpetitcharran.fr\/wp-content\/uploads\/2024\/06\/medium-shot-people-planning-trip-1024x618.jpg","datePublished":"2019-06-04T08:53:26+00:00","dateModified":"2025-07-01T08:58:46+00:00","breadcrumb":{"@id":"https:\/\/mptpetitcharran.fr\/?page_id=69#breadcrumb"},"inLanguage":"fr-FR","potentialAction":[{"@type":"ReadAction","target":["https:\/\/mptpetitcharran.fr\/?page_id=69"]}]},{"@type":"ImageObject","inLanguage":"fr-FR","@id":"https:\/\/mptpetitcharran.fr\/?page_id=69#primaryimage","url":"https:\/\/mptpetitcharran.fr\/wp-content\/uploads\/2024\/06\/medium-shot-people-planning-trip-scaled.jpg","contentUrl":"https:\/\/mptpetitcharran.fr\/wp-content\/uploads\/2024\/06\/medium-shot-people-planning-trip-scaled.jpg","width":2560,"height":1545},{"@type":"BreadcrumbList","@id":"https:\/\/mptpetitcharran.fr\/?page_id=69#breadcrumb","itemListElement":[{"@type":"ListItem","position":1,"name":"Accueil","item":"https:\/\/mptpetitcharran.fr\/"},{"@type":"ListItem","position":2,"name":"11-25 ans"}]},{"@type":"WebSite","@id":"https:\/\/mptpetitcharran.fr\/#website","url":"https:\/\/mptpetitcharran.fr\/","name":"Maison pour tous du Petit charran","description":"","publisher":{"@id":"https:\/\/mptpetitcharran.fr\/#organization"},"potentialAction":[{"@type":"SearchAction","target":{"@type":"EntryPoint","urlTemplate":"https:\/\/mptpetitcharran.fr\/?s={search_term_string}"},"query-input":{"@type":"PropertyValueSpecification","valueRequired":true,"valueName":"search_term_string"}}],"inLanguage":"fr-FR"},{"@type":"Organization","@id":"https:\/\/mptpetitcharran.fr\/#organization","name":"Maison pour tous du Petit charran","url":"https:\/\/mptpetitcharran.fr\/","logo":{"@type":"ImageObject","inLanguage":"fr-FR","@id":"https:\/\/mptpetitcharran.fr\/#\/schema\/logo\/image\/","url":"http:\/\/mptpetitcharran.fr\/wp-content\/uploads\/2023\/07\/cropped-logo_mptpc.jpg","contentUrl":"http:\/\/mptpetitcharran.fr\/wp-content\/uploads\/2023\/07\/cropped-logo_mptpc.jpg","width":532,"height":529,"caption":"Maison pour tous du Petit charran"},"image":{"@id":"https:\/\/mptpetitcharran.fr\/#\/schema\/logo\/image\/"},"sameAs":["https:\/\/www.facebook.com\/mptpetitcharran","https:\/\/www.instagram.com\/mptpetitcharran\/"]}]}},"publishpress_future_action":{"enabled":false,"date":"2026-04-27 04:56:14","action":"change-status","newStatus":"draft","terms":[],"taxonomy":"","extraData":[]},"publishpress_future_workflow_manual_trigger":{"enabledWorkflows":[]},"_links":{"self":[{"href":"https:\/\/mptpetitcharran.fr\/index.php?rest_route=\/wp\/v2\/pages\/69","targetHints":{"allow":["GET"]}}],"collection":[{"href":"https:\/\/mptpetitcharran.fr\/index.php?rest_route=\/wp\/v2\/pages"}],"about":[{"href":"https:\/\/mptpetitcharran.fr\/index.php?rest_route=\/wp\/v2\/types\/page"}],"author":[{"embeddable":true,"href":"https:\/\/mptpetitcharran.fr\/index.php?rest_route=\/wp\/v2\/users\/1"}],"replies":[{"embeddable":true,"href":"https:\/\/mptpetitcharran.fr\/index.php?rest_route=%2Fwp%2Fv2%2Fcomments&post=69"}],"version-history":[{"count":43,"href":"https:\/\/mptpetitcharran.fr\/index.php?rest_route=\/wp\/v2\/pages\/69\/revisions"}],"predecessor-version":[{"id":6565,"href":"https:\/\/mptpetitcharran.fr\/index.php?rest_route=\/wp\/v2\/pages\/69\/revisions\/6565"}],"wp:attachment":[{"href":"https:\/\/mptpetitcharran.fr\/index.php?rest_route=%2Fwp%2Fv2%2Fmedia&parent=69"}],"curies":[{"name":"wp","href":"https:\/\/api.w.org\/{rel}","templated":true}]}}