{"id":6409,"date":"2025-06-27T14:20:44","date_gmt":"2025-06-27T13:20:44","guid":{"rendered":"https:\/\/mptpetitcharran.fr\/?page_id=6409"},"modified":"2025-08-29T08:17:21","modified_gmt":"2025-08-29T07:17:21","slug":"expression-artistique-culturelle-et-scientifique","status":"publish","type":"page","link":"https:\/\/mptpetitcharran.fr\/?page_id=6409","title":{"rendered":"Expression artistique, culturelle et scientifique"},"content":{"rendered":"\n<div class=\"wp-block-media-text alignwide is-stacked-on-mobile has-background\" style=\"background-color:#f4f3ef\"><figure class=\"wp-block-media-text__media\"><img loading=\"lazy\" decoding=\"async\" width=\"1024\" height=\"1024\" src=\"https:\/\/mptpetitcharran.fr\/wp-content\/uploads\/2025\/06\/INSTA_MIFUNE_SD_3-1024x1024.jpg\" alt=\"\" class=\"wp-image-6403 size-full\" srcset=\"https:\/\/mptpetitcharran.fr\/wp-content\/uploads\/2025\/06\/INSTA_MIFUNE_SD_3-1024x1024.jpg 1024w, https:\/\/mptpetitcharran.fr\/wp-content\/uploads\/2025\/06\/INSTA_MIFUNE_SD_3-300x300.jpg 300w, https:\/\/mptpetitcharran.fr\/wp-content\/uploads\/2025\/06\/INSTA_MIFUNE_SD_3-150x150.jpg 150w, https:\/\/mptpetitcharran.fr\/wp-content\/uploads\/2025\/06\/INSTA_MIFUNE_SD_3-768x768.jpg 768w, https:\/\/mptpetitcharran.fr\/wp-content\/uploads\/2025\/06\/INSTA_MIFUNE_SD_3-700x700.jpg 700w, https:\/\/mptpetitcharran.fr\/wp-content\/uploads\/2025\/06\/INSTA_MIFUNE_SD_3-100x100.jpg 100w, https:\/\/mptpetitcharran.fr\/wp-content\/uploads\/2025\/06\/INSTA_MIFUNE_SD_3-400x400.jpg 400w, https:\/\/mptpetitcharran.fr\/wp-content\/uploads\/2025\/06\/INSTA_MIFUNE_SD_3.jpg 1080w\" sizes=\"auto, (max-width: 1024px) 100vw, 1024px\" \/><\/figure><div class=\"wp-block-media-text__content\">\n<p class=\"has-text-align-center has-large-font-size\"><strong>Atelier BD\/Manga<\/strong><\/p>\n\n\n\n<p><em>Que vous soyez d\u00e9butant\u00b7e ou dessinateur\u00b7ice r\u00e9gulier\u00b7e, venez d\u00e9couvrir comment cr\u00e9er un personnage et le faire \u00e9voluer dans le d\u00e9cor de votre choix. Nous passerons en revue les fondamentaux du dessin (anatomie, perspective&#8230;) et je vous accompagnerai dans la r\u00e9alisation de personnages dynamiques et expressifs. Je vous ferai \u00e9galement profiter de mon exp\u00e9rience dans le dessin anim\u00e9 en vous donnant plein de conseils et astuces.<\/em><br><br>L\u2019animateur <strong>Emmanuel Corrado <\/strong>vous propose des cours de dessin de manga : <br>le <strong>mardi de 17h30 \u00e0 19h30. <\/strong><br>Co\u00fbt : <strong>299\u20ac par an<\/strong>.<\/p>\n<\/div><\/div>\n\n\n\n<div style=\"height:20px\" aria-hidden=\"true\" class=\"wp-block-spacer\"><\/div>\n\n\n\n<div class=\"wp-block-media-text alignwide has-media-on-the-right is-stacked-on-mobile has-background\" style=\"background-color:#f4f3ef\"><div class=\"wp-block-media-text__content\">\n<p class=\"has-text-align-center has-large-font-size\"><strong>Atelier couture<\/strong><\/p>\n\n\n\n<p><em>Un atelier couture pour apprendre ensemble, \u00e0 votre rythme, dans une ambiance conviviale. Chacun\u00b7e vient avec son projet (v\u00eatement, accessoire, r\u00e9paration\u2026), et b\u00e9n\u00e9ficie d\u2019un accompagnement personnalis\u00e9 et de partages entre participant\u00b7e\u00b7s.<\/em><br><br>L\u2019animatrice <strong>Dominique Fournier <\/strong>vous propose des cours de couture : <br>le <strong>jeudi 1 fois par mois \u00e0 partir du 25 septembre<\/strong> : 25\/09, 9\/10, 13\/11, 11\/12, 8\/01, 26\/02, 12\/03, le 23\/04, 28\/05, 11\/06.<br>Co\u00fbt : <strong>189\u20ac par an<\/strong>.<\/p>\n<\/div><figure class=\"wp-block-media-text__media\"><img loading=\"lazy\" decoding=\"async\" width=\"1024\" height=\"1024\" src=\"https:\/\/mptpetitcharran.fr\/wp-content\/uploads\/2025\/06\/Copie-de-Carroussel-post-activite-MPT-Nouvelle-activite12-1024x1024.png\" alt=\"\" class=\"wp-image-6415 size-full\" srcset=\"https:\/\/mptpetitcharran.fr\/wp-content\/uploads\/2025\/06\/Copie-de-Carroussel-post-activite-MPT-Nouvelle-activite12-1024x1024.png 1024w, https:\/\/mptpetitcharran.fr\/wp-content\/uploads\/2025\/06\/Copie-de-Carroussel-post-activite-MPT-Nouvelle-activite12-300x300.png 300w, https:\/\/mptpetitcharran.fr\/wp-content\/uploads\/2025\/06\/Copie-de-Carroussel-post-activite-MPT-Nouvelle-activite12-150x150.png 150w, https:\/\/mptpetitcharran.fr\/wp-content\/uploads\/2025\/06\/Copie-de-Carroussel-post-activite-MPT-Nouvelle-activite12-768x768.png 768w, https:\/\/mptpetitcharran.fr\/wp-content\/uploads\/2025\/06\/Copie-de-Carroussel-post-activite-MPT-Nouvelle-activite12-700x700.png 700w, https:\/\/mptpetitcharran.fr\/wp-content\/uploads\/2025\/06\/Copie-de-Carroussel-post-activite-MPT-Nouvelle-activite12-100x100.png 100w, https:\/\/mptpetitcharran.fr\/wp-content\/uploads\/2025\/06\/Copie-de-Carroussel-post-activite-MPT-Nouvelle-activite12-400x400.png 400w, https:\/\/mptpetitcharran.fr\/wp-content\/uploads\/2025\/06\/Copie-de-Carroussel-post-activite-MPT-Nouvelle-activite12.png 1080w\" sizes=\"auto, (max-width: 1024px) 100vw, 1024px\" \/><\/figure><\/div>\n","protected":false},"excerpt":{"rendered":"<p>Atelier BD\/Manga Que vous soyez d\u00e9butant\u00b7e ou dessinateur\u00b7ice r\u00e9gulier\u00b7e, venez d\u00e9couvrir comment cr\u00e9er un personnage et le faire \u00e9voluer dans le d\u00e9cor de votre choix. Nous passerons en revue les &hellip; <a href=\"https:\/\/mptpetitcharran.fr\/?page_id=6409\" class=\"more-link\">Continue reading <span class=\"screen-reader-text\">Expression artistique, culturelle et scientifique<\/span> <span class=\"meta-nav\">&rarr;<\/span><\/a><\/p>\n","protected":false},"author":1,"featured_media":0,"parent":0,"menu_order":0,"comment_status":"closed","ping_status":"closed","template":"","meta":{"footnotes":""},"class_list":["post-6409","page","type-page","status-publish","hentry"],"yoast_head":"<!-- This site is optimized with the Yoast SEO plugin v27.0 - https:\/\/yoast.com\/product\/yoast-seo-wordpress\/ -->\n<title>Expression artistique, culturelle et scientifique - Maison pour tous du Petit charran<\/title>\n<meta name=\"robots\" content=\"index, follow, max-snippet:-1, max-image-preview:large, max-video-preview:-1\" \/>\n<link rel=\"canonical\" href=\"https:\/\/mptpetitcharran.fr\/?page_id=6409\" \/>\n<meta property=\"og:locale\" content=\"fr_FR\" \/>\n<meta property=\"og:type\" content=\"article\" \/>\n<meta property=\"og:title\" content=\"Expression artistique, culturelle et scientifique - Maison pour tous du Petit charran\" \/>\n<meta property=\"og:description\" content=\"Atelier BD\/Manga Que vous soyez d\u00e9butant\u00b7e ou dessinateur\u00b7ice r\u00e9gulier\u00b7e, venez d\u00e9couvrir comment cr\u00e9er un personnage et le faire \u00e9voluer dans le d\u00e9cor de votre choix. Nous passerons en revue les &hellip; Continue reading Expression artistique, culturelle et scientifique &rarr;\" \/>\n<meta property=\"og:url\" content=\"https:\/\/mptpetitcharran.fr\/?page_id=6409\" \/>\n<meta property=\"og:site_name\" content=\"Maison pour tous du Petit charran\" \/>\n<meta property=\"article:publisher\" content=\"https:\/\/www.facebook.com\/mptpetitcharran\" \/>\n<meta property=\"article:modified_time\" content=\"2025-08-29T07:17:21+00:00\" \/>\n<meta property=\"og:image\" content=\"https:\/\/mptpetitcharran.fr\/wp-content\/uploads\/2025\/06\/INSTA_MIFUNE_SD_3.jpg\" \/>\n\t<meta property=\"og:image:width\" content=\"1080\" \/>\n\t<meta property=\"og:image:height\" content=\"1080\" \/>\n\t<meta property=\"og:image:type\" content=\"image\/jpeg\" \/>\n<meta name=\"twitter:card\" content=\"summary_large_image\" \/>\n<meta name=\"twitter:label1\" content=\"Dur\u00e9e de lecture estim\u00e9e\" \/>\n\t<meta name=\"twitter:data1\" content=\"2 minutes\" \/>\n<script type=\"application\/ld+json\" class=\"yoast-schema-graph\">{\"@context\":\"https:\/\/schema.org\",\"@graph\":[{\"@type\":\"WebPage\",\"@id\":\"https:\/\/mptpetitcharran.fr\/?page_id=6409\",\"url\":\"https:\/\/mptpetitcharran.fr\/?page_id=6409\",\"name\":\"Expression artistique, culturelle et scientifique - Maison pour tous du Petit charran\",\"isPartOf\":{\"@id\":\"https:\/\/mptpetitcharran.fr\/#website\"},\"primaryImageOfPage\":{\"@id\":\"https:\/\/mptpetitcharran.fr\/?page_id=6409#primaryimage\"},\"image\":{\"@id\":\"https:\/\/mptpetitcharran.fr\/?page_id=6409#primaryimage\"},\"thumbnailUrl\":\"https:\/\/mptpetitcharran.fr\/wp-content\/uploads\/2025\/06\/INSTA_MIFUNE_SD_3-1024x1024.jpg\",\"datePublished\":\"2025-06-27T13:20:44+00:00\",\"dateModified\":\"2025-08-29T07:17:21+00:00\",\"breadcrumb\":{\"@id\":\"https:\/\/mptpetitcharran.fr\/?page_id=6409#breadcrumb\"},\"inLanguage\":\"fr-FR\",\"potentialAction\":[{\"@type\":\"ReadAction\",\"target\":[\"https:\/\/mptpetitcharran.fr\/?page_id=6409\"]}]},{\"@type\":\"ImageObject\",\"inLanguage\":\"fr-FR\",\"@id\":\"https:\/\/mptpetitcharran.fr\/?page_id=6409#primaryimage\",\"url\":\"https:\/\/mptpetitcharran.fr\/wp-content\/uploads\/2025\/06\/INSTA_MIFUNE_SD_3.jpg\",\"contentUrl\":\"https:\/\/mptpetitcharran.fr\/wp-content\/uploads\/2025\/06\/INSTA_MIFUNE_SD_3.jpg\",\"width\":1080,\"height\":1080},{\"@type\":\"BreadcrumbList\",\"@id\":\"https:\/\/mptpetitcharran.fr\/?page_id=6409#breadcrumb\",\"itemListElement\":[{\"@type\":\"ListItem\",\"position\":1,\"name\":\"Accueil\",\"item\":\"https:\/\/mptpetitcharran.fr\/\"},{\"@type\":\"ListItem\",\"position\":2,\"name\":\"Expression artistique, culturelle et scientifique\"}]},{\"@type\":\"WebSite\",\"@id\":\"https:\/\/mptpetitcharran.fr\/#website\",\"url\":\"https:\/\/mptpetitcharran.fr\/\",\"name\":\"Maison pour tous du Petit charran\",\"description\":\"\",\"publisher\":{\"@id\":\"https:\/\/mptpetitcharran.fr\/#organization\"},\"potentialAction\":[{\"@type\":\"SearchAction\",\"target\":{\"@type\":\"EntryPoint\",\"urlTemplate\":\"https:\/\/mptpetitcharran.fr\/?s={search_term_string}\"},\"query-input\":{\"@type\":\"PropertyValueSpecification\",\"valueRequired\":true,\"valueName\":\"search_term_string\"}}],\"inLanguage\":\"fr-FR\"},{\"@type\":\"Organization\",\"@id\":\"https:\/\/mptpetitcharran.fr\/#organization\",\"name\":\"Maison pour tous du Petit charran\",\"url\":\"https:\/\/mptpetitcharran.fr\/\",\"logo\":{\"@type\":\"ImageObject\",\"inLanguage\":\"fr-FR\",\"@id\":\"https:\/\/mptpetitcharran.fr\/#\/schema\/logo\/image\/\",\"url\":\"http:\/\/mptpetitcharran.fr\/wp-content\/uploads\/2023\/07\/cropped-logo_mptpc.jpg\",\"contentUrl\":\"http:\/\/mptpetitcharran.fr\/wp-content\/uploads\/2023\/07\/cropped-logo_mptpc.jpg\",\"width\":532,\"height\":529,\"caption\":\"Maison pour tous du Petit charran\"},\"image\":{\"@id\":\"https:\/\/mptpetitcharran.fr\/#\/schema\/logo\/image\/\"},\"sameAs\":[\"https:\/\/www.facebook.com\/mptpetitcharran\",\"https:\/\/www.instagram.com\/mptpetitcharran\/\"]}]}<\/script>\n<!-- \/ Yoast SEO plugin. -->","yoast_head_json":{"title":"Expression artistique, culturelle et scientifique - Maison pour tous du Petit charran","robots":{"index":"index","follow":"follow","max-snippet":"max-snippet:-1","max-image-preview":"max-image-preview:large","max-video-preview":"max-video-preview:-1"},"canonical":"https:\/\/mptpetitcharran.fr\/?page_id=6409","og_locale":"fr_FR","og_type":"article","og_title":"Expression artistique, culturelle et scientifique - Maison pour tous du Petit charran","og_description":"Atelier BD\/Manga Que vous soyez d\u00e9butant\u00b7e ou dessinateur\u00b7ice r\u00e9gulier\u00b7e, venez d\u00e9couvrir comment cr\u00e9er un personnage et le faire \u00e9voluer dans le d\u00e9cor de votre choix. Nous passerons en revue les &hellip; Continue reading Expression artistique, culturelle et scientifique &rarr;","og_url":"https:\/\/mptpetitcharran.fr\/?page_id=6409","og_site_name":"Maison pour tous du Petit charran","article_publisher":"https:\/\/www.facebook.com\/mptpetitcharran","article_modified_time":"2025-08-29T07:17:21+00:00","og_image":[{"width":1080,"height":1080,"url":"https:\/\/mptpetitcharran.fr\/wp-content\/uploads\/2025\/06\/INSTA_MIFUNE_SD_3.jpg","type":"image\/jpeg"}],"twitter_card":"summary_large_image","twitter_misc":{"Dur\u00e9e de lecture estim\u00e9e":"2 minutes"},"schema":{"@context":"https:\/\/schema.org","@graph":[{"@type":"WebPage","@id":"https:\/\/mptpetitcharran.fr\/?page_id=6409","url":"https:\/\/mptpetitcharran.fr\/?page_id=6409","name":"Expression artistique, culturelle et scientifique - Maison pour tous du Petit charran","isPartOf":{"@id":"https:\/\/mptpetitcharran.fr\/#website"},"primaryImageOfPage":{"@id":"https:\/\/mptpetitcharran.fr\/?page_id=6409#primaryimage"},"image":{"@id":"https:\/\/mptpetitcharran.fr\/?page_id=6409#primaryimage"},"thumbnailUrl":"https:\/\/mptpetitcharran.fr\/wp-content\/uploads\/2025\/06\/INSTA_MIFUNE_SD_3-1024x1024.jpg","datePublished":"2025-06-27T13:20:44+00:00","dateModified":"2025-08-29T07:17:21+00:00","breadcrumb":{"@id":"https:\/\/mptpetitcharran.fr\/?page_id=6409#breadcrumb"},"inLanguage":"fr-FR","potentialAction":[{"@type":"ReadAction","target":["https:\/\/mptpetitcharran.fr\/?page_id=6409"]}]},{"@type":"ImageObject","inLanguage":"fr-FR","@id":"https:\/\/mptpetitcharran.fr\/?page_id=6409#primaryimage","url":"https:\/\/mptpetitcharran.fr\/wp-content\/uploads\/2025\/06\/INSTA_MIFUNE_SD_3.jpg","contentUrl":"https:\/\/mptpetitcharran.fr\/wp-content\/uploads\/2025\/06\/INSTA_MIFUNE_SD_3.jpg","width":1080,"height":1080},{"@type":"BreadcrumbList","@id":"https:\/\/mptpetitcharran.fr\/?page_id=6409#breadcrumb","itemListElement":[{"@type":"ListItem","position":1,"name":"Accueil","item":"https:\/\/mptpetitcharran.fr\/"},{"@type":"ListItem","position":2,"name":"Expression artistique, culturelle et scientifique"}]},{"@type":"WebSite","@id":"https:\/\/mptpetitcharran.fr\/#website","url":"https:\/\/mptpetitcharran.fr\/","name":"Maison pour tous du Petit charran","description":"","publisher":{"@id":"https:\/\/mptpetitcharran.fr\/#organization"},"potentialAction":[{"@type":"SearchAction","target":{"@type":"EntryPoint","urlTemplate":"https:\/\/mptpetitcharran.fr\/?s={search_term_string}"},"query-input":{"@type":"PropertyValueSpecification","valueRequired":true,"valueName":"search_term_string"}}],"inLanguage":"fr-FR"},{"@type":"Organization","@id":"https:\/\/mptpetitcharran.fr\/#organization","name":"Maison pour tous du Petit charran","url":"https:\/\/mptpetitcharran.fr\/","logo":{"@type":"ImageObject","inLanguage":"fr-FR","@id":"https:\/\/mptpetitcharran.fr\/#\/schema\/logo\/image\/","url":"http:\/\/mptpetitcharran.fr\/wp-content\/uploads\/2023\/07\/cropped-logo_mptpc.jpg","contentUrl":"http:\/\/mptpetitcharran.fr\/wp-content\/uploads\/2023\/07\/cropped-logo_mptpc.jpg","width":532,"height":529,"caption":"Maison pour tous du Petit charran"},"image":{"@id":"https:\/\/mptpetitcharran.fr\/#\/schema\/logo\/image\/"},"sameAs":["https:\/\/www.facebook.com\/mptpetitcharran","https:\/\/www.instagram.com\/mptpetitcharran\/"]}]}},"publishpress_future_action":{"enabled":false,"date":"2026-04-27 04:57:49","action":"change-status","newStatus":"draft","terms":[],"taxonomy":"","extraData":[]},"publishpress_future_workflow_manual_trigger":{"enabledWorkflows":[]},"_links":{"self":[{"href":"https:\/\/mptpetitcharran.fr\/index.php?rest_route=\/wp\/v2\/pages\/6409","targetHints":{"allow":["GET"]}}],"collection":[{"href":"https:\/\/mptpetitcharran.fr\/index.php?rest_route=\/wp\/v2\/pages"}],"about":[{"href":"https:\/\/mptpetitcharran.fr\/index.php?rest_route=\/wp\/v2\/types\/page"}],"author":[{"embeddable":true,"href":"https:\/\/mptpetitcharran.fr\/index.php?rest_route=\/wp\/v2\/users\/1"}],"replies":[{"embeddable":true,"href":"https:\/\/mptpetitcharran.fr\/index.php?rest_route=%2Fwp%2Fv2%2Fcomments&post=6409"}],"version-history":[{"count":8,"href":"https:\/\/mptpetitcharran.fr\/index.php?rest_route=\/wp\/v2\/pages\/6409\/revisions"}],"predecessor-version":[{"id":6679,"href":"https:\/\/mptpetitcharran.fr\/index.php?rest_route=\/wp\/v2\/pages\/6409\/revisions\/6679"}],"wp:attachment":[{"href":"https:\/\/mptpetitcharran.fr\/index.php?rest_route=%2Fwp%2Fv2%2Fmedia&parent=6409"}],"curies":[{"name":"wp","href":"https:\/\/api.w.org\/{rel}","templated":true}]}}