{"id":5786,"date":"2024-08-29T08:56:31","date_gmt":"2024-08-29T07:56:31","guid":{"rendered":"https:\/\/mptpetitcharran.fr\/?page_id=5786"},"modified":"2024-08-29T09:07:05","modified_gmt":"2024-08-29T08:07:05","slug":"qui-sommes-nous","status":"publish","type":"page","link":"https:\/\/mptpetitcharran.fr\/?page_id=5786","title":{"rendered":"Qui sommes-nous ?"},"content":{"rendered":"\n<p class=\"has-white-background-color has-background\">Situ\u00e9 \u00e0 l&rsquo;est de Valence, entre le centre-ville et le quartier de Fontbarlettes, Le Petit Charran est l&rsquo;un des 13 quartiers embl\u00e9matiques de la ville. Ce quartier vert et en pleine transformation d\u00e9mographique, a \u00e9t\u00e9 fa\u00e7onn\u00e9 par ses habitants apr\u00e8s la Seconde Guerre mondiale, avec le soutien de la communaut\u00e9 des Castors. Leur d\u00e9sir de cr\u00e9er un espace de rencontre et d&rsquo;\u00e9change a donn\u00e9 naissance \u00e0 la Maison Pour Tous du Petit Charran.<br><br>La Maison Pour Tous du Petit Charran est bien plus qu&rsquo;un centre social. C&rsquo;est un lieu de ressources, d&rsquo;\u00e9coute et de soutien pour nos adh\u00e9rents, les habitants du quartier, et nos partenaires. Tous nos projets et actions sont d\u00e9velopp\u00e9s collectivement, dans un esprit de solidarit\u00e9 et de partage.<br><br>Nous avons pour mission d&rsquo;accompagner les habitants dans leur quotidien, en offrant des activit\u00e9s de loisirs, du soutien scolaire, des vacances, des \u00e9v\u00e9nements et des sorties. Notre objectif est de favoriser le d\u00e9veloppement personnel de chacun, \u00e0 travers le collectif et avec des outils modernes, y compris le num\u00e9rique.<br><br>En tant que Tiers Lieu d\u2019Inclusion Num\u00e9rique, nous nous engageons \u00e0 r\u00e9duire la fracture num\u00e9rique et \u00e0 fournir \u00e0 tous les moyens de s\u2019\u00e9panouir dans un monde de plus en plus connect\u00e9.<\/p>\n\n\n\n<figure class=\"wp-block-image size-large\"><img loading=\"lazy\" decoding=\"async\" width=\"768\" height=\"1024\" src=\"https:\/\/mptpetitcharran.fr\/wp-content\/uploads\/2024\/08\/20240125_120012-768x1024.jpg\" alt=\"\" class=\"wp-image-5790\" srcset=\"https:\/\/mptpetitcharran.fr\/wp-content\/uploads\/2024\/08\/20240125_120012-768x1024.jpg 768w, https:\/\/mptpetitcharran.fr\/wp-content\/uploads\/2024\/08\/20240125_120012-225x300.jpg 225w, https:\/\/mptpetitcharran.fr\/wp-content\/uploads\/2024\/08\/20240125_120012-1152x1536.jpg 1152w, https:\/\/mptpetitcharran.fr\/wp-content\/uploads\/2024\/08\/20240125_120012-1536x2048.jpg 1536w, https:\/\/mptpetitcharran.fr\/wp-content\/uploads\/2024\/08\/20240125_120012-700x933.jpg 700w, https:\/\/mptpetitcharran.fr\/wp-content\/uploads\/2024\/08\/20240125_120012-2000x2667.jpg 2000w, https:\/\/mptpetitcharran.fr\/wp-content\/uploads\/2024\/08\/20240125_120012-300x400.jpg 300w, https:\/\/mptpetitcharran.fr\/wp-content\/uploads\/2024\/08\/20240125_120012-scaled.jpg 1920w\" sizes=\"auto, (max-width: 768px) 100vw, 768px\" \/><\/figure>\n","protected":false},"excerpt":{"rendered":"<p>Situ\u00e9 \u00e0 l&rsquo;est de Valence, entre le centre-ville et le quartier de Fontbarlettes, Le Petit Charran est l&rsquo;un des 13 quartiers embl\u00e9matiques de la ville. Ce quartier vert et en &hellip; <a href=\"https:\/\/mptpetitcharran.fr\/?page_id=5786\" class=\"more-link\">Continue reading <span class=\"screen-reader-text\">Qui sommes-nous ?<\/span> <span class=\"meta-nav\">&rarr;<\/span><\/a><\/p>\n","protected":false},"author":1,"featured_media":0,"parent":0,"menu_order":0,"comment_status":"closed","ping_status":"closed","template":"","meta":{"footnotes":""},"class_list":["post-5786","page","type-page","status-publish","hentry"],"yoast_head":"<!-- This site is optimized with the Yoast SEO plugin v27.0 - https:\/\/yoast.com\/product\/yoast-seo-wordpress\/ -->\n<title>Qui sommes-nous ? - Maison pour tous du Petit charran<\/title>\n<meta name=\"robots\" content=\"index, follow, max-snippet:-1, max-image-preview:large, max-video-preview:-1\" \/>\n<link rel=\"canonical\" href=\"https:\/\/mptpetitcharran.fr\/?page_id=5786\" \/>\n<meta property=\"og:locale\" content=\"fr_FR\" \/>\n<meta property=\"og:type\" content=\"article\" \/>\n<meta property=\"og:title\" content=\"Qui sommes-nous ? - Maison pour tous du Petit charran\" \/>\n<meta property=\"og:description\" content=\"Situ\u00e9 \u00e0 l&rsquo;est de Valence, entre le centre-ville et le quartier de Fontbarlettes, Le Petit Charran est l&rsquo;un des 13 quartiers embl\u00e9matiques de la ville. Ce quartier vert et en &hellip; Continue reading Qui sommes-nous ? &rarr;\" \/>\n<meta property=\"og:url\" content=\"https:\/\/mptpetitcharran.fr\/?page_id=5786\" \/>\n<meta property=\"og:site_name\" content=\"Maison pour tous du Petit charran\" \/>\n<meta property=\"article:publisher\" content=\"https:\/\/www.facebook.com\/mptpetitcharran\" \/>\n<meta property=\"article:modified_time\" content=\"2024-08-29T08:07:05+00:00\" \/>\n<meta property=\"og:image\" content=\"https:\/\/mptpetitcharran.fr\/wp-content\/uploads\/2024\/08\/20240125_120012-768x1024.jpg\" \/>\n<meta name=\"twitter:card\" content=\"summary_large_image\" \/>\n<meta name=\"twitter:label1\" content=\"Dur\u00e9e de lecture estim\u00e9e\" \/>\n\t<meta name=\"twitter:data1\" content=\"2 minutes\" \/>\n<script type=\"application\/ld+json\" class=\"yoast-schema-graph\">{\"@context\":\"https:\/\/schema.org\",\"@graph\":[{\"@type\":\"WebPage\",\"@id\":\"https:\/\/mptpetitcharran.fr\/?page_id=5786\",\"url\":\"https:\/\/mptpetitcharran.fr\/?page_id=5786\",\"name\":\"Qui sommes-nous ? - Maison pour tous du Petit charran\",\"isPartOf\":{\"@id\":\"https:\/\/mptpetitcharran.fr\/#website\"},\"primaryImageOfPage\":{\"@id\":\"https:\/\/mptpetitcharran.fr\/?page_id=5786#primaryimage\"},\"image\":{\"@id\":\"https:\/\/mptpetitcharran.fr\/?page_id=5786#primaryimage\"},\"thumbnailUrl\":\"https:\/\/mptpetitcharran.fr\/wp-content\/uploads\/2024\/08\/20240125_120012-768x1024.jpg\",\"datePublished\":\"2024-08-29T07:56:31+00:00\",\"dateModified\":\"2024-08-29T08:07:05+00:00\",\"breadcrumb\":{\"@id\":\"https:\/\/mptpetitcharran.fr\/?page_id=5786#breadcrumb\"},\"inLanguage\":\"fr-FR\",\"potentialAction\":[{\"@type\":\"ReadAction\",\"target\":[\"https:\/\/mptpetitcharran.fr\/?page_id=5786\"]}]},{\"@type\":\"ImageObject\",\"inLanguage\":\"fr-FR\",\"@id\":\"https:\/\/mptpetitcharran.fr\/?page_id=5786#primaryimage\",\"url\":\"https:\/\/mptpetitcharran.fr\/wp-content\/uploads\/2024\/08\/20240125_120012-scaled.jpg\",\"contentUrl\":\"https:\/\/mptpetitcharran.fr\/wp-content\/uploads\/2024\/08\/20240125_120012-scaled.jpg\",\"width\":1920,\"height\":2560},{\"@type\":\"BreadcrumbList\",\"@id\":\"https:\/\/mptpetitcharran.fr\/?page_id=5786#breadcrumb\",\"itemListElement\":[{\"@type\":\"ListItem\",\"position\":1,\"name\":\"Accueil\",\"item\":\"https:\/\/mptpetitcharran.fr\/\"},{\"@type\":\"ListItem\",\"position\":2,\"name\":\"Qui sommes-nous ?\"}]},{\"@type\":\"WebSite\",\"@id\":\"https:\/\/mptpetitcharran.fr\/#website\",\"url\":\"https:\/\/mptpetitcharran.fr\/\",\"name\":\"Maison pour tous du Petit charran\",\"description\":\"\",\"publisher\":{\"@id\":\"https:\/\/mptpetitcharran.fr\/#organization\"},\"potentialAction\":[{\"@type\":\"SearchAction\",\"target\":{\"@type\":\"EntryPoint\",\"urlTemplate\":\"https:\/\/mptpetitcharran.fr\/?s={search_term_string}\"},\"query-input\":{\"@type\":\"PropertyValueSpecification\",\"valueRequired\":true,\"valueName\":\"search_term_string\"}}],\"inLanguage\":\"fr-FR\"},{\"@type\":\"Organization\",\"@id\":\"https:\/\/mptpetitcharran.fr\/#organization\",\"name\":\"Maison pour tous du Petit charran\",\"url\":\"https:\/\/mptpetitcharran.fr\/\",\"logo\":{\"@type\":\"ImageObject\",\"inLanguage\":\"fr-FR\",\"@id\":\"https:\/\/mptpetitcharran.fr\/#\/schema\/logo\/image\/\",\"url\":\"http:\/\/mptpetitcharran.fr\/wp-content\/uploads\/2023\/07\/cropped-logo_mptpc.jpg\",\"contentUrl\":\"http:\/\/mptpetitcharran.fr\/wp-content\/uploads\/2023\/07\/cropped-logo_mptpc.jpg\",\"width\":532,\"height\":529,\"caption\":\"Maison pour tous du Petit charran\"},\"image\":{\"@id\":\"https:\/\/mptpetitcharran.fr\/#\/schema\/logo\/image\/\"},\"sameAs\":[\"https:\/\/www.facebook.com\/mptpetitcharran\",\"https:\/\/www.instagram.com\/mptpetitcharran\/\"]}]}<\/script>\n<!-- \/ Yoast SEO plugin. -->","yoast_head_json":{"title":"Qui sommes-nous ? - Maison pour tous du Petit charran","robots":{"index":"index","follow":"follow","max-snippet":"max-snippet:-1","max-image-preview":"max-image-preview:large","max-video-preview":"max-video-preview:-1"},"canonical":"https:\/\/mptpetitcharran.fr\/?page_id=5786","og_locale":"fr_FR","og_type":"article","og_title":"Qui sommes-nous ? - Maison pour tous du Petit charran","og_description":"Situ\u00e9 \u00e0 l&rsquo;est de Valence, entre le centre-ville et le quartier de Fontbarlettes, Le Petit Charran est l&rsquo;un des 13 quartiers embl\u00e9matiques de la ville. Ce quartier vert et en &hellip; Continue reading Qui sommes-nous ? &rarr;","og_url":"https:\/\/mptpetitcharran.fr\/?page_id=5786","og_site_name":"Maison pour tous du Petit charran","article_publisher":"https:\/\/www.facebook.com\/mptpetitcharran","article_modified_time":"2024-08-29T08:07:05+00:00","og_image":[{"url":"https:\/\/mptpetitcharran.fr\/wp-content\/uploads\/2024\/08\/20240125_120012-768x1024.jpg","type":"","width":"","height":""}],"twitter_card":"summary_large_image","twitter_misc":{"Dur\u00e9e de lecture estim\u00e9e":"2 minutes"},"schema":{"@context":"https:\/\/schema.org","@graph":[{"@type":"WebPage","@id":"https:\/\/mptpetitcharran.fr\/?page_id=5786","url":"https:\/\/mptpetitcharran.fr\/?page_id=5786","name":"Qui sommes-nous ? - Maison pour tous du Petit charran","isPartOf":{"@id":"https:\/\/mptpetitcharran.fr\/#website"},"primaryImageOfPage":{"@id":"https:\/\/mptpetitcharran.fr\/?page_id=5786#primaryimage"},"image":{"@id":"https:\/\/mptpetitcharran.fr\/?page_id=5786#primaryimage"},"thumbnailUrl":"https:\/\/mptpetitcharran.fr\/wp-content\/uploads\/2024\/08\/20240125_120012-768x1024.jpg","datePublished":"2024-08-29T07:56:31+00:00","dateModified":"2024-08-29T08:07:05+00:00","breadcrumb":{"@id":"https:\/\/mptpetitcharran.fr\/?page_id=5786#breadcrumb"},"inLanguage":"fr-FR","potentialAction":[{"@type":"ReadAction","target":["https:\/\/mptpetitcharran.fr\/?page_id=5786"]}]},{"@type":"ImageObject","inLanguage":"fr-FR","@id":"https:\/\/mptpetitcharran.fr\/?page_id=5786#primaryimage","url":"https:\/\/mptpetitcharran.fr\/wp-content\/uploads\/2024\/08\/20240125_120012-scaled.jpg","contentUrl":"https:\/\/mptpetitcharran.fr\/wp-content\/uploads\/2024\/08\/20240125_120012-scaled.jpg","width":1920,"height":2560},{"@type":"BreadcrumbList","@id":"https:\/\/mptpetitcharran.fr\/?page_id=5786#breadcrumb","itemListElement":[{"@type":"ListItem","position":1,"name":"Accueil","item":"https:\/\/mptpetitcharran.fr\/"},{"@type":"ListItem","position":2,"name":"Qui sommes-nous ?"}]},{"@type":"WebSite","@id":"https:\/\/mptpetitcharran.fr\/#website","url":"https:\/\/mptpetitcharran.fr\/","name":"Maison pour tous du Petit charran","description":"","publisher":{"@id":"https:\/\/mptpetitcharran.fr\/#organization"},"potentialAction":[{"@type":"SearchAction","target":{"@type":"EntryPoint","urlTemplate":"https:\/\/mptpetitcharran.fr\/?s={search_term_string}"},"query-input":{"@type":"PropertyValueSpecification","valueRequired":true,"valueName":"search_term_string"}}],"inLanguage":"fr-FR"},{"@type":"Organization","@id":"https:\/\/mptpetitcharran.fr\/#organization","name":"Maison pour tous du Petit charran","url":"https:\/\/mptpetitcharran.fr\/","logo":{"@type":"ImageObject","inLanguage":"fr-FR","@id":"https:\/\/mptpetitcharran.fr\/#\/schema\/logo\/image\/","url":"http:\/\/mptpetitcharran.fr\/wp-content\/uploads\/2023\/07\/cropped-logo_mptpc.jpg","contentUrl":"http:\/\/mptpetitcharran.fr\/wp-content\/uploads\/2023\/07\/cropped-logo_mptpc.jpg","width":532,"height":529,"caption":"Maison pour tous du Petit charran"},"image":{"@id":"https:\/\/mptpetitcharran.fr\/#\/schema\/logo\/image\/"},"sameAs":["https:\/\/www.facebook.com\/mptpetitcharran","https:\/\/www.instagram.com\/mptpetitcharran\/"]}]}},"publishpress_future_action":{"enabled":false,"date":"2026-04-27 03:39:35","action":"change-status","newStatus":"draft","terms":[],"taxonomy":"","extraData":[]},"publishpress_future_workflow_manual_trigger":{"enabledWorkflows":[]},"_links":{"self":[{"href":"https:\/\/mptpetitcharran.fr\/index.php?rest_route=\/wp\/v2\/pages\/5786","targetHints":{"allow":["GET"]}}],"collection":[{"href":"https:\/\/mptpetitcharran.fr\/index.php?rest_route=\/wp\/v2\/pages"}],"about":[{"href":"https:\/\/mptpetitcharran.fr\/index.php?rest_route=\/wp\/v2\/types\/page"}],"author":[{"embeddable":true,"href":"https:\/\/mptpetitcharran.fr\/index.php?rest_route=\/wp\/v2\/users\/1"}],"replies":[{"embeddable":true,"href":"https:\/\/mptpetitcharran.fr\/index.php?rest_route=%2Fwp%2Fv2%2Fcomments&post=5786"}],"version-history":[{"count":2,"href":"https:\/\/mptpetitcharran.fr\/index.php?rest_route=\/wp\/v2\/pages\/5786\/revisions"}],"predecessor-version":[{"id":5791,"href":"https:\/\/mptpetitcharran.fr\/index.php?rest_route=\/wp\/v2\/pages\/5786\/revisions\/5791"}],"wp:attachment":[{"href":"https:\/\/mptpetitcharran.fr\/index.php?rest_route=%2Fwp%2Fv2%2Fmedia&parent=5786"}],"curies":[{"name":"wp","href":"https:\/\/api.w.org\/{rel}","templated":true}]}}