{"id":5649,"date":"2024-06-27T09:05:05","date_gmt":"2024-06-27T08:05:05","guid":{"rendered":"https:\/\/mptpetitcharran.fr\/?page_id=5649"},"modified":"2025-07-01T10:52:26","modified_gmt":"2025-07-01T09:52:26","slug":"accompagnement-personnalise","status":"publish","type":"page","link":"https:\/\/mptpetitcharran.fr\/?page_id=5649","title":{"rendered":"Accompagnement personnalis\u00e9"},"content":{"rendered":"\n<div class=\"wp-block-media-text alignwide has-media-on-the-right is-stacked-on-mobile has-background\" style=\"background-color:#f4f3ef;grid-template-columns:auto 46%\"><div class=\"wp-block-media-text__content\">\n<p class=\"has-medium-font-size\"><strong>VOUS AVEZ UNE D\u00c9MARCHE ADMINISTRATIVE EN LIGNE\u2009?<\/strong><\/p>\n\n\n\n<p><br>De fa\u00e7on ponctuelle, nous pouvons vous aider \u00e0 r\u00e9aliser votre actualisation CAF, p\u00f4le emploi, valider votre d\u00e9claration d&rsquo;imp\u00f4ts, demander une carte d&rsquo;identit\u00e9, un titre de s\u00e9jour\u2026<br>Rendez-vous sur les permanences ou en rendez-vous :<\/p>\n\n\n\n<ul class=\"wp-block-list\">\n<li><strong>Les lundis de 9h \u00e0 12h30<\/strong><\/li>\n\n\n\n<li><strong>Les mercredis de 9h-12h30<\/strong><\/li>\n\n\n\n<li><strong>Les Vendredis de 14h \u00e0 17h<\/strong><\/li>\n<\/ul>\n<\/div><figure class=\"wp-block-media-text__media\"><img loading=\"lazy\" decoding=\"async\" width=\"1024\" height=\"683\" src=\"https:\/\/mptpetitcharran.fr\/wp-content\/uploads\/2024\/06\/business-analysis-concept-businesswoman-analyzing-business-documents-finacial-report-working-laptop-computer-mobile-smart-phone-office-desk-close-up-1024x683.jpg\" alt=\"\" class=\"wp-image-5594 size-full\" srcset=\"https:\/\/mptpetitcharran.fr\/wp-content\/uploads\/2024\/06\/business-analysis-concept-businesswoman-analyzing-business-documents-finacial-report-working-laptop-computer-mobile-smart-phone-office-desk-close-up-1024x683.jpg 1024w, https:\/\/mptpetitcharran.fr\/wp-content\/uploads\/2024\/06\/business-analysis-concept-businesswoman-analyzing-business-documents-finacial-report-working-laptop-computer-mobile-smart-phone-office-desk-close-up-300x200.jpg 300w, https:\/\/mptpetitcharran.fr\/wp-content\/uploads\/2024\/06\/business-analysis-concept-businesswoman-analyzing-business-documents-finacial-report-working-laptop-computer-mobile-smart-phone-office-desk-close-up-768x512.jpg 768w, https:\/\/mptpetitcharran.fr\/wp-content\/uploads\/2024\/06\/business-analysis-concept-businesswoman-analyzing-business-documents-finacial-report-working-laptop-computer-mobile-smart-phone-office-desk-close-up-1536x1024.jpg 1536w, https:\/\/mptpetitcharran.fr\/wp-content\/uploads\/2024\/06\/business-analysis-concept-businesswoman-analyzing-business-documents-finacial-report-working-laptop-computer-mobile-smart-phone-office-desk-close-up-2048x1365.jpg 2048w, https:\/\/mptpetitcharran.fr\/wp-content\/uploads\/2024\/06\/business-analysis-concept-businesswoman-analyzing-business-documents-finacial-report-working-laptop-computer-mobile-smart-phone-office-desk-close-up-700x467.jpg 700w, https:\/\/mptpetitcharran.fr\/wp-content\/uploads\/2024\/06\/business-analysis-concept-businesswoman-analyzing-business-documents-finacial-report-working-laptop-computer-mobile-smart-phone-office-desk-close-up-2000x1333.jpg 2000w, https:\/\/mptpetitcharran.fr\/wp-content\/uploads\/2024\/06\/business-analysis-concept-businesswoman-analyzing-business-documents-finacial-report-working-laptop-computer-mobile-smart-phone-office-desk-close-up-900x600.jpg 900w, https:\/\/mptpetitcharran.fr\/wp-content\/uploads\/2024\/06\/business-analysis-concept-businesswoman-analyzing-business-documents-finacial-report-working-laptop-computer-mobile-smart-phone-office-desk-close-up-600x400.jpg 600w\" sizes=\"auto, (max-width: 1024px) 100vw, 1024px\" \/><\/figure><\/div>\n\n\n\n<p class=\"has-text-align-center has-white-background-color has-background\"><\/p>\n\n\n\n<div style=\"height:22px\" aria-hidden=\"true\" class=\"wp-block-spacer\"><\/div>\n\n\n\n<div class=\"wp-block-columns alignwide has-white-background-color has-background is-layout-flex wp-container-core-columns-is-layout-9d6595d7 wp-block-columns-is-layout-flex\">\n<div class=\"wp-block-column is-layout-flow wp-block-column-is-layout-flow\" style=\"flex-basis:100%\">\n<p class=\"has-text-align-center has-large-font-size\"><strong>Pour plus d&rsquo;informations<\/strong><\/p>\n\n\n\n<blockquote class=\"wp-block-quote is-layout-flow wp-block-quote-is-layout-flow\">\n<ul style=\"font-size:17px\" class=\"wp-block-list\">\n<li><strong>Marie Fave<\/strong>, m\u00e9diatrice num\u00e9rique<br>Tel : 07 64 71 35 53<br>Mail : numerique@mptpetitcharrannumerique.org<\/li>\n\n\n\n<li><strong>Sim\u00e9on Cline<\/strong>, conseiller num\u00e9rique<br>Mail : simeoncline@mptpetitcharrannumerique.org<br><br>Venez avec vos besoins num\u00e9riques, tablettes, mots de passe,<br>bo\u00eetes mail, d\u00e9marches administratives\u2026<br>Ils mettront tout en \u0153uvre pour vous faciliter le num\u00e9rique !<\/li>\n<\/ul>\n<\/blockquote>\n<\/div>\n<\/div>\n\n\n\n<p class=\"has-text-align-center has-white-background-color has-background\"><\/p>\n","protected":false},"excerpt":{"rendered":"<p>Pour plus d&rsquo;informations<\/p>\n","protected":false},"author":1,"featured_media":0,"parent":0,"menu_order":0,"comment_status":"closed","ping_status":"closed","template":"","meta":{"footnotes":""},"class_list":["post-5649","page","type-page","status-publish","hentry"],"yoast_head":"<!-- This site is optimized with the Yoast SEO plugin v27.0 - https:\/\/yoast.com\/product\/yoast-seo-wordpress\/ -->\n<title>Accompagnement personnalis\u00e9 - Maison pour tous du Petit charran<\/title>\n<meta name=\"robots\" content=\"index, follow, max-snippet:-1, max-image-preview:large, max-video-preview:-1\" \/>\n<link rel=\"canonical\" href=\"https:\/\/mptpetitcharran.fr\/?page_id=5649\" \/>\n<meta property=\"og:locale\" content=\"fr_FR\" \/>\n<meta property=\"og:type\" content=\"article\" \/>\n<meta property=\"og:title\" content=\"Accompagnement personnalis\u00e9 - Maison pour tous du Petit charran\" \/>\n<meta property=\"og:description\" content=\"Pour plus d&rsquo;informations\" \/>\n<meta property=\"og:url\" content=\"https:\/\/mptpetitcharran.fr\/?page_id=5649\" \/>\n<meta property=\"og:site_name\" content=\"Maison pour tous du Petit charran\" \/>\n<meta property=\"article:publisher\" content=\"https:\/\/www.facebook.com\/mptpetitcharran\" \/>\n<meta property=\"article:modified_time\" content=\"2025-07-01T09:52:26+00:00\" \/>\n<meta property=\"og:image\" content=\"https:\/\/mptpetitcharran.fr\/wp-content\/uploads\/2024\/06\/business-analysis-concept-businesswoman-analyzing-business-documents-finacial-report-working-laptop-computer-mobile-smart-phone-office-desk-close-up-scaled.jpg\" \/>\n\t<meta property=\"og:image:width\" content=\"2560\" \/>\n\t<meta property=\"og:image:height\" content=\"1707\" \/>\n\t<meta property=\"og:image:type\" content=\"image\/jpeg\" \/>\n<meta name=\"twitter:card\" content=\"summary_large_image\" \/>\n<meta name=\"twitter:label1\" content=\"Dur\u00e9e de lecture estim\u00e9e\" \/>\n\t<meta name=\"twitter:data1\" content=\"1 minute\" \/>\n<script type=\"application\/ld+json\" class=\"yoast-schema-graph\">{\"@context\":\"https:\/\/schema.org\",\"@graph\":[{\"@type\":\"WebPage\",\"@id\":\"https:\/\/mptpetitcharran.fr\/?page_id=5649\",\"url\":\"https:\/\/mptpetitcharran.fr\/?page_id=5649\",\"name\":\"Accompagnement personnalis\u00e9 - Maison pour tous du Petit charran\",\"isPartOf\":{\"@id\":\"https:\/\/mptpetitcharran.fr\/#website\"},\"primaryImageOfPage\":{\"@id\":\"https:\/\/mptpetitcharran.fr\/?page_id=5649#primaryimage\"},\"image\":{\"@id\":\"https:\/\/mptpetitcharran.fr\/?page_id=5649#primaryimage\"},\"thumbnailUrl\":\"https:\/\/mptpetitcharran.fr\/wp-content\/uploads\/2024\/06\/business-analysis-concept-businesswoman-analyzing-business-documents-finacial-report-working-laptop-computer-mobile-smart-phone-office-desk-close-up-1024x683.jpg\",\"datePublished\":\"2024-06-27T08:05:05+00:00\",\"dateModified\":\"2025-07-01T09:52:26+00:00\",\"breadcrumb\":{\"@id\":\"https:\/\/mptpetitcharran.fr\/?page_id=5649#breadcrumb\"},\"inLanguage\":\"fr-FR\",\"potentialAction\":[{\"@type\":\"ReadAction\",\"target\":[\"https:\/\/mptpetitcharran.fr\/?page_id=5649\"]}]},{\"@type\":\"ImageObject\",\"inLanguage\":\"fr-FR\",\"@id\":\"https:\/\/mptpetitcharran.fr\/?page_id=5649#primaryimage\",\"url\":\"https:\/\/mptpetitcharran.fr\/wp-content\/uploads\/2024\/06\/business-analysis-concept-businesswoman-analyzing-business-documents-finacial-report-working-laptop-computer-mobile-smart-phone-office-desk-close-up-scaled.jpg\",\"contentUrl\":\"https:\/\/mptpetitcharran.fr\/wp-content\/uploads\/2024\/06\/business-analysis-concept-businesswoman-analyzing-business-documents-finacial-report-working-laptop-computer-mobile-smart-phone-office-desk-close-up-scaled.jpg\",\"width\":2560,\"height\":1707,\"caption\":\"Business analysis concept. Businesswoman analyzing business documents, finacial report, working on laptop computer, mobile smart phone on office desk, close up.\"},{\"@type\":\"BreadcrumbList\",\"@id\":\"https:\/\/mptpetitcharran.fr\/?page_id=5649#breadcrumb\",\"itemListElement\":[{\"@type\":\"ListItem\",\"position\":1,\"name\":\"Accueil\",\"item\":\"https:\/\/mptpetitcharran.fr\/\"},{\"@type\":\"ListItem\",\"position\":2,\"name\":\"Accompagnement personnalis\u00e9\"}]},{\"@type\":\"WebSite\",\"@id\":\"https:\/\/mptpetitcharran.fr\/#website\",\"url\":\"https:\/\/mptpetitcharran.fr\/\",\"name\":\"Maison pour tous du Petit charran\",\"description\":\"\",\"publisher\":{\"@id\":\"https:\/\/mptpetitcharran.fr\/#organization\"},\"potentialAction\":[{\"@type\":\"SearchAction\",\"target\":{\"@type\":\"EntryPoint\",\"urlTemplate\":\"https:\/\/mptpetitcharran.fr\/?s={search_term_string}\"},\"query-input\":{\"@type\":\"PropertyValueSpecification\",\"valueRequired\":true,\"valueName\":\"search_term_string\"}}],\"inLanguage\":\"fr-FR\"},{\"@type\":\"Organization\",\"@id\":\"https:\/\/mptpetitcharran.fr\/#organization\",\"name\":\"Maison pour tous du Petit charran\",\"url\":\"https:\/\/mptpetitcharran.fr\/\",\"logo\":{\"@type\":\"ImageObject\",\"inLanguage\":\"fr-FR\",\"@id\":\"https:\/\/mptpetitcharran.fr\/#\/schema\/logo\/image\/\",\"url\":\"http:\/\/mptpetitcharran.fr\/wp-content\/uploads\/2023\/07\/cropped-logo_mptpc.jpg\",\"contentUrl\":\"http:\/\/mptpetitcharran.fr\/wp-content\/uploads\/2023\/07\/cropped-logo_mptpc.jpg\",\"width\":532,\"height\":529,\"caption\":\"Maison pour tous du Petit charran\"},\"image\":{\"@id\":\"https:\/\/mptpetitcharran.fr\/#\/schema\/logo\/image\/\"},\"sameAs\":[\"https:\/\/www.facebook.com\/mptpetitcharran\",\"https:\/\/www.instagram.com\/mptpetitcharran\/\"]}]}<\/script>\n<!-- \/ Yoast SEO plugin. -->","yoast_head_json":{"title":"Accompagnement personnalis\u00e9 - Maison pour tous du Petit charran","robots":{"index":"index","follow":"follow","max-snippet":"max-snippet:-1","max-image-preview":"max-image-preview:large","max-video-preview":"max-video-preview:-1"},"canonical":"https:\/\/mptpetitcharran.fr\/?page_id=5649","og_locale":"fr_FR","og_type":"article","og_title":"Accompagnement personnalis\u00e9 - Maison pour tous du Petit charran","og_description":"Pour plus d&rsquo;informations","og_url":"https:\/\/mptpetitcharran.fr\/?page_id=5649","og_site_name":"Maison pour tous du Petit charran","article_publisher":"https:\/\/www.facebook.com\/mptpetitcharran","article_modified_time":"2025-07-01T09:52:26+00:00","og_image":[{"width":2560,"height":1707,"url":"https:\/\/mptpetitcharran.fr\/wp-content\/uploads\/2024\/06\/business-analysis-concept-businesswoman-analyzing-business-documents-finacial-report-working-laptop-computer-mobile-smart-phone-office-desk-close-up-scaled.jpg","type":"image\/jpeg"}],"twitter_card":"summary_large_image","twitter_misc":{"Dur\u00e9e de lecture estim\u00e9e":"1 minute"},"schema":{"@context":"https:\/\/schema.org","@graph":[{"@type":"WebPage","@id":"https:\/\/mptpetitcharran.fr\/?page_id=5649","url":"https:\/\/mptpetitcharran.fr\/?page_id=5649","name":"Accompagnement personnalis\u00e9 - Maison pour tous du Petit charran","isPartOf":{"@id":"https:\/\/mptpetitcharran.fr\/#website"},"primaryImageOfPage":{"@id":"https:\/\/mptpetitcharran.fr\/?page_id=5649#primaryimage"},"image":{"@id":"https:\/\/mptpetitcharran.fr\/?page_id=5649#primaryimage"},"thumbnailUrl":"https:\/\/mptpetitcharran.fr\/wp-content\/uploads\/2024\/06\/business-analysis-concept-businesswoman-analyzing-business-documents-finacial-report-working-laptop-computer-mobile-smart-phone-office-desk-close-up-1024x683.jpg","datePublished":"2024-06-27T08:05:05+00:00","dateModified":"2025-07-01T09:52:26+00:00","breadcrumb":{"@id":"https:\/\/mptpetitcharran.fr\/?page_id=5649#breadcrumb"},"inLanguage":"fr-FR","potentialAction":[{"@type":"ReadAction","target":["https:\/\/mptpetitcharran.fr\/?page_id=5649"]}]},{"@type":"ImageObject","inLanguage":"fr-FR","@id":"https:\/\/mptpetitcharran.fr\/?page_id=5649#primaryimage","url":"https:\/\/mptpetitcharran.fr\/wp-content\/uploads\/2024\/06\/business-analysis-concept-businesswoman-analyzing-business-documents-finacial-report-working-laptop-computer-mobile-smart-phone-office-desk-close-up-scaled.jpg","contentUrl":"https:\/\/mptpetitcharran.fr\/wp-content\/uploads\/2024\/06\/business-analysis-concept-businesswoman-analyzing-business-documents-finacial-report-working-laptop-computer-mobile-smart-phone-office-desk-close-up-scaled.jpg","width":2560,"height":1707,"caption":"Business analysis concept. Businesswoman analyzing business documents, finacial report, working on laptop computer, mobile smart phone on office desk, close up."},{"@type":"BreadcrumbList","@id":"https:\/\/mptpetitcharran.fr\/?page_id=5649#breadcrumb","itemListElement":[{"@type":"ListItem","position":1,"name":"Accueil","item":"https:\/\/mptpetitcharran.fr\/"},{"@type":"ListItem","position":2,"name":"Accompagnement personnalis\u00e9"}]},{"@type":"WebSite","@id":"https:\/\/mptpetitcharran.fr\/#website","url":"https:\/\/mptpetitcharran.fr\/","name":"Maison pour tous du Petit charran","description":"","publisher":{"@id":"https:\/\/mptpetitcharran.fr\/#organization"},"potentialAction":[{"@type":"SearchAction","target":{"@type":"EntryPoint","urlTemplate":"https:\/\/mptpetitcharran.fr\/?s={search_term_string}"},"query-input":{"@type":"PropertyValueSpecification","valueRequired":true,"valueName":"search_term_string"}}],"inLanguage":"fr-FR"},{"@type":"Organization","@id":"https:\/\/mptpetitcharran.fr\/#organization","name":"Maison pour tous du Petit charran","url":"https:\/\/mptpetitcharran.fr\/","logo":{"@type":"ImageObject","inLanguage":"fr-FR","@id":"https:\/\/mptpetitcharran.fr\/#\/schema\/logo\/image\/","url":"http:\/\/mptpetitcharran.fr\/wp-content\/uploads\/2023\/07\/cropped-logo_mptpc.jpg","contentUrl":"http:\/\/mptpetitcharran.fr\/wp-content\/uploads\/2023\/07\/cropped-logo_mptpc.jpg","width":532,"height":529,"caption":"Maison pour tous du Petit charran"},"image":{"@id":"https:\/\/mptpetitcharran.fr\/#\/schema\/logo\/image\/"},"sameAs":["https:\/\/www.facebook.com\/mptpetitcharran","https:\/\/www.instagram.com\/mptpetitcharran\/"]}]}},"publishpress_future_action":{"enabled":false,"date":"2026-04-27 04:59:15","action":"change-status","newStatus":"draft","terms":[],"taxonomy":"","extraData":[]},"publishpress_future_workflow_manual_trigger":{"enabledWorkflows":[]},"_links":{"self":[{"href":"https:\/\/mptpetitcharran.fr\/index.php?rest_route=\/wp\/v2\/pages\/5649","targetHints":{"allow":["GET"]}}],"collection":[{"href":"https:\/\/mptpetitcharran.fr\/index.php?rest_route=\/wp\/v2\/pages"}],"about":[{"href":"https:\/\/mptpetitcharran.fr\/index.php?rest_route=\/wp\/v2\/types\/page"}],"author":[{"embeddable":true,"href":"https:\/\/mptpetitcharran.fr\/index.php?rest_route=\/wp\/v2\/users\/1"}],"replies":[{"embeddable":true,"href":"https:\/\/mptpetitcharran.fr\/index.php?rest_route=%2Fwp%2Fv2%2Fcomments&post=5649"}],"version-history":[{"count":7,"href":"https:\/\/mptpetitcharran.fr\/index.php?rest_route=\/wp\/v2\/pages\/5649\/revisions"}],"predecessor-version":[{"id":6592,"href":"https:\/\/mptpetitcharran.fr\/index.php?rest_route=\/wp\/v2\/pages\/5649\/revisions\/6592"}],"wp:attachment":[{"href":"https:\/\/mptpetitcharran.fr\/index.php?rest_route=%2Fwp%2Fv2%2Fmedia&parent=5649"}],"curies":[{"name":"wp","href":"https:\/\/api.w.org\/{rel}","templated":true}]}}