{"id":4648,"date":"2023-07-07T12:11:04","date_gmt":"2023-07-07T11:11:04","guid":{"rendered":"https:\/\/mptpetitcharran.fr\/?page_id=4648"},"modified":"2023-07-07T13:45:45","modified_gmt":"2023-07-07T12:45:45","slug":"newsletter","status":"publish","type":"page","link":"https:\/\/mptpetitcharran.fr\/?page_id=4648","title":{"rendered":"Newsletter"},"content":{"rendered":"\n<figure class=\"wp-block-image size-large is-style-default\"><img loading=\"lazy\" decoding=\"async\" width=\"1024\" height=\"683\" src=\"https:\/\/mptpetitcharran.fr\/wp-content\/uploads\/2023\/07\/Hand-holding-smartphones-with-online-newspaper-newsletter-1024x683.jpg\" alt=\"\" class=\"wp-image-4663\" srcset=\"https:\/\/mptpetitcharran.fr\/wp-content\/uploads\/2023\/07\/Hand-holding-smartphones-with-online-newspaper-newsletter-1024x683.jpg 1024w, https:\/\/mptpetitcharran.fr\/wp-content\/uploads\/2023\/07\/Hand-holding-smartphones-with-online-newspaper-newsletter-300x200.jpg 300w, https:\/\/mptpetitcharran.fr\/wp-content\/uploads\/2023\/07\/Hand-holding-smartphones-with-online-newspaper-newsletter-768x512.jpg 768w, https:\/\/mptpetitcharran.fr\/wp-content\/uploads\/2023\/07\/Hand-holding-smartphones-with-online-newspaper-newsletter-1536x1024.jpg 1536w, https:\/\/mptpetitcharran.fr\/wp-content\/uploads\/2023\/07\/Hand-holding-smartphones-with-online-newspaper-newsletter-2048x1365.jpg 2048w, https:\/\/mptpetitcharran.fr\/wp-content\/uploads\/2023\/07\/Hand-holding-smartphones-with-online-newspaper-newsletter-700x467.jpg 700w, https:\/\/mptpetitcharran.fr\/wp-content\/uploads\/2023\/07\/Hand-holding-smartphones-with-online-newspaper-newsletter-2000x1333.jpg 2000w, https:\/\/mptpetitcharran.fr\/wp-content\/uploads\/2023\/07\/Hand-holding-smartphones-with-online-newspaper-newsletter-900x600.jpg 900w, https:\/\/mptpetitcharran.fr\/wp-content\/uploads\/2023\/07\/Hand-holding-smartphones-with-online-newspaper-newsletter-600x400.jpg 600w\" sizes=\"auto, (max-width: 1024px) 100vw, 1024px\" \/><\/figure>\n\n\n\n<p class=\"has-text-align-center has-white-background-color has-background has-medium-font-size\">Inscrivez-vous d\u00e8s maintenant \u00e0 notre newsletter pour ne rien manquer des actualit\u00e9s de la Maison Pour Tous du Petit Charran! \ud83c\udfe0\u2728<br>En vous inscrivant \u00e0 notre newsletter, vous serez toujours au courant des nouveaut\u00e9s qui animent la MPT. Soyez les premiers \u00e0 conna\u00eetre nos soir\u00e9es th\u00e9matiques, nos sorties en plein air, nos rencontres artistiques et nos initiatives solidaires. \ud83c\udf1f\ud83c\udf0d<br><br><strong>Rejoignez-nous et recevez toutes les informations directement dans votre bo\u00eete de r\u00e9ception. C&rsquo;est simple, rapide et gratuit ! <\/strong><\/p>\n\n\n\n<div class=\"wp-block-buttons is-content-justification-center is-layout-flex wp-container-core-buttons-is-layout-16018d1d wp-block-buttons-is-layout-flex\">\n<div class=\"wp-block-button\"><a class=\"wp-block-button__link has-white-color has-text-color has-background wp-element-button\" href=\"https:\/\/ionos-1ef3d5166.sendserver.email\/hp\/TsccHjg6bWiLyb8NR-S1Og\/signup\" style=\"background-color:#f9b232\">Inscrivez-vous ici<\/a><\/div>\n<\/div>\n","protected":false},"excerpt":{"rendered":"<p>Inscrivez-vous d\u00e8s maintenant \u00e0 notre newsletter pour ne rien manquer des actualit\u00e9s de la Maison Pour Tous du Petit Charran! \ud83c\udfe0\u2728En vous inscrivant \u00e0 notre newsletter, vous serez toujours au &hellip; <a href=\"https:\/\/mptpetitcharran.fr\/?page_id=4648\" class=\"more-link\">Continue reading <span class=\"screen-reader-text\">Newsletter<\/span> <span class=\"meta-nav\">&rarr;<\/span><\/a><\/p>\n","protected":false},"author":1,"featured_media":0,"parent":0,"menu_order":0,"comment_status":"closed","ping_status":"closed","template":"","meta":{"footnotes":""},"class_list":["post-4648","page","type-page","status-publish","hentry"],"yoast_head":"<!-- This site is optimized with the Yoast SEO plugin v27.0 - https:\/\/yoast.com\/product\/yoast-seo-wordpress\/ -->\n<title>Newsletter - Maison pour tous du Petit charran<\/title>\n<meta name=\"robots\" content=\"index, follow, max-snippet:-1, max-image-preview:large, max-video-preview:-1\" \/>\n<link rel=\"canonical\" href=\"https:\/\/mptpetitcharran.fr\/?page_id=4648\" \/>\n<meta property=\"og:locale\" content=\"fr_FR\" \/>\n<meta property=\"og:type\" content=\"article\" \/>\n<meta property=\"og:title\" content=\"Newsletter - Maison pour tous du Petit charran\" \/>\n<meta property=\"og:description\" content=\"Inscrivez-vous d\u00e8s maintenant \u00e0 notre newsletter pour ne rien manquer des actualit\u00e9s de la Maison Pour Tous du Petit Charran! \ud83c\udfe0\u2728En vous inscrivant \u00e0 notre newsletter, vous serez toujours au &hellip; Continue reading Newsletter &rarr;\" \/>\n<meta property=\"og:url\" content=\"https:\/\/mptpetitcharran.fr\/?page_id=4648\" \/>\n<meta property=\"og:site_name\" content=\"Maison pour tous du Petit charran\" \/>\n<meta property=\"article:publisher\" content=\"https:\/\/www.facebook.com\/mptpetitcharran\" \/>\n<meta property=\"article:modified_time\" content=\"2023-07-07T12:45:45+00:00\" \/>\n<meta property=\"og:image\" content=\"http:\/\/mptpetitcharran.fr\/wp-content\/uploads\/2023\/07\/Hand-holding-smartphones-with-online-newspaper-newsletter-1024x683.jpg\" \/>\n<meta name=\"twitter:card\" content=\"summary_large_image\" \/>\n<meta name=\"twitter:label1\" content=\"Dur\u00e9e de lecture estim\u00e9e\" \/>\n\t<meta name=\"twitter:data1\" content=\"1 minute\" \/>\n<script type=\"application\/ld+json\" class=\"yoast-schema-graph\">{\"@context\":\"https:\/\/schema.org\",\"@graph\":[{\"@type\":\"WebPage\",\"@id\":\"https:\/\/mptpetitcharran.fr\/?page_id=4648\",\"url\":\"https:\/\/mptpetitcharran.fr\/?page_id=4648\",\"name\":\"Newsletter - Maison pour tous du Petit charran\",\"isPartOf\":{\"@id\":\"https:\/\/mptpetitcharran.fr\/#website\"},\"primaryImageOfPage\":{\"@id\":\"https:\/\/mptpetitcharran.fr\/?page_id=4648#primaryimage\"},\"image\":{\"@id\":\"https:\/\/mptpetitcharran.fr\/?page_id=4648#primaryimage\"},\"thumbnailUrl\":\"http:\/\/mptpetitcharran.fr\/wp-content\/uploads\/2023\/07\/Hand-holding-smartphones-with-online-newspaper-newsletter-1024x683.jpg\",\"datePublished\":\"2023-07-07T11:11:04+00:00\",\"dateModified\":\"2023-07-07T12:45:45+00:00\",\"breadcrumb\":{\"@id\":\"https:\/\/mptpetitcharran.fr\/?page_id=4648#breadcrumb\"},\"inLanguage\":\"fr-FR\",\"potentialAction\":[{\"@type\":\"ReadAction\",\"target\":[\"https:\/\/mptpetitcharran.fr\/?page_id=4648\"]}]},{\"@type\":\"ImageObject\",\"inLanguage\":\"fr-FR\",\"@id\":\"https:\/\/mptpetitcharran.fr\/?page_id=4648#primaryimage\",\"url\":\"https:\/\/mptpetitcharran.fr\/wp-content\/uploads\/2023\/07\/Hand-holding-smartphones-with-online-newspaper-newsletter-scaled.jpg\",\"contentUrl\":\"https:\/\/mptpetitcharran.fr\/wp-content\/uploads\/2023\/07\/Hand-holding-smartphones-with-online-newspaper-newsletter-scaled.jpg\",\"width\":2560,\"height\":1707,\"caption\":\"Hand holding smartphones with online newspaper, newsletter, weblog. Cellphone news application, website flat vector illustration. Communication, internet, social media, journalism, information concept\"},{\"@type\":\"BreadcrumbList\",\"@id\":\"https:\/\/mptpetitcharran.fr\/?page_id=4648#breadcrumb\",\"itemListElement\":[{\"@type\":\"ListItem\",\"position\":1,\"name\":\"Accueil\",\"item\":\"https:\/\/mptpetitcharran.fr\/\"},{\"@type\":\"ListItem\",\"position\":2,\"name\":\"Newsletter\"}]},{\"@type\":\"WebSite\",\"@id\":\"https:\/\/mptpetitcharran.fr\/#website\",\"url\":\"https:\/\/mptpetitcharran.fr\/\",\"name\":\"Maison pour tous du Petit charran\",\"description\":\"\",\"publisher\":{\"@id\":\"https:\/\/mptpetitcharran.fr\/#organization\"},\"potentialAction\":[{\"@type\":\"SearchAction\",\"target\":{\"@type\":\"EntryPoint\",\"urlTemplate\":\"https:\/\/mptpetitcharran.fr\/?s={search_term_string}\"},\"query-input\":{\"@type\":\"PropertyValueSpecification\",\"valueRequired\":true,\"valueName\":\"search_term_string\"}}],\"inLanguage\":\"fr-FR\"},{\"@type\":\"Organization\",\"@id\":\"https:\/\/mptpetitcharran.fr\/#organization\",\"name\":\"Maison pour tous du Petit charran\",\"url\":\"https:\/\/mptpetitcharran.fr\/\",\"logo\":{\"@type\":\"ImageObject\",\"inLanguage\":\"fr-FR\",\"@id\":\"https:\/\/mptpetitcharran.fr\/#\/schema\/logo\/image\/\",\"url\":\"http:\/\/mptpetitcharran.fr\/wp-content\/uploads\/2023\/07\/cropped-logo_mptpc.jpg\",\"contentUrl\":\"http:\/\/mptpetitcharran.fr\/wp-content\/uploads\/2023\/07\/cropped-logo_mptpc.jpg\",\"width\":532,\"height\":529,\"caption\":\"Maison pour tous du Petit charran\"},\"image\":{\"@id\":\"https:\/\/mptpetitcharran.fr\/#\/schema\/logo\/image\/\"},\"sameAs\":[\"https:\/\/www.facebook.com\/mptpetitcharran\",\"https:\/\/www.instagram.com\/mptpetitcharran\/\"]}]}<\/script>\n<!-- \/ Yoast SEO plugin. -->","yoast_head_json":{"title":"Newsletter - Maison pour tous du Petit charran","robots":{"index":"index","follow":"follow","max-snippet":"max-snippet:-1","max-image-preview":"max-image-preview:large","max-video-preview":"max-video-preview:-1"},"canonical":"https:\/\/mptpetitcharran.fr\/?page_id=4648","og_locale":"fr_FR","og_type":"article","og_title":"Newsletter - Maison pour tous du Petit charran","og_description":"Inscrivez-vous d\u00e8s maintenant \u00e0 notre newsletter pour ne rien manquer des actualit\u00e9s de la Maison Pour Tous du Petit Charran! \ud83c\udfe0\u2728En vous inscrivant \u00e0 notre newsletter, vous serez toujours au &hellip; Continue reading Newsletter &rarr;","og_url":"https:\/\/mptpetitcharran.fr\/?page_id=4648","og_site_name":"Maison pour tous du Petit charran","article_publisher":"https:\/\/www.facebook.com\/mptpetitcharran","article_modified_time":"2023-07-07T12:45:45+00:00","og_image":[{"url":"http:\/\/mptpetitcharran.fr\/wp-content\/uploads\/2023\/07\/Hand-holding-smartphones-with-online-newspaper-newsletter-1024x683.jpg","type":"","width":"","height":""}],"twitter_card":"summary_large_image","twitter_misc":{"Dur\u00e9e de lecture estim\u00e9e":"1 minute"},"schema":{"@context":"https:\/\/schema.org","@graph":[{"@type":"WebPage","@id":"https:\/\/mptpetitcharran.fr\/?page_id=4648","url":"https:\/\/mptpetitcharran.fr\/?page_id=4648","name":"Newsletter - Maison pour tous du Petit charran","isPartOf":{"@id":"https:\/\/mptpetitcharran.fr\/#website"},"primaryImageOfPage":{"@id":"https:\/\/mptpetitcharran.fr\/?page_id=4648#primaryimage"},"image":{"@id":"https:\/\/mptpetitcharran.fr\/?page_id=4648#primaryimage"},"thumbnailUrl":"http:\/\/mptpetitcharran.fr\/wp-content\/uploads\/2023\/07\/Hand-holding-smartphones-with-online-newspaper-newsletter-1024x683.jpg","datePublished":"2023-07-07T11:11:04+00:00","dateModified":"2023-07-07T12:45:45+00:00","breadcrumb":{"@id":"https:\/\/mptpetitcharran.fr\/?page_id=4648#breadcrumb"},"inLanguage":"fr-FR","potentialAction":[{"@type":"ReadAction","target":["https:\/\/mptpetitcharran.fr\/?page_id=4648"]}]},{"@type":"ImageObject","inLanguage":"fr-FR","@id":"https:\/\/mptpetitcharran.fr\/?page_id=4648#primaryimage","url":"https:\/\/mptpetitcharran.fr\/wp-content\/uploads\/2023\/07\/Hand-holding-smartphones-with-online-newspaper-newsletter-scaled.jpg","contentUrl":"https:\/\/mptpetitcharran.fr\/wp-content\/uploads\/2023\/07\/Hand-holding-smartphones-with-online-newspaper-newsletter-scaled.jpg","width":2560,"height":1707,"caption":"Hand holding smartphones with online newspaper, newsletter, weblog. Cellphone news application, website flat vector illustration. Communication, internet, social media, journalism, information concept"},{"@type":"BreadcrumbList","@id":"https:\/\/mptpetitcharran.fr\/?page_id=4648#breadcrumb","itemListElement":[{"@type":"ListItem","position":1,"name":"Accueil","item":"https:\/\/mptpetitcharran.fr\/"},{"@type":"ListItem","position":2,"name":"Newsletter"}]},{"@type":"WebSite","@id":"https:\/\/mptpetitcharran.fr\/#website","url":"https:\/\/mptpetitcharran.fr\/","name":"Maison pour tous du Petit charran","description":"","publisher":{"@id":"https:\/\/mptpetitcharran.fr\/#organization"},"potentialAction":[{"@type":"SearchAction","target":{"@type":"EntryPoint","urlTemplate":"https:\/\/mptpetitcharran.fr\/?s={search_term_string}"},"query-input":{"@type":"PropertyValueSpecification","valueRequired":true,"valueName":"search_term_string"}}],"inLanguage":"fr-FR"},{"@type":"Organization","@id":"https:\/\/mptpetitcharran.fr\/#organization","name":"Maison pour tous du Petit charran","url":"https:\/\/mptpetitcharran.fr\/","logo":{"@type":"ImageObject","inLanguage":"fr-FR","@id":"https:\/\/mptpetitcharran.fr\/#\/schema\/logo\/image\/","url":"http:\/\/mptpetitcharran.fr\/wp-content\/uploads\/2023\/07\/cropped-logo_mptpc.jpg","contentUrl":"http:\/\/mptpetitcharran.fr\/wp-content\/uploads\/2023\/07\/cropped-logo_mptpc.jpg","width":532,"height":529,"caption":"Maison pour tous du Petit charran"},"image":{"@id":"https:\/\/mptpetitcharran.fr\/#\/schema\/logo\/image\/"},"sameAs":["https:\/\/www.facebook.com\/mptpetitcharran","https:\/\/www.instagram.com\/mptpetitcharran\/"]}]}},"publishpress_future_action":{"enabled":false,"date":"2026-04-27 06:35:06","action":"change-status","newStatus":"draft","terms":[],"taxonomy":"","extraData":[]},"publishpress_future_workflow_manual_trigger":{"enabledWorkflows":[]},"_links":{"self":[{"href":"https:\/\/mptpetitcharran.fr\/index.php?rest_route=\/wp\/v2\/pages\/4648","targetHints":{"allow":["GET"]}}],"collection":[{"href":"https:\/\/mptpetitcharran.fr\/index.php?rest_route=\/wp\/v2\/pages"}],"about":[{"href":"https:\/\/mptpetitcharran.fr\/index.php?rest_route=\/wp\/v2\/types\/page"}],"author":[{"embeddable":true,"href":"https:\/\/mptpetitcharran.fr\/index.php?rest_route=\/wp\/v2\/users\/1"}],"replies":[{"embeddable":true,"href":"https:\/\/mptpetitcharran.fr\/index.php?rest_route=%2Fwp%2Fv2%2Fcomments&post=4648"}],"version-history":[{"count":11,"href":"https:\/\/mptpetitcharran.fr\/index.php?rest_route=\/wp\/v2\/pages\/4648\/revisions"}],"predecessor-version":[{"id":4667,"href":"https:\/\/mptpetitcharran.fr\/index.php?rest_route=\/wp\/v2\/pages\/4648\/revisions\/4667"}],"wp:attachment":[{"href":"https:\/\/mptpetitcharran.fr\/index.php?rest_route=%2Fwp%2Fv2%2Fmedia&parent=4648"}],"curies":[{"name":"wp","href":"https:\/\/api.w.org\/{rel}","templated":true}]}}