{"id":3216,"date":"2021-07-03T11:16:18","date_gmt":"2021-07-03T10:16:18","guid":{"rendered":"http:\/\/mptpetitcharran.fr\/?page_id=3216"},"modified":"2025-07-01T10:48:16","modified_gmt":"2025-07-01T09:48:16","slug":"tiers-lieu-numerique","status":"publish","type":"page","link":"https:\/\/mptpetitcharran.fr\/?page_id=3216","title":{"rendered":"Tiers-lieu num\u00e9rique"},"content":{"rendered":"\n<p class=\"has-text-align-left has-medium-font-size\"><strong>Le Tiers Lieu, c\u2019est :<\/strong><br><strong>&#8211; FACILITER LE PASSAGE DE TOUTES ET TOUS \u00c0 LA TRANSITION NUM\u00c9RIQUE<\/strong> ayant pour finalit\u00e9 l\u2019autonomie pour les publics \u00e9loign\u00e9s de la pratique du num\u00e9rique et des acc\u00e8s aux droits.<br><strong>&#8211; ANIMER DES TEMPS COLLECTIFS DANS OU HORS DE LA STRUCTURE<\/strong> pour faire d\u00e9couvrir et partager des connaissances et des pratiques num\u00e9riques.<br><strong>&#8211; ACCOMPAGNER INDIVIDUELLEMENT AUX D\u00c9MARCHES ADMINISTRATIVES. <\/strong><br>&#8211; <strong>D\u00c9VELOPPER LE TRAVAIL PARTENARIAL<\/strong> (m\u00e9diath\u00e8que, \u00e9tablissements scolaires, associations\u2026), <strong>LA MUTUALISATION ET LE TRAVAIL EN R\u00c9SEAU.<\/strong><\/p>\n\n\n\n<div style=\"height:22px\" aria-hidden=\"true\" class=\"wp-block-spacer\"><\/div>\n\n\n\n<div class=\"wp-block-media-text alignwide is-stacked-on-mobile has-background\" style=\"background-color:#f4f3ef\"><figure class=\"wp-block-media-text__media\"><img loading=\"lazy\" decoding=\"async\" width=\"769\" height=\"1024\" src=\"https:\/\/mptpetitcharran.fr\/wp-content\/uploads\/2021\/07\/olena-sergienko-W2BI02QOncg-unsplash-769x1024.jpg\" alt=\"\" class=\"wp-image-3219 size-full\" srcset=\"https:\/\/mptpetitcharran.fr\/wp-content\/uploads\/2021\/07\/olena-sergienko-W2BI02QOncg-unsplash-769x1024.jpg 769w, https:\/\/mptpetitcharran.fr\/wp-content\/uploads\/2021\/07\/olena-sergienko-W2BI02QOncg-unsplash-225x300.jpg 225w, https:\/\/mptpetitcharran.fr\/wp-content\/uploads\/2021\/07\/olena-sergienko-W2BI02QOncg-unsplash-768x1023.jpg 768w, https:\/\/mptpetitcharran.fr\/wp-content\/uploads\/2021\/07\/olena-sergienko-W2BI02QOncg-unsplash-1154x1536.jpg 1154w, https:\/\/mptpetitcharran.fr\/wp-content\/uploads\/2021\/07\/olena-sergienko-W2BI02QOncg-unsplash-1538x2048.jpg 1538w, https:\/\/mptpetitcharran.fr\/wp-content\/uploads\/2021\/07\/olena-sergienko-W2BI02QOncg-unsplash-700x932.jpg 700w, https:\/\/mptpetitcharran.fr\/wp-content\/uploads\/2021\/07\/olena-sergienko-W2BI02QOncg-unsplash-2000x2663.jpg 2000w, https:\/\/mptpetitcharran.fr\/wp-content\/uploads\/2021\/07\/olena-sergienko-W2BI02QOncg-unsplash-300x400.jpg 300w, https:\/\/mptpetitcharran.fr\/wp-content\/uploads\/2021\/07\/olena-sergienko-W2BI02QOncg-unsplash-scaled.jpg 1923w\" sizes=\"auto, (max-width: 769px) 100vw, 769px\" \/><\/figure><div class=\"wp-block-media-text__content\">\n<p class=\"has-text-align-center has-large-font-size\"><strong><strong>Comment \u00e7a fonctionne ? <\/strong><\/strong><\/p>\n\n\n\n<p class=\"has-text-align-center\">Quel que soit votre \u00e2ge, votre niveau, vos questions vous serez accueilli dans un espace de confiance dans un temps individuel afin de vous proposer un parcours en ad\u00e9quation avec vos attentes et vos besoins.<\/p>\n\n\n\n<ul class=\"wp-block-list\">\n<li><strong>Caf\u00e9s num\u00e9riques <\/strong>: des rendez-vous pour apprendre.<\/li>\n\n\n\n<li><strong>Accompagnement personnalis\u00e9<\/strong> sur une d\u00e9marche en ligne.<\/li>\n\n\n\n<li><strong>La box <\/strong>par le biais du gaming, de l&rsquo;Esport et de la formation.<\/li>\n<\/ul>\n<\/div><\/div>\n\n\n\n<div style=\"height:22px\" aria-hidden=\"true\" class=\"wp-block-spacer\"><\/div>\n\n\n\n<div class=\"wp-block-columns alignwide has-white-background-color has-background is-layout-flex wp-container-core-columns-is-layout-9d6595d7 wp-block-columns-is-layout-flex\">\n<div class=\"wp-block-column is-layout-flow wp-block-column-is-layout-flow\" style=\"flex-basis:100%\">\n<p class=\"has-text-align-center has-large-font-size\"><strong>Pour plus d&rsquo;informations<\/strong><\/p>\n\n\n\n<blockquote class=\"wp-block-quote is-layout-flow wp-block-quote-is-layout-flow\">\n<ul style=\"font-size:17px\" class=\"wp-block-list\">\n<li><strong>Marie Fave<\/strong>, m\u00e9diatrice num\u00e9rique<br>Tel : 07 64 71 35 53<br>Mail : numerique@mptpetitcharrannumerique.org<\/li>\n\n\n\n<li><strong>Sim\u00e9on Cline<\/strong>, conseiller num\u00e9rique<br>Mail : simeoncline@mptpetitcharrannumerique.org<\/li>\n\n\n\n<li><strong>Mathieu Gounon<\/strong>, conseiller num\u00e9rique en lien avec La Box<br>Tel : 06 01 28 77 01<br>Mail : labox@mptpetitcharran.org<br>Instagram : labox_mptpetitcharran<br><br>Venez avec vos besoins num\u00e9riques, tablettes, mots de passe,<br>bo\u00eetes mail, d\u00e9marches administratives\u2026<br>Ils mettront tout en \u0153uvre pour vous faciliter le num\u00e9rique !<\/li>\n<\/ul>\n<\/blockquote>\n<\/div>\n<\/div>\n","protected":false},"excerpt":{"rendered":"<p>Le Tiers Lieu, c\u2019est :&#8211; FACILITER LE PASSAGE DE TOUTES ET TOUS \u00c0 LA TRANSITION NUM\u00c9RIQUE ayant pour finalit\u00e9 l\u2019autonomie pour les publics \u00e9loign\u00e9s de la pratique du num\u00e9rique et &hellip; <a href=\"https:\/\/mptpetitcharran.fr\/?page_id=3216\" class=\"more-link\">Continue reading <span class=\"screen-reader-text\">Tiers-lieu num\u00e9rique<\/span> <span class=\"meta-nav\">&rarr;<\/span><\/a><\/p>\n","protected":false},"author":1,"featured_media":0,"parent":0,"menu_order":0,"comment_status":"closed","ping_status":"closed","template":"","meta":{"footnotes":""},"class_list":["post-3216","page","type-page","status-publish","hentry"],"yoast_head":"<!-- This site is optimized with the Yoast SEO plugin v27.0 - https:\/\/yoast.com\/product\/yoast-seo-wordpress\/ -->\n<title>Tiers-lieu num\u00e9rique - Maison pour tous du Petit charran<\/title>\n<meta name=\"robots\" content=\"index, follow, max-snippet:-1, max-image-preview:large, max-video-preview:-1\" \/>\n<link rel=\"canonical\" href=\"https:\/\/mptpetitcharran.fr\/?page_id=3216\" \/>\n<meta property=\"og:locale\" content=\"fr_FR\" \/>\n<meta property=\"og:type\" content=\"article\" \/>\n<meta property=\"og:title\" content=\"Tiers-lieu num\u00e9rique - Maison pour tous du Petit charran\" \/>\n<meta property=\"og:description\" content=\"Le Tiers Lieu, c\u2019est :&#8211; FACILITER LE PASSAGE DE TOUTES ET TOUS \u00c0 LA TRANSITION NUM\u00c9RIQUE ayant pour finalit\u00e9 l\u2019autonomie pour les publics \u00e9loign\u00e9s de la pratique du num\u00e9rique et &hellip; Continue reading Tiers-lieu num\u00e9rique &rarr;\" \/>\n<meta property=\"og:url\" content=\"https:\/\/mptpetitcharran.fr\/?page_id=3216\" \/>\n<meta property=\"og:site_name\" content=\"Maison pour tous du Petit charran\" \/>\n<meta property=\"article:publisher\" content=\"https:\/\/www.facebook.com\/mptpetitcharran\" \/>\n<meta property=\"article:modified_time\" content=\"2025-07-01T09:48:16+00:00\" \/>\n<meta property=\"og:image\" content=\"http:\/\/mptpetitcharran.fr\/wp-content\/uploads\/2021\/07\/olena-sergienko-W2BI02QOncg-unsplash-769x1024.jpg\" \/>\n<meta name=\"twitter:card\" content=\"summary_large_image\" \/>\n<meta name=\"twitter:label1\" content=\"Dur\u00e9e de lecture estim\u00e9e\" \/>\n\t<meta name=\"twitter:data1\" content=\"1 minute\" \/>\n<script type=\"application\/ld+json\" class=\"yoast-schema-graph\">{\"@context\":\"https:\/\/schema.org\",\"@graph\":[{\"@type\":\"WebPage\",\"@id\":\"https:\/\/mptpetitcharran.fr\/?page_id=3216\",\"url\":\"https:\/\/mptpetitcharran.fr\/?page_id=3216\",\"name\":\"Tiers-lieu num\u00e9rique - Maison pour tous du Petit charran\",\"isPartOf\":{\"@id\":\"https:\/\/mptpetitcharran.fr\/#website\"},\"primaryImageOfPage\":{\"@id\":\"https:\/\/mptpetitcharran.fr\/?page_id=3216#primaryimage\"},\"image\":{\"@id\":\"https:\/\/mptpetitcharran.fr\/?page_id=3216#primaryimage\"},\"thumbnailUrl\":\"http:\/\/mptpetitcharran.fr\/wp-content\/uploads\/2021\/07\/olena-sergienko-W2BI02QOncg-unsplash-769x1024.jpg\",\"datePublished\":\"2021-07-03T10:16:18+00:00\",\"dateModified\":\"2025-07-01T09:48:16+00:00\",\"breadcrumb\":{\"@id\":\"https:\/\/mptpetitcharran.fr\/?page_id=3216#breadcrumb\"},\"inLanguage\":\"fr-FR\",\"potentialAction\":[{\"@type\":\"ReadAction\",\"target\":[\"https:\/\/mptpetitcharran.fr\/?page_id=3216\"]}]},{\"@type\":\"ImageObject\",\"inLanguage\":\"fr-FR\",\"@id\":\"https:\/\/mptpetitcharran.fr\/?page_id=3216#primaryimage\",\"url\":\"http:\/\/mptpetitcharran.fr\/wp-content\/uploads\/2021\/07\/olena-sergienko-W2BI02QOncg-unsplash-769x1024.jpg\",\"contentUrl\":\"http:\/\/mptpetitcharran.fr\/wp-content\/uploads\/2021\/07\/olena-sergienko-W2BI02QOncg-unsplash-769x1024.jpg\"},{\"@type\":\"BreadcrumbList\",\"@id\":\"https:\/\/mptpetitcharran.fr\/?page_id=3216#breadcrumb\",\"itemListElement\":[{\"@type\":\"ListItem\",\"position\":1,\"name\":\"Accueil\",\"item\":\"https:\/\/mptpetitcharran.fr\/\"},{\"@type\":\"ListItem\",\"position\":2,\"name\":\"Tiers-lieu num\u00e9rique\"}]},{\"@type\":\"WebSite\",\"@id\":\"https:\/\/mptpetitcharran.fr\/#website\",\"url\":\"https:\/\/mptpetitcharran.fr\/\",\"name\":\"Maison pour tous du Petit charran\",\"description\":\"\",\"publisher\":{\"@id\":\"https:\/\/mptpetitcharran.fr\/#organization\"},\"potentialAction\":[{\"@type\":\"SearchAction\",\"target\":{\"@type\":\"EntryPoint\",\"urlTemplate\":\"https:\/\/mptpetitcharran.fr\/?s={search_term_string}\"},\"query-input\":{\"@type\":\"PropertyValueSpecification\",\"valueRequired\":true,\"valueName\":\"search_term_string\"}}],\"inLanguage\":\"fr-FR\"},{\"@type\":\"Organization\",\"@id\":\"https:\/\/mptpetitcharran.fr\/#organization\",\"name\":\"Maison pour tous du Petit charran\",\"url\":\"https:\/\/mptpetitcharran.fr\/\",\"logo\":{\"@type\":\"ImageObject\",\"inLanguage\":\"fr-FR\",\"@id\":\"https:\/\/mptpetitcharran.fr\/#\/schema\/logo\/image\/\",\"url\":\"http:\/\/mptpetitcharran.fr\/wp-content\/uploads\/2023\/07\/cropped-logo_mptpc.jpg\",\"contentUrl\":\"http:\/\/mptpetitcharran.fr\/wp-content\/uploads\/2023\/07\/cropped-logo_mptpc.jpg\",\"width\":532,\"height\":529,\"caption\":\"Maison pour tous du Petit charran\"},\"image\":{\"@id\":\"https:\/\/mptpetitcharran.fr\/#\/schema\/logo\/image\/\"},\"sameAs\":[\"https:\/\/www.facebook.com\/mptpetitcharran\",\"https:\/\/www.instagram.com\/mptpetitcharran\/\"]}]}<\/script>\n<!-- \/ Yoast SEO plugin. -->","yoast_head_json":{"title":"Tiers-lieu num\u00e9rique - Maison pour tous du Petit charran","robots":{"index":"index","follow":"follow","max-snippet":"max-snippet:-1","max-image-preview":"max-image-preview:large","max-video-preview":"max-video-preview:-1"},"canonical":"https:\/\/mptpetitcharran.fr\/?page_id=3216","og_locale":"fr_FR","og_type":"article","og_title":"Tiers-lieu num\u00e9rique - Maison pour tous du Petit charran","og_description":"Le Tiers Lieu, c\u2019est :&#8211; FACILITER LE PASSAGE DE TOUTES ET TOUS \u00c0 LA TRANSITION NUM\u00c9RIQUE ayant pour finalit\u00e9 l\u2019autonomie pour les publics \u00e9loign\u00e9s de la pratique du num\u00e9rique et &hellip; Continue reading Tiers-lieu num\u00e9rique &rarr;","og_url":"https:\/\/mptpetitcharran.fr\/?page_id=3216","og_site_name":"Maison pour tous du Petit charran","article_publisher":"https:\/\/www.facebook.com\/mptpetitcharran","article_modified_time":"2025-07-01T09:48:16+00:00","og_image":[{"url":"http:\/\/mptpetitcharran.fr\/wp-content\/uploads\/2021\/07\/olena-sergienko-W2BI02QOncg-unsplash-769x1024.jpg","type":"","width":"","height":""}],"twitter_card":"summary_large_image","twitter_misc":{"Dur\u00e9e de lecture estim\u00e9e":"1 minute"},"schema":{"@context":"https:\/\/schema.org","@graph":[{"@type":"WebPage","@id":"https:\/\/mptpetitcharran.fr\/?page_id=3216","url":"https:\/\/mptpetitcharran.fr\/?page_id=3216","name":"Tiers-lieu num\u00e9rique - Maison pour tous du Petit charran","isPartOf":{"@id":"https:\/\/mptpetitcharran.fr\/#website"},"primaryImageOfPage":{"@id":"https:\/\/mptpetitcharran.fr\/?page_id=3216#primaryimage"},"image":{"@id":"https:\/\/mptpetitcharran.fr\/?page_id=3216#primaryimage"},"thumbnailUrl":"http:\/\/mptpetitcharran.fr\/wp-content\/uploads\/2021\/07\/olena-sergienko-W2BI02QOncg-unsplash-769x1024.jpg","datePublished":"2021-07-03T10:16:18+00:00","dateModified":"2025-07-01T09:48:16+00:00","breadcrumb":{"@id":"https:\/\/mptpetitcharran.fr\/?page_id=3216#breadcrumb"},"inLanguage":"fr-FR","potentialAction":[{"@type":"ReadAction","target":["https:\/\/mptpetitcharran.fr\/?page_id=3216"]}]},{"@type":"ImageObject","inLanguage":"fr-FR","@id":"https:\/\/mptpetitcharran.fr\/?page_id=3216#primaryimage","url":"http:\/\/mptpetitcharran.fr\/wp-content\/uploads\/2021\/07\/olena-sergienko-W2BI02QOncg-unsplash-769x1024.jpg","contentUrl":"http:\/\/mptpetitcharran.fr\/wp-content\/uploads\/2021\/07\/olena-sergienko-W2BI02QOncg-unsplash-769x1024.jpg"},{"@type":"BreadcrumbList","@id":"https:\/\/mptpetitcharran.fr\/?page_id=3216#breadcrumb","itemListElement":[{"@type":"ListItem","position":1,"name":"Accueil","item":"https:\/\/mptpetitcharran.fr\/"},{"@type":"ListItem","position":2,"name":"Tiers-lieu num\u00e9rique"}]},{"@type":"WebSite","@id":"https:\/\/mptpetitcharran.fr\/#website","url":"https:\/\/mptpetitcharran.fr\/","name":"Maison pour tous du Petit charran","description":"","publisher":{"@id":"https:\/\/mptpetitcharran.fr\/#organization"},"potentialAction":[{"@type":"SearchAction","target":{"@type":"EntryPoint","urlTemplate":"https:\/\/mptpetitcharran.fr\/?s={search_term_string}"},"query-input":{"@type":"PropertyValueSpecification","valueRequired":true,"valueName":"search_term_string"}}],"inLanguage":"fr-FR"},{"@type":"Organization","@id":"https:\/\/mptpetitcharran.fr\/#organization","name":"Maison pour tous du Petit charran","url":"https:\/\/mptpetitcharran.fr\/","logo":{"@type":"ImageObject","inLanguage":"fr-FR","@id":"https:\/\/mptpetitcharran.fr\/#\/schema\/logo\/image\/","url":"http:\/\/mptpetitcharran.fr\/wp-content\/uploads\/2023\/07\/cropped-logo_mptpc.jpg","contentUrl":"http:\/\/mptpetitcharran.fr\/wp-content\/uploads\/2023\/07\/cropped-logo_mptpc.jpg","width":532,"height":529,"caption":"Maison pour tous du Petit charran"},"image":{"@id":"https:\/\/mptpetitcharran.fr\/#\/schema\/logo\/image\/"},"sameAs":["https:\/\/www.facebook.com\/mptpetitcharran","https:\/\/www.instagram.com\/mptpetitcharran\/"]}]}},"publishpress_future_action":{"enabled":false,"date":"2026-04-27 05:15:32","action":"change-status","newStatus":"draft","terms":[],"taxonomy":"","extraData":[]},"publishpress_future_workflow_manual_trigger":{"enabledWorkflows":[]},"_links":{"self":[{"href":"https:\/\/mptpetitcharran.fr\/index.php?rest_route=\/wp\/v2\/pages\/3216","targetHints":{"allow":["GET"]}}],"collection":[{"href":"https:\/\/mptpetitcharran.fr\/index.php?rest_route=\/wp\/v2\/pages"}],"about":[{"href":"https:\/\/mptpetitcharran.fr\/index.php?rest_route=\/wp\/v2\/types\/page"}],"author":[{"embeddable":true,"href":"https:\/\/mptpetitcharran.fr\/index.php?rest_route=\/wp\/v2\/users\/1"}],"replies":[{"embeddable":true,"href":"https:\/\/mptpetitcharran.fr\/index.php?rest_route=%2Fwp%2Fv2%2Fcomments&post=3216"}],"version-history":[{"count":28,"href":"https:\/\/mptpetitcharran.fr\/index.php?rest_route=\/wp\/v2\/pages\/3216\/revisions"}],"predecessor-version":[{"id":6566,"href":"https:\/\/mptpetitcharran.fr\/index.php?rest_route=\/wp\/v2\/pages\/3216\/revisions\/6566"}],"wp:attachment":[{"href":"https:\/\/mptpetitcharran.fr\/index.php?rest_route=%2Fwp%2Fv2%2Fmedia&parent=3216"}],"curies":[{"name":"wp","href":"https:\/\/api.w.org\/{rel}","templated":true}]}}