{"id":2959,"date":"2021-04-14T13:06:08","date_gmt":"2021-04-14T12:06:08","guid":{"rendered":"http:\/\/mptpetitcharran.fr\/?page_id=2959"},"modified":"2026-03-10T15:38:19","modified_gmt":"2026-03-10T14:38:19","slug":"accueil-de-loisirs-1","status":"publish","type":"page","link":"https:\/\/mptpetitcharran.fr\/?page_id=2959","title":{"rendered":"Accueil de loisirs"},"content":{"rendered":"\n<p class=\"has-white-background-color has-background\"><strong>La MPT propose chaque ann\u00e9e un accueil de loisirs pour deux tranches d\u2019\u00e2ges&nbsp;: 3\/10 ans et 11\/14 ans.<\/strong><br><br><strong>Le but de cet accueil est de favoriser le lien social et la socialisation des jeunes, de promouvoir l\u2019acc\u00e8s aux loisirs sans \u00eatre dans la consommation d\u2019activit\u00e9s et de permettre l\u2019acc\u00e8s \u00e0 la culture et l\u2019ouverture au monde.C\u2019est un espace \u00e9ducatif et ludique hors de la famille et de l&nbsp;\u2018\u00e9cole. Un temps de loisirs privil\u00e9giant la d\u00e9couverte et l\u2019affirmation de soi et des autres, ainsi que l\u2019\u00e9panouissement.<\/strong><br><br><strong>Horaires de l&rsquo;accueil de loisirs : 8h-18h<\/strong><br>Un cycle correspond \u00e0 un trimestre, renseignez-vous au secr\u00e9tariat pour les dates exactes.<br><strong>Accueil de loisirs pendant les vacances scolaires<\/strong> : Priorit\u00e9 aux inscriptions \u00e0 la semaine, puis \u00e0 la journ\u00e9e ou demi-journ\u00e9e en cas de places disponibles.<br>Inscriptions et r\u00e9servations au secr\u00e9tariat un mois avant la p\u00e9riode de vacances.<br><br><strong>Calendrier vacances scolaires zone A : <\/strong><br><strong>Automne\u2009:<\/strong>\u2009du 18 octobre au 2 novembre 2025<br><strong>Fin d\u2019ann\u00e9e\u2009:<\/strong>\u2009du 20 d\u00e9cembre au 4 janvier 2026<br><strong>Hiver\u2009:<\/strong>\u2009du 7 f\u00e9vrier au 22 f\u00e9vrier 2026<br><strong>Printemps\u2009:<\/strong> du 4 avril au 19 avril 2026<br><strong>\u00c9t\u00e9\u2009:<\/strong>\u2009\u00e0 partir du 4 juillet 2026<\/p>\n\n\n\n<figure class=\"wp-block-image size-large\"><img loading=\"lazy\" decoding=\"async\" width=\"1024\" height=\"731\" src=\"https:\/\/mptpetitcharran.fr\/wp-content\/uploads\/2025\/07\/Plaquette-saison-2025-2026_VF_accueil-de-loisirs_page-0001-1024x731.jpg\" alt=\"\" class=\"wp-image-6497\" srcset=\"https:\/\/mptpetitcharran.fr\/wp-content\/uploads\/2025\/07\/Plaquette-saison-2025-2026_VF_accueil-de-loisirs_page-0001-1024x731.jpg 1024w, https:\/\/mptpetitcharran.fr\/wp-content\/uploads\/2025\/07\/Plaquette-saison-2025-2026_VF_accueil-de-loisirs_page-0001-300x214.jpg 300w, https:\/\/mptpetitcharran.fr\/wp-content\/uploads\/2025\/07\/Plaquette-saison-2025-2026_VF_accueil-de-loisirs_page-0001-768x548.jpg 768w, https:\/\/mptpetitcharran.fr\/wp-content\/uploads\/2025\/07\/Plaquette-saison-2025-2026_VF_accueil-de-loisirs_page-0001-700x500.jpg 700w, https:\/\/mptpetitcharran.fr\/wp-content\/uploads\/2025\/07\/Plaquette-saison-2025-2026_VF_accueil-de-loisirs_page-0001-560x400.jpg 560w, https:\/\/mptpetitcharran.fr\/wp-content\/uploads\/2025\/07\/Plaquette-saison-2025-2026_VF_accueil-de-loisirs_page-0001.jpg 1241w\" sizes=\"auto, (max-width: 1024px) 100vw, 1024px\" \/><\/figure>\n\n\n\n<p class=\"has-white-background-color has-background\"><strong>T\u00e9l\u00e9charger les dossiers d\u2019inscription :<\/strong><br><strong><a href=\"https:\/\/mptpetitcharran.fr\/wp-content\/uploads\/2024\/06\/DOSSIER-inscription-2025-2026-2.pdf\" target=\"_blank\" rel=\"noreferrer noopener\">Dossier d&rsquo;inscription 2025-2026<\/a><\/strong><br><a href=\"https:\/\/mptpetitcharran.fr\/wp-content\/uploads\/2024\/06\/Fiche-sanitaire.pdf\"><strong>Fiche sanitaire (pour les &#8211; de 18 ans)<\/strong><\/a><br><strong><a href=\"https:\/\/mptpetitcharran.fr\/wp-content\/uploads\/2025\/07\/REGLEMENT-INTERIEUR-2025.pdf\">R\u00e8glement int\u00e9rieur<\/a><\/strong><\/p>\n\n\n\n<div class=\"wp-block-media-text alignwide is-stacked-on-mobile has-white-background-color has-background\" style=\"grid-template-columns:42% auto\"><figure class=\"wp-block-media-text__media\"><img loading=\"lazy\" decoding=\"async\" width=\"1024\" height=\"558\" src=\"https:\/\/mptpetitcharran.fr\/wp-content\/uploads\/2025\/07\/bareme-11-17-ans-1024x558.jpg\" alt=\"\" class=\"wp-image-6521 size-full\" srcset=\"https:\/\/mptpetitcharran.fr\/wp-content\/uploads\/2025\/07\/bareme-11-17-ans-1024x558.jpg 1024w, https:\/\/mptpetitcharran.fr\/wp-content\/uploads\/2025\/07\/bareme-11-17-ans-300x163.jpg 300w, https:\/\/mptpetitcharran.fr\/wp-content\/uploads\/2025\/07\/bareme-11-17-ans-768x418.jpg 768w, https:\/\/mptpetitcharran.fr\/wp-content\/uploads\/2025\/07\/bareme-11-17-ans-1536x836.jpg 1536w, https:\/\/mptpetitcharran.fr\/wp-content\/uploads\/2025\/07\/bareme-11-17-ans-2048x1115.jpg 2048w, https:\/\/mptpetitcharran.fr\/wp-content\/uploads\/2025\/07\/bareme-11-17-ans-700x381.jpg 700w, https:\/\/mptpetitcharran.fr\/wp-content\/uploads\/2025\/07\/bareme-11-17-ans-2000x1089.jpg 2000w, https:\/\/mptpetitcharran.fr\/wp-content\/uploads\/2025\/07\/bareme-11-17-ans-735x400.jpg 735w\" sizes=\"auto, (max-width: 1024px) 100vw, 1024px\" \/><\/figure><div class=\"wp-block-media-text__content\">\n<p class=\"has-text-align-center has-large-font-size\"><strong>L&rsquo;accueil de loisirs <\/strong><br><strong>11-17 ans<\/strong><\/p>\n\n\n\n<blockquote class=\"wp-block-quote is-layout-flow wp-block-quote-is-layout-flow\">\n<p><strong>OUVERTURE 1 SEMAINE \u00c0 CHAQUE P\u00c9RIODE DE VACANCES<\/strong> sauf durant l\u2019\u00e9t\u00e9 (3 semaines en juillet et 1 semaine fin ao\u00fbt). <br><br>&gt; <strong>DES SORTIES NATURES<\/strong> pour d\u00e9couvrir les montagnes et rivi\u00e8res de notre r\u00e9gion.<br>\u2009&gt; <strong>DES JEUX, DES PROJETS ET DES ACTIVIT\u00c9S HORS DU COMMUN<\/strong><br>&gt;\u2009<strong>S\u00c9JOURS CULTURELS<\/strong> pour apprendre et comprendre le monde qui nous entoure.<br><br><em> Suivez-nous sur Instagram :<a href=\"https:\/\/www.instagram.com\/jeunesse_mptpetitcharran26\/\"> jeunesse_mptpetitcharran26<\/a><\/em><br><\/p>\n<\/blockquote>\n<\/div><\/div>\n\n\n\n<hr class=\"wp-block-separator has-css-opacity is-style-default\"\/>\n\n\n\n<p class=\"has-text-align-center has-white-background-color has-background\">Inscription des vacances de printemps \u00e0 partir du 10 mars 2026.<\/p>\n\n\n\n<div class=\"wp-block-columns is-layout-flex wp-container-core-columns-is-layout-9d6595d7 wp-block-columns-is-layout-flex\">\n<div class=\"wp-block-column is-layout-flow wp-block-column-is-layout-flow\" style=\"flex-basis:100%\"><\/div>\n<\/div>\n\n\n\n<div data-wp-interactive=\"core\/file\" class=\"wp-block-file\"><object data-wp-bind--hidden=\"!state.hasPdfPreview\" hidden class=\"wp-block-file__embed\" data=\"https:\/\/mptpetitcharran.fr\/wp-content\/uploads\/2026\/03\/Vacances-printemps-Accueil-de-losirs-1.pdf\" type=\"application\/pdf\" style=\"width:100%;height:600px\" aria-label=\"Contenu embarqu\u00e9 Vacances printemps Accueil de losirs-1.\"><\/object><a id=\"wp-block-file--media-57db850a-394b-4776-9d17-a2b93efba640\" href=\"https:\/\/mptpetitcharran.fr\/wp-content\/uploads\/2026\/03\/Vacances-printemps-Accueil-de-losirs-1.pdf\">Vacances printemps Accueil de losirs-1<\/a><a href=\"https:\/\/mptpetitcharran.fr\/wp-content\/uploads\/2026\/03\/Vacances-printemps-Accueil-de-losirs-1.pdf\" class=\"wp-block-file__button wp-element-button\" download aria-describedby=\"wp-block-file--media-57db850a-394b-4776-9d17-a2b93efba640\">T\u00e9l\u00e9charger<\/a><\/div>\n\n\n\n<p><\/p>\n","protected":false},"excerpt":{"rendered":"<p>La MPT propose chaque ann\u00e9e un accueil de loisirs pour deux tranches d\u2019\u00e2ges&nbsp;: 3\/10 ans et 11\/14 ans. Le but de cet accueil est de favoriser le lien social et &hellip; <a href=\"https:\/\/mptpetitcharran.fr\/?page_id=2959\" class=\"more-link\">Continue reading <span class=\"screen-reader-text\">Accueil de loisirs<\/span> <span class=\"meta-nav\">&rarr;<\/span><\/a><\/p>\n","protected":false},"author":1,"featured_media":0,"parent":0,"menu_order":0,"comment_status":"closed","ping_status":"closed","template":"","meta":{"footnotes":""},"class_list":["post-2959","page","type-page","status-publish","hentry"],"yoast_head":"<!-- This site is optimized with the Yoast SEO plugin v27.0 - https:\/\/yoast.com\/product\/yoast-seo-wordpress\/ -->\n<title>Accueil de loisirs - Maison pour tous du Petit charran<\/title>\n<meta name=\"robots\" content=\"index, follow, max-snippet:-1, max-image-preview:large, max-video-preview:-1\" \/>\n<link rel=\"canonical\" href=\"https:\/\/mptpetitcharran.fr\/?page_id=2959\" \/>\n<meta property=\"og:locale\" content=\"fr_FR\" \/>\n<meta property=\"og:type\" content=\"article\" \/>\n<meta property=\"og:title\" content=\"Accueil de loisirs - Maison pour tous du Petit charran\" \/>\n<meta property=\"og:description\" content=\"La MPT propose chaque ann\u00e9e un accueil de loisirs pour deux tranches d\u2019\u00e2ges&nbsp;: 3\/10 ans et 11\/14 ans. Le but de cet accueil est de favoriser le lien social et &hellip; Continue reading Accueil de loisirs &rarr;\" \/>\n<meta property=\"og:url\" content=\"https:\/\/mptpetitcharran.fr\/?page_id=2959\" \/>\n<meta property=\"og:site_name\" content=\"Maison pour tous du Petit charran\" \/>\n<meta property=\"article:publisher\" content=\"https:\/\/www.facebook.com\/mptpetitcharran\" \/>\n<meta property=\"article:modified_time\" content=\"2026-03-10T14:38:19+00:00\" \/>\n<meta property=\"og:image\" content=\"https:\/\/mptpetitcharran.fr\/wp-content\/uploads\/2025\/07\/Plaquette-saison-2025-2026_VF_accueil-de-loisirs_page-0001.jpg\" \/>\n\t<meta property=\"og:image:width\" content=\"1241\" \/>\n\t<meta property=\"og:image:height\" content=\"886\" \/>\n\t<meta property=\"og:image:type\" content=\"image\/jpeg\" \/>\n<meta name=\"twitter:card\" content=\"summary_large_image\" \/>\n<meta name=\"twitter:label1\" content=\"Dur\u00e9e de lecture estim\u00e9e\" \/>\n\t<meta name=\"twitter:data1\" content=\"2 minutes\" \/>\n<script type=\"application\/ld+json\" class=\"yoast-schema-graph\">{\"@context\":\"https:\/\/schema.org\",\"@graph\":[{\"@type\":\"WebPage\",\"@id\":\"https:\/\/mptpetitcharran.fr\/?page_id=2959\",\"url\":\"https:\/\/mptpetitcharran.fr\/?page_id=2959\",\"name\":\"Accueil de loisirs - Maison pour tous du Petit charran\",\"isPartOf\":{\"@id\":\"https:\/\/mptpetitcharran.fr\/#website\"},\"primaryImageOfPage\":{\"@id\":\"https:\/\/mptpetitcharran.fr\/?page_id=2959#primaryimage\"},\"image\":{\"@id\":\"https:\/\/mptpetitcharran.fr\/?page_id=2959#primaryimage\"},\"thumbnailUrl\":\"https:\/\/mptpetitcharran.fr\/wp-content\/uploads\/2025\/07\/Plaquette-saison-2025-2026_VF_accueil-de-loisirs_page-0001-1024x731.jpg\",\"datePublished\":\"2021-04-14T12:06:08+00:00\",\"dateModified\":\"2026-03-10T14:38:19+00:00\",\"breadcrumb\":{\"@id\":\"https:\/\/mptpetitcharran.fr\/?page_id=2959#breadcrumb\"},\"inLanguage\":\"fr-FR\",\"potentialAction\":[{\"@type\":\"ReadAction\",\"target\":[\"https:\/\/mptpetitcharran.fr\/?page_id=2959\"]}]},{\"@type\":\"ImageObject\",\"inLanguage\":\"fr-FR\",\"@id\":\"https:\/\/mptpetitcharran.fr\/?page_id=2959#primaryimage\",\"url\":\"https:\/\/mptpetitcharran.fr\/wp-content\/uploads\/2025\/07\/Plaquette-saison-2025-2026_VF_accueil-de-loisirs_page-0001.jpg\",\"contentUrl\":\"https:\/\/mptpetitcharran.fr\/wp-content\/uploads\/2025\/07\/Plaquette-saison-2025-2026_VF_accueil-de-loisirs_page-0001.jpg\",\"width\":1241,\"height\":886},{\"@type\":\"BreadcrumbList\",\"@id\":\"https:\/\/mptpetitcharran.fr\/?page_id=2959#breadcrumb\",\"itemListElement\":[{\"@type\":\"ListItem\",\"position\":1,\"name\":\"Accueil\",\"item\":\"https:\/\/mptpetitcharran.fr\/\"},{\"@type\":\"ListItem\",\"position\":2,\"name\":\"Accueil de loisirs\"}]},{\"@type\":\"WebSite\",\"@id\":\"https:\/\/mptpetitcharran.fr\/#website\",\"url\":\"https:\/\/mptpetitcharran.fr\/\",\"name\":\"Maison pour tous du Petit charran\",\"description\":\"\",\"publisher\":{\"@id\":\"https:\/\/mptpetitcharran.fr\/#organization\"},\"potentialAction\":[{\"@type\":\"SearchAction\",\"target\":{\"@type\":\"EntryPoint\",\"urlTemplate\":\"https:\/\/mptpetitcharran.fr\/?s={search_term_string}\"},\"query-input\":{\"@type\":\"PropertyValueSpecification\",\"valueRequired\":true,\"valueName\":\"search_term_string\"}}],\"inLanguage\":\"fr-FR\"},{\"@type\":\"Organization\",\"@id\":\"https:\/\/mptpetitcharran.fr\/#organization\",\"name\":\"Maison pour tous du Petit charran\",\"url\":\"https:\/\/mptpetitcharran.fr\/\",\"logo\":{\"@type\":\"ImageObject\",\"inLanguage\":\"fr-FR\",\"@id\":\"https:\/\/mptpetitcharran.fr\/#\/schema\/logo\/image\/\",\"url\":\"http:\/\/mptpetitcharran.fr\/wp-content\/uploads\/2023\/07\/cropped-logo_mptpc.jpg\",\"contentUrl\":\"http:\/\/mptpetitcharran.fr\/wp-content\/uploads\/2023\/07\/cropped-logo_mptpc.jpg\",\"width\":532,\"height\":529,\"caption\":\"Maison pour tous du Petit charran\"},\"image\":{\"@id\":\"https:\/\/mptpetitcharran.fr\/#\/schema\/logo\/image\/\"},\"sameAs\":[\"https:\/\/www.facebook.com\/mptpetitcharran\",\"https:\/\/www.instagram.com\/mptpetitcharran\/\"]}]}<\/script>\n<!-- \/ Yoast SEO plugin. -->","yoast_head_json":{"title":"Accueil de loisirs - Maison pour tous du Petit charran","robots":{"index":"index","follow":"follow","max-snippet":"max-snippet:-1","max-image-preview":"max-image-preview:large","max-video-preview":"max-video-preview:-1"},"canonical":"https:\/\/mptpetitcharran.fr\/?page_id=2959","og_locale":"fr_FR","og_type":"article","og_title":"Accueil de loisirs - Maison pour tous du Petit charran","og_description":"La MPT propose chaque ann\u00e9e un accueil de loisirs pour deux tranches d\u2019\u00e2ges&nbsp;: 3\/10 ans et 11\/14 ans. Le but de cet accueil est de favoriser le lien social et &hellip; Continue reading Accueil de loisirs &rarr;","og_url":"https:\/\/mptpetitcharran.fr\/?page_id=2959","og_site_name":"Maison pour tous du Petit charran","article_publisher":"https:\/\/www.facebook.com\/mptpetitcharran","article_modified_time":"2026-03-10T14:38:19+00:00","og_image":[{"width":1241,"height":886,"url":"https:\/\/mptpetitcharran.fr\/wp-content\/uploads\/2025\/07\/Plaquette-saison-2025-2026_VF_accueil-de-loisirs_page-0001.jpg","type":"image\/jpeg"}],"twitter_card":"summary_large_image","twitter_misc":{"Dur\u00e9e de lecture estim\u00e9e":"2 minutes"},"schema":{"@context":"https:\/\/schema.org","@graph":[{"@type":"WebPage","@id":"https:\/\/mptpetitcharran.fr\/?page_id=2959","url":"https:\/\/mptpetitcharran.fr\/?page_id=2959","name":"Accueil de loisirs - Maison pour tous du Petit charran","isPartOf":{"@id":"https:\/\/mptpetitcharran.fr\/#website"},"primaryImageOfPage":{"@id":"https:\/\/mptpetitcharran.fr\/?page_id=2959#primaryimage"},"image":{"@id":"https:\/\/mptpetitcharran.fr\/?page_id=2959#primaryimage"},"thumbnailUrl":"https:\/\/mptpetitcharran.fr\/wp-content\/uploads\/2025\/07\/Plaquette-saison-2025-2026_VF_accueil-de-loisirs_page-0001-1024x731.jpg","datePublished":"2021-04-14T12:06:08+00:00","dateModified":"2026-03-10T14:38:19+00:00","breadcrumb":{"@id":"https:\/\/mptpetitcharran.fr\/?page_id=2959#breadcrumb"},"inLanguage":"fr-FR","potentialAction":[{"@type":"ReadAction","target":["https:\/\/mptpetitcharran.fr\/?page_id=2959"]}]},{"@type":"ImageObject","inLanguage":"fr-FR","@id":"https:\/\/mptpetitcharran.fr\/?page_id=2959#primaryimage","url":"https:\/\/mptpetitcharran.fr\/wp-content\/uploads\/2025\/07\/Plaquette-saison-2025-2026_VF_accueil-de-loisirs_page-0001.jpg","contentUrl":"https:\/\/mptpetitcharran.fr\/wp-content\/uploads\/2025\/07\/Plaquette-saison-2025-2026_VF_accueil-de-loisirs_page-0001.jpg","width":1241,"height":886},{"@type":"BreadcrumbList","@id":"https:\/\/mptpetitcharran.fr\/?page_id=2959#breadcrumb","itemListElement":[{"@type":"ListItem","position":1,"name":"Accueil","item":"https:\/\/mptpetitcharran.fr\/"},{"@type":"ListItem","position":2,"name":"Accueil de loisirs"}]},{"@type":"WebSite","@id":"https:\/\/mptpetitcharran.fr\/#website","url":"https:\/\/mptpetitcharran.fr\/","name":"Maison pour tous du Petit charran","description":"","publisher":{"@id":"https:\/\/mptpetitcharran.fr\/#organization"},"potentialAction":[{"@type":"SearchAction","target":{"@type":"EntryPoint","urlTemplate":"https:\/\/mptpetitcharran.fr\/?s={search_term_string}"},"query-input":{"@type":"PropertyValueSpecification","valueRequired":true,"valueName":"search_term_string"}}],"inLanguage":"fr-FR"},{"@type":"Organization","@id":"https:\/\/mptpetitcharran.fr\/#organization","name":"Maison pour tous du Petit charran","url":"https:\/\/mptpetitcharran.fr\/","logo":{"@type":"ImageObject","inLanguage":"fr-FR","@id":"https:\/\/mptpetitcharran.fr\/#\/schema\/logo\/image\/","url":"http:\/\/mptpetitcharran.fr\/wp-content\/uploads\/2023\/07\/cropped-logo_mptpc.jpg","contentUrl":"http:\/\/mptpetitcharran.fr\/wp-content\/uploads\/2023\/07\/cropped-logo_mptpc.jpg","width":532,"height":529,"caption":"Maison pour tous du Petit charran"},"image":{"@id":"https:\/\/mptpetitcharran.fr\/#\/schema\/logo\/image\/"},"sameAs":["https:\/\/www.facebook.com\/mptpetitcharran","https:\/\/www.instagram.com\/mptpetitcharran\/"]}]}},"publishpress_future_action":{"enabled":false,"date":"2026-04-29 09:46:19","action":"change-status","newStatus":"draft","terms":[],"taxonomy":"","extraData":[]},"publishpress_future_workflow_manual_trigger":{"enabledWorkflows":[]},"_links":{"self":[{"href":"https:\/\/mptpetitcharran.fr\/index.php?rest_route=\/wp\/v2\/pages\/2959","targetHints":{"allow":["GET"]}}],"collection":[{"href":"https:\/\/mptpetitcharran.fr\/index.php?rest_route=\/wp\/v2\/pages"}],"about":[{"href":"https:\/\/mptpetitcharran.fr\/index.php?rest_route=\/wp\/v2\/types\/page"}],"author":[{"embeddable":true,"href":"https:\/\/mptpetitcharran.fr\/index.php?rest_route=\/wp\/v2\/users\/1"}],"replies":[{"embeddable":true,"href":"https:\/\/mptpetitcharran.fr\/index.php?rest_route=%2Fwp%2Fv2%2Fcomments&post=2959"}],"version-history":[{"count":92,"href":"https:\/\/mptpetitcharran.fr\/index.php?rest_route=\/wp\/v2\/pages\/2959\/revisions"}],"predecessor-version":[{"id":6961,"href":"https:\/\/mptpetitcharran.fr\/index.php?rest_route=\/wp\/v2\/pages\/2959\/revisions\/6961"}],"wp:attachment":[{"href":"https:\/\/mptpetitcharran.fr\/index.php?rest_route=%2Fwp%2Fv2%2Fmedia&parent=2959"}],"curies":[{"name":"wp","href":"https:\/\/api.w.org\/{rel}","templated":true}]}}