{"id":258,"date":"2019-06-06T15:05:52","date_gmt":"2019-06-06T13:05:52","guid":{"rendered":"https:\/\/mptpc.wordpress.com\/?page_id=258"},"modified":"2025-07-04T09:01:48","modified_gmt":"2025-07-04T08:01:48","slug":"clubs","status":"publish","type":"page","link":"https:\/\/mptpetitcharran.fr\/?page_id=258","title":{"rendered":"Clubs"},"content":{"rendered":"\n<div class=\"wp-block-media-text alignwide is-stacked-on-mobile has-background\" style=\"background-color:#f4f3ef;grid-template-columns:53% auto\"><figure class=\"wp-block-media-text__media\"><img loading=\"lazy\" decoding=\"async\" width=\"1024\" height=\"614\" src=\"https:\/\/mptpetitcharran.fr\/wp-content\/uploads\/2019\/07\/wanderer-455338_1920-1024x614.jpg\" alt=\"Randonn\u00e9e\" class=\"wp-image-1008 size-full\" srcset=\"https:\/\/mptpetitcharran.fr\/wp-content\/uploads\/2019\/07\/wanderer-455338_1920-1024x614.jpg 1024w, https:\/\/mptpetitcharran.fr\/wp-content\/uploads\/2019\/07\/wanderer-455338_1920-300x180.jpg 300w, https:\/\/mptpetitcharran.fr\/wp-content\/uploads\/2019\/07\/wanderer-455338_1920-768x460.jpg 768w, https:\/\/mptpetitcharran.fr\/wp-content\/uploads\/2019\/07\/wanderer-455338_1920-700x420.jpg 700w, https:\/\/mptpetitcharran.fr\/wp-content\/uploads\/2019\/07\/wanderer-455338_1920-667x400.jpg 667w, https:\/\/mptpetitcharran.fr\/wp-content\/uploads\/2019\/07\/wanderer-455338_1920.jpg 1920w\" sizes=\"auto, (max-width: 1024px) 100vw, 1024px\" \/><\/figure><div class=\"wp-block-media-text__content\">\n<p class=\"has-text-align-center has-large-font-size\"><strong>Randonn\u00e9e p\u00e9destre<\/strong><\/p>\n\n\n\n<p class=\"has-text-align-center\"> <em>La licence de la F\u00e9d\u00e9ration Fran\u00e7aise de Randonn\u00e9e P\u00e9destre est obligatoire pour pratiquer cette activit\u00e9 au sein de la MPT. Celle-ci vous sera d\u00e9livr\u00e9e contre pr\u00e9sentation d\u2019un certificat m\u00e9dical obtenu aupr\u00e8s de votre m\u00e9decin traitant. <\/em> <em>D\u00e9couvrir la nature en se promenant sur des chemins balis\u00e9s. Les d\u00e9nivel\u00e9s sont variables suivant les groupes.<\/em> <\/p>\n\n\n\n<p class=\"has-text-align-center\"><strong>Reprise \u00e0 compter du 10\/11\/2025<\/strong><\/p>\n\n\n\n<p class=\"has-text-align-center\"> Les<strong> lundis apr\u00e8s-midi<\/strong> et<strong> mardi apr\u00e8s-midi<\/strong> c&rsquo;est <strong>Alain NAVARRE <\/strong>qui vous accompagneront pour des marches. <\/p>\n\n\n\n<p class=\"has-text-align-center\">Les <strong>jeudis en journ\u00e9e <\/strong>ce sont <strong>Danielle DE SANTIS &amp; co<\/strong> qui vous accompagneront pour des marches.<\/p>\n\n\n\n<p class=\"has-text-align-center\"><strong>Tarif de l\u2019activit\u00e9 : 15\u20ac\/an<\/strong>. Co\u00fbt de la <strong>licence FFRP : 30.85\u20ac \/ an <\/strong>(tarif 2025 \u2013 2026). Assurance valable du 01\/09 au 31\/08 obligatoire.<\/p>\n\n\n\n<p class=\"has-text-align-center has-black-color has-text-color\">\u00c0 remplir obligatoirement <br>Pour b\u00e9n\u00e9ficier de la licence : le certificat m\u00e9dical de non-contre-indication \u00e0 la pratique sportive 2024\/002025<br>Pour un renouvellement de la licence : <a href=\"https:\/\/mptpetitcharran.fr\/wp-content\/uploads\/2024\/06\/renouvellement-de-licence.pdf\">Questionnaire de sant\u00e9 et attestation<\/a><br>R\u00e8glement de l&rsquo;activit\u00e9<\/p>\n<\/div><\/div>\n\n\n\n<div style=\"height:20px\" aria-hidden=\"true\" class=\"wp-block-spacer\"><\/div>\n\n\n\n<div class=\"wp-block-media-text alignwide has-media-on-the-right is-stacked-on-mobile has-background\" style=\"background-color:#f4f3ef;grid-template-columns:auto 52%\"><div class=\"wp-block-media-text__content\">\n<p class=\"has-text-align-center has-large-font-size\"><strong>Atelier cr\u00e9atif libre<\/strong><\/p>\n\n\n\n<p class=\"has-text-align-center\"><em> Atelier cr\u00e9atif libre \u00ab\u00a0art-cr\u00e9a-scrap\u00a0\u00bb, sans professeur, atelier autonome. Activit\u00e9 plut\u00f4t orient\u00e9e autour du scrapbooking, mais aussi des petits travaux de bricolage (bo\u00eetes, bijoux, d\u00e9corations, petites cr\u00e9ations, &#8230;).<\/em><\/p>\n\n\n\n<p class=\"has-text-align-center\">L&rsquo;animatrice<strong> Caty Courcol et Fran\u00e7oise Benitez<\/strong> vous invite a rejoindre le club art cr\u00e9atif libre :<\/p>\n\n\n\n<ul class=\"wp-block-list\">\n<li><strong>le lundi de 18h30 \u00e0 20h30<\/strong><\/li>\n<\/ul>\n\n\n\n<p class=\"has-text-align-center\">Co\u00fbt : <strong>15\u20ac par an<\/strong>.<\/p>\n<\/div><figure class=\"wp-block-media-text__media\"><img loading=\"lazy\" decoding=\"async\" width=\"1024\" height=\"717\" src=\"https:\/\/mptpetitcharran.fr\/wp-content\/uploads\/2019\/07\/art_creatif_coupe-1024x717.jpg\" alt=\"\" class=\"wp-image-1101 size-full\" srcset=\"https:\/\/mptpetitcharran.fr\/wp-content\/uploads\/2019\/07\/art_creatif_coupe-1024x717.jpg 1024w, https:\/\/mptpetitcharran.fr\/wp-content\/uploads\/2019\/07\/art_creatif_coupe-300x210.jpg 300w, https:\/\/mptpetitcharran.fr\/wp-content\/uploads\/2019\/07\/art_creatif_coupe-768x538.jpg 768w, https:\/\/mptpetitcharran.fr\/wp-content\/uploads\/2019\/07\/art_creatif_coupe-700x490.jpg 700w, https:\/\/mptpetitcharran.fr\/wp-content\/uploads\/2019\/07\/art_creatif_coupe-2000x1400.jpg 2000w, https:\/\/mptpetitcharran.fr\/wp-content\/uploads\/2019\/07\/art_creatif_coupe-571x400.jpg 571w\" sizes=\"auto, (max-width: 1024px) 100vw, 1024px\" \/><\/figure><\/div>\n\n\n\n<div style=\"height:20px\" aria-hidden=\"true\" class=\"wp-block-spacer\"><\/div>\n\n\n\n<div class=\"wp-block-media-text alignwide is-stacked-on-mobile has-background\" style=\"background-color:#f4f3ef;grid-template-columns:56% auto\"><figure class=\"wp-block-media-text__media\"><img loading=\"lazy\" decoding=\"async\" width=\"1024\" height=\"683\" src=\"https:\/\/mptpetitcharran.fr\/wp-content\/uploads\/2019\/07\/lecture2-1024x683.jpg\" alt=\"Lecture\" class=\"wp-image-1013 size-full\" srcset=\"https:\/\/mptpetitcharran.fr\/wp-content\/uploads\/2019\/07\/lecture2-1024x683.jpg 1024w, https:\/\/mptpetitcharran.fr\/wp-content\/uploads\/2019\/07\/lecture2-300x200.jpg 300w, https:\/\/mptpetitcharran.fr\/wp-content\/uploads\/2019\/07\/lecture2-768x512.jpg 768w, https:\/\/mptpetitcharran.fr\/wp-content\/uploads\/2019\/07\/lecture2-700x467.jpg 700w, https:\/\/mptpetitcharran.fr\/wp-content\/uploads\/2019\/07\/lecture2-2000x1333.jpg 2000w, https:\/\/mptpetitcharran.fr\/wp-content\/uploads\/2019\/07\/lecture2-900x600.jpg 900w, https:\/\/mptpetitcharran.fr\/wp-content\/uploads\/2019\/07\/lecture2-600x400.jpg 600w\" sizes=\"auto, (max-width: 1024px) 100vw, 1024px\" \/><\/figure><div class=\"wp-block-media-text__content\">\n<p class=\"has-text-align-center has-large-font-size\"><strong>Club de lecture<\/strong><\/p>\n\n\n\n<p class=\"has-text-align-center\"><em>Partage autour d\u2019une \u0153uvre choisie ensemble.<\/em><\/p>\n\n\n\n<p class=\"has-text-align-center\"><strong>Genevi\u00e8ve PERINET et Christiane CALMUS<\/strong> vous attendent pour le club lecture <strong>le dernier mardi du mois de 14h \u00e0 15h<\/strong><br><strong>Reprise \u00e0 compter du 23\/09\/2025.<\/strong><\/p>\n\n\n\n<p class=\"has-text-align-center\">Co\u00fbt : <strong>15\u20ac par an<\/strong>.<\/p>\n<\/div><\/div>\n\n\n\n<div style=\"height:20px\" aria-hidden=\"true\" class=\"wp-block-spacer\"><\/div>\n\n\n\n<div class=\"wp-block-media-text alignwide is-stacked-on-mobile has-background\" style=\"background-color:#f4f3ef;grid-template-columns:47% auto\"><figure class=\"wp-block-media-text__media\"><img loading=\"lazy\" decoding=\"async\" width=\"474\" height=\"355\" src=\"https:\/\/mptpetitcharran.fr\/wp-content\/uploads\/2022\/07\/belote.webp\" alt=\"\" class=\"wp-image-3732 size-full\" srcset=\"https:\/\/mptpetitcharran.fr\/wp-content\/uploads\/2022\/07\/belote.webp 474w, https:\/\/mptpetitcharran.fr\/wp-content\/uploads\/2022\/07\/belote-300x225.webp 300w\" sizes=\"auto, (max-width: 474px) 100vw, 474px\" \/><\/figure><div class=\"wp-block-media-text__content\">\n<p class=\"has-text-align-center has-large-font-size\"><strong>Club cartes belotes<\/strong><\/p>\n\n\n\n<p class=\"has-text-align-center\"><\/p>\n\n\n\n<p class=\"has-text-align-center\"> Les animateurs<strong> Jean-Louis Barth\u00e9l\u00e9my et Gabi Boyadjian <\/strong>vous invite a rejoindre le club cartes belotes : <strong>du lundi au vendredi de 14h \u00e0 18h<\/strong>.<\/p>\n\n\n\n<p class=\"has-text-align-center\">Co\u00fbt : <strong>15\u20ac par an<\/strong>.<\/p>\n<\/div><\/div>\n\n\n\n<div style=\"height:20px\" aria-hidden=\"true\" class=\"wp-block-spacer\"><\/div>\n\n\n\n<div class=\"wp-block-media-text alignwide is-stacked-on-mobile has-background\" style=\"background-color:#f4f3ef;grid-template-columns:47% auto\"><figure class=\"wp-block-media-text__media\"><img loading=\"lazy\" decoding=\"async\" width=\"683\" height=\"1024\" src=\"https:\/\/mptpetitcharran.fr\/wp-content\/uploads\/2025\/06\/1000005634-683x1024.png\" alt=\"\" class=\"wp-image-6493 size-full\" srcset=\"https:\/\/mptpetitcharran.fr\/wp-content\/uploads\/2025\/06\/1000005634-683x1024.png 683w, https:\/\/mptpetitcharran.fr\/wp-content\/uploads\/2025\/06\/1000005634-200x300.png 200w, https:\/\/mptpetitcharran.fr\/wp-content\/uploads\/2025\/06\/1000005634-768x1152.png 768w, https:\/\/mptpetitcharran.fr\/wp-content\/uploads\/2025\/06\/1000005634-700x1050.png 700w, https:\/\/mptpetitcharran.fr\/wp-content\/uploads\/2025\/06\/1000005634-267x400.png 267w, https:\/\/mptpetitcharran.fr\/wp-content\/uploads\/2025\/06\/1000005634.png 1024w\" sizes=\"auto, (max-width: 683px) 100vw, 683px\" \/><\/figure><div class=\"wp-block-media-text__content\">\n<p class=\"has-text-align-center has-large-font-size\"><strong>Le philodrome<\/strong><\/p>\n\n\n\n<p class=\"has-text-align-center has-medium-font-size\"><em>discussion philosophique<\/em><\/p>\n\n\n\n<p class=\"has-text-align-center\"><em>Un temps d\u2019\u00e9change pour r\u00e9fl\u00e9chir ensemble, \u00e0 partir de sujets choisis collectivement en d\u00e9but de s\u00e9ance. Gr\u00e2ce \u00e0 un syst\u00e8me de jetons, chacun\u00b7e peut s\u2019exprimer dans un cadre bienveillant avant de passer \u00e0 une discussion libre et spontan\u00e9e.<\/em><\/p>\n\n\n\n<p class=\"has-text-align-center\">1 samedis par mois de 10h-12h30<br>20\/09, 11\/10, 15\/11, 6\/12, 12\/01, 7\/03, 6\/06, 27\/06<br><strong>Il est n\u00e9cessaire de s\u2019inscrire la veille au plus tard<\/strong> au 0682830962 ou par mail \u00e0 <a href=\"mailto:lephilodrome@gmail.com\">lephilodrome@gmail.com<\/a> <\/p>\n\n\n\n<p class=\"has-text-align-center\">Co\u00fbt : <strong>Gratuit<\/strong><\/p>\n<\/div><\/div>\n\n\n\n<div style=\"height:20px\" aria-hidden=\"true\" class=\"wp-block-spacer\"><\/div>\n\n\n\n<div class=\"wp-block-media-text alignwide has-media-on-the-right is-stacked-on-mobile has-background\" style=\"background-color:#f4f3ef;grid-template-columns:auto 54%\"><div class=\"wp-block-media-text__content\">\n<p class=\"has-text-align-center has-large-font-size\"><strong>Sorties &amp; Voyages<\/strong><\/p>\n\n\n\n<p class=\"has-text-align-center\"><em>Tout au long de l&rsquo;ann\u00e9e la MPT vous propose diverses sorties et voyages afin de vous \u00e9vader le temps de quelques heures ou quelques jours.&nbsp;<\/em><\/p>\n\n\n\n<p class=\"has-text-align-center\"><strong>Josiane ARIENTI, Jean-Marie CHARLES, Laurent SAINT-LARY<\/strong> et <strong>Mireille Galland <\/strong>seront l\u00e0 pour vous accompagner.<\/p>\n\n\n\n<p class=\"has-text-align-center\"> Pour participer aux sorties et voyages, l&rsquo;<strong>adh\u00e9sion \u00e0 la MPT est obligatoire. <\/strong><br>Pour \u00eatre inform\u00e9 des s\u00e9jours \u00e0 venir s&rsquo;inscrire \u00e0 la circulaire des voyages et adh\u00e9rez pour <strong>15\u20ac par an<\/strong>.<\/p>\n\n\n\n<p class=\"has-text-align-center\">Le tarif voyage \u00e0 la journ\u00e9e est unique quelque soit la destination selon le quotient familial.<br>R\u00e8glement <a href=\"https:\/\/mptpetitcharran.fr\/wp-content\/uploads\/2022\/07\/voyages.jpg\" target=\"_blank\" rel=\"noreferrer noopener\">disponible ici.<\/a><\/p>\n<\/div><figure class=\"wp-block-media-text__media\"><img loading=\"lazy\" decoding=\"async\" width=\"1024\" height=\"741\" src=\"https:\/\/mptpetitcharran.fr\/wp-content\/uploads\/2019\/09\/groupe_voyage-1024x741.jpg\" alt=\"\" class=\"wp-image-1603 size-full\" srcset=\"https:\/\/mptpetitcharran.fr\/wp-content\/uploads\/2019\/09\/groupe_voyage-1024x741.jpg 1024w, https:\/\/mptpetitcharran.fr\/wp-content\/uploads\/2019\/09\/groupe_voyage-300x217.jpg 300w, https:\/\/mptpetitcharran.fr\/wp-content\/uploads\/2019\/09\/groupe_voyage-768x555.jpg 768w, https:\/\/mptpetitcharran.fr\/wp-content\/uploads\/2019\/09\/groupe_voyage-700x506.jpg 700w, https:\/\/mptpetitcharran.fr\/wp-content\/uploads\/2019\/09\/groupe_voyage-2000x1446.jpg 2000w, https:\/\/mptpetitcharran.fr\/wp-content\/uploads\/2019\/09\/groupe_voyage-553x400.jpg 553w\" sizes=\"auto, (max-width: 1024px) 100vw, 1024px\" \/><\/figure><\/div>\n\n\n\n<div style=\"height:20px\" aria-hidden=\"true\" class=\"wp-block-spacer\"><\/div>\n\n\n\n<div class=\"wp-block-media-text alignwide is-stacked-on-mobile has-background\" style=\"background-color:#f4f3ef;grid-template-columns:56% auto\"><figure class=\"wp-block-media-text__media\"><img loading=\"lazy\" decoding=\"async\" width=\"1024\" height=\"683\" src=\"https:\/\/mptpetitcharran.fr\/wp-content\/uploads\/2020\/07\/seniors-1024x683.jpg\" alt=\"\" class=\"wp-image-2495 size-full\" srcset=\"https:\/\/mptpetitcharran.fr\/wp-content\/uploads\/2020\/07\/seniors-1024x683.jpg 1024w, https:\/\/mptpetitcharran.fr\/wp-content\/uploads\/2020\/07\/seniors-300x200.jpg 300w, https:\/\/mptpetitcharran.fr\/wp-content\/uploads\/2020\/07\/seniors-768x512.jpg 768w, https:\/\/mptpetitcharran.fr\/wp-content\/uploads\/2020\/07\/seniors-1536x1024.jpg 1536w, https:\/\/mptpetitcharran.fr\/wp-content\/uploads\/2020\/07\/seniors-2048x1365.jpg 2048w, https:\/\/mptpetitcharran.fr\/wp-content\/uploads\/2020\/07\/seniors-700x467.jpg 700w, https:\/\/mptpetitcharran.fr\/wp-content\/uploads\/2020\/07\/seniors-2000x1333.jpg 2000w, https:\/\/mptpetitcharran.fr\/wp-content\/uploads\/2020\/07\/seniors-900x600.jpg 900w, https:\/\/mptpetitcharran.fr\/wp-content\/uploads\/2020\/07\/seniors-600x400.jpg 600w\" sizes=\"auto, (max-width: 1024px) 100vw, 1024px\" \/><\/figure><div class=\"wp-block-media-text__content\">\n<p class=\"has-text-align-center has-large-font-size\"><strong>Activ&rsquo;seniors<\/strong><\/p>\n\n\n\n<p class=\"has-text-align-center\"><em>Activit\u00e9s vari\u00e9es<\/em>.<\/p>\n\n\n\n<p class=\"has-text-align-center\">L&rsquo;activit\u00e9 Activ&rsquo;seniors auront lieu <strong>les mardis et jeudis de 14h \u00e0 18h.<\/strong><\/p>\n\n\n\n<p class=\"has-text-align-center\">Co\u00fbt : <em><em>Tarif et mode de r\u00e8glement \u00e0 voir avec l\u2019<\/em><\/em>association.<\/p>\n<\/div><\/div>\n\n\n\n<p><\/p>\n","protected":false},"excerpt":{"rendered":"<p>Randonn\u00e9e p\u00e9destre La licence de la F\u00e9d\u00e9ration Fran\u00e7aise de Randonn\u00e9e P\u00e9destre est obligatoire pour pratiquer cette activit\u00e9 au sein de la MPT. Celle-ci vous sera d\u00e9livr\u00e9e contre pr\u00e9sentation d\u2019un certificat &hellip; <a href=\"https:\/\/mptpetitcharran.fr\/?page_id=258\" class=\"more-link\">Continue reading <span class=\"screen-reader-text\">Clubs<\/span> <span class=\"meta-nav\">&rarr;<\/span><\/a><\/p>\n","protected":false},"author":1,"featured_media":0,"parent":0,"menu_order":0,"comment_status":"closed","ping_status":"closed","template":"","meta":{"footnotes":""},"class_list":["post-258","page","type-page","status-publish","hentry"],"yoast_head":"<!-- This site is optimized with the Yoast SEO plugin v27.0 - https:\/\/yoast.com\/product\/yoast-seo-wordpress\/ -->\n<title>Clubs - Maison pour tous du Petit charran<\/title>\n<meta name=\"robots\" content=\"index, follow, max-snippet:-1, max-image-preview:large, max-video-preview:-1\" \/>\n<link rel=\"canonical\" href=\"https:\/\/mptpetitcharran.fr\/?page_id=258\" \/>\n<meta property=\"og:locale\" content=\"fr_FR\" \/>\n<meta property=\"og:type\" content=\"article\" \/>\n<meta property=\"og:title\" content=\"Clubs - Maison pour tous du Petit charran\" \/>\n<meta property=\"og:description\" content=\"Randonn\u00e9e p\u00e9destre La licence de la F\u00e9d\u00e9ration Fran\u00e7aise de Randonn\u00e9e P\u00e9destre est obligatoire pour pratiquer cette activit\u00e9 au sein de la MPT. Celle-ci vous sera d\u00e9livr\u00e9e contre pr\u00e9sentation d\u2019un certificat &hellip; Continue reading Clubs &rarr;\" \/>\n<meta property=\"og:url\" content=\"https:\/\/mptpetitcharran.fr\/?page_id=258\" \/>\n<meta property=\"og:site_name\" content=\"Maison pour tous du Petit charran\" \/>\n<meta property=\"article:publisher\" content=\"https:\/\/www.facebook.com\/mptpetitcharran\" \/>\n<meta property=\"article:modified_time\" content=\"2025-07-04T08:01:48+00:00\" \/>\n<meta property=\"og:image\" content=\"http:\/\/mptpetitcharran.fr\/wp-content\/uploads\/2019\/07\/wanderer-455338_1920-1024x614.jpg\" \/>\n<meta name=\"twitter:card\" content=\"summary_large_image\" \/>\n<meta name=\"twitter:label1\" content=\"Dur\u00e9e de lecture estim\u00e9e\" \/>\n\t<meta name=\"twitter:data1\" content=\"4 minutes\" \/>\n<script type=\"application\/ld+json\" class=\"yoast-schema-graph\">{\"@context\":\"https:\/\/schema.org\",\"@graph\":[{\"@type\":\"WebPage\",\"@id\":\"https:\/\/mptpetitcharran.fr\/?page_id=258\",\"url\":\"https:\/\/mptpetitcharran.fr\/?page_id=258\",\"name\":\"Clubs - Maison pour tous du Petit charran\",\"isPartOf\":{\"@id\":\"https:\/\/mptpetitcharran.fr\/#website\"},\"primaryImageOfPage\":{\"@id\":\"https:\/\/mptpetitcharran.fr\/?page_id=258#primaryimage\"},\"image\":{\"@id\":\"https:\/\/mptpetitcharran.fr\/?page_id=258#primaryimage\"},\"thumbnailUrl\":\"http:\/\/mptpetitcharran.fr\/wp-content\/uploads\/2019\/07\/wanderer-455338_1920-1024x614.jpg\",\"datePublished\":\"2019-06-06T13:05:52+00:00\",\"dateModified\":\"2025-07-04T08:01:48+00:00\",\"breadcrumb\":{\"@id\":\"https:\/\/mptpetitcharran.fr\/?page_id=258#breadcrumb\"},\"inLanguage\":\"fr-FR\",\"potentialAction\":[{\"@type\":\"ReadAction\",\"target\":[\"https:\/\/mptpetitcharran.fr\/?page_id=258\"]}]},{\"@type\":\"ImageObject\",\"inLanguage\":\"fr-FR\",\"@id\":\"https:\/\/mptpetitcharran.fr\/?page_id=258#primaryimage\",\"url\":\"http:\/\/mptpetitcharran.fr\/wp-content\/uploads\/2019\/07\/wanderer-455338_1920-1024x614.jpg\",\"contentUrl\":\"http:\/\/mptpetitcharran.fr\/wp-content\/uploads\/2019\/07\/wanderer-455338_1920-1024x614.jpg\"},{\"@type\":\"BreadcrumbList\",\"@id\":\"https:\/\/mptpetitcharran.fr\/?page_id=258#breadcrumb\",\"itemListElement\":[{\"@type\":\"ListItem\",\"position\":1,\"name\":\"Accueil\",\"item\":\"https:\/\/mptpetitcharran.fr\/\"},{\"@type\":\"ListItem\",\"position\":2,\"name\":\"Clubs\"}]},{\"@type\":\"WebSite\",\"@id\":\"https:\/\/mptpetitcharran.fr\/#website\",\"url\":\"https:\/\/mptpetitcharran.fr\/\",\"name\":\"Maison pour tous du Petit charran\",\"description\":\"\",\"publisher\":{\"@id\":\"https:\/\/mptpetitcharran.fr\/#organization\"},\"potentialAction\":[{\"@type\":\"SearchAction\",\"target\":{\"@type\":\"EntryPoint\",\"urlTemplate\":\"https:\/\/mptpetitcharran.fr\/?s={search_term_string}\"},\"query-input\":{\"@type\":\"PropertyValueSpecification\",\"valueRequired\":true,\"valueName\":\"search_term_string\"}}],\"inLanguage\":\"fr-FR\"},{\"@type\":\"Organization\",\"@id\":\"https:\/\/mptpetitcharran.fr\/#organization\",\"name\":\"Maison pour tous du Petit charran\",\"url\":\"https:\/\/mptpetitcharran.fr\/\",\"logo\":{\"@type\":\"ImageObject\",\"inLanguage\":\"fr-FR\",\"@id\":\"https:\/\/mptpetitcharran.fr\/#\/schema\/logo\/image\/\",\"url\":\"http:\/\/mptpetitcharran.fr\/wp-content\/uploads\/2023\/07\/cropped-logo_mptpc.jpg\",\"contentUrl\":\"http:\/\/mptpetitcharran.fr\/wp-content\/uploads\/2023\/07\/cropped-logo_mptpc.jpg\",\"width\":532,\"height\":529,\"caption\":\"Maison pour tous du Petit charran\"},\"image\":{\"@id\":\"https:\/\/mptpetitcharran.fr\/#\/schema\/logo\/image\/\"},\"sameAs\":[\"https:\/\/www.facebook.com\/mptpetitcharran\",\"https:\/\/www.instagram.com\/mptpetitcharran\/\"]}]}<\/script>\n<!-- \/ Yoast SEO plugin. -->","yoast_head_json":{"title":"Clubs - Maison pour tous du Petit charran","robots":{"index":"index","follow":"follow","max-snippet":"max-snippet:-1","max-image-preview":"max-image-preview:large","max-video-preview":"max-video-preview:-1"},"canonical":"https:\/\/mptpetitcharran.fr\/?page_id=258","og_locale":"fr_FR","og_type":"article","og_title":"Clubs - Maison pour tous du Petit charran","og_description":"Randonn\u00e9e p\u00e9destre La licence de la F\u00e9d\u00e9ration Fran\u00e7aise de Randonn\u00e9e P\u00e9destre est obligatoire pour pratiquer cette activit\u00e9 au sein de la MPT. Celle-ci vous sera d\u00e9livr\u00e9e contre pr\u00e9sentation d\u2019un certificat &hellip; Continue reading Clubs &rarr;","og_url":"https:\/\/mptpetitcharran.fr\/?page_id=258","og_site_name":"Maison pour tous du Petit charran","article_publisher":"https:\/\/www.facebook.com\/mptpetitcharran","article_modified_time":"2025-07-04T08:01:48+00:00","og_image":[{"url":"http:\/\/mptpetitcharran.fr\/wp-content\/uploads\/2019\/07\/wanderer-455338_1920-1024x614.jpg","type":"","width":"","height":""}],"twitter_card":"summary_large_image","twitter_misc":{"Dur\u00e9e de lecture estim\u00e9e":"4 minutes"},"schema":{"@context":"https:\/\/schema.org","@graph":[{"@type":"WebPage","@id":"https:\/\/mptpetitcharran.fr\/?page_id=258","url":"https:\/\/mptpetitcharran.fr\/?page_id=258","name":"Clubs - Maison pour tous du Petit charran","isPartOf":{"@id":"https:\/\/mptpetitcharran.fr\/#website"},"primaryImageOfPage":{"@id":"https:\/\/mptpetitcharran.fr\/?page_id=258#primaryimage"},"image":{"@id":"https:\/\/mptpetitcharran.fr\/?page_id=258#primaryimage"},"thumbnailUrl":"http:\/\/mptpetitcharran.fr\/wp-content\/uploads\/2019\/07\/wanderer-455338_1920-1024x614.jpg","datePublished":"2019-06-06T13:05:52+00:00","dateModified":"2025-07-04T08:01:48+00:00","breadcrumb":{"@id":"https:\/\/mptpetitcharran.fr\/?page_id=258#breadcrumb"},"inLanguage":"fr-FR","potentialAction":[{"@type":"ReadAction","target":["https:\/\/mptpetitcharran.fr\/?page_id=258"]}]},{"@type":"ImageObject","inLanguage":"fr-FR","@id":"https:\/\/mptpetitcharran.fr\/?page_id=258#primaryimage","url":"http:\/\/mptpetitcharran.fr\/wp-content\/uploads\/2019\/07\/wanderer-455338_1920-1024x614.jpg","contentUrl":"http:\/\/mptpetitcharran.fr\/wp-content\/uploads\/2019\/07\/wanderer-455338_1920-1024x614.jpg"},{"@type":"BreadcrumbList","@id":"https:\/\/mptpetitcharran.fr\/?page_id=258#breadcrumb","itemListElement":[{"@type":"ListItem","position":1,"name":"Accueil","item":"https:\/\/mptpetitcharran.fr\/"},{"@type":"ListItem","position":2,"name":"Clubs"}]},{"@type":"WebSite","@id":"https:\/\/mptpetitcharran.fr\/#website","url":"https:\/\/mptpetitcharran.fr\/","name":"Maison pour tous du Petit charran","description":"","publisher":{"@id":"https:\/\/mptpetitcharran.fr\/#organization"},"potentialAction":[{"@type":"SearchAction","target":{"@type":"EntryPoint","urlTemplate":"https:\/\/mptpetitcharran.fr\/?s={search_term_string}"},"query-input":{"@type":"PropertyValueSpecification","valueRequired":true,"valueName":"search_term_string"}}],"inLanguage":"fr-FR"},{"@type":"Organization","@id":"https:\/\/mptpetitcharran.fr\/#organization","name":"Maison pour tous du Petit charran","url":"https:\/\/mptpetitcharran.fr\/","logo":{"@type":"ImageObject","inLanguage":"fr-FR","@id":"https:\/\/mptpetitcharran.fr\/#\/schema\/logo\/image\/","url":"http:\/\/mptpetitcharran.fr\/wp-content\/uploads\/2023\/07\/cropped-logo_mptpc.jpg","contentUrl":"http:\/\/mptpetitcharran.fr\/wp-content\/uploads\/2023\/07\/cropped-logo_mptpc.jpg","width":532,"height":529,"caption":"Maison pour tous du Petit charran"},"image":{"@id":"https:\/\/mptpetitcharran.fr\/#\/schema\/logo\/image\/"},"sameAs":["https:\/\/www.facebook.com\/mptpetitcharran","https:\/\/www.instagram.com\/mptpetitcharran\/"]}]}},"publishpress_future_action":{"enabled":false,"date":"2026-04-27 04:56:17","action":"change-status","newStatus":"draft","terms":[],"taxonomy":"","extraData":[]},"publishpress_future_workflow_manual_trigger":{"enabledWorkflows":[]},"_links":{"self":[{"href":"https:\/\/mptpetitcharran.fr\/index.php?rest_route=\/wp\/v2\/pages\/258","targetHints":{"allow":["GET"]}}],"collection":[{"href":"https:\/\/mptpetitcharran.fr\/index.php?rest_route=\/wp\/v2\/pages"}],"about":[{"href":"https:\/\/mptpetitcharran.fr\/index.php?rest_route=\/wp\/v2\/types\/page"}],"author":[{"embeddable":true,"href":"https:\/\/mptpetitcharran.fr\/index.php?rest_route=\/wp\/v2\/users\/1"}],"replies":[{"embeddable":true,"href":"https:\/\/mptpetitcharran.fr\/index.php?rest_route=%2Fwp%2Fv2%2Fcomments&post=258"}],"version-history":[{"count":132,"href":"https:\/\/mptpetitcharran.fr\/index.php?rest_route=\/wp\/v2\/pages\/258\/revisions"}],"predecessor-version":[{"id":6650,"href":"https:\/\/mptpetitcharran.fr\/index.php?rest_route=\/wp\/v2\/pages\/258\/revisions\/6650"}],"wp:attachment":[{"href":"https:\/\/mptpetitcharran.fr\/index.php?rest_route=%2Fwp%2Fv2%2Fmedia&parent=258"}],"curies":[{"name":"wp","href":"https:\/\/api.w.org\/{rel}","templated":true}]}}