{"id":254,"date":"2019-06-06T15:05:41","date_gmt":"2019-06-06T13:05:41","guid":{"rendered":"https:\/\/mptpc.wordpress.com\/?page_id=254"},"modified":"2025-07-03T09:36:34","modified_gmt":"2025-07-03T08:36:34","slug":"danses-2","status":"publish","type":"page","link":"https:\/\/mptpetitcharran.fr\/?page_id=254","title":{"rendered":"Danses"},"content":{"rendered":"\n<p class=\"has-text-align-center\"><strong>LES ACTIVIT\u00c9S, <strong>MARQU\u00c9ES (1)<\/strong>, SONT CONDUITES PAR DES ASSOCIATIONS IND\u00c9PENDANTES :<br>LE CO\u00dbT DE L\u2019ACTIVIT\u00c9 EST \u00c0 R\u00c9GLER DIRECTEMENT \u00c0 L\u2019INTERVENANT. La carte d\u2019adh\u00e9sion est \u00e0 acquitter \u00e0 la MPT.<br>LES ACTIVIT\u00c9S, <strong>MARQU\u00c9ES *<\/strong>, N\u00c9CESSITENT UNE BONNE CONDITION PHYSIQUE ET SPORTIVE.<br>Assurez-vous aupr\u00e8s de votre m\u00e9decin traitant que vous \u00eates en capacit\u00e9 de pratiquer l\u2019activit\u00e9 choisie.<\/strong><\/p>\n\n\n\n<div class=\"wp-block-media-text alignwide is-stacked-on-mobile has-background\" style=\"background-color:#f4f3ef\"><figure class=\"wp-block-media-text__media\"><img loading=\"lazy\" decoding=\"async\" width=\"1024\" height=\"683\" src=\"https:\/\/mptpetitcharran.fr\/wp-content\/uploads\/2023\/07\/couple-swing-dancing-outdoors-full-shot-1024x683.jpg\" alt=\"\" class=\"wp-image-4587 size-full\" srcset=\"https:\/\/mptpetitcharran.fr\/wp-content\/uploads\/2023\/07\/couple-swing-dancing-outdoors-full-shot-1024x683.jpg 1024w, https:\/\/mptpetitcharran.fr\/wp-content\/uploads\/2023\/07\/couple-swing-dancing-outdoors-full-shot-300x200.jpg 300w, https:\/\/mptpetitcharran.fr\/wp-content\/uploads\/2023\/07\/couple-swing-dancing-outdoors-full-shot-768x512.jpg 768w, https:\/\/mptpetitcharran.fr\/wp-content\/uploads\/2023\/07\/couple-swing-dancing-outdoors-full-shot-1536x1024.jpg 1536w, https:\/\/mptpetitcharran.fr\/wp-content\/uploads\/2023\/07\/couple-swing-dancing-outdoors-full-shot-2048x1365.jpg 2048w, https:\/\/mptpetitcharran.fr\/wp-content\/uploads\/2023\/07\/couple-swing-dancing-outdoors-full-shot-700x467.jpg 700w, https:\/\/mptpetitcharran.fr\/wp-content\/uploads\/2023\/07\/couple-swing-dancing-outdoors-full-shot-2000x1333.jpg 2000w, https:\/\/mptpetitcharran.fr\/wp-content\/uploads\/2023\/07\/couple-swing-dancing-outdoors-full-shot-900x600.jpg 900w, https:\/\/mptpetitcharran.fr\/wp-content\/uploads\/2023\/07\/couple-swing-dancing-outdoors-full-shot-600x400.jpg 600w\" sizes=\"auto, (max-width: 1024px) 100vw, 1024px\" \/><\/figure><div class=\"wp-block-media-text__content\">\n<p class=\"has-text-align-center has-large-font-size\"><strong>Danses de soci\u00e9t\u00e9 <\/strong>*<\/p>\n\n\n\n<p class=\"has-text-align-center\"><em>Que vous soyez seul ou \u00e0 deux, cette activit\u00e9 consiste \u00e0 apprendre tout ce qui se danse \u00e0 deux en soci\u00e9t\u00e9 : rock, salsa, valse, chacha, tango, paso, madison \u2026<\/em><\/p>\n\n\n\n<p class=\"has-text-align-center\">L&rsquo;animatrice <strong>V\u00e9ronique CLARY <\/strong> vous propose des cours de danses de soci\u00e9t\u00e9 :<\/p>\n\n\n\n<ul class=\"wp-block-list\">\n<li><strong>niveau d\u00e9butant le mercredi de 19h \u00e0 20h<\/strong><\/li>\n\n\n\n<li><strong>niveau initi\u00e9 le mercredi de 20h \u00e0 21h<\/strong><\/li>\n\n\n\n<li><strong>le niveau confirm\u00e9 le mercredi de 21h \u00e0 22h<\/strong><\/li>\n<\/ul>\n\n\n\n<p class=\"has-text-align-center\">Co\u00fbt <em>(quelque soit votre niveau)<\/em> :<\/p>\n\n\n\n<ul class=\"wp-block-list\">\n<li>Individuel : <strong>152\u20ac par an<\/strong><\/li>\n\n\n\n<li>Couple : <strong>286\u20ac par an<\/strong><\/li>\n<\/ul>\n<\/div><\/div>\n\n\n\n<div style=\"height:20px\" aria-hidden=\"true\" class=\"wp-block-spacer\"><\/div>\n\n\n\n<div class=\"wp-block-media-text alignwide is-stacked-on-mobile has-background\" style=\"background-color:#f4f3ef\"><figure class=\"wp-block-media-text__media\"><img loading=\"lazy\" decoding=\"async\" width=\"1024\" height=\"682\" src=\"https:\/\/mptpetitcharran.fr\/wp-content\/uploads\/2019\/07\/danse-africaine-1024x682.jpeg\" alt=\"\" class=\"wp-image-713 size-full\" srcset=\"https:\/\/mptpetitcharran.fr\/wp-content\/uploads\/2019\/07\/danse-africaine-1024x682.jpeg 1024w, https:\/\/mptpetitcharran.fr\/wp-content\/uploads\/2019\/07\/danse-africaine-300x200.jpeg 300w, https:\/\/mptpetitcharran.fr\/wp-content\/uploads\/2019\/07\/danse-africaine-768x512.jpeg 768w, https:\/\/mptpetitcharran.fr\/wp-content\/uploads\/2019\/07\/danse-africaine-700x467.jpeg 700w, https:\/\/mptpetitcharran.fr\/wp-content\/uploads\/2019\/07\/danse-africaine-900x600.jpeg 900w, https:\/\/mptpetitcharran.fr\/wp-content\/uploads\/2019\/07\/danse-africaine-600x400.jpeg 600w, https:\/\/mptpetitcharran.fr\/wp-content\/uploads\/2019\/07\/danse-africaine.jpeg 1880w\" sizes=\"auto, (max-width: 1024px) 100vw, 1024px\" \/><\/figure><div class=\"wp-block-media-text__content\">\n<p><\/p>\n\n\n\n<p class=\"has-text-align-center has-large-font-size\"><strong>Danses africaines<\/strong> *<\/p>\n\n\n\n<p class=\"has-text-align-center\">Le danseur <strong>Adama OUATTARA <\/strong>et <br>le percussioniste <strong>Fouss\u00e9ni SANOU<\/strong> vous proposent des cours de danses africaines <br>le <strong>mercredi de 19h30 \u00e0 21h<\/strong>.<br>Co\u00fbt :<strong> 221\u20ac par an.<\/strong><\/p>\n<\/div><\/div>\n\n\n\n<div style=\"height:20px\" aria-hidden=\"true\" class=\"wp-block-spacer\"><\/div>\n\n\n\n<div class=\"wp-block-media-text alignwide has-media-on-the-right is-stacked-on-mobile has-background\" style=\"background-color:#f4f3ef;grid-template-columns:auto 36%\"><div class=\"wp-block-media-text__content\">\n<p class=\"has-text-align-center has-large-font-size\"><strong>Danse orientale revisit\u00e9e<\/strong>*<\/p>\n\n\n\n<p class=\"has-text-align-center\" style=\"font-size:18px\"><em>Des stages o\u00f9 la sensation de nos corps est primordiale.<br>Nous pratiquons la danse orientale avec son inclinaison vers d&rsquo;autres&nbsp; types de danses, dont la danse africaine, la danse contemporaine et le flamenco.<br>Un temps est r\u00e9serv\u00e9 pour une approche sensorielle et de la conscience, des \u00e9tirements, de la relaxation et du renforcement musculaire.&nbsp;<br>Les stages sont une invitation \u00e0 l\u2019\u00e9coute, \u00e0 la bienveillance envers nos corps, afin de trouver l\u2019\u00e9nergie dans nos ventres, nos hanches et nos pieds, la libert\u00e9 dans nos cages thoraciques, nos bras et nos nuques.&nbsp;<br>Ressentir le juste placement du corps, trouver une respiration pleine et le juste \u00e9quilibre entre force et douceur.<\/em><\/p>\n\n\n\n<p class=\"has-text-align-center\" style=\"font-size:18px\">L&rsquo;animatrice <strong>Veerle VERBEECK<\/strong> vous propose des cours de danse orientale, <strong>le samedi une fois par mois de 13h30 \u00e0 17h30<\/strong> :<br>20\/09, 04\/10, 22\/11, 13\/12, 10\/01, 28\/02<br>28\/03, 25\/04, 30\/05, 20\/06<\/p>\n\n\n\n<p><strong>Co\u00fbt <\/strong>:<\/p>\n\n\n\n<ul class=\"wp-block-list\">\n<li><strong>Annuel : 263\u20ac par an<\/strong><\/li>\n\n\n\n<li><strong>Stage adh\u00e9rent\u2e31e : 38\u20ac<\/strong><\/li>\n\n\n\n<li><strong>Stage non adh\u00e9rent\u2e31e : 45 \u20ac<\/strong><\/li>\n<\/ul>\n<\/div><figure class=\"wp-block-media-text__media\"><img loading=\"lazy\" decoding=\"async\" width=\"1024\" height=\"651\" src=\"https:\/\/mptpetitcharran.fr\/wp-content\/uploads\/2019\/07\/girl-1505408_1920-1024x651.jpg\" alt=\"\" class=\"wp-image-704 size-full\" srcset=\"https:\/\/mptpetitcharran.fr\/wp-content\/uploads\/2019\/07\/girl-1505408_1920-1024x651.jpg 1024w, https:\/\/mptpetitcharran.fr\/wp-content\/uploads\/2019\/07\/girl-1505408_1920-300x191.jpg 300w, https:\/\/mptpetitcharran.fr\/wp-content\/uploads\/2019\/07\/girl-1505408_1920-768x488.jpg 768w, https:\/\/mptpetitcharran.fr\/wp-content\/uploads\/2019\/07\/girl-1505408_1920-700x445.jpg 700w, https:\/\/mptpetitcharran.fr\/wp-content\/uploads\/2019\/07\/girl-1505408_1920-630x400.jpg 630w, https:\/\/mptpetitcharran.fr\/wp-content\/uploads\/2019\/07\/girl-1505408_1920.jpg 1920w\" sizes=\"auto, (max-width: 1024px) 100vw, 1024px\" \/><\/figure><\/div>\n\n\n\n<div style=\"height:36px\" aria-hidden=\"true\" class=\"wp-block-spacer\"><\/div>\n\n\n\n<p class=\"has-text-align-center\"><strong>(1) Activit\u00e9 men\u00e9e par une association ind\u00e9pendante. L\u2019adh\u00e9sion \u00e0 la MPT est \u00e0 acquitter. Le co\u00fbt de l\u2019activit\u00e9 est \u00e0 r\u00e9gler \u00e0 l\u2019intervenant.<\/strong><\/p>\n\n\n\n<div style=\"height:20px\" aria-hidden=\"true\" class=\"wp-block-spacer\"><\/div>\n\n\n\n<div class=\"wp-block-media-text alignwide is-stacked-on-mobile has-background\" style=\"background-color:#f4f3ef\"><figure class=\"wp-block-media-text__media\"><img loading=\"lazy\" decoding=\"async\" width=\"1024\" height=\"683\" src=\"https:\/\/mptpetitcharran.fr\/wp-content\/uploads\/2019\/07\/photo-1524594152303-9fd13543fe6e-1024x683.jpg\" alt=\"\" class=\"wp-image-678 size-full\" srcset=\"https:\/\/mptpetitcharran.fr\/wp-content\/uploads\/2019\/07\/photo-1524594152303-9fd13543fe6e-1024x683.jpg 1024w, https:\/\/mptpetitcharran.fr\/wp-content\/uploads\/2019\/07\/photo-1524594152303-9fd13543fe6e-300x200.jpg 300w, https:\/\/mptpetitcharran.fr\/wp-content\/uploads\/2019\/07\/photo-1524594152303-9fd13543fe6e-768x512.jpg 768w, https:\/\/mptpetitcharran.fr\/wp-content\/uploads\/2019\/07\/photo-1524594152303-9fd13543fe6e-700x467.jpg 700w, https:\/\/mptpetitcharran.fr\/wp-content\/uploads\/2019\/07\/photo-1524594152303-9fd13543fe6e-900x600.jpg 900w, https:\/\/mptpetitcharran.fr\/wp-content\/uploads\/2019\/07\/photo-1524594152303-9fd13543fe6e-600x400.jpg 600w, https:\/\/mptpetitcharran.fr\/wp-content\/uploads\/2019\/07\/photo-1524594152303-9fd13543fe6e.jpg 1050w\" sizes=\"auto, (max-width: 1024px) 100vw, 1024px\" \/><\/figure><div class=\"wp-block-media-text__content\">\n<p class=\"has-text-align-center has-large-font-size\"><strong>Zumba<\/strong><sup><strong>\u00ae<\/strong><\/sup> *(1)<\/p>\n\n\n\n<p class=\"has-text-align-center\"> L&rsquo;animatrice <strong>Marina D&rsquo;ETTORE<\/strong> vous propose des cours de Zumba<em><strong><sup>\u00ae<\/sup><\/strong><\/em> :<\/p>\n\n\n\n<ul class=\"wp-block-list\">\n<li><strong>le lundi de 19h30 \u00e0 20h30<\/strong><\/li>\n\n\n\n<li><strong>le jeudi de 18h30 \u00e0 19h30 <\/strong><\/li>\n<\/ul>\n\n\n\n<p><em>Tarif et mode de r\u00e8glement<\/em><br><em>\u00e0 voir avec Marina D\u2019ETTORRE.<\/em><\/p>\n<\/div><\/div>\n","protected":false},"excerpt":{"rendered":"<p>LES ACTIVIT\u00c9S, MARQU\u00c9ES (1), SONT CONDUITES PAR DES ASSOCIATIONS IND\u00c9PENDANTES :LE CO\u00dbT DE L\u2019ACTIVIT\u00c9 EST \u00c0 R\u00c9GLER DIRECTEMENT \u00c0 L\u2019INTERVENANT. La carte d\u2019adh\u00e9sion est \u00e0 acquitter \u00e0 la MPT.LES ACTIVIT\u00c9S, &hellip; <a href=\"https:\/\/mptpetitcharran.fr\/?page_id=254\" class=\"more-link\">Continue reading <span class=\"screen-reader-text\">Danses<\/span> <span class=\"meta-nav\">&rarr;<\/span><\/a><\/p>\n","protected":false},"author":1,"featured_media":0,"parent":0,"menu_order":0,"comment_status":"closed","ping_status":"closed","template":"","meta":{"footnotes":""},"class_list":["post-254","page","type-page","status-publish","hentry"],"yoast_head":"<!-- This site is optimized with the Yoast SEO plugin v27.0 - https:\/\/yoast.com\/product\/yoast-seo-wordpress\/ -->\n<title>Danses - Maison pour tous du Petit charran<\/title>\n<meta name=\"robots\" content=\"index, follow, max-snippet:-1, max-image-preview:large, max-video-preview:-1\" \/>\n<link rel=\"canonical\" href=\"https:\/\/mptpetitcharran.fr\/?page_id=254\" \/>\n<meta property=\"og:locale\" content=\"fr_FR\" \/>\n<meta property=\"og:type\" content=\"article\" \/>\n<meta property=\"og:title\" content=\"Danses - Maison pour tous du Petit charran\" \/>\n<meta property=\"og:description\" content=\"LES ACTIVIT\u00c9S, MARQU\u00c9ES (1), SONT CONDUITES PAR DES ASSOCIATIONS IND\u00c9PENDANTES :LE CO\u00dbT DE L\u2019ACTIVIT\u00c9 EST \u00c0 R\u00c9GLER DIRECTEMENT \u00c0 L\u2019INTERVENANT. La carte d\u2019adh\u00e9sion est \u00e0 acquitter \u00e0 la MPT.LES ACTIVIT\u00c9S, &hellip; Continue reading Danses &rarr;\" \/>\n<meta property=\"og:url\" content=\"https:\/\/mptpetitcharran.fr\/?page_id=254\" \/>\n<meta property=\"og:site_name\" content=\"Maison pour tous du Petit charran\" \/>\n<meta property=\"article:publisher\" content=\"https:\/\/www.facebook.com\/mptpetitcharran\" \/>\n<meta property=\"article:modified_time\" content=\"2025-07-03T08:36:34+00:00\" \/>\n<meta property=\"og:image\" content=\"http:\/\/mptpetitcharran.fr\/wp-content\/uploads\/2023\/07\/couple-swing-dancing-outdoors-full-shot-1024x683.jpg\" \/>\n<meta name=\"twitter:card\" content=\"summary_large_image\" \/>\n<meta name=\"twitter:label1\" content=\"Dur\u00e9e de lecture estim\u00e9e\" \/>\n\t<meta name=\"twitter:data1\" content=\"3 minutes\" \/>\n<script type=\"application\/ld+json\" class=\"yoast-schema-graph\">{\"@context\":\"https:\/\/schema.org\",\"@graph\":[{\"@type\":\"WebPage\",\"@id\":\"https:\/\/mptpetitcharran.fr\/?page_id=254\",\"url\":\"https:\/\/mptpetitcharran.fr\/?page_id=254\",\"name\":\"Danses - Maison pour tous du Petit charran\",\"isPartOf\":{\"@id\":\"https:\/\/mptpetitcharran.fr\/#website\"},\"primaryImageOfPage\":{\"@id\":\"https:\/\/mptpetitcharran.fr\/?page_id=254#primaryimage\"},\"image\":{\"@id\":\"https:\/\/mptpetitcharran.fr\/?page_id=254#primaryimage\"},\"thumbnailUrl\":\"http:\/\/mptpetitcharran.fr\/wp-content\/uploads\/2023\/07\/couple-swing-dancing-outdoors-full-shot-1024x683.jpg\",\"datePublished\":\"2019-06-06T13:05:41+00:00\",\"dateModified\":\"2025-07-03T08:36:34+00:00\",\"breadcrumb\":{\"@id\":\"https:\/\/mptpetitcharran.fr\/?page_id=254#breadcrumb\"},\"inLanguage\":\"fr-FR\",\"potentialAction\":[{\"@type\":\"ReadAction\",\"target\":[\"https:\/\/mptpetitcharran.fr\/?page_id=254\"]}]},{\"@type\":\"ImageObject\",\"inLanguage\":\"fr-FR\",\"@id\":\"https:\/\/mptpetitcharran.fr\/?page_id=254#primaryimage\",\"url\":\"http:\/\/mptpetitcharran.fr\/wp-content\/uploads\/2023\/07\/couple-swing-dancing-outdoors-full-shot-1024x683.jpg\",\"contentUrl\":\"http:\/\/mptpetitcharran.fr\/wp-content\/uploads\/2023\/07\/couple-swing-dancing-outdoors-full-shot-1024x683.jpg\"},{\"@type\":\"BreadcrumbList\",\"@id\":\"https:\/\/mptpetitcharran.fr\/?page_id=254#breadcrumb\",\"itemListElement\":[{\"@type\":\"ListItem\",\"position\":1,\"name\":\"Accueil\",\"item\":\"https:\/\/mptpetitcharran.fr\/\"},{\"@type\":\"ListItem\",\"position\":2,\"name\":\"Danses\"}]},{\"@type\":\"WebSite\",\"@id\":\"https:\/\/mptpetitcharran.fr\/#website\",\"url\":\"https:\/\/mptpetitcharran.fr\/\",\"name\":\"Maison pour tous du Petit charran\",\"description\":\"\",\"publisher\":{\"@id\":\"https:\/\/mptpetitcharran.fr\/#organization\"},\"potentialAction\":[{\"@type\":\"SearchAction\",\"target\":{\"@type\":\"EntryPoint\",\"urlTemplate\":\"https:\/\/mptpetitcharran.fr\/?s={search_term_string}\"},\"query-input\":{\"@type\":\"PropertyValueSpecification\",\"valueRequired\":true,\"valueName\":\"search_term_string\"}}],\"inLanguage\":\"fr-FR\"},{\"@type\":\"Organization\",\"@id\":\"https:\/\/mptpetitcharran.fr\/#organization\",\"name\":\"Maison pour tous du Petit charran\",\"url\":\"https:\/\/mptpetitcharran.fr\/\",\"logo\":{\"@type\":\"ImageObject\",\"inLanguage\":\"fr-FR\",\"@id\":\"https:\/\/mptpetitcharran.fr\/#\/schema\/logo\/image\/\",\"url\":\"http:\/\/mptpetitcharran.fr\/wp-content\/uploads\/2023\/07\/cropped-logo_mptpc.jpg\",\"contentUrl\":\"http:\/\/mptpetitcharran.fr\/wp-content\/uploads\/2023\/07\/cropped-logo_mptpc.jpg\",\"width\":532,\"height\":529,\"caption\":\"Maison pour tous du Petit charran\"},\"image\":{\"@id\":\"https:\/\/mptpetitcharran.fr\/#\/schema\/logo\/image\/\"},\"sameAs\":[\"https:\/\/www.facebook.com\/mptpetitcharran\",\"https:\/\/www.instagram.com\/mptpetitcharran\/\"]}]}<\/script>\n<!-- \/ Yoast SEO plugin. -->","yoast_head_json":{"title":"Danses - Maison pour tous du Petit charran","robots":{"index":"index","follow":"follow","max-snippet":"max-snippet:-1","max-image-preview":"max-image-preview:large","max-video-preview":"max-video-preview:-1"},"canonical":"https:\/\/mptpetitcharran.fr\/?page_id=254","og_locale":"fr_FR","og_type":"article","og_title":"Danses - Maison pour tous du Petit charran","og_description":"LES ACTIVIT\u00c9S, MARQU\u00c9ES (1), SONT CONDUITES PAR DES ASSOCIATIONS IND\u00c9PENDANTES :LE CO\u00dbT DE L\u2019ACTIVIT\u00c9 EST \u00c0 R\u00c9GLER DIRECTEMENT \u00c0 L\u2019INTERVENANT. La carte d\u2019adh\u00e9sion est \u00e0 acquitter \u00e0 la MPT.LES ACTIVIT\u00c9S, &hellip; Continue reading Danses &rarr;","og_url":"https:\/\/mptpetitcharran.fr\/?page_id=254","og_site_name":"Maison pour tous du Petit charran","article_publisher":"https:\/\/www.facebook.com\/mptpetitcharran","article_modified_time":"2025-07-03T08:36:34+00:00","og_image":[{"url":"http:\/\/mptpetitcharran.fr\/wp-content\/uploads\/2023\/07\/couple-swing-dancing-outdoors-full-shot-1024x683.jpg","type":"","width":"","height":""}],"twitter_card":"summary_large_image","twitter_misc":{"Dur\u00e9e de lecture estim\u00e9e":"3 minutes"},"schema":{"@context":"https:\/\/schema.org","@graph":[{"@type":"WebPage","@id":"https:\/\/mptpetitcharran.fr\/?page_id=254","url":"https:\/\/mptpetitcharran.fr\/?page_id=254","name":"Danses - Maison pour tous du Petit charran","isPartOf":{"@id":"https:\/\/mptpetitcharran.fr\/#website"},"primaryImageOfPage":{"@id":"https:\/\/mptpetitcharran.fr\/?page_id=254#primaryimage"},"image":{"@id":"https:\/\/mptpetitcharran.fr\/?page_id=254#primaryimage"},"thumbnailUrl":"http:\/\/mptpetitcharran.fr\/wp-content\/uploads\/2023\/07\/couple-swing-dancing-outdoors-full-shot-1024x683.jpg","datePublished":"2019-06-06T13:05:41+00:00","dateModified":"2025-07-03T08:36:34+00:00","breadcrumb":{"@id":"https:\/\/mptpetitcharran.fr\/?page_id=254#breadcrumb"},"inLanguage":"fr-FR","potentialAction":[{"@type":"ReadAction","target":["https:\/\/mptpetitcharran.fr\/?page_id=254"]}]},{"@type":"ImageObject","inLanguage":"fr-FR","@id":"https:\/\/mptpetitcharran.fr\/?page_id=254#primaryimage","url":"http:\/\/mptpetitcharran.fr\/wp-content\/uploads\/2023\/07\/couple-swing-dancing-outdoors-full-shot-1024x683.jpg","contentUrl":"http:\/\/mptpetitcharran.fr\/wp-content\/uploads\/2023\/07\/couple-swing-dancing-outdoors-full-shot-1024x683.jpg"},{"@type":"BreadcrumbList","@id":"https:\/\/mptpetitcharran.fr\/?page_id=254#breadcrumb","itemListElement":[{"@type":"ListItem","position":1,"name":"Accueil","item":"https:\/\/mptpetitcharran.fr\/"},{"@type":"ListItem","position":2,"name":"Danses"}]},{"@type":"WebSite","@id":"https:\/\/mptpetitcharran.fr\/#website","url":"https:\/\/mptpetitcharran.fr\/","name":"Maison pour tous du Petit charran","description":"","publisher":{"@id":"https:\/\/mptpetitcharran.fr\/#organization"},"potentialAction":[{"@type":"SearchAction","target":{"@type":"EntryPoint","urlTemplate":"https:\/\/mptpetitcharran.fr\/?s={search_term_string}"},"query-input":{"@type":"PropertyValueSpecification","valueRequired":true,"valueName":"search_term_string"}}],"inLanguage":"fr-FR"},{"@type":"Organization","@id":"https:\/\/mptpetitcharran.fr\/#organization","name":"Maison pour tous du Petit charran","url":"https:\/\/mptpetitcharran.fr\/","logo":{"@type":"ImageObject","inLanguage":"fr-FR","@id":"https:\/\/mptpetitcharran.fr\/#\/schema\/logo\/image\/","url":"http:\/\/mptpetitcharran.fr\/wp-content\/uploads\/2023\/07\/cropped-logo_mptpc.jpg","contentUrl":"http:\/\/mptpetitcharran.fr\/wp-content\/uploads\/2023\/07\/cropped-logo_mptpc.jpg","width":532,"height":529,"caption":"Maison pour tous du Petit charran"},"image":{"@id":"https:\/\/mptpetitcharran.fr\/#\/schema\/logo\/image\/"},"sameAs":["https:\/\/www.facebook.com\/mptpetitcharran","https:\/\/www.instagram.com\/mptpetitcharran\/"]}]}},"publishpress_future_action":{"enabled":false,"date":"2026-04-27 04:56:40","action":"change-status","newStatus":"draft","terms":[],"taxonomy":"","extraData":[]},"publishpress_future_workflow_manual_trigger":{"enabledWorkflows":[]},"_links":{"self":[{"href":"https:\/\/mptpetitcharran.fr\/index.php?rest_route=\/wp\/v2\/pages\/254","targetHints":{"allow":["GET"]}}],"collection":[{"href":"https:\/\/mptpetitcharran.fr\/index.php?rest_route=\/wp\/v2\/pages"}],"about":[{"href":"https:\/\/mptpetitcharran.fr\/index.php?rest_route=\/wp\/v2\/types\/page"}],"author":[{"embeddable":true,"href":"https:\/\/mptpetitcharran.fr\/index.php?rest_route=\/wp\/v2\/users\/1"}],"replies":[{"embeddable":true,"href":"https:\/\/mptpetitcharran.fr\/index.php?rest_route=%2Fwp%2Fv2%2Fcomments&post=254"}],"version-history":[{"count":79,"href":"https:\/\/mptpetitcharran.fr\/index.php?rest_route=\/wp\/v2\/pages\/254\/revisions"}],"predecessor-version":[{"id":6639,"href":"https:\/\/mptpetitcharran.fr\/index.php?rest_route=\/wp\/v2\/pages\/254\/revisions\/6639"}],"wp:attachment":[{"href":"https:\/\/mptpetitcharran.fr\/index.php?rest_route=%2Fwp%2Fv2%2Fmedia&parent=254"}],"curies":[{"name":"wp","href":"https:\/\/api.w.org\/{rel}","templated":true}]}}