{"id":252,"date":"2019-06-06T15:05:35","date_gmt":"2019-06-06T13:05:35","guid":{"rendered":"https:\/\/mptpc.wordpress.com\/?page_id=252"},"modified":"2025-10-13T13:22:21","modified_gmt":"2025-10-13T12:22:21","slug":"expression-artistique-culturelle-scientifique","status":"publish","type":"page","link":"https:\/\/mptpetitcharran.fr\/?page_id=252","title":{"rendered":"Expression artistique, culturelle, scientifique"},"content":{"rendered":"\n<p class=\"has-text-align-center\"><strong><strong>LES ACTIVIT\u00c9S, <strong>MARQU\u00c9ES (1)<\/strong>, SONT CONDUITES PAR DES ASSOCIATIONS IND\u00c9PENDANTES :<br>LE CO\u00dbT DE L\u2019ACTIVIT\u00c9 EST \u00c0 R\u00c9GLER DIRECTEMENT \u00c0 L\u2019INTERVENANT. <\/strong><\/strong><br><strong><strong>La carte d\u2019adh\u00e9sion est \u00e0 acquitter \u00e0 la MPT.<\/strong><\/strong><\/p>\n\n\n\n<div class=\"wp-block-media-text alignwide has-media-on-the-right is-stacked-on-mobile has-background\" style=\"background-color:#f4f3ef\"><div class=\"wp-block-media-text__content\">\n<p class=\"has-text-align-center has-large-font-size\"><strong>Cirque<\/strong><\/p>\n\n\n\n<p><em>Des activit\u00e9s rassemblant jonglage, \u00e9quilibre, acrobaties et clowneries. Tout au long de l\u2019ann\u00e9e, l\u2019enfant va prendre confiance en lui et pouvoir acqu\u00e9rir de nouvelles aptitudes psychomotrices.<\/em><\/p>\n\n\n\n<p>L\u2019animatrice <strong>Marika Mazzanti <\/strong>vous propose des cours de cirque : le <strong>lundi de 18h \u00e0 20h.<\/strong><br>Co\u00fbt : <strong>299\u20ac par an<\/strong>.<\/p>\n<\/div><figure class=\"wp-block-media-text__media\"><img loading=\"lazy\" decoding=\"async\" width=\"683\" height=\"1024\" src=\"https:\/\/mptpetitcharran.fr\/wp-content\/uploads\/2024\/06\/young-women-with-hula-hoop-683x1024.jpg\" alt=\"\" class=\"wp-image-5463 size-full\" srcset=\"https:\/\/mptpetitcharran.fr\/wp-content\/uploads\/2024\/06\/young-women-with-hula-hoop-683x1024.jpg 683w, https:\/\/mptpetitcharran.fr\/wp-content\/uploads\/2024\/06\/young-women-with-hula-hoop-200x300.jpg 200w, https:\/\/mptpetitcharran.fr\/wp-content\/uploads\/2024\/06\/young-women-with-hula-hoop-768x1152.jpg 768w, https:\/\/mptpetitcharran.fr\/wp-content\/uploads\/2024\/06\/young-women-with-hula-hoop-1024x1536.jpg 1024w, https:\/\/mptpetitcharran.fr\/wp-content\/uploads\/2024\/06\/young-women-with-hula-hoop-1365x2048.jpg 1365w, https:\/\/mptpetitcharran.fr\/wp-content\/uploads\/2024\/06\/young-women-with-hula-hoop-700x1050.jpg 700w, https:\/\/mptpetitcharran.fr\/wp-content\/uploads\/2024\/06\/young-women-with-hula-hoop-2000x3000.jpg 2000w, https:\/\/mptpetitcharran.fr\/wp-content\/uploads\/2024\/06\/young-women-with-hula-hoop-267x400.jpg 267w, https:\/\/mptpetitcharran.fr\/wp-content\/uploads\/2024\/06\/young-women-with-hula-hoop-scaled.jpg 1707w\" sizes=\"auto, (max-width: 683px) 100vw, 683px\" \/><\/figure><\/div>\n\n\n\n<div style=\"height:20px\" aria-hidden=\"true\" class=\"wp-block-spacer\"><\/div>\n\n\n\n<div class=\"wp-block-media-text alignwide is-stacked-on-mobile has-background\" style=\"background-color:#f4f3ef\"><figure class=\"wp-block-media-text__media\"><img loading=\"lazy\" decoding=\"async\" width=\"1024\" height=\"1024\" src=\"https:\/\/mptpetitcharran.fr\/wp-content\/uploads\/2025\/06\/INSTA_MIFUNE_SD_3-1024x1024.jpg\" alt=\"\" class=\"wp-image-6403 size-full\" srcset=\"https:\/\/mptpetitcharran.fr\/wp-content\/uploads\/2025\/06\/INSTA_MIFUNE_SD_3-1024x1024.jpg 1024w, https:\/\/mptpetitcharran.fr\/wp-content\/uploads\/2025\/06\/INSTA_MIFUNE_SD_3-300x300.jpg 300w, https:\/\/mptpetitcharran.fr\/wp-content\/uploads\/2025\/06\/INSTA_MIFUNE_SD_3-150x150.jpg 150w, https:\/\/mptpetitcharran.fr\/wp-content\/uploads\/2025\/06\/INSTA_MIFUNE_SD_3-768x768.jpg 768w, https:\/\/mptpetitcharran.fr\/wp-content\/uploads\/2025\/06\/INSTA_MIFUNE_SD_3-700x700.jpg 700w, https:\/\/mptpetitcharran.fr\/wp-content\/uploads\/2025\/06\/INSTA_MIFUNE_SD_3-100x100.jpg 100w, https:\/\/mptpetitcharran.fr\/wp-content\/uploads\/2025\/06\/INSTA_MIFUNE_SD_3-400x400.jpg 400w, https:\/\/mptpetitcharran.fr\/wp-content\/uploads\/2025\/06\/INSTA_MIFUNE_SD_3.jpg 1080w\" sizes=\"auto, (max-width: 1024px) 100vw, 1024px\" \/><\/figure><div class=\"wp-block-media-text__content\">\n<p class=\"has-text-align-center has-large-font-size\"><strong>Atelier BD\/Manga<\/strong><\/p>\n\n\n\n<p><em>Que vous soyez d\u00e9butant\u00b7e ou dessinateur\u00b7ice r\u00e9gulier\u00b7e, venez d\u00e9couvrir comment cr\u00e9er un personnage et le faire \u00e9voluer dans le d\u00e9cor de votre choix. Nous passerons en revue les fondamentaux du dessin (anatomie, perspective&#8230;) et je vous accompagnerai dans la r\u00e9alisation de personnages dynamiques et expressifs. Je vous ferai \u00e9galement profiter de mon exp\u00e9rience dans le dessin anim\u00e9 en vous donnant plein de conseils et astuces.<\/em><br><br>L\u2019animateur <strong>Emmanuel Corrado <\/strong>vous propose des cours de dessin de manga : <br>le <strong>mardi de 17h30 \u00e0 19h30. <\/strong><br>Co\u00fbt : <strong>299\u20ac par an<\/strong>.<\/p>\n<\/div><\/div>\n\n\n\n<div style=\"height:20px\" aria-hidden=\"true\" class=\"wp-block-spacer\"><\/div>\n\n\n\n<div class=\"wp-block-media-text alignwide has-media-on-the-right is-stacked-on-mobile has-background\" style=\"background-color:#f4f3ef\"><div class=\"wp-block-media-text__content\">\n<p class=\"has-text-align-center has-large-font-size\"><strong>Poterie <\/strong><br><strong>Modelage C\u00e9ramique<\/strong><\/p>\n\n\n\n<p class=\"has-text-align-center\">L&rsquo;animatrice <strong>Alexandra Lambert<\/strong> vous propose cette activit\u00e9, <strong>les mercredis <\/strong><br><strong>de 18h30 \u00e0 20h30.<\/strong><br>Co\u00fbt : <strong>299\u20ac par an. <\/strong><\/p>\n<\/div><figure class=\"wp-block-media-text__media\"><img loading=\"lazy\" decoding=\"async\" width=\"474\" height=\"355\" src=\"https:\/\/mptpetitcharran.fr\/wp-content\/uploads\/2022\/07\/poterie-1.webp\" alt=\"\" class=\"wp-image-3642 size-full\" srcset=\"https:\/\/mptpetitcharran.fr\/wp-content\/uploads\/2022\/07\/poterie-1.webp 474w, https:\/\/mptpetitcharran.fr\/wp-content\/uploads\/2022\/07\/poterie-1-300x225.webp 300w\" sizes=\"auto, (max-width: 474px) 100vw, 474px\" \/><\/figure><\/div>\n\n\n\n<div style=\"height:21px\" aria-hidden=\"true\" class=\"wp-block-spacer\"><\/div>\n\n\n\n<div class=\"wp-block-media-text alignwide is-stacked-on-mobile has-background\" style=\"background-color:#f4f3ef\"><figure class=\"wp-block-media-text__media\"><img loading=\"lazy\" decoding=\"async\" width=\"1024\" height=\"1024\" src=\"https:\/\/mptpetitcharran.fr\/wp-content\/uploads\/2025\/06\/Copie-de-Carroussel-post-activite-MPT-Nouvelle-activite12-1024x1024.png\" alt=\"\" class=\"wp-image-6415 size-full\" srcset=\"https:\/\/mptpetitcharran.fr\/wp-content\/uploads\/2025\/06\/Copie-de-Carroussel-post-activite-MPT-Nouvelle-activite12-1024x1024.png 1024w, https:\/\/mptpetitcharran.fr\/wp-content\/uploads\/2025\/06\/Copie-de-Carroussel-post-activite-MPT-Nouvelle-activite12-300x300.png 300w, https:\/\/mptpetitcharran.fr\/wp-content\/uploads\/2025\/06\/Copie-de-Carroussel-post-activite-MPT-Nouvelle-activite12-150x150.png 150w, https:\/\/mptpetitcharran.fr\/wp-content\/uploads\/2025\/06\/Copie-de-Carroussel-post-activite-MPT-Nouvelle-activite12-768x768.png 768w, https:\/\/mptpetitcharran.fr\/wp-content\/uploads\/2025\/06\/Copie-de-Carroussel-post-activite-MPT-Nouvelle-activite12-700x700.png 700w, https:\/\/mptpetitcharran.fr\/wp-content\/uploads\/2025\/06\/Copie-de-Carroussel-post-activite-MPT-Nouvelle-activite12-100x100.png 100w, https:\/\/mptpetitcharran.fr\/wp-content\/uploads\/2025\/06\/Copie-de-Carroussel-post-activite-MPT-Nouvelle-activite12-400x400.png 400w, https:\/\/mptpetitcharran.fr\/wp-content\/uploads\/2025\/06\/Copie-de-Carroussel-post-activite-MPT-Nouvelle-activite12.png 1080w\" sizes=\"auto, (max-width: 1024px) 100vw, 1024px\" \/><\/figure><div class=\"wp-block-media-text__content\">\n<p class=\"has-text-align-center has-large-font-size\"><strong>Atelier couture<\/strong><\/p>\n\n\n\n<p><em>Un atelier couture pour apprendre ensemble, \u00e0 votre rythme, dans une ambiance conviviale. Chacun\u00b7e vient avec son projet (v\u00eatement, accessoire, r\u00e9paration\u2026), et b\u00e9n\u00e9ficie d\u2019un accompagnement personnalis\u00e9 et de partages entre participant\u00b7e\u00b7s.<\/em><br><br>L\u2019animatrice <strong>Dominique Fournier <\/strong>vous propose des cours de couture : <br>le <strong>jeudi 1 fois par mois \u00e0 partir du 25 septembre<\/strong> : 25\/09, 9\/10, 13\/11, 11\/12, 8\/01, 26\/02, 12\/03, le 23\/04, 28\/05, 11\/06.<br>Co\u00fbt : <strong>189\u20ac par an<\/strong>.<\/p>\n<\/div><\/div>\n\n\n\n<div style=\"height:21px\" aria-hidden=\"true\" class=\"wp-block-spacer\"><\/div>\n\n\n\n<div class=\"wp-block-media-text alignwide has-media-on-the-right is-stacked-on-mobile has-background\" style=\"background-color:#f4f3ef\"><div class=\"wp-block-media-text__content\">\n<p class=\"has-text-align-center has-large-font-size\"><strong>Esport<\/strong> +18 ans<\/p>\n\n\n\n<p><em>Le Esport est une discipline qui combine strat\u00e9gie, r\u00e9flexion rapide et travail d\u2019\u00e9quipe, permettant aux joueurs de se mesurer les uns aux autres dans des tournois palpitants et de repousser les limites de leurs comp\u00e9tences virtuelles.<\/em><\/p>\n\n\n\n<p>L\u2019animateur <strong>Mathieu Gounon<\/strong> va vous accompagner dans cette discipline <strong>le jeudi de 20h \u00e0 22h.<\/strong><br>Co\u00fbt <strong>: 299\u20ac\/an<\/strong> avec maillot inclus.<\/p>\n<\/div><figure class=\"wp-block-media-text__media\"><img loading=\"lazy\" decoding=\"async\" width=\"1024\" height=\"672\" src=\"https:\/\/mptpetitcharran.fr\/wp-content\/uploads\/2024\/06\/medium-shot-people-playing-videogames-1024x672.jpg\" alt=\"\" class=\"wp-image-5469 size-full\" srcset=\"https:\/\/mptpetitcharran.fr\/wp-content\/uploads\/2024\/06\/medium-shot-people-playing-videogames-1024x672.jpg 1024w, https:\/\/mptpetitcharran.fr\/wp-content\/uploads\/2024\/06\/medium-shot-people-playing-videogames-300x197.jpg 300w, https:\/\/mptpetitcharran.fr\/wp-content\/uploads\/2024\/06\/medium-shot-people-playing-videogames-768x504.jpg 768w, https:\/\/mptpetitcharran.fr\/wp-content\/uploads\/2024\/06\/medium-shot-people-playing-videogames-1536x1008.jpg 1536w, https:\/\/mptpetitcharran.fr\/wp-content\/uploads\/2024\/06\/medium-shot-people-playing-videogames-2048x1344.jpg 2048w, https:\/\/mptpetitcharran.fr\/wp-content\/uploads\/2024\/06\/medium-shot-people-playing-videogames-700x459.jpg 700w, https:\/\/mptpetitcharran.fr\/wp-content\/uploads\/2024\/06\/medium-shot-people-playing-videogames-2000x1313.jpg 2000w, https:\/\/mptpetitcharran.fr\/wp-content\/uploads\/2024\/06\/medium-shot-people-playing-videogames-609x400.jpg 609w\" sizes=\"auto, (max-width: 1024px) 100vw, 1024px\" \/><\/figure><\/div>\n\n\n\n<div style=\"height:21px\" aria-hidden=\"true\" class=\"wp-block-spacer\"><\/div>\n\n\n\n<div class=\"wp-block-media-text alignwide has-media-on-the-right is-stacked-on-mobile has-background\" style=\"background-color:#f4f3ef;grid-template-columns:auto 42%\"><div class=\"wp-block-media-text__content\">\n<p class=\"has-text-align-center has-large-font-size\"><strong>Atelier ludique num\u00e9rique interg\u00e9n\u00e9rationnel<\/strong><\/p>\n\n\n\n<p><em>Jeunes de 16 \u00e0 30 ans et s\u00e9niors de + 60 ans<\/em><\/p>\n\n\n\n<p>L\u2019animateur <strong>Mathieu Gounon<\/strong> va vous accompagner dans cette discipline <strong>le mardi de 10h \u00e0 12h<\/strong> (1 semaine sur 2).<br>Co\u00fbt <strong>: 15\u20ac\/an<\/strong> avec maillot inclus.<\/p>\n<\/div><figure class=\"wp-block-media-text__media\"><img loading=\"lazy\" decoding=\"async\" width=\"1024\" height=\"1024\" src=\"https:\/\/mptpetitcharran.fr\/wp-content\/uploads\/2025\/06\/Copie-de-Carroussel-post-activite-MPT-Nouvelle-activite19-1024x1024.png\" alt=\"\" class=\"wp-image-6437 size-full\" srcset=\"https:\/\/mptpetitcharran.fr\/wp-content\/uploads\/2025\/06\/Copie-de-Carroussel-post-activite-MPT-Nouvelle-activite19-1024x1024.png 1024w, https:\/\/mptpetitcharran.fr\/wp-content\/uploads\/2025\/06\/Copie-de-Carroussel-post-activite-MPT-Nouvelle-activite19-300x300.png 300w, https:\/\/mptpetitcharran.fr\/wp-content\/uploads\/2025\/06\/Copie-de-Carroussel-post-activite-MPT-Nouvelle-activite19-150x150.png 150w, https:\/\/mptpetitcharran.fr\/wp-content\/uploads\/2025\/06\/Copie-de-Carroussel-post-activite-MPT-Nouvelle-activite19-768x768.png 768w, https:\/\/mptpetitcharran.fr\/wp-content\/uploads\/2025\/06\/Copie-de-Carroussel-post-activite-MPT-Nouvelle-activite19-700x700.png 700w, https:\/\/mptpetitcharran.fr\/wp-content\/uploads\/2025\/06\/Copie-de-Carroussel-post-activite-MPT-Nouvelle-activite19-100x100.png 100w, https:\/\/mptpetitcharran.fr\/wp-content\/uploads\/2025\/06\/Copie-de-Carroussel-post-activite-MPT-Nouvelle-activite19-400x400.png 400w, https:\/\/mptpetitcharran.fr\/wp-content\/uploads\/2025\/06\/Copie-de-Carroussel-post-activite-MPT-Nouvelle-activite19.png 1080w\" sizes=\"auto, (max-width: 1024px) 100vw, 1024px\" \/><\/figure><\/div>\n\n\n\n<div style=\"height:21px\" aria-hidden=\"true\" class=\"wp-block-spacer\"><\/div>\n\n\n\n<div class=\"wp-block-media-text alignwide is-stacked-on-mobile has-background\" style=\"background-color:#f4f3ef\"><figure class=\"wp-block-media-text__media\"><img loading=\"lazy\" decoding=\"async\" width=\"1024\" height=\"710\" src=\"https:\/\/mptpetitcharran.fr\/wp-content\/uploads\/2023\/07\/closeup-hands-knitting-wooden-table-1024x710.jpg\" alt=\"\" class=\"wp-image-4519 size-full\" srcset=\"https:\/\/mptpetitcharran.fr\/wp-content\/uploads\/2023\/07\/closeup-hands-knitting-wooden-table-1024x710.jpg 1024w, https:\/\/mptpetitcharran.fr\/wp-content\/uploads\/2023\/07\/closeup-hands-knitting-wooden-table-300x208.jpg 300w, https:\/\/mptpetitcharran.fr\/wp-content\/uploads\/2023\/07\/closeup-hands-knitting-wooden-table-768x533.jpg 768w, https:\/\/mptpetitcharran.fr\/wp-content\/uploads\/2023\/07\/closeup-hands-knitting-wooden-table-1536x1065.jpg 1536w, https:\/\/mptpetitcharran.fr\/wp-content\/uploads\/2023\/07\/closeup-hands-knitting-wooden-table-2048x1421.jpg 2048w, https:\/\/mptpetitcharran.fr\/wp-content\/uploads\/2023\/07\/closeup-hands-knitting-wooden-table-700x486.jpg 700w, https:\/\/mptpetitcharran.fr\/wp-content\/uploads\/2023\/07\/closeup-hands-knitting-wooden-table-2000x1387.jpg 2000w, https:\/\/mptpetitcharran.fr\/wp-content\/uploads\/2023\/07\/closeup-hands-knitting-wooden-table-577x400.jpg 577w\" sizes=\"auto, (max-width: 1024px) 100vw, 1024px\" \/><\/figure><div class=\"wp-block-media-text__content\">\n<p class=\"has-text-align-center has-large-font-size\"><strong>Tricot<\/strong><\/p>\n\n\n\n<p class=\"has-text-align-center\"><em>D\u00e9couvrez l&rsquo;art du tricot et laissez-vous envelopper par la douceur des fils. Nos cours vous guident pas \u00e0 pas dans l&rsquo;apprentissage de cette technique cr\u00e9ative. Rejoignez-nous pour des moments de d\u00e9tente et de partage autour des mailles et des aiguilles.<\/em><\/p>\n\n\n\n<p class=\"has-text-align-center\">L&rsquo;animatrice <strong>Magali DUVAL<\/strong> vous propose cette activit\u00e9,<strong> un samedi tous les mois :<br>20\/09, 4\/10, 15\/11, 6\/12, 17\/01, 28\/02, 21\/03, 4\/04, 30\/05<\/strong> <strong>de 9h30 \u00e0 11h30.<\/strong><br>Co\u00fbt : <strong>15\u20ac par an. <\/strong><\/p>\n<\/div><\/div>\n\n\n\n<div style=\"height:20px\" aria-hidden=\"true\" class=\"wp-block-spacer\"><\/div>\n","protected":false},"excerpt":{"rendered":"<p>LES ACTIVIT\u00c9S, MARQU\u00c9ES (1), SONT CONDUITES PAR DES ASSOCIATIONS IND\u00c9PENDANTES :LE CO\u00dbT DE L\u2019ACTIVIT\u00c9 EST \u00c0 R\u00c9GLER DIRECTEMENT \u00c0 L\u2019INTERVENANT. La carte d\u2019adh\u00e9sion est \u00e0 acquitter \u00e0 la MPT. Cirque &hellip; <a href=\"https:\/\/mptpetitcharran.fr\/?page_id=252\" class=\"more-link\">Continue reading <span class=\"screen-reader-text\">Expression artistique, culturelle, scientifique<\/span> <span class=\"meta-nav\">&rarr;<\/span><\/a><\/p>\n","protected":false},"author":1,"featured_media":0,"parent":0,"menu_order":0,"comment_status":"closed","ping_status":"closed","template":"","meta":{"footnotes":""},"class_list":["post-252","page","type-page","status-publish","hentry"],"yoast_head":"<!-- This site is optimized with the Yoast SEO plugin v27.0 - https:\/\/yoast.com\/product\/yoast-seo-wordpress\/ -->\n<title>Expression artistique, culturelle, scientifique - Maison pour tous du Petit charran<\/title>\n<meta name=\"robots\" content=\"index, follow, max-snippet:-1, max-image-preview:large, max-video-preview:-1\" \/>\n<link rel=\"canonical\" href=\"https:\/\/mptpetitcharran.fr\/?page_id=252\" \/>\n<meta property=\"og:locale\" content=\"fr_FR\" \/>\n<meta property=\"og:type\" content=\"article\" \/>\n<meta property=\"og:title\" content=\"Expression artistique, culturelle, scientifique - Maison pour tous du Petit charran\" \/>\n<meta property=\"og:description\" content=\"LES ACTIVIT\u00c9S, MARQU\u00c9ES (1), SONT CONDUITES PAR DES ASSOCIATIONS IND\u00c9PENDANTES :LE CO\u00dbT DE L\u2019ACTIVIT\u00c9 EST \u00c0 R\u00c9GLER DIRECTEMENT \u00c0 L\u2019INTERVENANT. La carte d\u2019adh\u00e9sion est \u00e0 acquitter \u00e0 la MPT. Cirque &hellip; Continue reading Expression artistique, culturelle, scientifique &rarr;\" \/>\n<meta property=\"og:url\" content=\"https:\/\/mptpetitcharran.fr\/?page_id=252\" \/>\n<meta property=\"og:site_name\" content=\"Maison pour tous du Petit charran\" \/>\n<meta property=\"article:publisher\" content=\"https:\/\/www.facebook.com\/mptpetitcharran\" \/>\n<meta property=\"article:modified_time\" content=\"2025-10-13T12:22:21+00:00\" \/>\n<meta property=\"og:image\" content=\"http:\/\/mptpetitcharran.fr\/wp-content\/uploads\/2024\/06\/young-women-with-hula-hoop-683x1024.jpg\" \/>\n<meta name=\"twitter:card\" content=\"summary_large_image\" \/>\n<meta name=\"twitter:label1\" content=\"Dur\u00e9e de lecture estim\u00e9e\" \/>\n\t<meta name=\"twitter:data1\" content=\"4 minutes\" \/>\n<script type=\"application\/ld+json\" class=\"yoast-schema-graph\">{\"@context\":\"https:\/\/schema.org\",\"@graph\":[{\"@type\":\"WebPage\",\"@id\":\"https:\/\/mptpetitcharran.fr\/?page_id=252\",\"url\":\"https:\/\/mptpetitcharran.fr\/?page_id=252\",\"name\":\"Expression artistique, culturelle, scientifique - Maison pour tous du Petit charran\",\"isPartOf\":{\"@id\":\"https:\/\/mptpetitcharran.fr\/#website\"},\"primaryImageOfPage\":{\"@id\":\"https:\/\/mptpetitcharran.fr\/?page_id=252#primaryimage\"},\"image\":{\"@id\":\"https:\/\/mptpetitcharran.fr\/?page_id=252#primaryimage\"},\"thumbnailUrl\":\"http:\/\/mptpetitcharran.fr\/wp-content\/uploads\/2024\/06\/young-women-with-hula-hoop-683x1024.jpg\",\"datePublished\":\"2019-06-06T13:05:35+00:00\",\"dateModified\":\"2025-10-13T12:22:21+00:00\",\"breadcrumb\":{\"@id\":\"https:\/\/mptpetitcharran.fr\/?page_id=252#breadcrumb\"},\"inLanguage\":\"fr-FR\",\"potentialAction\":[{\"@type\":\"ReadAction\",\"target\":[\"https:\/\/mptpetitcharran.fr\/?page_id=252\"]}]},{\"@type\":\"ImageObject\",\"inLanguage\":\"fr-FR\",\"@id\":\"https:\/\/mptpetitcharran.fr\/?page_id=252#primaryimage\",\"url\":\"http:\/\/mptpetitcharran.fr\/wp-content\/uploads\/2024\/06\/young-women-with-hula-hoop-683x1024.jpg\",\"contentUrl\":\"http:\/\/mptpetitcharran.fr\/wp-content\/uploads\/2024\/06\/young-women-with-hula-hoop-683x1024.jpg\"},{\"@type\":\"BreadcrumbList\",\"@id\":\"https:\/\/mptpetitcharran.fr\/?page_id=252#breadcrumb\",\"itemListElement\":[{\"@type\":\"ListItem\",\"position\":1,\"name\":\"Accueil\",\"item\":\"https:\/\/mptpetitcharran.fr\/\"},{\"@type\":\"ListItem\",\"position\":2,\"name\":\"Expression artistique, culturelle, scientifique\"}]},{\"@type\":\"WebSite\",\"@id\":\"https:\/\/mptpetitcharran.fr\/#website\",\"url\":\"https:\/\/mptpetitcharran.fr\/\",\"name\":\"Maison pour tous du Petit charran\",\"description\":\"\",\"publisher\":{\"@id\":\"https:\/\/mptpetitcharran.fr\/#organization\"},\"potentialAction\":[{\"@type\":\"SearchAction\",\"target\":{\"@type\":\"EntryPoint\",\"urlTemplate\":\"https:\/\/mptpetitcharran.fr\/?s={search_term_string}\"},\"query-input\":{\"@type\":\"PropertyValueSpecification\",\"valueRequired\":true,\"valueName\":\"search_term_string\"}}],\"inLanguage\":\"fr-FR\"},{\"@type\":\"Organization\",\"@id\":\"https:\/\/mptpetitcharran.fr\/#organization\",\"name\":\"Maison pour tous du Petit charran\",\"url\":\"https:\/\/mptpetitcharran.fr\/\",\"logo\":{\"@type\":\"ImageObject\",\"inLanguage\":\"fr-FR\",\"@id\":\"https:\/\/mptpetitcharran.fr\/#\/schema\/logo\/image\/\",\"url\":\"http:\/\/mptpetitcharran.fr\/wp-content\/uploads\/2023\/07\/cropped-logo_mptpc.jpg\",\"contentUrl\":\"http:\/\/mptpetitcharran.fr\/wp-content\/uploads\/2023\/07\/cropped-logo_mptpc.jpg\",\"width\":532,\"height\":529,\"caption\":\"Maison pour tous du Petit charran\"},\"image\":{\"@id\":\"https:\/\/mptpetitcharran.fr\/#\/schema\/logo\/image\/\"},\"sameAs\":[\"https:\/\/www.facebook.com\/mptpetitcharran\",\"https:\/\/www.instagram.com\/mptpetitcharran\/\"]}]}<\/script>\n<!-- \/ Yoast SEO plugin. -->","yoast_head_json":{"title":"Expression artistique, culturelle, scientifique - Maison pour tous du Petit charran","robots":{"index":"index","follow":"follow","max-snippet":"max-snippet:-1","max-image-preview":"max-image-preview:large","max-video-preview":"max-video-preview:-1"},"canonical":"https:\/\/mptpetitcharran.fr\/?page_id=252","og_locale":"fr_FR","og_type":"article","og_title":"Expression artistique, culturelle, scientifique - Maison pour tous du Petit charran","og_description":"LES ACTIVIT\u00c9S, MARQU\u00c9ES (1), SONT CONDUITES PAR DES ASSOCIATIONS IND\u00c9PENDANTES :LE CO\u00dbT DE L\u2019ACTIVIT\u00c9 EST \u00c0 R\u00c9GLER DIRECTEMENT \u00c0 L\u2019INTERVENANT. La carte d\u2019adh\u00e9sion est \u00e0 acquitter \u00e0 la MPT. Cirque &hellip; Continue reading Expression artistique, culturelle, scientifique &rarr;","og_url":"https:\/\/mptpetitcharran.fr\/?page_id=252","og_site_name":"Maison pour tous du Petit charran","article_publisher":"https:\/\/www.facebook.com\/mptpetitcharran","article_modified_time":"2025-10-13T12:22:21+00:00","og_image":[{"url":"http:\/\/mptpetitcharran.fr\/wp-content\/uploads\/2024\/06\/young-women-with-hula-hoop-683x1024.jpg","type":"","width":"","height":""}],"twitter_card":"summary_large_image","twitter_misc":{"Dur\u00e9e de lecture estim\u00e9e":"4 minutes"},"schema":{"@context":"https:\/\/schema.org","@graph":[{"@type":"WebPage","@id":"https:\/\/mptpetitcharran.fr\/?page_id=252","url":"https:\/\/mptpetitcharran.fr\/?page_id=252","name":"Expression artistique, culturelle, scientifique - Maison pour tous du Petit charran","isPartOf":{"@id":"https:\/\/mptpetitcharran.fr\/#website"},"primaryImageOfPage":{"@id":"https:\/\/mptpetitcharran.fr\/?page_id=252#primaryimage"},"image":{"@id":"https:\/\/mptpetitcharran.fr\/?page_id=252#primaryimage"},"thumbnailUrl":"http:\/\/mptpetitcharran.fr\/wp-content\/uploads\/2024\/06\/young-women-with-hula-hoop-683x1024.jpg","datePublished":"2019-06-06T13:05:35+00:00","dateModified":"2025-10-13T12:22:21+00:00","breadcrumb":{"@id":"https:\/\/mptpetitcharran.fr\/?page_id=252#breadcrumb"},"inLanguage":"fr-FR","potentialAction":[{"@type":"ReadAction","target":["https:\/\/mptpetitcharran.fr\/?page_id=252"]}]},{"@type":"ImageObject","inLanguage":"fr-FR","@id":"https:\/\/mptpetitcharran.fr\/?page_id=252#primaryimage","url":"http:\/\/mptpetitcharran.fr\/wp-content\/uploads\/2024\/06\/young-women-with-hula-hoop-683x1024.jpg","contentUrl":"http:\/\/mptpetitcharran.fr\/wp-content\/uploads\/2024\/06\/young-women-with-hula-hoop-683x1024.jpg"},{"@type":"BreadcrumbList","@id":"https:\/\/mptpetitcharran.fr\/?page_id=252#breadcrumb","itemListElement":[{"@type":"ListItem","position":1,"name":"Accueil","item":"https:\/\/mptpetitcharran.fr\/"},{"@type":"ListItem","position":2,"name":"Expression artistique, culturelle, scientifique"}]},{"@type":"WebSite","@id":"https:\/\/mptpetitcharran.fr\/#website","url":"https:\/\/mptpetitcharran.fr\/","name":"Maison pour tous du Petit charran","description":"","publisher":{"@id":"https:\/\/mptpetitcharran.fr\/#organization"},"potentialAction":[{"@type":"SearchAction","target":{"@type":"EntryPoint","urlTemplate":"https:\/\/mptpetitcharran.fr\/?s={search_term_string}"},"query-input":{"@type":"PropertyValueSpecification","valueRequired":true,"valueName":"search_term_string"}}],"inLanguage":"fr-FR"},{"@type":"Organization","@id":"https:\/\/mptpetitcharran.fr\/#organization","name":"Maison pour tous du Petit charran","url":"https:\/\/mptpetitcharran.fr\/","logo":{"@type":"ImageObject","inLanguage":"fr-FR","@id":"https:\/\/mptpetitcharran.fr\/#\/schema\/logo\/image\/","url":"http:\/\/mptpetitcharran.fr\/wp-content\/uploads\/2023\/07\/cropped-logo_mptpc.jpg","contentUrl":"http:\/\/mptpetitcharran.fr\/wp-content\/uploads\/2023\/07\/cropped-logo_mptpc.jpg","width":532,"height":529,"caption":"Maison pour tous du Petit charran"},"image":{"@id":"https:\/\/mptpetitcharran.fr\/#\/schema\/logo\/image\/"},"sameAs":["https:\/\/www.facebook.com\/mptpetitcharran","https:\/\/www.instagram.com\/mptpetitcharran\/"]}]}},"publishpress_future_action":{"enabled":false,"date":"2026-04-27 06:35:00","action":"change-status","newStatus":"draft","terms":[],"taxonomy":"","extraData":[]},"publishpress_future_workflow_manual_trigger":{"enabledWorkflows":[]},"_links":{"self":[{"href":"https:\/\/mptpetitcharran.fr\/index.php?rest_route=\/wp\/v2\/pages\/252","targetHints":{"allow":["GET"]}}],"collection":[{"href":"https:\/\/mptpetitcharran.fr\/index.php?rest_route=\/wp\/v2\/pages"}],"about":[{"href":"https:\/\/mptpetitcharran.fr\/index.php?rest_route=\/wp\/v2\/types\/page"}],"author":[{"embeddable":true,"href":"https:\/\/mptpetitcharran.fr\/index.php?rest_route=\/wp\/v2\/users\/1"}],"replies":[{"embeddable":true,"href":"https:\/\/mptpetitcharran.fr\/index.php?rest_route=%2Fwp%2Fv2%2Fcomments&post=252"}],"version-history":[{"count":111,"href":"https:\/\/mptpetitcharran.fr\/index.php?rest_route=\/wp\/v2\/pages\/252\/revisions"}],"predecessor-version":[{"id":6789,"href":"https:\/\/mptpetitcharran.fr\/index.php?rest_route=\/wp\/v2\/pages\/252\/revisions\/6789"}],"wp:attachment":[{"href":"https:\/\/mptpetitcharran.fr\/index.php?rest_route=%2Fwp%2Fv2%2Fmedia&parent=252"}],"curies":[{"name":"wp","href":"https:\/\/api.w.org\/{rel}","templated":true}]}}