{"id":250,"date":"2019-06-06T15:05:28","date_gmt":"2019-06-06T14:05:28","guid":{"rendered":"https:\/\/mptpc.wordpress.com\/?page_id=250"},"modified":"2025-07-03T13:25:15","modified_gmt":"2025-07-03T12:25:15","slug":"musique-maestro","status":"publish","type":"page","link":"https:\/\/mptpetitcharran.fr\/?page_id=250","title":{"rendered":"Musique"},"content":{"rendered":"\n<div class=\"wp-block-media-text alignwide is-stacked-on-mobile has-background\" style=\"background-color:#f4f3ef\"><figure class=\"wp-block-media-text__media\"><img loading=\"lazy\" decoding=\"async\" width=\"1024\" height=\"680\" src=\"https:\/\/mptpetitcharran.fr\/wp-content\/uploads\/2019\/07\/harmonica-1024x680.jpg\" alt=\"\" class=\"wp-image-470 size-full\" srcset=\"https:\/\/mptpetitcharran.fr\/wp-content\/uploads\/2019\/07\/harmonica-1024x680.jpg 1024w, https:\/\/mptpetitcharran.fr\/wp-content\/uploads\/2019\/07\/harmonica-300x199.jpg 300w, https:\/\/mptpetitcharran.fr\/wp-content\/uploads\/2019\/07\/harmonica-768x510.jpg 768w, https:\/\/mptpetitcharran.fr\/wp-content\/uploads\/2019\/07\/harmonica-700x465.jpg 700w, https:\/\/mptpetitcharran.fr\/wp-content\/uploads\/2019\/07\/harmonica-602x400.jpg 602w, https:\/\/mptpetitcharran.fr\/wp-content\/uploads\/2019\/07\/harmonica.jpg 1920w\" sizes=\"auto, (max-width: 1024px) 100vw, 1024px\" \/><\/figure><div class=\"wp-block-media-text__content\">\n<p class=\"has-text-align-center has-large-font-size\"><strong>Harmonica<\/strong><\/p>\n\n\n\n<p class=\"has-text-align-center\"><em>Venez d\u00e9couvrir la magie de l\u2019harmonica autour de grands classiques \ndu folk, blues, rock, vari\u00e9t\u00e9, en apprenant par une m\u00e9thode simple les \ndiff\u00e9rentes techniques du l\u00e9gendaire \u00ab&nbsp;Mississippi saxophone&nbsp;\u00bb qui \ndeviendra votre meilleur compagnon de route.<\/em><\/p>\n\n\n\n<p class=\"has-text-align-center\"> L\u2019animateur&nbsp;<strong>Jean-Marc HENAUX<\/strong>&nbsp;vous propose une activit\u00e9 qui vous fera d\u00e9couvrir la magie de l\u2019harmonica autour de grands classiques. <\/p>\n\n\n\n<p class=\"has-text-align-center\">D\u00e8s 10 ans<\/p>\n\n\n\n<ul class=\"wp-block-list\">\n<li> <strong>le lundi de 18h \u00e0 20h <\/strong>(1 semaine sur 2)<\/li>\n\n\n\n<li><strong>le mardi de 18h \u00e0 20h <\/strong>(1semaine sur 2)<\/li>\n\n\n\n<li><strong>le mercredi de 9h-10h<\/strong><\/li>\n<\/ul>\n\n\n\n<p class=\"has-text-align-center\">Co\u00fbt : <strong>391\u20ac par an<\/strong><\/p>\n<\/div><\/div>\n\n\n\n<div style=\"height:20px\" aria-hidden=\"true\" class=\"wp-block-spacer\"><\/div>\n\n\n\n<div class=\"wp-block-media-text alignwide is-stacked-on-mobile has-background\" style=\"background-color:#f4f3ef\"><figure class=\"wp-block-media-text__media\"><img loading=\"lazy\" decoding=\"async\" width=\"1024\" height=\"685\" src=\"https:\/\/mptpetitcharran.fr\/wp-content\/uploads\/2019\/07\/accordeon-1024x685.jpg\" alt=\"\" class=\"wp-image-469 size-full\" srcset=\"https:\/\/mptpetitcharran.fr\/wp-content\/uploads\/2019\/07\/accordeon-1024x685.jpg 1024w, https:\/\/mptpetitcharran.fr\/wp-content\/uploads\/2019\/07\/accordeon-300x201.jpg 300w, https:\/\/mptpetitcharran.fr\/wp-content\/uploads\/2019\/07\/accordeon-768x514.jpg 768w, https:\/\/mptpetitcharran.fr\/wp-content\/uploads\/2019\/07\/accordeon-700x468.jpg 700w, https:\/\/mptpetitcharran.fr\/wp-content\/uploads\/2019\/07\/accordeon-598x400.jpg 598w, https:\/\/mptpetitcharran.fr\/wp-content\/uploads\/2019\/07\/accordeon.jpg 1920w\" sizes=\"auto, (max-width: 1024px) 100vw, 1024px\" \/><\/figure><div class=\"wp-block-media-text__content\">\n<p class=\"has-text-align-center has-large-font-size\"><strong>Accord\u00e9on chromatique<\/strong><\/p>\n\n\n\n<p class=\"has-text-align-center has-medium-font-size\"><strong>Cours individuels et personnalis\u00e9s <\/strong><br><strong><em>\u00e0 partir de 9 ans<\/em><\/strong><\/p>\n\n\n\n<p class=\"has-text-align-center\">L\u2019animatrice\u00a0<strong>C\u00e9cile MONTEIL<\/strong>\u00a0vous propose des cours individuels et personnalis\u00e9s de <br><strong>1 heure<\/strong> d\u2019accord\u00e9on chromatique,\u00a0adapt\u00e9s au niveau et au choix musical de l\u2019\u00e9l\u00e8ve, <br><strong>mardi matin ou apr\u00e8s midi<\/strong> <strong>en quinzaine.<\/strong><\/p>\n\n\n\n<p><strong><em>Le 1er cours aura lieu<\/em><\/strong> <strong><em>le 3 septembre 2025 \u00e0 18h30.<\/em><\/strong><\/p>\n\n\n\n<p class=\"has-text-align-center\">Co\u00fbt : <strong> 522\u20ac par an.<\/strong><\/p>\n<\/div><\/div>\n\n\n\n<div style=\"height:20px\" aria-hidden=\"true\" class=\"wp-block-spacer\"><\/div>\n\n\n\n<div class=\"wp-block-media-text alignwide has-media-on-the-right is-stacked-on-mobile has-background\" style=\"background-color:#f4f3ef\"><div class=\"wp-block-media-text__content\">\n<p class=\"has-text-align-center has-large-font-size\"><strong>Chorale<\/strong> <br><strong>La Charrantelle<\/strong><\/p>\n\n\n\n<p class=\"has-text-align-center\">Le chef de ch\u0153ur <strong>Armelle Vautrot<\/strong><br>vous propose de faire partie d&rsquo;une chorale et de venir faire des r\u00e9p\u00e9titions<strong> tous les vendredis de 9h \u00e0 11h.<\/strong><\/p>\n\n\n\n<p class=\"has-text-align-center\">Co\u00fbt :<strong> 115\u20ac par an<\/strong>.<\/p>\n<\/div><figure class=\"wp-block-media-text__media\"><img loading=\"lazy\" decoding=\"async\" width=\"1024\" height=\"683\" src=\"https:\/\/mptpetitcharran.fr\/wp-content\/uploads\/2019\/07\/chorale-1024x683.jpg\" alt=\"\" class=\"wp-image-467 size-full\" srcset=\"https:\/\/mptpetitcharran.fr\/wp-content\/uploads\/2019\/07\/chorale-1024x683.jpg 1024w, https:\/\/mptpetitcharran.fr\/wp-content\/uploads\/2019\/07\/chorale-300x200.jpg 300w, https:\/\/mptpetitcharran.fr\/wp-content\/uploads\/2019\/07\/chorale-768x512.jpg 768w, https:\/\/mptpetitcharran.fr\/wp-content\/uploads\/2019\/07\/chorale-700x467.jpg 700w, https:\/\/mptpetitcharran.fr\/wp-content\/uploads\/2019\/07\/chorale-900x600.jpg 900w, https:\/\/mptpetitcharran.fr\/wp-content\/uploads\/2019\/07\/chorale-600x400.jpg 600w, https:\/\/mptpetitcharran.fr\/wp-content\/uploads\/2019\/07\/chorale.jpg 1920w\" sizes=\"auto, (max-width: 1024px) 100vw, 1024px\" \/><\/figure><\/div>\n\n\n\n<div style=\"height:20px\" aria-hidden=\"true\" class=\"wp-block-spacer\"><\/div>\n\n\n\n<p><\/p>\n","protected":false},"excerpt":{"rendered":"<p>Accord\u00e9on chromatique Cours individuels et personnalis\u00e9s \u00e0 partir de 9 ans L\u2019animatrice\u00a0C\u00e9cile MONTEIL\u00a0vous propose des cours individuels et personnalis\u00e9s de 1 heure d\u2019accord\u00e9on chromatique,\u00a0adapt\u00e9s au niveau et au choix musical &hellip; <a href=\"https:\/\/mptpetitcharran.fr\/?page_id=250\" class=\"more-link\">Continue reading <span class=\"screen-reader-text\">Musique<\/span> <span class=\"meta-nav\">&rarr;<\/span><\/a><\/p>\n","protected":false},"author":1,"featured_media":0,"parent":0,"menu_order":0,"comment_status":"closed","ping_status":"closed","template":"","meta":{"footnotes":""},"class_list":["post-250","page","type-page","status-publish","hentry"],"yoast_head":"<!-- This site is optimized with the Yoast SEO plugin v27.0 - https:\/\/yoast.com\/product\/yoast-seo-wordpress\/ -->\n<title>Musique - Maison pour tous du Petit charran<\/title>\n<meta name=\"robots\" content=\"index, follow, max-snippet:-1, max-image-preview:large, max-video-preview:-1\" \/>\n<link rel=\"canonical\" href=\"https:\/\/mptpetitcharran.fr\/?page_id=250\" \/>\n<meta property=\"og:locale\" content=\"fr_FR\" \/>\n<meta property=\"og:type\" content=\"article\" \/>\n<meta property=\"og:title\" content=\"Musique - Maison pour tous du Petit charran\" \/>\n<meta property=\"og:description\" content=\"Accord\u00e9on chromatique Cours individuels et personnalis\u00e9s \u00e0 partir de 9 ans L\u2019animatrice\u00a0C\u00e9cile MONTEIL\u00a0vous propose des cours individuels et personnalis\u00e9s de 1 heure d\u2019accord\u00e9on chromatique,\u00a0adapt\u00e9s au niveau et au choix musical &hellip; Continue reading Musique &rarr;\" \/>\n<meta property=\"og:url\" content=\"https:\/\/mptpetitcharran.fr\/?page_id=250\" \/>\n<meta property=\"og:site_name\" content=\"Maison pour tous du Petit charran\" \/>\n<meta property=\"article:publisher\" content=\"https:\/\/www.facebook.com\/mptpetitcharran\" \/>\n<meta property=\"article:modified_time\" content=\"2025-07-03T12:25:15+00:00\" \/>\n<meta property=\"og:image\" content=\"http:\/\/mptpetitcharran.fr\/wp-content\/uploads\/2019\/07\/harmonica-1024x680.jpg\" \/>\n<meta name=\"twitter:card\" content=\"summary_large_image\" \/>\n<meta name=\"twitter:label1\" content=\"Dur\u00e9e de lecture estim\u00e9e\" \/>\n\t<meta name=\"twitter:data1\" content=\"2 minutes\" \/>\n<script type=\"application\/ld+json\" class=\"yoast-schema-graph\">{\"@context\":\"https:\/\/schema.org\",\"@graph\":[{\"@type\":\"WebPage\",\"@id\":\"https:\/\/mptpetitcharran.fr\/?page_id=250\",\"url\":\"https:\/\/mptpetitcharran.fr\/?page_id=250\",\"name\":\"Musique - Maison pour tous du Petit charran\",\"isPartOf\":{\"@id\":\"https:\/\/mptpetitcharran.fr\/#website\"},\"primaryImageOfPage\":{\"@id\":\"https:\/\/mptpetitcharran.fr\/?page_id=250#primaryimage\"},\"image\":{\"@id\":\"https:\/\/mptpetitcharran.fr\/?page_id=250#primaryimage\"},\"thumbnailUrl\":\"http:\/\/mptpetitcharran.fr\/wp-content\/uploads\/2019\/07\/harmonica-1024x680.jpg\",\"datePublished\":\"2019-06-06T14:05:28+00:00\",\"dateModified\":\"2025-07-03T12:25:15+00:00\",\"breadcrumb\":{\"@id\":\"https:\/\/mptpetitcharran.fr\/?page_id=250#breadcrumb\"},\"inLanguage\":\"fr-FR\",\"potentialAction\":[{\"@type\":\"ReadAction\",\"target\":[\"https:\/\/mptpetitcharran.fr\/?page_id=250\"]}]},{\"@type\":\"ImageObject\",\"inLanguage\":\"fr-FR\",\"@id\":\"https:\/\/mptpetitcharran.fr\/?page_id=250#primaryimage\",\"url\":\"http:\/\/mptpetitcharran.fr\/wp-content\/uploads\/2019\/07\/harmonica-1024x680.jpg\",\"contentUrl\":\"http:\/\/mptpetitcharran.fr\/wp-content\/uploads\/2019\/07\/harmonica-1024x680.jpg\"},{\"@type\":\"BreadcrumbList\",\"@id\":\"https:\/\/mptpetitcharran.fr\/?page_id=250#breadcrumb\",\"itemListElement\":[{\"@type\":\"ListItem\",\"position\":1,\"name\":\"Accueil\",\"item\":\"https:\/\/mptpetitcharran.fr\/\"},{\"@type\":\"ListItem\",\"position\":2,\"name\":\"Musique\"}]},{\"@type\":\"WebSite\",\"@id\":\"https:\/\/mptpetitcharran.fr\/#website\",\"url\":\"https:\/\/mptpetitcharran.fr\/\",\"name\":\"Maison pour tous du Petit charran\",\"description\":\"\",\"publisher\":{\"@id\":\"https:\/\/mptpetitcharran.fr\/#organization\"},\"potentialAction\":[{\"@type\":\"SearchAction\",\"target\":{\"@type\":\"EntryPoint\",\"urlTemplate\":\"https:\/\/mptpetitcharran.fr\/?s={search_term_string}\"},\"query-input\":{\"@type\":\"PropertyValueSpecification\",\"valueRequired\":true,\"valueName\":\"search_term_string\"}}],\"inLanguage\":\"fr-FR\"},{\"@type\":\"Organization\",\"@id\":\"https:\/\/mptpetitcharran.fr\/#organization\",\"name\":\"Maison pour tous du Petit charran\",\"url\":\"https:\/\/mptpetitcharran.fr\/\",\"logo\":{\"@type\":\"ImageObject\",\"inLanguage\":\"fr-FR\",\"@id\":\"https:\/\/mptpetitcharran.fr\/#\/schema\/logo\/image\/\",\"url\":\"http:\/\/mptpetitcharran.fr\/wp-content\/uploads\/2023\/07\/cropped-logo_mptpc.jpg\",\"contentUrl\":\"http:\/\/mptpetitcharran.fr\/wp-content\/uploads\/2023\/07\/cropped-logo_mptpc.jpg\",\"width\":532,\"height\":529,\"caption\":\"Maison pour tous du Petit charran\"},\"image\":{\"@id\":\"https:\/\/mptpetitcharran.fr\/#\/schema\/logo\/image\/\"},\"sameAs\":[\"https:\/\/www.facebook.com\/mptpetitcharran\",\"https:\/\/www.instagram.com\/mptpetitcharran\/\"]}]}<\/script>\n<!-- \/ Yoast SEO plugin. -->","yoast_head_json":{"title":"Musique - Maison pour tous du Petit charran","robots":{"index":"index","follow":"follow","max-snippet":"max-snippet:-1","max-image-preview":"max-image-preview:large","max-video-preview":"max-video-preview:-1"},"canonical":"https:\/\/mptpetitcharran.fr\/?page_id=250","og_locale":"fr_FR","og_type":"article","og_title":"Musique - Maison pour tous du Petit charran","og_description":"Accord\u00e9on chromatique Cours individuels et personnalis\u00e9s \u00e0 partir de 9 ans L\u2019animatrice\u00a0C\u00e9cile MONTEIL\u00a0vous propose des cours individuels et personnalis\u00e9s de 1 heure d\u2019accord\u00e9on chromatique,\u00a0adapt\u00e9s au niveau et au choix musical &hellip; Continue reading Musique &rarr;","og_url":"https:\/\/mptpetitcharran.fr\/?page_id=250","og_site_name":"Maison pour tous du Petit charran","article_publisher":"https:\/\/www.facebook.com\/mptpetitcharran","article_modified_time":"2025-07-03T12:25:15+00:00","og_image":[{"url":"http:\/\/mptpetitcharran.fr\/wp-content\/uploads\/2019\/07\/harmonica-1024x680.jpg","type":"","width":"","height":""}],"twitter_card":"summary_large_image","twitter_misc":{"Dur\u00e9e de lecture estim\u00e9e":"2 minutes"},"schema":{"@context":"https:\/\/schema.org","@graph":[{"@type":"WebPage","@id":"https:\/\/mptpetitcharran.fr\/?page_id=250","url":"https:\/\/mptpetitcharran.fr\/?page_id=250","name":"Musique - Maison pour tous du Petit charran","isPartOf":{"@id":"https:\/\/mptpetitcharran.fr\/#website"},"primaryImageOfPage":{"@id":"https:\/\/mptpetitcharran.fr\/?page_id=250#primaryimage"},"image":{"@id":"https:\/\/mptpetitcharran.fr\/?page_id=250#primaryimage"},"thumbnailUrl":"http:\/\/mptpetitcharran.fr\/wp-content\/uploads\/2019\/07\/harmonica-1024x680.jpg","datePublished":"2019-06-06T14:05:28+00:00","dateModified":"2025-07-03T12:25:15+00:00","breadcrumb":{"@id":"https:\/\/mptpetitcharran.fr\/?page_id=250#breadcrumb"},"inLanguage":"fr-FR","potentialAction":[{"@type":"ReadAction","target":["https:\/\/mptpetitcharran.fr\/?page_id=250"]}]},{"@type":"ImageObject","inLanguage":"fr-FR","@id":"https:\/\/mptpetitcharran.fr\/?page_id=250#primaryimage","url":"http:\/\/mptpetitcharran.fr\/wp-content\/uploads\/2019\/07\/harmonica-1024x680.jpg","contentUrl":"http:\/\/mptpetitcharran.fr\/wp-content\/uploads\/2019\/07\/harmonica-1024x680.jpg"},{"@type":"BreadcrumbList","@id":"https:\/\/mptpetitcharran.fr\/?page_id=250#breadcrumb","itemListElement":[{"@type":"ListItem","position":1,"name":"Accueil","item":"https:\/\/mptpetitcharran.fr\/"},{"@type":"ListItem","position":2,"name":"Musique"}]},{"@type":"WebSite","@id":"https:\/\/mptpetitcharran.fr\/#website","url":"https:\/\/mptpetitcharran.fr\/","name":"Maison pour tous du Petit charran","description":"","publisher":{"@id":"https:\/\/mptpetitcharran.fr\/#organization"},"potentialAction":[{"@type":"SearchAction","target":{"@type":"EntryPoint","urlTemplate":"https:\/\/mptpetitcharran.fr\/?s={search_term_string}"},"query-input":{"@type":"PropertyValueSpecification","valueRequired":true,"valueName":"search_term_string"}}],"inLanguage":"fr-FR"},{"@type":"Organization","@id":"https:\/\/mptpetitcharran.fr\/#organization","name":"Maison pour tous du Petit charran","url":"https:\/\/mptpetitcharran.fr\/","logo":{"@type":"ImageObject","inLanguage":"fr-FR","@id":"https:\/\/mptpetitcharran.fr\/#\/schema\/logo\/image\/","url":"http:\/\/mptpetitcharran.fr\/wp-content\/uploads\/2023\/07\/cropped-logo_mptpc.jpg","contentUrl":"http:\/\/mptpetitcharran.fr\/wp-content\/uploads\/2023\/07\/cropped-logo_mptpc.jpg","width":532,"height":529,"caption":"Maison pour tous du Petit charran"},"image":{"@id":"https:\/\/mptpetitcharran.fr\/#\/schema\/logo\/image\/"},"sameAs":["https:\/\/www.facebook.com\/mptpetitcharran","https:\/\/www.instagram.com\/mptpetitcharran\/"]}]}},"publishpress_future_action":{"enabled":false,"date":"2026-04-29 09:55:32","action":"change-status","newStatus":"draft","terms":[],"taxonomy":"","extraData":[]},"publishpress_future_workflow_manual_trigger":{"enabledWorkflows":[]},"_links":{"self":[{"href":"https:\/\/mptpetitcharran.fr\/index.php?rest_route=\/wp\/v2\/pages\/250","targetHints":{"allow":["GET"]}}],"collection":[{"href":"https:\/\/mptpetitcharran.fr\/index.php?rest_route=\/wp\/v2\/pages"}],"about":[{"href":"https:\/\/mptpetitcharran.fr\/index.php?rest_route=\/wp\/v2\/types\/page"}],"author":[{"embeddable":true,"href":"https:\/\/mptpetitcharran.fr\/index.php?rest_route=\/wp\/v2\/users\/1"}],"replies":[{"embeddable":true,"href":"https:\/\/mptpetitcharran.fr\/index.php?rest_route=%2Fwp%2Fv2%2Fcomments&post=250"}],"version-history":[{"count":76,"href":"https:\/\/mptpetitcharran.fr\/index.php?rest_route=\/wp\/v2\/pages\/250\/revisions"}],"predecessor-version":[{"id":6647,"href":"https:\/\/mptpetitcharran.fr\/index.php?rest_route=\/wp\/v2\/pages\/250\/revisions\/6647"}],"wp:attachment":[{"href":"https:\/\/mptpetitcharran.fr\/index.php?rest_route=%2Fwp%2Fv2%2Fmedia&parent=250"}],"curies":[{"name":"wp","href":"https:\/\/api.w.org\/{rel}","templated":true}]}}