{"id":227,"date":"2019-06-06T14:40:45","date_gmt":"2019-06-06T12:40:45","guid":{"rendered":"https:\/\/mptpc.wordpress.com\/?page_id=227"},"modified":"2025-07-03T09:53:06","modified_gmt":"2025-07-03T08:53:06","slug":"danses","status":"publish","type":"page","link":"https:\/\/mptpetitcharran.fr\/?page_id=227","title":{"rendered":"Danses Jeunesse"},"content":{"rendered":"\n<p class=\"has-text-align-center has-white-background-color has-background\"><strong>LES ACTIVIT\u00c9S, <strong>MARQU\u00c9ES (1)<\/strong>, SONT CONDUITES PAR DES ASSOCIATIONS IND\u00c9PENDANTES :<br>LE CO\u00dbT DE L\u2019ACTIVIT\u00c9 EST \u00c0 R\u00c9GLER DIRECTEMENT \u00c0 L\u2019INTERVENANT. <\/strong><br><strong>La carte d\u2019adh\u00e9sion est \u00e0 acquitter \u00e0 la MPT.<br>LES ACTIVIT\u00c9S, <strong>MARQU\u00c9ES *<\/strong>, N\u00c9CESSITENT UNE BONNE CONDITION PHYSIQUE ET SPORTIVE.<br>Assurez-vous aupr\u00e8s de votre m\u00e9decin traitant que vous \u00eates en capacit\u00e9 de pratiquer l\u2019activit\u00e9 choisie.<\/strong><\/p>\n\n\n\n<div style=\"height:20px\" aria-hidden=\"true\" class=\"wp-block-spacer\"><\/div>\n\n\n\n<div class=\"wp-block-media-text alignwide has-media-on-the-right is-stacked-on-mobile has-background\" style=\"background-color:#f4f3ef\"><div class=\"wp-block-media-text__content\">\n<p><\/p>\n\n\n\n<p class=\"has-text-align-center has-large-font-size\"><strong>Rock latino<\/strong> *<\/p>\n\n\n\n<p class=\"has-text-align-center\">L&rsquo;animatrice <strong>V\u00e9ronique CLARY<\/strong> <br>vous propose une activit\u00e9 qui consiste \u00e0 apprendre tout ce qui se danse en soci\u00e9t\u00e9 \u00e0 plusieurs ou seul : <em>rock, salsa, valse, chacha, tango, paso, madison<\/em><strong>, <\/strong><br><strong>les mercredis de 19h \u00e0 20h<\/strong>.<\/p>\n\n\n\n<ul class=\"wp-block-list\">\n<li>Individuel : <strong>152\u20ac par an<\/strong><\/li>\n\n\n\n<li>Couple : <strong>286\u20ac par an<\/strong><\/li>\n<\/ul>\n\n\n\n<p class=\"has-text-color\" style=\"color:#ffffff\"><em><strong>Information compl\u00e9mentaire :<\/strong><\/em><br>Les couples resteront en couple et ne changeront pas de partenaires.<\/p>\n\n\n\n<div style=\"height:24px\" aria-hidden=\"true\" class=\"wp-block-spacer\"><\/div>\n<\/div><figure class=\"wp-block-media-text__media\"><img loading=\"lazy\" decoding=\"async\" width=\"681\" height=\"1024\" src=\"https:\/\/mptpetitcharran.fr\/wp-content\/uploads\/2019\/07\/danse_latine-681x1024.jpg\" alt=\"\" class=\"wp-image-489 size-full\" srcset=\"https:\/\/mptpetitcharran.fr\/wp-content\/uploads\/2019\/07\/danse_latine-681x1024.jpg 681w, https:\/\/mptpetitcharran.fr\/wp-content\/uploads\/2019\/07\/danse_latine-199x300.jpg 199w, https:\/\/mptpetitcharran.fr\/wp-content\/uploads\/2019\/07\/danse_latine-768x1156.jpg 768w, https:\/\/mptpetitcharran.fr\/wp-content\/uploads\/2019\/07\/danse_latine-700x1053.jpg 700w, https:\/\/mptpetitcharran.fr\/wp-content\/uploads\/2019\/07\/danse_latine-266x400.jpg 266w, https:\/\/mptpetitcharran.fr\/wp-content\/uploads\/2019\/07\/danse_latine.jpg 1276w\" sizes=\"auto, (max-width: 681px) 100vw, 681px\" \/><\/figure><\/div>\n\n\n\n<div style=\"height:20px\" aria-hidden=\"true\" class=\"wp-block-spacer\"><\/div>\n\n\n\n<div class=\"wp-block-media-text alignwide is-stacked-on-mobile has-background\" style=\"background-color:#f4f3ef\"><figure class=\"wp-block-media-text__media\"><img loading=\"lazy\" decoding=\"async\" width=\"1024\" height=\"768\" src=\"https:\/\/mptpetitcharran.fr\/wp-content\/uploads\/2023\/07\/instruments-percussion-aux-cotes-rayures-multicolores-espace-copie-1024x768.jpg\" alt=\"\" class=\"wp-image-4488 size-full\" srcset=\"https:\/\/mptpetitcharran.fr\/wp-content\/uploads\/2023\/07\/instruments-percussion-aux-cotes-rayures-multicolores-espace-copie-1024x768.jpg 1024w, https:\/\/mptpetitcharran.fr\/wp-content\/uploads\/2023\/07\/instruments-percussion-aux-cotes-rayures-multicolores-espace-copie-300x225.jpg 300w, https:\/\/mptpetitcharran.fr\/wp-content\/uploads\/2023\/07\/instruments-percussion-aux-cotes-rayures-multicolores-espace-copie-768x576.jpg 768w, https:\/\/mptpetitcharran.fr\/wp-content\/uploads\/2023\/07\/instruments-percussion-aux-cotes-rayures-multicolores-espace-copie-1536x1152.jpg 1536w, https:\/\/mptpetitcharran.fr\/wp-content\/uploads\/2023\/07\/instruments-percussion-aux-cotes-rayures-multicolores-espace-copie-2048x1536.jpg 2048w, https:\/\/mptpetitcharran.fr\/wp-content\/uploads\/2023\/07\/instruments-percussion-aux-cotes-rayures-multicolores-espace-copie-700x525.jpg 700w, https:\/\/mptpetitcharran.fr\/wp-content\/uploads\/2023\/07\/instruments-percussion-aux-cotes-rayures-multicolores-espace-copie-2000x1500.jpg 2000w, https:\/\/mptpetitcharran.fr\/wp-content\/uploads\/2023\/07\/instruments-percussion-aux-cotes-rayures-multicolores-espace-copie-533x400.jpg 533w\" sizes=\"auto, (max-width: 1024px) 100vw, 1024px\" \/><\/figure><div class=\"wp-block-media-text__content\">\n<p><\/p>\n\n\n\n<p class=\"has-text-align-center has-large-font-size\"><strong>Danses africaines<\/strong> *<\/p>\n\n\n\n<p class=\"has-text-align-center\">Le danseur <strong>Adama OUATTARA<\/strong> et <br>le percussionniste <strong>Fouss\u00e9ni SANOU<\/strong> vous proposent une activ\u00e9 autour des danses africaines <br>tous les <strong>mercredis de 19h30 \u00e0 21h.<\/strong><br>Co\u00fbt : <strong>221\u20ac par an<\/strong>.<\/p>\n\n\n\n<div style=\"height:24px\" aria-hidden=\"true\" class=\"wp-block-spacer\"><\/div>\n<\/div><\/div>\n\n\n\n<div style=\"height:20px\" aria-hidden=\"true\" class=\"wp-block-spacer\"><\/div>\n","protected":false},"excerpt":{"rendered":"<p>LES ACTIVIT\u00c9S, MARQU\u00c9ES (1), SONT CONDUITES PAR DES ASSOCIATIONS IND\u00c9PENDANTES :LE CO\u00dbT DE L\u2019ACTIVIT\u00c9 EST \u00c0 R\u00c9GLER DIRECTEMENT \u00c0 L\u2019INTERVENANT. La carte d\u2019adh\u00e9sion est \u00e0 acquitter \u00e0 la MPT.LES ACTIVIT\u00c9S, &hellip; <a href=\"https:\/\/mptpetitcharran.fr\/?page_id=227\" class=\"more-link\">Continue reading <span class=\"screen-reader-text\">Danses Jeunesse<\/span> <span class=\"meta-nav\">&rarr;<\/span><\/a><\/p>\n","protected":false},"author":1,"featured_media":0,"parent":0,"menu_order":0,"comment_status":"closed","ping_status":"closed","template":"","meta":{"footnotes":""},"class_list":["post-227","page","type-page","status-publish","hentry"],"yoast_head":"<!-- This site is optimized with the Yoast SEO plugin v27.0 - https:\/\/yoast.com\/product\/yoast-seo-wordpress\/ -->\n<title>Danses Jeunesse - Maison pour tous du Petit charran<\/title>\n<meta name=\"robots\" content=\"index, follow, max-snippet:-1, max-image-preview:large, max-video-preview:-1\" \/>\n<link rel=\"canonical\" href=\"https:\/\/mptpetitcharran.fr\/?page_id=227\" \/>\n<meta property=\"og:locale\" content=\"fr_FR\" \/>\n<meta property=\"og:type\" content=\"article\" \/>\n<meta property=\"og:title\" content=\"Danses Jeunesse - Maison pour tous du Petit charran\" \/>\n<meta property=\"og:description\" content=\"LES ACTIVIT\u00c9S, MARQU\u00c9ES (1), SONT CONDUITES PAR DES ASSOCIATIONS IND\u00c9PENDANTES :LE CO\u00dbT DE L\u2019ACTIVIT\u00c9 EST \u00c0 R\u00c9GLER DIRECTEMENT \u00c0 L\u2019INTERVENANT. La carte d\u2019adh\u00e9sion est \u00e0 acquitter \u00e0 la MPT.LES ACTIVIT\u00c9S, &hellip; Continue reading Danses Jeunesse &rarr;\" \/>\n<meta property=\"og:url\" content=\"https:\/\/mptpetitcharran.fr\/?page_id=227\" \/>\n<meta property=\"og:site_name\" content=\"Maison pour tous du Petit charran\" \/>\n<meta property=\"article:publisher\" content=\"https:\/\/www.facebook.com\/mptpetitcharran\" \/>\n<meta property=\"article:modified_time\" content=\"2025-07-03T08:53:06+00:00\" \/>\n<meta property=\"og:image\" content=\"http:\/\/mptpetitcharran.fr\/wp-content\/uploads\/2019\/07\/danse_latine-681x1024.jpg\" \/>\n<meta name=\"twitter:card\" content=\"summary_large_image\" \/>\n<meta name=\"twitter:label1\" content=\"Dur\u00e9e de lecture estim\u00e9e\" \/>\n\t<meta name=\"twitter:data1\" content=\"2 minutes\" \/>\n<script type=\"application\/ld+json\" class=\"yoast-schema-graph\">{\"@context\":\"https:\/\/schema.org\",\"@graph\":[{\"@type\":\"WebPage\",\"@id\":\"https:\/\/mptpetitcharran.fr\/?page_id=227\",\"url\":\"https:\/\/mptpetitcharran.fr\/?page_id=227\",\"name\":\"Danses Jeunesse - Maison pour tous du Petit charran\",\"isPartOf\":{\"@id\":\"https:\/\/mptpetitcharran.fr\/#website\"},\"primaryImageOfPage\":{\"@id\":\"https:\/\/mptpetitcharran.fr\/?page_id=227#primaryimage\"},\"image\":{\"@id\":\"https:\/\/mptpetitcharran.fr\/?page_id=227#primaryimage\"},\"thumbnailUrl\":\"http:\/\/mptpetitcharran.fr\/wp-content\/uploads\/2019\/07\/danse_latine-681x1024.jpg\",\"datePublished\":\"2019-06-06T12:40:45+00:00\",\"dateModified\":\"2025-07-03T08:53:06+00:00\",\"breadcrumb\":{\"@id\":\"https:\/\/mptpetitcharran.fr\/?page_id=227#breadcrumb\"},\"inLanguage\":\"fr-FR\",\"potentialAction\":[{\"@type\":\"ReadAction\",\"target\":[\"https:\/\/mptpetitcharran.fr\/?page_id=227\"]}]},{\"@type\":\"ImageObject\",\"inLanguage\":\"fr-FR\",\"@id\":\"https:\/\/mptpetitcharran.fr\/?page_id=227#primaryimage\",\"url\":\"http:\/\/mptpetitcharran.fr\/wp-content\/uploads\/2019\/07\/danse_latine-681x1024.jpg\",\"contentUrl\":\"http:\/\/mptpetitcharran.fr\/wp-content\/uploads\/2019\/07\/danse_latine-681x1024.jpg\"},{\"@type\":\"BreadcrumbList\",\"@id\":\"https:\/\/mptpetitcharran.fr\/?page_id=227#breadcrumb\",\"itemListElement\":[{\"@type\":\"ListItem\",\"position\":1,\"name\":\"Accueil\",\"item\":\"https:\/\/mptpetitcharran.fr\/\"},{\"@type\":\"ListItem\",\"position\":2,\"name\":\"Danses Jeunesse\"}]},{\"@type\":\"WebSite\",\"@id\":\"https:\/\/mptpetitcharran.fr\/#website\",\"url\":\"https:\/\/mptpetitcharran.fr\/\",\"name\":\"Maison pour tous du Petit charran\",\"description\":\"\",\"publisher\":{\"@id\":\"https:\/\/mptpetitcharran.fr\/#organization\"},\"potentialAction\":[{\"@type\":\"SearchAction\",\"target\":{\"@type\":\"EntryPoint\",\"urlTemplate\":\"https:\/\/mptpetitcharran.fr\/?s={search_term_string}\"},\"query-input\":{\"@type\":\"PropertyValueSpecification\",\"valueRequired\":true,\"valueName\":\"search_term_string\"}}],\"inLanguage\":\"fr-FR\"},{\"@type\":\"Organization\",\"@id\":\"https:\/\/mptpetitcharran.fr\/#organization\",\"name\":\"Maison pour tous du Petit charran\",\"url\":\"https:\/\/mptpetitcharran.fr\/\",\"logo\":{\"@type\":\"ImageObject\",\"inLanguage\":\"fr-FR\",\"@id\":\"https:\/\/mptpetitcharran.fr\/#\/schema\/logo\/image\/\",\"url\":\"http:\/\/mptpetitcharran.fr\/wp-content\/uploads\/2023\/07\/cropped-logo_mptpc.jpg\",\"contentUrl\":\"http:\/\/mptpetitcharran.fr\/wp-content\/uploads\/2023\/07\/cropped-logo_mptpc.jpg\",\"width\":532,\"height\":529,\"caption\":\"Maison pour tous du Petit charran\"},\"image\":{\"@id\":\"https:\/\/mptpetitcharran.fr\/#\/schema\/logo\/image\/\"},\"sameAs\":[\"https:\/\/www.facebook.com\/mptpetitcharran\",\"https:\/\/www.instagram.com\/mptpetitcharran\/\"]}]}<\/script>\n<!-- \/ Yoast SEO plugin. -->","yoast_head_json":{"title":"Danses Jeunesse - Maison pour tous du Petit charran","robots":{"index":"index","follow":"follow","max-snippet":"max-snippet:-1","max-image-preview":"max-image-preview:large","max-video-preview":"max-video-preview:-1"},"canonical":"https:\/\/mptpetitcharran.fr\/?page_id=227","og_locale":"fr_FR","og_type":"article","og_title":"Danses Jeunesse - Maison pour tous du Petit charran","og_description":"LES ACTIVIT\u00c9S, MARQU\u00c9ES (1), SONT CONDUITES PAR DES ASSOCIATIONS IND\u00c9PENDANTES :LE CO\u00dbT DE L\u2019ACTIVIT\u00c9 EST \u00c0 R\u00c9GLER DIRECTEMENT \u00c0 L\u2019INTERVENANT. La carte d\u2019adh\u00e9sion est \u00e0 acquitter \u00e0 la MPT.LES ACTIVIT\u00c9S, &hellip; Continue reading Danses Jeunesse &rarr;","og_url":"https:\/\/mptpetitcharran.fr\/?page_id=227","og_site_name":"Maison pour tous du Petit charran","article_publisher":"https:\/\/www.facebook.com\/mptpetitcharran","article_modified_time":"2025-07-03T08:53:06+00:00","og_image":[{"url":"http:\/\/mptpetitcharran.fr\/wp-content\/uploads\/2019\/07\/danse_latine-681x1024.jpg","type":"","width":"","height":""}],"twitter_card":"summary_large_image","twitter_misc":{"Dur\u00e9e de lecture estim\u00e9e":"2 minutes"},"schema":{"@context":"https:\/\/schema.org","@graph":[{"@type":"WebPage","@id":"https:\/\/mptpetitcharran.fr\/?page_id=227","url":"https:\/\/mptpetitcharran.fr\/?page_id=227","name":"Danses Jeunesse - Maison pour tous du Petit charran","isPartOf":{"@id":"https:\/\/mptpetitcharran.fr\/#website"},"primaryImageOfPage":{"@id":"https:\/\/mptpetitcharran.fr\/?page_id=227#primaryimage"},"image":{"@id":"https:\/\/mptpetitcharran.fr\/?page_id=227#primaryimage"},"thumbnailUrl":"http:\/\/mptpetitcharran.fr\/wp-content\/uploads\/2019\/07\/danse_latine-681x1024.jpg","datePublished":"2019-06-06T12:40:45+00:00","dateModified":"2025-07-03T08:53:06+00:00","breadcrumb":{"@id":"https:\/\/mptpetitcharran.fr\/?page_id=227#breadcrumb"},"inLanguage":"fr-FR","potentialAction":[{"@type":"ReadAction","target":["https:\/\/mptpetitcharran.fr\/?page_id=227"]}]},{"@type":"ImageObject","inLanguage":"fr-FR","@id":"https:\/\/mptpetitcharran.fr\/?page_id=227#primaryimage","url":"http:\/\/mptpetitcharran.fr\/wp-content\/uploads\/2019\/07\/danse_latine-681x1024.jpg","contentUrl":"http:\/\/mptpetitcharran.fr\/wp-content\/uploads\/2019\/07\/danse_latine-681x1024.jpg"},{"@type":"BreadcrumbList","@id":"https:\/\/mptpetitcharran.fr\/?page_id=227#breadcrumb","itemListElement":[{"@type":"ListItem","position":1,"name":"Accueil","item":"https:\/\/mptpetitcharran.fr\/"},{"@type":"ListItem","position":2,"name":"Danses Jeunesse"}]},{"@type":"WebSite","@id":"https:\/\/mptpetitcharran.fr\/#website","url":"https:\/\/mptpetitcharran.fr\/","name":"Maison pour tous du Petit charran","description":"","publisher":{"@id":"https:\/\/mptpetitcharran.fr\/#organization"},"potentialAction":[{"@type":"SearchAction","target":{"@type":"EntryPoint","urlTemplate":"https:\/\/mptpetitcharran.fr\/?s={search_term_string}"},"query-input":{"@type":"PropertyValueSpecification","valueRequired":true,"valueName":"search_term_string"}}],"inLanguage":"fr-FR"},{"@type":"Organization","@id":"https:\/\/mptpetitcharran.fr\/#organization","name":"Maison pour tous du Petit charran","url":"https:\/\/mptpetitcharran.fr\/","logo":{"@type":"ImageObject","inLanguage":"fr-FR","@id":"https:\/\/mptpetitcharran.fr\/#\/schema\/logo\/image\/","url":"http:\/\/mptpetitcharran.fr\/wp-content\/uploads\/2023\/07\/cropped-logo_mptpc.jpg","contentUrl":"http:\/\/mptpetitcharran.fr\/wp-content\/uploads\/2023\/07\/cropped-logo_mptpc.jpg","width":532,"height":529,"caption":"Maison pour tous du Petit charran"},"image":{"@id":"https:\/\/mptpetitcharran.fr\/#\/schema\/logo\/image\/"},"sameAs":["https:\/\/www.facebook.com\/mptpetitcharran","https:\/\/www.instagram.com\/mptpetitcharran\/"]}]}},"publishpress_future_action":{"enabled":false,"date":"2026-04-27 04:56:09","action":"change-status","newStatus":"draft","terms":[],"taxonomy":"","extraData":[]},"publishpress_future_workflow_manual_trigger":{"enabledWorkflows":[]},"_links":{"self":[{"href":"https:\/\/mptpetitcharran.fr\/index.php?rest_route=\/wp\/v2\/pages\/227","targetHints":{"allow":["GET"]}}],"collection":[{"href":"https:\/\/mptpetitcharran.fr\/index.php?rest_route=\/wp\/v2\/pages"}],"about":[{"href":"https:\/\/mptpetitcharran.fr\/index.php?rest_route=\/wp\/v2\/types\/page"}],"author":[{"embeddable":true,"href":"https:\/\/mptpetitcharran.fr\/index.php?rest_route=\/wp\/v2\/users\/1"}],"replies":[{"embeddable":true,"href":"https:\/\/mptpetitcharran.fr\/index.php?rest_route=%2Fwp%2Fv2%2Fcomments&post=227"}],"version-history":[{"count":53,"href":"https:\/\/mptpetitcharran.fr\/index.php?rest_route=\/wp\/v2\/pages\/227\/revisions"}],"predecessor-version":[{"id":6643,"href":"https:\/\/mptpetitcharran.fr\/index.php?rest_route=\/wp\/v2\/pages\/227\/revisions\/6643"}],"wp:attachment":[{"href":"https:\/\/mptpetitcharran.fr\/index.php?rest_route=%2Fwp%2Fv2%2Fmedia&parent=227"}],"curies":[{"name":"wp","href":"https:\/\/api.w.org\/{rel}","templated":true}]}}