{"id":195,"date":"2019-06-06T10:05:53","date_gmt":"2019-06-06T08:05:53","guid":{"rendered":"https:\/\/mptpc.wordpress.com\/?page_id=195"},"modified":"2026-01-15T09:30:55","modified_gmt":"2026-01-15T08:30:55","slug":"notre-projet","status":"publish","type":"page","link":"https:\/\/mptpetitcharran.fr\/?page_id=195","title":{"rendered":"Notre projet"},"content":{"rendered":"\n<div data-wp-interactive=\"core\/file\" class=\"wp-block-file\"><object data-wp-bind--hidden=\"!state.hasPdfPreview\" hidden class=\"wp-block-file__embed\" data=\"https:\/\/mptpetitcharran.fr\/wp-content\/uploads\/2026\/01\/Projet-social-MPT-PC_26-27_VF.pdf\" type=\"application\/pdf\" style=\"width:100%;height:600px\" aria-label=\"Contenu embarqu\u00e9 Projet social MPT PC_26-27_VF.\"><\/object><a id=\"wp-block-file--media-cb3843fc-37ce-4539-b3c5-6527f022fefd\" href=\"https:\/\/mptpetitcharran.fr\/wp-content\/uploads\/2026\/01\/Projet-social-MPT-PC_26-27_VF.pdf\">Projet social MPT PC_26-27_VF<\/a><a href=\"https:\/\/mptpetitcharran.fr\/wp-content\/uploads\/2026\/01\/Projet-social-MPT-PC_26-27_VF.pdf\" class=\"wp-block-file__button wp-element-button\" download aria-describedby=\"wp-block-file--media-cb3843fc-37ce-4539-b3c5-6527f022fefd\">T\u00e9l\u00e9charger<\/a><\/div>\n","protected":false},"excerpt":{"rendered":"","protected":false},"author":1,"featured_media":0,"parent":0,"menu_order":0,"comment_status":"closed","ping_status":"closed","template":"","meta":{"footnotes":""},"class_list":["post-195","page","type-page","status-publish","hentry"],"yoast_head":"<!-- This site is optimized with the Yoast SEO plugin v27.0 - https:\/\/yoast.com\/product\/yoast-seo-wordpress\/ -->\n<title>Notre projet - Maison pour tous du Petit charran<\/title>\n<meta name=\"description\" content=\"Explorez le projet social de la Maison Pour Tous du Petit Charran : un lieu inspirant de connexion, d&#039;inclusion et de transformation sociale. D\u00e9couvrez comment la MPT encourage l&#039;\u00e9panouissement individuel et collectif \u00e0 travers une vari\u00e9t\u00e9 d&#039;activit\u00e9s, de programmes et de services ax\u00e9s sur l&#039;\u00e9ducation, la culture, le bien-\u00eatre et l&#039;engagement communautaire. Rejoignez nous pour construire ensemble une soci\u00e9t\u00e9 plus solidaire et \u00e9quilibr\u00e9e.\" \/>\n<meta name=\"robots\" content=\"index, follow, max-snippet:-1, max-image-preview:large, max-video-preview:-1\" \/>\n<link rel=\"canonical\" href=\"https:\/\/mptpetitcharran.fr\/?page_id=195\" \/>\n<meta property=\"og:locale\" content=\"fr_FR\" \/>\n<meta property=\"og:type\" content=\"article\" \/>\n<meta property=\"og:title\" content=\"Notre projet - Maison pour tous du Petit charran\" \/>\n<meta property=\"og:description\" content=\"Explorez le projet social de la Maison Pour Tous du Petit Charran : un lieu inspirant de connexion, d&#039;inclusion et de transformation sociale. D\u00e9couvrez comment la MPT encourage l&#039;\u00e9panouissement individuel et collectif \u00e0 travers une vari\u00e9t\u00e9 d&#039;activit\u00e9s, de programmes et de services ax\u00e9s sur l&#039;\u00e9ducation, la culture, le bien-\u00eatre et l&#039;engagement communautaire. Rejoignez nous pour construire ensemble une soci\u00e9t\u00e9 plus solidaire et \u00e9quilibr\u00e9e.\" \/>\n<meta property=\"og:url\" content=\"https:\/\/mptpetitcharran.fr\/?page_id=195\" \/>\n<meta property=\"og:site_name\" content=\"Maison pour tous du Petit charran\" \/>\n<meta property=\"article:publisher\" content=\"https:\/\/www.facebook.com\/mptpetitcharran\" \/>\n<meta property=\"article:modified_time\" content=\"2026-01-15T08:30:55+00:00\" \/>\n<meta name=\"twitter:card\" content=\"summary_large_image\" \/>\n<meta name=\"twitter:label1\" content=\"Dur\u00e9e de lecture estim\u00e9e\" \/>\n\t<meta name=\"twitter:data1\" content=\"1 minute\" \/>\n<script type=\"application\/ld+json\" class=\"yoast-schema-graph\">{\"@context\":\"https:\/\/schema.org\",\"@graph\":[{\"@type\":\"WebPage\",\"@id\":\"https:\/\/mptpetitcharran.fr\/?page_id=195\",\"url\":\"https:\/\/mptpetitcharran.fr\/?page_id=195\",\"name\":\"Notre projet - Maison pour tous du Petit charran\",\"isPartOf\":{\"@id\":\"https:\/\/mptpetitcharran.fr\/#website\"},\"datePublished\":\"2019-06-06T08:05:53+00:00\",\"dateModified\":\"2026-01-15T08:30:55+00:00\",\"description\":\"Explorez le projet social de la Maison Pour Tous du Petit Charran : un lieu inspirant de connexion, d'inclusion et de transformation sociale. D\u00e9couvrez comment la MPT encourage l'\u00e9panouissement individuel et collectif \u00e0 travers une vari\u00e9t\u00e9 d'activit\u00e9s, de programmes et de services ax\u00e9s sur l'\u00e9ducation, la culture, le bien-\u00eatre et l'engagement communautaire. Rejoignez nous pour construire ensemble une soci\u00e9t\u00e9 plus solidaire et \u00e9quilibr\u00e9e.\",\"breadcrumb\":{\"@id\":\"https:\/\/mptpetitcharran.fr\/?page_id=195#breadcrumb\"},\"inLanguage\":\"fr-FR\",\"potentialAction\":[{\"@type\":\"ReadAction\",\"target\":[\"https:\/\/mptpetitcharran.fr\/?page_id=195\"]}]},{\"@type\":\"BreadcrumbList\",\"@id\":\"https:\/\/mptpetitcharran.fr\/?page_id=195#breadcrumb\",\"itemListElement\":[{\"@type\":\"ListItem\",\"position\":1,\"name\":\"Accueil\",\"item\":\"https:\/\/mptpetitcharran.fr\/\"},{\"@type\":\"ListItem\",\"position\":2,\"name\":\"Notre projet\"}]},{\"@type\":\"WebSite\",\"@id\":\"https:\/\/mptpetitcharran.fr\/#website\",\"url\":\"https:\/\/mptpetitcharran.fr\/\",\"name\":\"Maison pour tous du Petit charran\",\"description\":\"\",\"publisher\":{\"@id\":\"https:\/\/mptpetitcharran.fr\/#organization\"},\"potentialAction\":[{\"@type\":\"SearchAction\",\"target\":{\"@type\":\"EntryPoint\",\"urlTemplate\":\"https:\/\/mptpetitcharran.fr\/?s={search_term_string}\"},\"query-input\":{\"@type\":\"PropertyValueSpecification\",\"valueRequired\":true,\"valueName\":\"search_term_string\"}}],\"inLanguage\":\"fr-FR\"},{\"@type\":\"Organization\",\"@id\":\"https:\/\/mptpetitcharran.fr\/#organization\",\"name\":\"Maison pour tous du Petit charran\",\"url\":\"https:\/\/mptpetitcharran.fr\/\",\"logo\":{\"@type\":\"ImageObject\",\"inLanguage\":\"fr-FR\",\"@id\":\"https:\/\/mptpetitcharran.fr\/#\/schema\/logo\/image\/\",\"url\":\"http:\/\/mptpetitcharran.fr\/wp-content\/uploads\/2023\/07\/cropped-logo_mptpc.jpg\",\"contentUrl\":\"http:\/\/mptpetitcharran.fr\/wp-content\/uploads\/2023\/07\/cropped-logo_mptpc.jpg\",\"width\":532,\"height\":529,\"caption\":\"Maison pour tous du Petit charran\"},\"image\":{\"@id\":\"https:\/\/mptpetitcharran.fr\/#\/schema\/logo\/image\/\"},\"sameAs\":[\"https:\/\/www.facebook.com\/mptpetitcharran\",\"https:\/\/www.instagram.com\/mptpetitcharran\/\"]}]}<\/script>\n<!-- \/ Yoast SEO plugin. -->","yoast_head_json":{"title":"Notre projet - Maison pour tous du Petit charran","description":"Explorez le projet social de la Maison Pour Tous du Petit Charran : un lieu inspirant de connexion, d'inclusion et de transformation sociale. D\u00e9couvrez comment la MPT encourage l'\u00e9panouissement individuel et collectif \u00e0 travers une vari\u00e9t\u00e9 d'activit\u00e9s, de programmes et de services ax\u00e9s sur l'\u00e9ducation, la culture, le bien-\u00eatre et l'engagement communautaire. Rejoignez nous pour construire ensemble une soci\u00e9t\u00e9 plus solidaire et \u00e9quilibr\u00e9e.","robots":{"index":"index","follow":"follow","max-snippet":"max-snippet:-1","max-image-preview":"max-image-preview:large","max-video-preview":"max-video-preview:-1"},"canonical":"https:\/\/mptpetitcharran.fr\/?page_id=195","og_locale":"fr_FR","og_type":"article","og_title":"Notre projet - Maison pour tous du Petit charran","og_description":"Explorez le projet social de la Maison Pour Tous du Petit Charran : un lieu inspirant de connexion, d'inclusion et de transformation sociale. D\u00e9couvrez comment la MPT encourage l'\u00e9panouissement individuel et collectif \u00e0 travers une vari\u00e9t\u00e9 d'activit\u00e9s, de programmes et de services ax\u00e9s sur l'\u00e9ducation, la culture, le bien-\u00eatre et l'engagement communautaire. Rejoignez nous pour construire ensemble une soci\u00e9t\u00e9 plus solidaire et \u00e9quilibr\u00e9e.","og_url":"https:\/\/mptpetitcharran.fr\/?page_id=195","og_site_name":"Maison pour tous du Petit charran","article_publisher":"https:\/\/www.facebook.com\/mptpetitcharran","article_modified_time":"2026-01-15T08:30:55+00:00","twitter_card":"summary_large_image","twitter_misc":{"Dur\u00e9e de lecture estim\u00e9e":"1 minute"},"schema":{"@context":"https:\/\/schema.org","@graph":[{"@type":"WebPage","@id":"https:\/\/mptpetitcharran.fr\/?page_id=195","url":"https:\/\/mptpetitcharran.fr\/?page_id=195","name":"Notre projet - Maison pour tous du Petit charran","isPartOf":{"@id":"https:\/\/mptpetitcharran.fr\/#website"},"datePublished":"2019-06-06T08:05:53+00:00","dateModified":"2026-01-15T08:30:55+00:00","description":"Explorez le projet social de la Maison Pour Tous du Petit Charran : un lieu inspirant de connexion, d'inclusion et de transformation sociale. D\u00e9couvrez comment la MPT encourage l'\u00e9panouissement individuel et collectif \u00e0 travers une vari\u00e9t\u00e9 d'activit\u00e9s, de programmes et de services ax\u00e9s sur l'\u00e9ducation, la culture, le bien-\u00eatre et l'engagement communautaire. Rejoignez nous pour construire ensemble une soci\u00e9t\u00e9 plus solidaire et \u00e9quilibr\u00e9e.","breadcrumb":{"@id":"https:\/\/mptpetitcharran.fr\/?page_id=195#breadcrumb"},"inLanguage":"fr-FR","potentialAction":[{"@type":"ReadAction","target":["https:\/\/mptpetitcharran.fr\/?page_id=195"]}]},{"@type":"BreadcrumbList","@id":"https:\/\/mptpetitcharran.fr\/?page_id=195#breadcrumb","itemListElement":[{"@type":"ListItem","position":1,"name":"Accueil","item":"https:\/\/mptpetitcharran.fr\/"},{"@type":"ListItem","position":2,"name":"Notre projet"}]},{"@type":"WebSite","@id":"https:\/\/mptpetitcharran.fr\/#website","url":"https:\/\/mptpetitcharran.fr\/","name":"Maison pour tous du Petit charran","description":"","publisher":{"@id":"https:\/\/mptpetitcharran.fr\/#organization"},"potentialAction":[{"@type":"SearchAction","target":{"@type":"EntryPoint","urlTemplate":"https:\/\/mptpetitcharran.fr\/?s={search_term_string}"},"query-input":{"@type":"PropertyValueSpecification","valueRequired":true,"valueName":"search_term_string"}}],"inLanguage":"fr-FR"},{"@type":"Organization","@id":"https:\/\/mptpetitcharran.fr\/#organization","name":"Maison pour tous du Petit charran","url":"https:\/\/mptpetitcharran.fr\/","logo":{"@type":"ImageObject","inLanguage":"fr-FR","@id":"https:\/\/mptpetitcharran.fr\/#\/schema\/logo\/image\/","url":"http:\/\/mptpetitcharran.fr\/wp-content\/uploads\/2023\/07\/cropped-logo_mptpc.jpg","contentUrl":"http:\/\/mptpetitcharran.fr\/wp-content\/uploads\/2023\/07\/cropped-logo_mptpc.jpg","width":532,"height":529,"caption":"Maison pour tous du Petit charran"},"image":{"@id":"https:\/\/mptpetitcharran.fr\/#\/schema\/logo\/image\/"},"sameAs":["https:\/\/www.facebook.com\/mptpetitcharran","https:\/\/www.instagram.com\/mptpetitcharran\/"]}]}},"publishpress_future_action":{"enabled":false,"date":"2026-04-27 06:36:00","action":"change-status","newStatus":"draft","terms":[],"taxonomy":"","extraData":[]},"publishpress_future_workflow_manual_trigger":{"enabledWorkflows":[]},"_links":{"self":[{"href":"https:\/\/mptpetitcharran.fr\/index.php?rest_route=\/wp\/v2\/pages\/195","targetHints":{"allow":["GET"]}}],"collection":[{"href":"https:\/\/mptpetitcharran.fr\/index.php?rest_route=\/wp\/v2\/pages"}],"about":[{"href":"https:\/\/mptpetitcharran.fr\/index.php?rest_route=\/wp\/v2\/types\/page"}],"author":[{"embeddable":true,"href":"https:\/\/mptpetitcharran.fr\/index.php?rest_route=\/wp\/v2\/users\/1"}],"replies":[{"embeddable":true,"href":"https:\/\/mptpetitcharran.fr\/index.php?rest_route=%2Fwp%2Fv2%2Fcomments&post=195"}],"version-history":[{"count":16,"href":"https:\/\/mptpetitcharran.fr\/index.php?rest_route=\/wp\/v2\/pages\/195\/revisions"}],"predecessor-version":[{"id":6902,"href":"https:\/\/mptpetitcharran.fr\/index.php?rest_route=\/wp\/v2\/pages\/195\/revisions\/6902"}],"wp:attachment":[{"href":"https:\/\/mptpetitcharran.fr\/index.php?rest_route=%2Fwp%2Fv2%2Fmedia&parent=195"}],"curies":[{"name":"wp","href":"https:\/\/api.w.org\/{rel}","templated":true}]}}