{"id":194,"date":"2019-06-06T10:05:49","date_gmt":"2019-06-06T08:05:49","guid":{"rendered":"https:\/\/mptpc.wordpress.com\/?page_id=194"},"modified":"2025-06-27T10:52:06","modified_gmt":"2025-06-27T09:52:06","slug":"nos-partenaires","status":"publish","type":"page","link":"https:\/\/mptpetitcharran.fr\/?page_id=194","title":{"rendered":"Nos partenaires"},"content":{"rendered":"\n<p class=\"has-white-background-color has-background\" style=\"font-size:18px\"><strong>La MPT est affili\u00e9e \u00e0 :<\/strong><\/p>\n\n\n\n<ul class=\"wp-block-list\">\n<li><strong>La F\u00e9d\u00e9ration L\u00e9o Lagrange<\/strong><\/li>\n<\/ul>\n\n\n\n<div class=\"wp-block-columns has-white-background-color has-background is-layout-flex wp-container-core-columns-is-layout-9d6595d7 wp-block-columns-is-layout-flex\">\n<div class=\"wp-block-column is-layout-flow wp-block-column-is-layout-flow\" style=\"flex-basis:60%\">\n<p>Adh\u00e9rer \u00e0 la F\u00e9d\u00e9ration L\u00e9o Lagrange, c\u2019est avant tout adh\u00e9rer \u00e0 des valeurs, soutenir un projet : celui de l\u2019\u00e9ducation populaire. Tout comme L\u00e9o Lagrange, figure majeure du Front Populaire et d\u00e9fenseur d\u2019un temps libre au service du progr\u00e8s collectif et individuel, le mouvement qui porte son nom se bat pour une soci\u00e9t\u00e9 plus juste, plus tol\u00e9rante, plus responsable. En \u00e9tant \u00e0 la fois actrice et promotrice, la F\u00e9d\u00e9ration L\u00e9o Lagrange con\u00e7oit l\u2019\u00e9ducation populaire comme un moyen de s\u2019\u00e9panouir tout au long de la vie, de s\u2019emparer de sa citoyennet\u00e9, de rendre concret le concept<br>du \u00abvivre ensemble\u00bb.<br>Adh\u00e9rer \u00e0 la F\u00e9d\u00e9ration L\u00e9o Lagrange, c\u2019est se reconna\u00eetre dans son projet \u00e9ducatif et le faire vivre au quotidien dans son association. L\u2019acc\u00e8s \u00e0 la culture, aux loisirs, au sport, \u00e0 la connaissance, \u00e0 la convivialit\u00e9 et \u00e0 la rencontre compte parmi les combats men\u00e9s par les 360 associations du r\u00e9seau L\u00e9o Lagrange. L\u2019initiative m\u00eame de s\u2019associer, au croisement de la participation, du rassemblement, de l\u2019engagement et de l\u2019\u00e9ducation, concourt \u00e0 l\u2019id\u00e9e de \u00abfaire soci\u00e9t\u00e9\u00bb.<br>\u00catre adh\u00e9rent \u00e0 la F\u00e9d\u00e9ration L\u00e9o Lagrange permet de b\u00e9n\u00e9ficier de son expertise, de ses r\u00e9seaux et agr\u00e9ments nationaux, et de participer \u00e0 ses projets tout au long de l\u2019ann\u00e9e.<\/p>\n<\/div>\n\n\n\n<div class=\"wp-block-column is-layout-flow wp-block-column-is-layout-flow\" style=\"flex-basis:30%\">\n<figure class=\"wp-block-image size-full\"><img loading=\"lazy\" decoding=\"async\" width=\"189\" height=\"150\" src=\"https:\/\/mptpetitcharran.fr\/wp-content\/uploads\/2025\/06\/logo-leo-lagrange-carre-150.png\" alt=\"\" class=\"wp-image-6340\"\/><\/figure>\n<\/div>\n<\/div>\n\n\n\n<ul class=\"wp-block-list has-white-background-color has-background\">\n<li><strong>La F\u00e9d\u00e9ration de Kin-Ball FRANCE<\/strong><\/li>\n\n\n\n<li><strong>La F\u00e9d\u00e9ration Fran\u00e7aise de Randonn\u00e9e P\u00e9destre<\/strong><\/li>\n\n\n\n<li><strong>R\u00e9f\u00e9renc\u00e9 Handiguide des sports<\/strong><\/li>\n<\/ul>\n\n\n\n<div class=\"wp-block-columns has-2-columns is-layout-flex wp-container-core-columns-is-layout-9d6595d7 wp-block-columns-is-layout-flex\">\n<div class=\"wp-block-column is-layout-flow wp-block-column-is-layout-flow\">\n<figure class=\"wp-block-image is-resized\"><img loading=\"lazy\" decoding=\"async\" width=\"250\" height=\"191\" src=\"https:\/\/mptpetitcharran.fr\/wp-content\/uploads\/2019\/09\/kinball_partenaire.png\" alt=\"\" class=\"wp-image-1637\" style=\"width:220px;height:168px\"\/><\/figure>\n\n\n\n<figure class=\"wp-block-image size-large is-style-default\"><img loading=\"lazy\" decoding=\"async\" width=\"1024\" height=\"975\" src=\"https:\/\/mptpetitcharran.fr\/wp-content\/uploads\/2024\/02\/autocollant_numerique_hd_handiguide-1024x975.png\" alt=\"\" class=\"wp-image-5152\" srcset=\"https:\/\/mptpetitcharran.fr\/wp-content\/uploads\/2024\/02\/autocollant_numerique_hd_handiguide-1024x975.png 1024w, https:\/\/mptpetitcharran.fr\/wp-content\/uploads\/2024\/02\/autocollant_numerique_hd_handiguide-300x286.png 300w, https:\/\/mptpetitcharran.fr\/wp-content\/uploads\/2024\/02\/autocollant_numerique_hd_handiguide-768x731.png 768w, https:\/\/mptpetitcharran.fr\/wp-content\/uploads\/2024\/02\/autocollant_numerique_hd_handiguide-1536x1462.png 1536w, https:\/\/mptpetitcharran.fr\/wp-content\/uploads\/2024\/02\/autocollant_numerique_hd_handiguide-2048x1950.png 2048w, https:\/\/mptpetitcharran.fr\/wp-content\/uploads\/2024\/02\/autocollant_numerique_hd_handiguide-700x666.png 700w, https:\/\/mptpetitcharran.fr\/wp-content\/uploads\/2024\/02\/autocollant_numerique_hd_handiguide-2000x1904.png 2000w, https:\/\/mptpetitcharran.fr\/wp-content\/uploads\/2024\/02\/autocollant_numerique_hd_handiguide-420x400.png 420w\" sizes=\"auto, (max-width: 1024px) 100vw, 1024px\" \/><\/figure>\n<\/div>\n\n\n\n<div class=\"wp-block-column is-layout-flow wp-block-column-is-layout-flow\">\n<figure class=\"wp-block-image\"><img loading=\"lazy\" decoding=\"async\" width=\"250\" height=\"85\" src=\"https:\/\/mptpetitcharran.fr\/wp-content\/uploads\/2019\/09\/frr_partenaire_rando.jpg\" alt=\"\" class=\"wp-image-1636\"\/><\/figure>\n<\/div>\n<\/div>\n\n\n\n<div class=\"wp-block-columns is-layout-flex wp-container-core-columns-is-layout-9d6595d7 wp-block-columns-is-layout-flex\">\n<div class=\"wp-block-column is-layout-flow wp-block-column-is-layout-flow\">\n<ul class=\"wp-block-list\">\n<li><strong>L&rsquo;Association Nationale des Tiers-Lieux<\/strong><\/li>\n<\/ul>\n<\/div>\n\n\n\n<div class=\"wp-block-column is-layout-flow wp-block-column-is-layout-flow\">\n<figure class=\"wp-block-image size-full is-resized is-style-default\"><img loading=\"lazy\" decoding=\"async\" width=\"998\" height=\"917\" src=\"https:\/\/mptpetitcharran.fr\/wp-content\/uploads\/2023\/06\/LOGO_RS.png\" alt=\"\" class=\"wp-image-4365\" style=\"width:171px;height:157px\" srcset=\"https:\/\/mptpetitcharran.fr\/wp-content\/uploads\/2023\/06\/LOGO_RS.png 998w, https:\/\/mptpetitcharran.fr\/wp-content\/uploads\/2023\/06\/LOGO_RS-300x276.png 300w, https:\/\/mptpetitcharran.fr\/wp-content\/uploads\/2023\/06\/LOGO_RS-768x706.png 768w, https:\/\/mptpetitcharran.fr\/wp-content\/uploads\/2023\/06\/LOGO_RS-700x643.png 700w, https:\/\/mptpetitcharran.fr\/wp-content\/uploads\/2023\/06\/LOGO_RS-435x400.png 435w\" sizes=\"auto, (max-width: 998px) 100vw, 998px\" \/><\/figure>\n<\/div>\n<\/div>\n\n\n\n<div class=\"wp-block-columns is-layout-flex wp-container-core-columns-is-layout-9d6595d7 wp-block-columns-is-layout-flex\">\n<div class=\"wp-block-column is-layout-flow wp-block-column-is-layout-flow\"><\/div>\n<\/div>\n\n\n\n<p class=\"has-white-background-color has-background\" style=\"font-size:18px\"><strong>La MPT est conventionn\u00e9e avec :&nbsp;<\/strong><\/p>\n\n\n\n<ul class=\"wp-block-list has-white-background-color has-background\">\n<li><strong>La ville de Valence<\/strong><\/li>\n\n\n\n<li><strong>La CAF de la Dr\u00f4me<\/strong><\/li>\n\n\n\n<li><strong>Le D\u00e9partement de la Dr\u00f4me<\/strong><\/li>\n\n\n\n<li><strong>La MSA Ard\u00e8che Dr\u00f4me Loire<\/strong><\/li>\n<\/ul>\n\n\n\n<div class=\"wp-block-columns has-3-columns is-layout-flex wp-container-core-columns-is-layout-9d6595d7 wp-block-columns-is-layout-flex\">\n<div class=\"wp-block-column is-layout-flow wp-block-column-is-layout-flow\">\n<figure class=\"wp-block-image is-resized\"><img loading=\"lazy\" decoding=\"async\" width=\"700\" height=\"1024\" src=\"https:\/\/mptpetitcharran.fr\/wp-content\/uploads\/2019\/09\/REP_Logo_CAF_de_la_drome-1-700x1024.jpg\" alt=\"\" class=\"wp-image-1442\" style=\"width:104px;height:152px\" srcset=\"https:\/\/mptpetitcharran.fr\/wp-content\/uploads\/2019\/09\/REP_Logo_CAF_de_la_drome-1-700x1024.jpg 700w, https:\/\/mptpetitcharran.fr\/wp-content\/uploads\/2019\/09\/REP_Logo_CAF_de_la_drome-1-205x300.jpg 205w, https:\/\/mptpetitcharran.fr\/wp-content\/uploads\/2019\/09\/REP_Logo_CAF_de_la_drome-1-768x1123.jpg 768w, https:\/\/mptpetitcharran.fr\/wp-content\/uploads\/2019\/09\/REP_Logo_CAF_de_la_drome-1-273x400.jpg 273w, https:\/\/mptpetitcharran.fr\/wp-content\/uploads\/2019\/09\/REP_Logo_CAF_de_la_drome-1.jpg 1286w\" sizes=\"auto, (max-width: 700px) 100vw, 700px\" \/><\/figure>\n<\/div>\n\n\n\n<div class=\"wp-block-column is-layout-flow wp-block-column-is-layout-flow\"><div class=\"wp-block-image\">\n<figure class=\"aligncenter is-resized\"><img loading=\"lazy\" decoding=\"async\" width=\"1024\" height=\"476\" src=\"https:\/\/mptpetitcharran.fr\/wp-content\/uploads\/2019\/07\/1280px-Mutualite_sociale_agricole_logo.svg_-1024x476.png\" alt=\"\" class=\"wp-image-753\" style=\"width:226px;height:105px\" srcset=\"https:\/\/mptpetitcharran.fr\/wp-content\/uploads\/2019\/07\/1280px-Mutualite_sociale_agricole_logo.svg_-1024x476.png 1024w, https:\/\/mptpetitcharran.fr\/wp-content\/uploads\/2019\/07\/1280px-Mutualite_sociale_agricole_logo.svg_-300x139.png 300w, https:\/\/mptpetitcharran.fr\/wp-content\/uploads\/2019\/07\/1280px-Mutualite_sociale_agricole_logo.svg_-768x357.png 768w, https:\/\/mptpetitcharran.fr\/wp-content\/uploads\/2019\/07\/1280px-Mutualite_sociale_agricole_logo.svg_-700x325.png 700w, https:\/\/mptpetitcharran.fr\/wp-content\/uploads\/2019\/07\/1280px-Mutualite_sociale_agricole_logo.svg_-861x400.png 861w, https:\/\/mptpetitcharran.fr\/wp-content\/uploads\/2019\/07\/1280px-Mutualite_sociale_agricole_logo.svg_.png 1280w\" sizes=\"auto, (max-width: 1024px) 100vw, 1024px\" \/><\/figure>\n<\/div><\/div>\n\n\n\n<div class=\"wp-block-column is-layout-flow wp-block-column-is-layout-flow\"><div class=\"wp-block-image\">\n<figure class=\"aligncenter is-resized\"><img loading=\"lazy\" decoding=\"async\" width=\"499\" height=\"499\" src=\"https:\/\/mptpetitcharran.fr\/wp-content\/uploads\/2019\/07\/logo-ville-de-valence.png\" alt=\"\" class=\"wp-image-754\" style=\"width:160px;height:160px\" srcset=\"https:\/\/mptpetitcharran.fr\/wp-content\/uploads\/2019\/07\/logo-ville-de-valence.png 499w, https:\/\/mptpetitcharran.fr\/wp-content\/uploads\/2019\/07\/logo-ville-de-valence-150x150.png 150w, https:\/\/mptpetitcharran.fr\/wp-content\/uploads\/2019\/07\/logo-ville-de-valence-300x300.png 300w, https:\/\/mptpetitcharran.fr\/wp-content\/uploads\/2019\/07\/logo-ville-de-valence-100x100.png 100w, https:\/\/mptpetitcharran.fr\/wp-content\/uploads\/2019\/07\/logo-ville-de-valence-400x400.png 400w\" sizes=\"auto, (max-width: 499px) 100vw, 499px\" \/><\/figure>\n<\/div><\/div>\n\n\n\n<div class=\"wp-block-column is-layout-flow wp-block-column-is-layout-flow\">\n<figure class=\"wp-block-image size-full is-style-default\"><img loading=\"lazy\" decoding=\"async\" width=\"696\" height=\"714\" src=\"https:\/\/mptpetitcharran.fr\/wp-content\/uploads\/2023\/06\/logo-dromequadri.png\" alt=\"\" class=\"wp-image-4364\" srcset=\"https:\/\/mptpetitcharran.fr\/wp-content\/uploads\/2023\/06\/logo-dromequadri.png 696w, https:\/\/mptpetitcharran.fr\/wp-content\/uploads\/2023\/06\/logo-dromequadri-292x300.png 292w, https:\/\/mptpetitcharran.fr\/wp-content\/uploads\/2023\/06\/logo-dromequadri-390x400.png 390w\" sizes=\"auto, (max-width: 696px) 100vw, 696px\" \/><\/figure>\n<\/div>\n<\/div>\n\n\n<div class=\"wp-block-image\">\n<figure class=\"alignright is-resized\"><img loading=\"lazy\" decoding=\"async\" width=\"267\" height=\"300\" src=\"https:\/\/mptpetitcharran.fr\/wp-content\/uploads\/2019\/07\/ddcs.jpg\" alt=\"\" class=\"wp-image-751\" style=\"width:152px;height:171px\"\/><\/figure>\n<\/div>\n\n\n<p class=\"has-white-background-color has-background\" style=\"font-size:18px\"><strong>La MPT est agr\u00e9\u00e9e \/ habilit\u00e9e par la DDCS&nbsp; :&nbsp;<\/strong><\/p>\n\n\n\n<ul class=\"wp-block-list has-white-background-color has-background\">\n<li><strong>Jeunesse \u00c9ducation Populaire<\/strong><\/li>\n\n\n\n<li><strong>Sport<\/strong><\/li>\n\n\n\n<li><strong>Accueil Collectif de Mineur<\/strong><\/li>\n\n\n\n<li><strong>Service Civique<br><\/strong><\/li>\n<\/ul>\n\n\n\n<div class=\"wp-block-columns is-layout-flex wp-container-core-columns-is-layout-9d6595d7 wp-block-columns-is-layout-flex\">\n<div class=\"wp-block-column is-layout-flow wp-block-column-is-layout-flow\">\n<p><strong>La MPT est reconnue comme structure labellis\u00e9e Guid&rsquo;Asso<\/strong>.<\/p>\n<\/div>\n\n\n\n<div class=\"wp-block-column is-layout-flow wp-block-column-is-layout-flow\">\n<figure class=\"wp-block-image size-full\"><img loading=\"lazy\" decoding=\"async\" width=\"528\" height=\"198\" src=\"https:\/\/mptpetitcharran.fr\/wp-content\/uploads\/2025\/06\/guid-asso-accompagnement-g-n-raliste-33696.png\" alt=\"\" class=\"wp-image-6342\" srcset=\"https:\/\/mptpetitcharran.fr\/wp-content\/uploads\/2025\/06\/guid-asso-accompagnement-g-n-raliste-33696.png 528w, https:\/\/mptpetitcharran.fr\/wp-content\/uploads\/2025\/06\/guid-asso-accompagnement-g-n-raliste-33696-300x113.png 300w\" sizes=\"auto, (max-width: 528px) 100vw, 528px\" \/><\/figure>\n<\/div>\n<\/div>\n\n\n\n<div class=\"wp-block-columns is-layout-flex wp-container-core-columns-is-layout-9d6595d7 wp-block-columns-is-layout-flex\">\n<div class=\"wp-block-column is-layout-flow wp-block-column-is-layout-flow\" style=\"flex-basis:60%\">\n<p class=\"has-white-background-color has-background\" style=\"font-size:18px\"><strong>Elle dispose depuis 2017 d\u2019un agr\u00e9ment Centre Social attribu\u00e9 par la CAF de la Dr\u00f4me<br><\/strong><\/p>\n\n\n\n<p class=\"has-white-background-color has-background\">Ouvert \u00e0 tous les publics, un centre social est un \u00e9quipement de proximit\u00e9. Il constitue \u00e0 ce titre un outil de d\u00e9veloppement social qui permet \u00e0 la population, avec l\u2019appui de professionnels et dans une logique de coop\u00e9ration, de trouver des r\u00e9ponses \u00e0 de multiples questions de la vie quotidienne et \u00e0 des probl\u00e9matiques territoriales. C\u2019est un espace de vie collective qui accompagne les projets des habitants et contribue \u00e0 l\u2019\u00e9panouissement des personnes et au \u00ab vivre ensemble \u00bb. C\u2019est un lieu ouvert aux habitants, un espace de rencontres et d\u2019initiatives qui apporte une plus-value \u00e0 l\u2019animation de la vie sociale locale. Anim\u00e9 par une \u00e9quipe de professionnels et de b\u00e9n\u00e9voles, un centre social a pour objectif global de rompre l\u2019isolement des habitants d\u2019un territoire, de pr\u00e9venir et r\u00e9duire les exclusions, de renforcer les solidarit\u00e9s entre les personnes en les \u00ab int\u00e9grant \u00bb dans des projets collectifs, leur permettant d\u2019\u00eatre acteurs et d\u2019assumer un r\u00f4le social au sein d\u2019un collectif ou sur le territoire par la participation des usagers-habitants. Un centre social est un lieu d\u2019animation de la vie sociale permettant aux habitants d\u2019exprimer, de concevoir et de r\u00e9aliser leurs projets. L\u2019agr\u00e9ment du projet du centre social est d\u00e9livr\u00e9 par le Conseil d\u2019Administration de la CAF.<\/p>\n<\/div>\n\n\n\n<div class=\"wp-block-column is-layout-flow wp-block-column-is-layout-flow\" style=\"flex-basis:30%\">\n<figure class=\"wp-block-image size-full is-style-default\"><img loading=\"lazy\" decoding=\"async\" width=\"186\" height=\"272\" src=\"https:\/\/mptpetitcharran.fr\/wp-content\/uploads\/2023\/06\/telechargement.png\" alt=\"\" class=\"wp-image-4367\"\/><\/figure>\n<\/div>\n<\/div>\n","protected":false},"excerpt":{"rendered":"<p>La MPT est affili\u00e9e \u00e0 : Adh\u00e9rer \u00e0 la F\u00e9d\u00e9ration L\u00e9o Lagrange, c\u2019est avant tout adh\u00e9rer \u00e0 des valeurs, soutenir un projet : celui de l\u2019\u00e9ducation populaire. Tout comme L\u00e9o &hellip; <a href=\"https:\/\/mptpetitcharran.fr\/?page_id=194\" class=\"more-link\">Continue reading <span class=\"screen-reader-text\">Nos partenaires<\/span> <span class=\"meta-nav\">&rarr;<\/span><\/a><\/p>\n","protected":false},"author":1,"featured_media":0,"parent":0,"menu_order":0,"comment_status":"closed","ping_status":"closed","template":"","meta":{"footnotes":""},"class_list":["post-194","page","type-page","status-publish","hentry"],"yoast_head":"<!-- This site is optimized with the Yoast SEO plugin v27.0 - https:\/\/yoast.com\/product\/yoast-seo-wordpress\/ -->\n<title>Nos partenaires - Maison pour tous du Petit charran<\/title>\n<meta name=\"robots\" content=\"index, follow, max-snippet:-1, max-image-preview:large, max-video-preview:-1\" \/>\n<link rel=\"canonical\" href=\"https:\/\/mptpetitcharran.fr\/?page_id=194\" \/>\n<meta property=\"og:locale\" content=\"fr_FR\" \/>\n<meta property=\"og:type\" content=\"article\" \/>\n<meta property=\"og:title\" content=\"Nos partenaires - Maison pour tous du Petit charran\" \/>\n<meta property=\"og:description\" content=\"La MPT est affili\u00e9e \u00e0 : Adh\u00e9rer \u00e0 la F\u00e9d\u00e9ration L\u00e9o Lagrange, c\u2019est avant tout adh\u00e9rer \u00e0 des valeurs, soutenir un projet : celui de l\u2019\u00e9ducation populaire. Tout comme L\u00e9o &hellip; Continue reading Nos partenaires &rarr;\" \/>\n<meta property=\"og:url\" content=\"https:\/\/mptpetitcharran.fr\/?page_id=194\" \/>\n<meta property=\"og:site_name\" content=\"Maison pour tous du Petit charran\" \/>\n<meta property=\"article:publisher\" content=\"https:\/\/www.facebook.com\/mptpetitcharran\" \/>\n<meta property=\"article:modified_time\" content=\"2025-06-27T09:52:06+00:00\" \/>\n<meta property=\"og:image\" content=\"https:\/\/mptpetitcharran.fr\/wp-content\/uploads\/2025\/06\/logo-leo-lagrange-carre-150.png\" \/>\n\t<meta property=\"og:image:width\" content=\"189\" \/>\n\t<meta property=\"og:image:height\" content=\"150\" \/>\n\t<meta property=\"og:image:type\" content=\"image\/png\" \/>\n<meta name=\"twitter:card\" content=\"summary_large_image\" \/>\n<meta name=\"twitter:label1\" content=\"Dur\u00e9e de lecture estim\u00e9e\" \/>\n\t<meta name=\"twitter:data1\" content=\"5 minutes\" \/>\n<script type=\"application\/ld+json\" class=\"yoast-schema-graph\">{\"@context\":\"https:\/\/schema.org\",\"@graph\":[{\"@type\":\"WebPage\",\"@id\":\"https:\/\/mptpetitcharran.fr\/?page_id=194\",\"url\":\"https:\/\/mptpetitcharran.fr\/?page_id=194\",\"name\":\"Nos partenaires - Maison pour tous du Petit charran\",\"isPartOf\":{\"@id\":\"https:\/\/mptpetitcharran.fr\/#website\"},\"primaryImageOfPage\":{\"@id\":\"https:\/\/mptpetitcharran.fr\/?page_id=194#primaryimage\"},\"image\":{\"@id\":\"https:\/\/mptpetitcharran.fr\/?page_id=194#primaryimage\"},\"thumbnailUrl\":\"https:\/\/mptpetitcharran.fr\/wp-content\/uploads\/2025\/06\/logo-leo-lagrange-carre-150.png\",\"datePublished\":\"2019-06-06T08:05:49+00:00\",\"dateModified\":\"2025-06-27T09:52:06+00:00\",\"breadcrumb\":{\"@id\":\"https:\/\/mptpetitcharran.fr\/?page_id=194#breadcrumb\"},\"inLanguage\":\"fr-FR\",\"potentialAction\":[{\"@type\":\"ReadAction\",\"target\":[\"https:\/\/mptpetitcharran.fr\/?page_id=194\"]}]},{\"@type\":\"ImageObject\",\"inLanguage\":\"fr-FR\",\"@id\":\"https:\/\/mptpetitcharran.fr\/?page_id=194#primaryimage\",\"url\":\"https:\/\/mptpetitcharran.fr\/wp-content\/uploads\/2025\/06\/logo-leo-lagrange-carre-150.png\",\"contentUrl\":\"https:\/\/mptpetitcharran.fr\/wp-content\/uploads\/2025\/06\/logo-leo-lagrange-carre-150.png\",\"width\":189,\"height\":150},{\"@type\":\"BreadcrumbList\",\"@id\":\"https:\/\/mptpetitcharran.fr\/?page_id=194#breadcrumb\",\"itemListElement\":[{\"@type\":\"ListItem\",\"position\":1,\"name\":\"Accueil\",\"item\":\"https:\/\/mptpetitcharran.fr\/\"},{\"@type\":\"ListItem\",\"position\":2,\"name\":\"Nos partenaires\"}]},{\"@type\":\"WebSite\",\"@id\":\"https:\/\/mptpetitcharran.fr\/#website\",\"url\":\"https:\/\/mptpetitcharran.fr\/\",\"name\":\"Maison pour tous du Petit charran\",\"description\":\"\",\"publisher\":{\"@id\":\"https:\/\/mptpetitcharran.fr\/#organization\"},\"potentialAction\":[{\"@type\":\"SearchAction\",\"target\":{\"@type\":\"EntryPoint\",\"urlTemplate\":\"https:\/\/mptpetitcharran.fr\/?s={search_term_string}\"},\"query-input\":{\"@type\":\"PropertyValueSpecification\",\"valueRequired\":true,\"valueName\":\"search_term_string\"}}],\"inLanguage\":\"fr-FR\"},{\"@type\":\"Organization\",\"@id\":\"https:\/\/mptpetitcharran.fr\/#organization\",\"name\":\"Maison pour tous du Petit charran\",\"url\":\"https:\/\/mptpetitcharran.fr\/\",\"logo\":{\"@type\":\"ImageObject\",\"inLanguage\":\"fr-FR\",\"@id\":\"https:\/\/mptpetitcharran.fr\/#\/schema\/logo\/image\/\",\"url\":\"http:\/\/mptpetitcharran.fr\/wp-content\/uploads\/2023\/07\/cropped-logo_mptpc.jpg\",\"contentUrl\":\"http:\/\/mptpetitcharran.fr\/wp-content\/uploads\/2023\/07\/cropped-logo_mptpc.jpg\",\"width\":532,\"height\":529,\"caption\":\"Maison pour tous du Petit charran\"},\"image\":{\"@id\":\"https:\/\/mptpetitcharran.fr\/#\/schema\/logo\/image\/\"},\"sameAs\":[\"https:\/\/www.facebook.com\/mptpetitcharran\",\"https:\/\/www.instagram.com\/mptpetitcharran\/\"]}]}<\/script>\n<!-- \/ Yoast SEO plugin. -->","yoast_head_json":{"title":"Nos partenaires - Maison pour tous du Petit charran","robots":{"index":"index","follow":"follow","max-snippet":"max-snippet:-1","max-image-preview":"max-image-preview:large","max-video-preview":"max-video-preview:-1"},"canonical":"https:\/\/mptpetitcharran.fr\/?page_id=194","og_locale":"fr_FR","og_type":"article","og_title":"Nos partenaires - Maison pour tous du Petit charran","og_description":"La MPT est affili\u00e9e \u00e0 : Adh\u00e9rer \u00e0 la F\u00e9d\u00e9ration L\u00e9o Lagrange, c\u2019est avant tout adh\u00e9rer \u00e0 des valeurs, soutenir un projet : celui de l\u2019\u00e9ducation populaire. Tout comme L\u00e9o &hellip; Continue reading Nos partenaires &rarr;","og_url":"https:\/\/mptpetitcharran.fr\/?page_id=194","og_site_name":"Maison pour tous du Petit charran","article_publisher":"https:\/\/www.facebook.com\/mptpetitcharran","article_modified_time":"2025-06-27T09:52:06+00:00","og_image":[{"width":189,"height":150,"url":"https:\/\/mptpetitcharran.fr\/wp-content\/uploads\/2025\/06\/logo-leo-lagrange-carre-150.png","type":"image\/png"}],"twitter_card":"summary_large_image","twitter_misc":{"Dur\u00e9e de lecture estim\u00e9e":"5 minutes"},"schema":{"@context":"https:\/\/schema.org","@graph":[{"@type":"WebPage","@id":"https:\/\/mptpetitcharran.fr\/?page_id=194","url":"https:\/\/mptpetitcharran.fr\/?page_id=194","name":"Nos partenaires - Maison pour tous du Petit charran","isPartOf":{"@id":"https:\/\/mptpetitcharran.fr\/#website"},"primaryImageOfPage":{"@id":"https:\/\/mptpetitcharran.fr\/?page_id=194#primaryimage"},"image":{"@id":"https:\/\/mptpetitcharran.fr\/?page_id=194#primaryimage"},"thumbnailUrl":"https:\/\/mptpetitcharran.fr\/wp-content\/uploads\/2025\/06\/logo-leo-lagrange-carre-150.png","datePublished":"2019-06-06T08:05:49+00:00","dateModified":"2025-06-27T09:52:06+00:00","breadcrumb":{"@id":"https:\/\/mptpetitcharran.fr\/?page_id=194#breadcrumb"},"inLanguage":"fr-FR","potentialAction":[{"@type":"ReadAction","target":["https:\/\/mptpetitcharran.fr\/?page_id=194"]}]},{"@type":"ImageObject","inLanguage":"fr-FR","@id":"https:\/\/mptpetitcharran.fr\/?page_id=194#primaryimage","url":"https:\/\/mptpetitcharran.fr\/wp-content\/uploads\/2025\/06\/logo-leo-lagrange-carre-150.png","contentUrl":"https:\/\/mptpetitcharran.fr\/wp-content\/uploads\/2025\/06\/logo-leo-lagrange-carre-150.png","width":189,"height":150},{"@type":"BreadcrumbList","@id":"https:\/\/mptpetitcharran.fr\/?page_id=194#breadcrumb","itemListElement":[{"@type":"ListItem","position":1,"name":"Accueil","item":"https:\/\/mptpetitcharran.fr\/"},{"@type":"ListItem","position":2,"name":"Nos partenaires"}]},{"@type":"WebSite","@id":"https:\/\/mptpetitcharran.fr\/#website","url":"https:\/\/mptpetitcharran.fr\/","name":"Maison pour tous du Petit charran","description":"","publisher":{"@id":"https:\/\/mptpetitcharran.fr\/#organization"},"potentialAction":[{"@type":"SearchAction","target":{"@type":"EntryPoint","urlTemplate":"https:\/\/mptpetitcharran.fr\/?s={search_term_string}"},"query-input":{"@type":"PropertyValueSpecification","valueRequired":true,"valueName":"search_term_string"}}],"inLanguage":"fr-FR"},{"@type":"Organization","@id":"https:\/\/mptpetitcharran.fr\/#organization","name":"Maison pour tous du Petit charran","url":"https:\/\/mptpetitcharran.fr\/","logo":{"@type":"ImageObject","inLanguage":"fr-FR","@id":"https:\/\/mptpetitcharran.fr\/#\/schema\/logo\/image\/","url":"http:\/\/mptpetitcharran.fr\/wp-content\/uploads\/2023\/07\/cropped-logo_mptpc.jpg","contentUrl":"http:\/\/mptpetitcharran.fr\/wp-content\/uploads\/2023\/07\/cropped-logo_mptpc.jpg","width":532,"height":529,"caption":"Maison pour tous du Petit charran"},"image":{"@id":"https:\/\/mptpetitcharran.fr\/#\/schema\/logo\/image\/"},"sameAs":["https:\/\/www.facebook.com\/mptpetitcharran","https:\/\/www.instagram.com\/mptpetitcharran\/"]}]}},"publishpress_future_action":{"enabled":false,"date":"2026-04-27 03:39:24","action":"change-status","newStatus":"draft","terms":[],"taxonomy":"","extraData":[]},"publishpress_future_workflow_manual_trigger":{"enabledWorkflows":[]},"_links":{"self":[{"href":"https:\/\/mptpetitcharran.fr\/index.php?rest_route=\/wp\/v2\/pages\/194","targetHints":{"allow":["GET"]}}],"collection":[{"href":"https:\/\/mptpetitcharran.fr\/index.php?rest_route=\/wp\/v2\/pages"}],"about":[{"href":"https:\/\/mptpetitcharran.fr\/index.php?rest_route=\/wp\/v2\/types\/page"}],"author":[{"embeddable":true,"href":"https:\/\/mptpetitcharran.fr\/index.php?rest_route=\/wp\/v2\/users\/1"}],"replies":[{"embeddable":true,"href":"https:\/\/mptpetitcharran.fr\/index.php?rest_route=%2Fwp%2Fv2%2Fcomments&post=194"}],"version-history":[{"count":14,"href":"https:\/\/mptpetitcharran.fr\/index.php?rest_route=\/wp\/v2\/pages\/194\/revisions"}],"predecessor-version":[{"id":6343,"href":"https:\/\/mptpetitcharran.fr\/index.php?rest_route=\/wp\/v2\/pages\/194\/revisions\/6343"}],"wp:attachment":[{"href":"https:\/\/mptpetitcharran.fr\/index.php?rest_route=%2Fwp%2Fv2%2Fmedia&parent=194"}],"curies":[{"name":"wp","href":"https:\/\/api.w.org\/{rel}","templated":true}]}}