{"id":193,"date":"2019-06-06T10:05:45","date_gmt":"2019-06-06T08:05:45","guid":{"rendered":"https:\/\/mptpc.wordpress.com\/?page_id=193"},"modified":"2025-09-08T14:57:30","modified_gmt":"2025-09-08T13:57:30","slug":"lequipe","status":"publish","type":"page","link":"https:\/\/mptpetitcharran.fr\/?page_id=193","title":{"rendered":"L&rsquo;\u00e9quipe"},"content":{"rendered":"\n<div class=\"wp-block-columns alignwide are-vertically-aligned-top has-white-background-color has-background is-layout-flex wp-container-core-columns-is-layout-9d6595d7 wp-block-columns-is-layout-flex\">\n<div class=\"wp-block-column is-layout-flow wp-block-column-is-layout-flow\" style=\"flex-basis:75%\">\n<p><strong>Gestion de l&rsquo;association : <\/strong><br>Co-pr\u00e9sidentes : Josiane Arienti et Audrey Fayard<br>Conseil administration, 21 membres : <br>Arlette Boucharin, Audrey Fayard (CP), Barbara Spigola (secr\u00e9taire), Benjamin Bachellez (Tresorier) , Bernard Alison, Clarisse Batent (secr\u00e9taire), Delphine Saint-Lary (Vice pr\u00e9sidente), Edith Pillon, Farah Amamou, Ferchiche, Franck Hergniot, Josiane Arienti (CP), Laurent Cornut-Chauvinc (Tresorier) , Laurent Saint-Lary (Vice pr\u00e9sident), Marie-Gabrielle Nicolas (invit\u00e9e), Marina d&rsquo;Etorre, Mireille Galland, Nadine Vinson, Nicolas Zidhane, Philippe Bouchardeau, Pierre Bonnet, Rachel Mounier, Tatiana Serieys.<br><\/p>\n<\/div>\n<\/div>\n\n\n\n<div class=\"wp-block-columns alignwide are-vertically-aligned-top has-luminous-vivid-amber-background-color has-background is-layout-flex wp-container-core-columns-is-layout-9d6595d7 wp-block-columns-is-layout-flex\">\n<div class=\"wp-block-column is-layout-flow wp-block-column-is-layout-flow\" style=\"flex-basis:75%\">\n<p><strong><span style=\"text-decoration:underline;\">L&rsquo;\u00e9quipe de permanents<\/span><\/strong> :<br>\u00b7\u00a0 Laurent Braillon <strong>Directeur\u00a0 <\/strong><br>\u00b7\u00a0 Lucile Mollaret <strong>Secr\u00e9taire<\/strong><br>\u00b7\u00a0 Marina Corral <strong>Comptable<\/strong><br>\u00b7\u00a0 Jannice Guilloux <strong>Charg\u00e9e de communication<\/strong><br>\u00b7\u00a0 Magali Duval <strong>Responsable famille<\/strong><br>\u00b7\u00a0 Camille Reymond <strong>Directrice de l&rsquo;accueil de loisirs et animatrice 15-17 ans<\/strong><br>\u00b7\u00a0 Mathieu Crochet<strong> Vie du quartier et animateur 18\/25 ans<\/strong><br>\u00b7\u00a0 L\u00e9a Martin <strong>Animatrice ados 11\/14 ans<\/strong><br>\u00b7\u00a0 Marie Fave <strong>M\u00e9diatrice num\u00e9rique<\/strong><br>\u00b7\u00a0 Mathieu Gounon <strong>Animateur num\u00e9rique<\/strong><br>\u00b7\u00a0 Sim\u00e9on Cline <strong>Conseiller num\u00e9rique <\/strong><br>\u00b7\u00a0 Nadia Sabatier <strong>Agent d&rsquo;entretien<\/strong><br><strong> <\/strong>\u00b7\u00a0Christophe Pacalet <strong>Gardien<\/strong><br><br><\/p>\n<\/div>\n<\/div>\n","protected":false},"excerpt":{"rendered":"<p>Gestion de l&rsquo;association : Co-pr\u00e9sidentes : Josiane Arienti et Audrey FayardConseil administration, 21 membres : Arlette Boucharin, Audrey Fayard (CP), Barbara Spigola (secr\u00e9taire), Benjamin Bachellez (Tresorier) , Bernard Alison, Clarisse &hellip; <a href=\"https:\/\/mptpetitcharran.fr\/?page_id=193\" class=\"more-link\">Continue reading <span class=\"screen-reader-text\">L&rsquo;\u00e9quipe<\/span> <span class=\"meta-nav\">&rarr;<\/span><\/a><\/p>\n","protected":false},"author":1,"featured_media":0,"parent":0,"menu_order":0,"comment_status":"closed","ping_status":"closed","template":"","meta":{"footnotes":""},"class_list":["post-193","page","type-page","status-publish","hentry"],"yoast_head":"<!-- This site is optimized with the Yoast SEO plugin v27.0 - https:\/\/yoast.com\/product\/yoast-seo-wordpress\/ -->\n<title>L&#039;\u00e9quipe - Maison pour tous du Petit charran<\/title>\n<meta name=\"robots\" content=\"index, follow, max-snippet:-1, max-image-preview:large, max-video-preview:-1\" \/>\n<link rel=\"canonical\" href=\"https:\/\/mptpetitcharran.fr\/?page_id=193\" \/>\n<meta property=\"og:locale\" content=\"fr_FR\" \/>\n<meta property=\"og:type\" content=\"article\" \/>\n<meta property=\"og:title\" content=\"L&#039;\u00e9quipe - Maison pour tous du Petit charran\" \/>\n<meta property=\"og:description\" content=\"Gestion de l&rsquo;association : Co-pr\u00e9sidentes : Josiane Arienti et Audrey FayardConseil administration, 21 membres : Arlette Boucharin, Audrey Fayard (CP), Barbara Spigola (secr\u00e9taire), Benjamin Bachellez (Tresorier) , Bernard Alison, Clarisse &hellip; Continue reading L&rsquo;\u00e9quipe &rarr;\" \/>\n<meta property=\"og:url\" content=\"https:\/\/mptpetitcharran.fr\/?page_id=193\" \/>\n<meta property=\"og:site_name\" content=\"Maison pour tous du Petit charran\" \/>\n<meta property=\"article:publisher\" content=\"https:\/\/www.facebook.com\/mptpetitcharran\" \/>\n<meta property=\"article:modified_time\" content=\"2025-09-08T13:57:30+00:00\" \/>\n<meta name=\"twitter:card\" content=\"summary_large_image\" \/>\n<meta name=\"twitter:label1\" content=\"Dur\u00e9e de lecture estim\u00e9e\" \/>\n\t<meta name=\"twitter:data1\" content=\"1 minute\" \/>\n<script type=\"application\/ld+json\" class=\"yoast-schema-graph\">{\"@context\":\"https:\/\/schema.org\",\"@graph\":[{\"@type\":\"WebPage\",\"@id\":\"https:\/\/mptpetitcharran.fr\/?page_id=193\",\"url\":\"https:\/\/mptpetitcharran.fr\/?page_id=193\",\"name\":\"L'\u00e9quipe - Maison pour tous du Petit charran\",\"isPartOf\":{\"@id\":\"https:\/\/mptpetitcharran.fr\/#website\"},\"datePublished\":\"2019-06-06T08:05:45+00:00\",\"dateModified\":\"2025-09-08T13:57:30+00:00\",\"breadcrumb\":{\"@id\":\"https:\/\/mptpetitcharran.fr\/?page_id=193#breadcrumb\"},\"inLanguage\":\"fr-FR\",\"potentialAction\":[{\"@type\":\"ReadAction\",\"target\":[\"https:\/\/mptpetitcharran.fr\/?page_id=193\"]}]},{\"@type\":\"BreadcrumbList\",\"@id\":\"https:\/\/mptpetitcharran.fr\/?page_id=193#breadcrumb\",\"itemListElement\":[{\"@type\":\"ListItem\",\"position\":1,\"name\":\"Accueil\",\"item\":\"https:\/\/mptpetitcharran.fr\/\"},{\"@type\":\"ListItem\",\"position\":2,\"name\":\"L&rsquo;\u00e9quipe\"}]},{\"@type\":\"WebSite\",\"@id\":\"https:\/\/mptpetitcharran.fr\/#website\",\"url\":\"https:\/\/mptpetitcharran.fr\/\",\"name\":\"Maison pour tous du Petit charran\",\"description\":\"\",\"publisher\":{\"@id\":\"https:\/\/mptpetitcharran.fr\/#organization\"},\"potentialAction\":[{\"@type\":\"SearchAction\",\"target\":{\"@type\":\"EntryPoint\",\"urlTemplate\":\"https:\/\/mptpetitcharran.fr\/?s={search_term_string}\"},\"query-input\":{\"@type\":\"PropertyValueSpecification\",\"valueRequired\":true,\"valueName\":\"search_term_string\"}}],\"inLanguage\":\"fr-FR\"},{\"@type\":\"Organization\",\"@id\":\"https:\/\/mptpetitcharran.fr\/#organization\",\"name\":\"Maison pour tous du Petit charran\",\"url\":\"https:\/\/mptpetitcharran.fr\/\",\"logo\":{\"@type\":\"ImageObject\",\"inLanguage\":\"fr-FR\",\"@id\":\"https:\/\/mptpetitcharran.fr\/#\/schema\/logo\/image\/\",\"url\":\"http:\/\/mptpetitcharran.fr\/wp-content\/uploads\/2023\/07\/cropped-logo_mptpc.jpg\",\"contentUrl\":\"http:\/\/mptpetitcharran.fr\/wp-content\/uploads\/2023\/07\/cropped-logo_mptpc.jpg\",\"width\":532,\"height\":529,\"caption\":\"Maison pour tous du Petit charran\"},\"image\":{\"@id\":\"https:\/\/mptpetitcharran.fr\/#\/schema\/logo\/image\/\"},\"sameAs\":[\"https:\/\/www.facebook.com\/mptpetitcharran\",\"https:\/\/www.instagram.com\/mptpetitcharran\/\"]}]}<\/script>\n<!-- \/ Yoast SEO plugin. -->","yoast_head_json":{"title":"L'\u00e9quipe - Maison pour tous du Petit charran","robots":{"index":"index","follow":"follow","max-snippet":"max-snippet:-1","max-image-preview":"max-image-preview:large","max-video-preview":"max-video-preview:-1"},"canonical":"https:\/\/mptpetitcharran.fr\/?page_id=193","og_locale":"fr_FR","og_type":"article","og_title":"L'\u00e9quipe - Maison pour tous du Petit charran","og_description":"Gestion de l&rsquo;association : Co-pr\u00e9sidentes : Josiane Arienti et Audrey FayardConseil administration, 21 membres : Arlette Boucharin, Audrey Fayard (CP), Barbara Spigola (secr\u00e9taire), Benjamin Bachellez (Tresorier) , Bernard Alison, Clarisse &hellip; Continue reading L&rsquo;\u00e9quipe &rarr;","og_url":"https:\/\/mptpetitcharran.fr\/?page_id=193","og_site_name":"Maison pour tous du Petit charran","article_publisher":"https:\/\/www.facebook.com\/mptpetitcharran","article_modified_time":"2025-09-08T13:57:30+00:00","twitter_card":"summary_large_image","twitter_misc":{"Dur\u00e9e de lecture estim\u00e9e":"1 minute"},"schema":{"@context":"https:\/\/schema.org","@graph":[{"@type":"WebPage","@id":"https:\/\/mptpetitcharran.fr\/?page_id=193","url":"https:\/\/mptpetitcharran.fr\/?page_id=193","name":"L'\u00e9quipe - Maison pour tous du Petit charran","isPartOf":{"@id":"https:\/\/mptpetitcharran.fr\/#website"},"datePublished":"2019-06-06T08:05:45+00:00","dateModified":"2025-09-08T13:57:30+00:00","breadcrumb":{"@id":"https:\/\/mptpetitcharran.fr\/?page_id=193#breadcrumb"},"inLanguage":"fr-FR","potentialAction":[{"@type":"ReadAction","target":["https:\/\/mptpetitcharran.fr\/?page_id=193"]}]},{"@type":"BreadcrumbList","@id":"https:\/\/mptpetitcharran.fr\/?page_id=193#breadcrumb","itemListElement":[{"@type":"ListItem","position":1,"name":"Accueil","item":"https:\/\/mptpetitcharran.fr\/"},{"@type":"ListItem","position":2,"name":"L&rsquo;\u00e9quipe"}]},{"@type":"WebSite","@id":"https:\/\/mptpetitcharran.fr\/#website","url":"https:\/\/mptpetitcharran.fr\/","name":"Maison pour tous du Petit charran","description":"","publisher":{"@id":"https:\/\/mptpetitcharran.fr\/#organization"},"potentialAction":[{"@type":"SearchAction","target":{"@type":"EntryPoint","urlTemplate":"https:\/\/mptpetitcharran.fr\/?s={search_term_string}"},"query-input":{"@type":"PropertyValueSpecification","valueRequired":true,"valueName":"search_term_string"}}],"inLanguage":"fr-FR"},{"@type":"Organization","@id":"https:\/\/mptpetitcharran.fr\/#organization","name":"Maison pour tous du Petit charran","url":"https:\/\/mptpetitcharran.fr\/","logo":{"@type":"ImageObject","inLanguage":"fr-FR","@id":"https:\/\/mptpetitcharran.fr\/#\/schema\/logo\/image\/","url":"http:\/\/mptpetitcharran.fr\/wp-content\/uploads\/2023\/07\/cropped-logo_mptpc.jpg","contentUrl":"http:\/\/mptpetitcharran.fr\/wp-content\/uploads\/2023\/07\/cropped-logo_mptpc.jpg","width":532,"height":529,"caption":"Maison pour tous du Petit charran"},"image":{"@id":"https:\/\/mptpetitcharran.fr\/#\/schema\/logo\/image\/"},"sameAs":["https:\/\/www.facebook.com\/mptpetitcharran","https:\/\/www.instagram.com\/mptpetitcharran\/"]}]}},"publishpress_future_action":{"enabled":false,"date":"2026-04-27 04:55:11","action":"change-status","newStatus":"draft","terms":[],"taxonomy":"","extraData":[]},"publishpress_future_workflow_manual_trigger":{"enabledWorkflows":[]},"_links":{"self":[{"href":"https:\/\/mptpetitcharran.fr\/index.php?rest_route=\/wp\/v2\/pages\/193","targetHints":{"allow":["GET"]}}],"collection":[{"href":"https:\/\/mptpetitcharran.fr\/index.php?rest_route=\/wp\/v2\/pages"}],"about":[{"href":"https:\/\/mptpetitcharran.fr\/index.php?rest_route=\/wp\/v2\/types\/page"}],"author":[{"embeddable":true,"href":"https:\/\/mptpetitcharran.fr\/index.php?rest_route=\/wp\/v2\/users\/1"}],"replies":[{"embeddable":true,"href":"https:\/\/mptpetitcharran.fr\/index.php?rest_route=%2Fwp%2Fv2%2Fcomments&post=193"}],"version-history":[{"count":35,"href":"https:\/\/mptpetitcharran.fr\/index.php?rest_route=\/wp\/v2\/pages\/193\/revisions"}],"predecessor-version":[{"id":6699,"href":"https:\/\/mptpetitcharran.fr\/index.php?rest_route=\/wp\/v2\/pages\/193\/revisions\/6699"}],"wp:attachment":[{"href":"https:\/\/mptpetitcharran.fr\/index.php?rest_route=%2Fwp%2Fv2%2Fmedia&parent=193"}],"curies":[{"name":"wp","href":"https:\/\/api.w.org\/{rel}","templated":true}]}}