{"id":191,"date":"2019-06-06T10:05:37","date_gmt":"2019-06-06T08:05:37","guid":{"rendered":"https:\/\/mptpc.wordpress.com\/?page_id=191"},"modified":"2025-08-21T15:45:41","modified_gmt":"2025-08-21T14:45:41","slug":"adherer","status":"publish","type":"page","link":"https:\/\/mptpetitcharran.fr\/?page_id=191","title":{"rendered":"Adh\u00e9rer"},"content":{"rendered":"\n<p class=\"has-white-background-color has-background has-medium-font-size\"><strong>PLAQUETTE 2025-2026<\/strong><\/p>\n\n\n\n<figure class=\"wp-block-image size-large is-style-default\"><a href=\"https:\/\/mptpetitcharran.fr\/wp-content\/uploads\/2024\/06\/Plaquette-saison-2025-2026_VF_ecran.pdf\"><img loading=\"lazy\" decoding=\"async\" width=\"1024\" height=\"732\" src=\"https:\/\/mptpetitcharran.fr\/wp-content\/uploads\/2024\/06\/COUVERTURE-1024x732.jpg\" alt=\"\" class=\"wp-image-6306\" srcset=\"https:\/\/mptpetitcharran.fr\/wp-content\/uploads\/2024\/06\/COUVERTURE-1024x732.jpg 1024w, https:\/\/mptpetitcharran.fr\/wp-content\/uploads\/2024\/06\/COUVERTURE-300x214.jpg 300w, https:\/\/mptpetitcharran.fr\/wp-content\/uploads\/2024\/06\/COUVERTURE-768x549.jpg 768w, https:\/\/mptpetitcharran.fr\/wp-content\/uploads\/2024\/06\/COUVERTURE-1536x1097.jpg 1536w, https:\/\/mptpetitcharran.fr\/wp-content\/uploads\/2024\/06\/COUVERTURE-2048x1463.jpg 2048w, https:\/\/mptpetitcharran.fr\/wp-content\/uploads\/2024\/06\/COUVERTURE-700x500.jpg 700w, https:\/\/mptpetitcharran.fr\/wp-content\/uploads\/2024\/06\/COUVERTURE-2000x1429.jpg 2000w, https:\/\/mptpetitcharran.fr\/wp-content\/uploads\/2024\/06\/COUVERTURE-560x400.jpg 560w\" sizes=\"auto, (max-width: 1024px) 100vw, 1024px\" \/><\/a><\/figure>\n\n\n\n<p class=\"has-white-background-color has-background has-medium-font-size\"><strong>ADH\u00c9SION<\/strong><br>L\u2019adh\u00e9sion est un droit d\u2019entr\u00e9e dans l\u2019association, elle implique l\u2019acceptation du r\u00e8glement int\u00e9rieur (disponible et affich\u00e9 \u00e0 l\u2019accueil). La carte est obligatoire pour pratiquer les activit\u00e9s.<br>Outre l\u2019assurance, elle ouvre \u00e0 chacun la possibilit\u00e9 de s\u2019exprimer et de participer \u00e0 la vie de l\u2019association (commissions, Assembl\u00e9e G\u00e9n\u00e9rale)<br><br><em><strong>CARTE ADULTE 15\u20ac&nbsp;\u2013&nbsp;CARTE FAMILLE 24\u20ac&nbsp;\u2013&nbsp;SP\u00c9CIAL \u00c9T\u00c9 10\u20ac<\/strong><\/em><br><br><strong>Des cartes demi-tarifs<\/strong> seront accord\u00e9es aux \u00e9tudiants et aux personnes dont le quotient familial est inf\u00e9rieur \u00e0 500\u20ac (sur justificatif).<\/p>\n\n\n\n<p class=\"has-white-background-color has-background has-medium-font-size\"><strong>LA COTISATION<\/strong><br>LA COTISATION est g\u00e9n\u00e9ralement calcul\u00e9e \u00e0 l\u2019ann\u00e9e pour les s\u00e9ances de mi-septembre \u00e0 d\u00e9but juin. <em>NB:&nbsp;Sauf indications contraires notamment pour l\u2019accueil de loisirs du mercredi et certaines activit\u00e9s anim\u00e9es par des b\u00e9n\u00e9voles.<\/em><br>R\u00c9DUCTION DE 10 % accord\u00e9e sur la cotisation indiqu\u00e9e, pour les moins de 18 ans ayant un quotient familial inf\u00e9rieur ou \u00e9gal \u00e0 885 \u20ac.<br>Pour b\u00e9n\u00e9ficier de ce tarif, votre n\u00b0 d\u2019allocataire et votre quotient familial vous seront demand\u00e9s lors<br>de votre inscription. R\u00e9duction de 20 % accord\u00e9e aux 18-25 ans.<br>LA MPT ACCEPTE LES BONS VACANCES CAF DR\u00d4ME-ARD\u00c8CHE, MSA, AIDES CE, AIDES SOCIALES,<br>CH\u00c8QUES TOP D\u00c9PART, CESU, ANCV\u2026<br>Pour toute demande de remboursement, merci de vous reporter au r\u00e8glement int\u00e9rieur.<br><strong>Possibilit\u00e9 d&rsquo;\u00e9taler le r\u00e8glement au trimestre, renseignements \u00e0 l\u2019inscription.<\/strong><\/p>\n\n\n\n<p class=\"has-white-background-color has-background has-medium-font-size\"><strong>MODALIT\u00c9S D\u2019INSCRIPTION<\/strong><br><strong>\u00c0 partir du lundi 07\/07\/2025 jusqu\u2019au 18\/07\/2025 et d\u00e8s le 01\/09\/2025\u2009:&nbsp;tous les apr\u00e8s-midi.<\/strong><br>Les inscriptions seront trait\u00e9es par ordre d\u2019arriv\u00e9e et dans la limite des places disponibles.<br><br><strong>Inscription<\/strong> &#8211; <strong>Ouverture exceptionnelle de l&rsquo;accueil<\/strong><br><strong>du 15 septembre au 26 octobre 2025&nbsp;:<br>lundi, mardi, jeudi 12h-19h<br>mercredi 9h\u2009-12h et 14h\u2009-20h<br>vendredi 14h\u2009-17h<\/strong><br><br><strong>T\u00e9l\u00e9charger le dossier d\u2019inscription :<\/strong><a href=\"https:\/\/mptpetitcharran.fr\/wp-content\/uploads\/2024\/07\/ficheinscription-complete-24-25.pdf\"> <\/a><a href=\"https:\/\/mptpetitcharran.fr\/wp-content\/uploads\/2024\/06\/DOSSIER-inscription-2025-2026-2.pdf\">2025-2026<\/a><br>Semaine portes ouvertes du 15 au 20 septembre, pendant laquelle vous pouvez venir faire des essais.<br><em>Certaines activit\u00e9s marqu\u00e9es d\u2019un ast\u00e9risque (*) n\u00e9cessitent une bonne condition physique et sportive.&nbsp;<\/em>Assurez-vous aupr\u00e8s de votre m\u00e9decin traitant que vous \u00eates en capacit\u00e9 de pratiquer l\u2019activit\u00e9 souhait\u00e9e.<br><br><strong>Horaires habituels d\u2019accueil du secr\u00e9tariat :<\/strong><br>Lundi \u2013 Mardi : 14h00-18h00<br>Mercredi : 9h00-12h00 \/ 13h30-18h00<br>Jeudi : 14h00-18h00<br>Vendredi : 13h30-17h00<\/p>\n\n\n\n<p class=\"has-white-background-color has-background has-medium-font-size\"><strong>D\u00c9BUT DES ACTIVIT\u00c9S<\/strong><br>\u00c0 partir du <strong>lundi 15 septembre 2025<\/strong> <strong>pour toutes et tous<\/strong>.<br>Les activit\u00e9s sont interrompues \u00e0 chaque p\u00e9riode de vacances scolaires pour laisser place \u00e0 l\u2019accueil de loisirs.<\/p>\n\n\n\n<p class=\"has-white-background-color has-background has-medium-font-size\"><strong>LE CALENDRIER DES VACANCES SCOLAIRES<\/strong> &#8211; Zone A<br><strong>Automne<\/strong>\u2009:\u2009du 18 octobre au 2 novembre 2025<br><strong>Fin d\u2019ann\u00e9e<\/strong>\u2009:\u2009du 20 d\u00e9cembre au 4 janvier 2026<br><strong>Hiver<\/strong>\u2009:\u2009du 7 f\u00e9vrier au 22 f\u00e9vrier 2026<br><strong>Printemps<\/strong>\u2009: du 4 avril au 19 avril 2026<br><strong>\u00c9t\u00e9<\/strong>\u2009:\u2009\u00e0 partir du 4 juillet 2026<\/p>\n","protected":false},"excerpt":{"rendered":"<p>PLAQUETTE 2025-2026 ADH\u00c9SIONL\u2019adh\u00e9sion est un droit d\u2019entr\u00e9e dans l\u2019association, elle implique l\u2019acceptation du r\u00e8glement int\u00e9rieur (disponible et affich\u00e9 \u00e0 l\u2019accueil). La carte est obligatoire pour pratiquer les activit\u00e9s.Outre l\u2019assurance, elle &hellip; <a href=\"https:\/\/mptpetitcharran.fr\/?page_id=191\" class=\"more-link\">Continue reading <span class=\"screen-reader-text\">Adh\u00e9rer<\/span> <span class=\"meta-nav\">&rarr;<\/span><\/a><\/p>\n","protected":false},"author":1,"featured_media":0,"parent":0,"menu_order":0,"comment_status":"closed","ping_status":"closed","template":"","meta":{"footnotes":""},"class_list":["post-191","page","type-page","status-publish","hentry"],"yoast_head":"<!-- This site is optimized with the Yoast SEO plugin v27.0 - https:\/\/yoast.com\/product\/yoast-seo-wordpress\/ -->\n<title>Adh\u00e9rer - Maison pour tous du Petit charran<\/title>\n<meta name=\"description\" content=\"D\u00e9couvrez comment adh\u00e9rer \u00e0 la Maison Pour Tous. Notre page &quot;Adh\u00e9rer&quot; vous donne toutes les informations dont vous avez besoin pour devenir membre de notre association. Profitez d&#039;un large \u00e9ventail d&#039;activit\u00e9s, d&#039;ateliers, et d&#039;\u00e9v\u00e9nements culturels enrichissants. Rejoignez-nous d\u00e8s maintenant et participez \u00e0 la construction d&#039;un lieu d&#039;\u00e9change, de partage et d&#039;\u00e9panouissement pour tous.\" \/>\n<meta name=\"robots\" content=\"index, follow, max-snippet:-1, max-image-preview:large, max-video-preview:-1\" \/>\n<link rel=\"canonical\" href=\"https:\/\/mptpetitcharran.fr\/?page_id=191\" \/>\n<meta property=\"og:locale\" content=\"fr_FR\" \/>\n<meta property=\"og:type\" content=\"article\" \/>\n<meta property=\"og:title\" content=\"Adh\u00e9rer - Maison pour tous du Petit charran\" \/>\n<meta property=\"og:description\" content=\"D\u00e9couvrez comment adh\u00e9rer \u00e0 la Maison Pour Tous. Notre page &quot;Adh\u00e9rer&quot; vous donne toutes les informations dont vous avez besoin pour devenir membre de notre association. Profitez d&#039;un large \u00e9ventail d&#039;activit\u00e9s, d&#039;ateliers, et d&#039;\u00e9v\u00e9nements culturels enrichissants. Rejoignez-nous d\u00e8s maintenant et participez \u00e0 la construction d&#039;un lieu d&#039;\u00e9change, de partage et d&#039;\u00e9panouissement pour tous.\" \/>\n<meta property=\"og:url\" content=\"https:\/\/mptpetitcharran.fr\/?page_id=191\" \/>\n<meta property=\"og:site_name\" content=\"Maison pour tous du Petit charran\" \/>\n<meta property=\"article:publisher\" content=\"https:\/\/www.facebook.com\/mptpetitcharran\" \/>\n<meta property=\"article:modified_time\" content=\"2025-08-21T14:45:41+00:00\" \/>\n<meta property=\"og:image\" content=\"https:\/\/mptpetitcharran.fr\/wp-content\/uploads\/2024\/06\/COUVERTURE.jpg\" \/>\n\t<meta property=\"og:image:width\" content=\"2480\" \/>\n\t<meta property=\"og:image:height\" content=\"1772\" \/>\n\t<meta property=\"og:image:type\" content=\"image\/jpeg\" \/>\n<meta name=\"twitter:card\" content=\"summary_large_image\" \/>\n<meta name=\"twitter:label1\" content=\"Dur\u00e9e de lecture estim\u00e9e\" \/>\n\t<meta name=\"twitter:data1\" content=\"3 minutes\" \/>\n<script type=\"application\/ld+json\" class=\"yoast-schema-graph\">{\"@context\":\"https:\/\/schema.org\",\"@graph\":[{\"@type\":\"WebPage\",\"@id\":\"https:\/\/mptpetitcharran.fr\/?page_id=191\",\"url\":\"https:\/\/mptpetitcharran.fr\/?page_id=191\",\"name\":\"Adh\u00e9rer - Maison pour tous du Petit charran\",\"isPartOf\":{\"@id\":\"https:\/\/mptpetitcharran.fr\/#website\"},\"primaryImageOfPage\":{\"@id\":\"https:\/\/mptpetitcharran.fr\/?page_id=191#primaryimage\"},\"image\":{\"@id\":\"https:\/\/mptpetitcharran.fr\/?page_id=191#primaryimage\"},\"thumbnailUrl\":\"https:\/\/mptpetitcharran.fr\/wp-content\/uploads\/2024\/06\/COUVERTURE-1024x732.jpg\",\"datePublished\":\"2019-06-06T08:05:37+00:00\",\"dateModified\":\"2025-08-21T14:45:41+00:00\",\"description\":\"D\u00e9couvrez comment adh\u00e9rer \u00e0 la Maison Pour Tous. Notre page \\\"Adh\u00e9rer\\\" vous donne toutes les informations dont vous avez besoin pour devenir membre de notre association. Profitez d'un large \u00e9ventail d'activit\u00e9s, d'ateliers, et d'\u00e9v\u00e9nements culturels enrichissants. Rejoignez-nous d\u00e8s maintenant et participez \u00e0 la construction d'un lieu d'\u00e9change, de partage et d'\u00e9panouissement pour tous.\",\"breadcrumb\":{\"@id\":\"https:\/\/mptpetitcharran.fr\/?page_id=191#breadcrumb\"},\"inLanguage\":\"fr-FR\",\"potentialAction\":[{\"@type\":\"ReadAction\",\"target\":[\"https:\/\/mptpetitcharran.fr\/?page_id=191\"]}]},{\"@type\":\"ImageObject\",\"inLanguage\":\"fr-FR\",\"@id\":\"https:\/\/mptpetitcharran.fr\/?page_id=191#primaryimage\",\"url\":\"https:\/\/mptpetitcharran.fr\/wp-content\/uploads\/2024\/06\/COUVERTURE.jpg\",\"contentUrl\":\"https:\/\/mptpetitcharran.fr\/wp-content\/uploads\/2024\/06\/COUVERTURE.jpg\",\"width\":2480,\"height\":1772},{\"@type\":\"BreadcrumbList\",\"@id\":\"https:\/\/mptpetitcharran.fr\/?page_id=191#breadcrumb\",\"itemListElement\":[{\"@type\":\"ListItem\",\"position\":1,\"name\":\"Accueil\",\"item\":\"https:\/\/mptpetitcharran.fr\/\"},{\"@type\":\"ListItem\",\"position\":2,\"name\":\"Adh\u00e9rer\"}]},{\"@type\":\"WebSite\",\"@id\":\"https:\/\/mptpetitcharran.fr\/#website\",\"url\":\"https:\/\/mptpetitcharran.fr\/\",\"name\":\"Maison pour tous du Petit charran\",\"description\":\"\",\"publisher\":{\"@id\":\"https:\/\/mptpetitcharran.fr\/#organization\"},\"potentialAction\":[{\"@type\":\"SearchAction\",\"target\":{\"@type\":\"EntryPoint\",\"urlTemplate\":\"https:\/\/mptpetitcharran.fr\/?s={search_term_string}\"},\"query-input\":{\"@type\":\"PropertyValueSpecification\",\"valueRequired\":true,\"valueName\":\"search_term_string\"}}],\"inLanguage\":\"fr-FR\"},{\"@type\":\"Organization\",\"@id\":\"https:\/\/mptpetitcharran.fr\/#organization\",\"name\":\"Maison pour tous du Petit charran\",\"url\":\"https:\/\/mptpetitcharran.fr\/\",\"logo\":{\"@type\":\"ImageObject\",\"inLanguage\":\"fr-FR\",\"@id\":\"https:\/\/mptpetitcharran.fr\/#\/schema\/logo\/image\/\",\"url\":\"http:\/\/mptpetitcharran.fr\/wp-content\/uploads\/2023\/07\/cropped-logo_mptpc.jpg\",\"contentUrl\":\"http:\/\/mptpetitcharran.fr\/wp-content\/uploads\/2023\/07\/cropped-logo_mptpc.jpg\",\"width\":532,\"height\":529,\"caption\":\"Maison pour tous du Petit charran\"},\"image\":{\"@id\":\"https:\/\/mptpetitcharran.fr\/#\/schema\/logo\/image\/\"},\"sameAs\":[\"https:\/\/www.facebook.com\/mptpetitcharran\",\"https:\/\/www.instagram.com\/mptpetitcharran\/\"]}]}<\/script>\n<!-- \/ Yoast SEO plugin. -->","yoast_head_json":{"title":"Adh\u00e9rer - Maison pour tous du Petit charran","description":"D\u00e9couvrez comment adh\u00e9rer \u00e0 la Maison Pour Tous. Notre page \"Adh\u00e9rer\" vous donne toutes les informations dont vous avez besoin pour devenir membre de notre association. Profitez d'un large \u00e9ventail d'activit\u00e9s, d'ateliers, et d'\u00e9v\u00e9nements culturels enrichissants. Rejoignez-nous d\u00e8s maintenant et participez \u00e0 la construction d'un lieu d'\u00e9change, de partage et d'\u00e9panouissement pour tous.","robots":{"index":"index","follow":"follow","max-snippet":"max-snippet:-1","max-image-preview":"max-image-preview:large","max-video-preview":"max-video-preview:-1"},"canonical":"https:\/\/mptpetitcharran.fr\/?page_id=191","og_locale":"fr_FR","og_type":"article","og_title":"Adh\u00e9rer - Maison pour tous du Petit charran","og_description":"D\u00e9couvrez comment adh\u00e9rer \u00e0 la Maison Pour Tous. Notre page \"Adh\u00e9rer\" vous donne toutes les informations dont vous avez besoin pour devenir membre de notre association. Profitez d'un large \u00e9ventail d'activit\u00e9s, d'ateliers, et d'\u00e9v\u00e9nements culturels enrichissants. Rejoignez-nous d\u00e8s maintenant et participez \u00e0 la construction d'un lieu d'\u00e9change, de partage et d'\u00e9panouissement pour tous.","og_url":"https:\/\/mptpetitcharran.fr\/?page_id=191","og_site_name":"Maison pour tous du Petit charran","article_publisher":"https:\/\/www.facebook.com\/mptpetitcharran","article_modified_time":"2025-08-21T14:45:41+00:00","og_image":[{"width":2480,"height":1772,"url":"https:\/\/mptpetitcharran.fr\/wp-content\/uploads\/2024\/06\/COUVERTURE.jpg","type":"image\/jpeg"}],"twitter_card":"summary_large_image","twitter_misc":{"Dur\u00e9e de lecture estim\u00e9e":"3 minutes"},"schema":{"@context":"https:\/\/schema.org","@graph":[{"@type":"WebPage","@id":"https:\/\/mptpetitcharran.fr\/?page_id=191","url":"https:\/\/mptpetitcharran.fr\/?page_id=191","name":"Adh\u00e9rer - Maison pour tous du Petit charran","isPartOf":{"@id":"https:\/\/mptpetitcharran.fr\/#website"},"primaryImageOfPage":{"@id":"https:\/\/mptpetitcharran.fr\/?page_id=191#primaryimage"},"image":{"@id":"https:\/\/mptpetitcharran.fr\/?page_id=191#primaryimage"},"thumbnailUrl":"https:\/\/mptpetitcharran.fr\/wp-content\/uploads\/2024\/06\/COUVERTURE-1024x732.jpg","datePublished":"2019-06-06T08:05:37+00:00","dateModified":"2025-08-21T14:45:41+00:00","description":"D\u00e9couvrez comment adh\u00e9rer \u00e0 la Maison Pour Tous. Notre page \"Adh\u00e9rer\" vous donne toutes les informations dont vous avez besoin pour devenir membre de notre association. Profitez d'un large \u00e9ventail d'activit\u00e9s, d'ateliers, et d'\u00e9v\u00e9nements culturels enrichissants. Rejoignez-nous d\u00e8s maintenant et participez \u00e0 la construction d'un lieu d'\u00e9change, de partage et d'\u00e9panouissement pour tous.","breadcrumb":{"@id":"https:\/\/mptpetitcharran.fr\/?page_id=191#breadcrumb"},"inLanguage":"fr-FR","potentialAction":[{"@type":"ReadAction","target":["https:\/\/mptpetitcharran.fr\/?page_id=191"]}]},{"@type":"ImageObject","inLanguage":"fr-FR","@id":"https:\/\/mptpetitcharran.fr\/?page_id=191#primaryimage","url":"https:\/\/mptpetitcharran.fr\/wp-content\/uploads\/2024\/06\/COUVERTURE.jpg","contentUrl":"https:\/\/mptpetitcharran.fr\/wp-content\/uploads\/2024\/06\/COUVERTURE.jpg","width":2480,"height":1772},{"@type":"BreadcrumbList","@id":"https:\/\/mptpetitcharran.fr\/?page_id=191#breadcrumb","itemListElement":[{"@type":"ListItem","position":1,"name":"Accueil","item":"https:\/\/mptpetitcharran.fr\/"},{"@type":"ListItem","position":2,"name":"Adh\u00e9rer"}]},{"@type":"WebSite","@id":"https:\/\/mptpetitcharran.fr\/#website","url":"https:\/\/mptpetitcharran.fr\/","name":"Maison pour tous du Petit charran","description":"","publisher":{"@id":"https:\/\/mptpetitcharran.fr\/#organization"},"potentialAction":[{"@type":"SearchAction","target":{"@type":"EntryPoint","urlTemplate":"https:\/\/mptpetitcharran.fr\/?s={search_term_string}"},"query-input":{"@type":"PropertyValueSpecification","valueRequired":true,"valueName":"search_term_string"}}],"inLanguage":"fr-FR"},{"@type":"Organization","@id":"https:\/\/mptpetitcharran.fr\/#organization","name":"Maison pour tous du Petit charran","url":"https:\/\/mptpetitcharran.fr\/","logo":{"@type":"ImageObject","inLanguage":"fr-FR","@id":"https:\/\/mptpetitcharran.fr\/#\/schema\/logo\/image\/","url":"http:\/\/mptpetitcharran.fr\/wp-content\/uploads\/2023\/07\/cropped-logo_mptpc.jpg","contentUrl":"http:\/\/mptpetitcharran.fr\/wp-content\/uploads\/2023\/07\/cropped-logo_mptpc.jpg","width":532,"height":529,"caption":"Maison pour tous du Petit charran"},"image":{"@id":"https:\/\/mptpetitcharran.fr\/#\/schema\/logo\/image\/"},"sameAs":["https:\/\/www.facebook.com\/mptpetitcharran","https:\/\/www.instagram.com\/mptpetitcharran\/"]}]}},"publishpress_future_action":{"enabled":false,"date":"2026-04-27 04:55:13","action":"change-status","newStatus":"draft","terms":[],"taxonomy":"","extraData":[]},"publishpress_future_workflow_manual_trigger":{"enabledWorkflows":[]},"_links":{"self":[{"href":"https:\/\/mptpetitcharran.fr\/index.php?rest_route=\/wp\/v2\/pages\/191","targetHints":{"allow":["GET"]}}],"collection":[{"href":"https:\/\/mptpetitcharran.fr\/index.php?rest_route=\/wp\/v2\/pages"}],"about":[{"href":"https:\/\/mptpetitcharran.fr\/index.php?rest_route=\/wp\/v2\/types\/page"}],"author":[{"embeddable":true,"href":"https:\/\/mptpetitcharran.fr\/index.php?rest_route=\/wp\/v2\/users\/1"}],"replies":[{"embeddable":true,"href":"https:\/\/mptpetitcharran.fr\/index.php?rest_route=%2Fwp%2Fv2%2Fcomments&post=191"}],"version-history":[{"count":66,"href":"https:\/\/mptpetitcharran.fr\/index.php?rest_route=\/wp\/v2\/pages\/191\/revisions"}],"predecessor-version":[{"id":6673,"href":"https:\/\/mptpetitcharran.fr\/index.php?rest_route=\/wp\/v2\/pages\/191\/revisions\/6673"}],"wp:attachment":[{"href":"https:\/\/mptpetitcharran.fr\/index.php?rest_route=%2Fwp%2Fv2%2Fmedia&parent=191"}],"curies":[{"name":"wp","href":"https:\/\/api.w.org\/{rel}","templated":true}]}}