{"id":190,"date":"2019-06-06T10:05:33","date_gmt":"2019-06-06T08:05:33","guid":{"rendered":"https:\/\/mptpc.wordpress.com\/?page_id=190"},"modified":"2025-07-01T15:54:49","modified_gmt":"2025-07-01T14:54:49","slug":"la-mpt-2","status":"publish","type":"page","link":"https:\/\/mptpetitcharran.fr\/?page_id=190","title":{"rendered":"La MPT"},"content":{"rendered":"\n<p class=\"has-white-background-color has-background\" style=\"font-size:18px\"><strong>Bienvenue \u00e0 la Maison Pour Tous du Petit Charran !<\/strong><br>Au c\u0153ur du quartier du Petit Charran \u00e0 Valence, notre MPT est un lieu de rencontre et de partage ouvert \u00e0 tous. Cr\u00e9\u00e9e par les habitants, pour les habitants, nous offrons un espace convivial o\u00f9 chacun peut s\u2019\u00e9panouir \u00e0 travers des activit\u00e9s de loisirs, de soutien, et d\u2019inclusion num\u00e9rique. <br>Venez d\u00e9couvrir les nombreuses opportunit\u00e9s qu&rsquo;offre la MPT !<br><\/p>\n\n\n\n<div class=\"wp-block-columns has-2-columns is-layout-flex wp-container-core-columns-is-layout-9d6595d7 wp-block-columns-is-layout-flex\">\n<div class=\"wp-block-column is-layout-flow wp-block-column-is-layout-flow\">\n<figure class=\"wp-block-gallery has-nested-images columns-default is-cropped wp-block-gallery-2 is-layout-flex wp-block-gallery-is-layout-flex\">\n<figure class=\"wp-block-image size-full is-style-default\"><a href=\"https:\/\/mptpetitcharran.fr\/?page_id=193\"><img loading=\"lazy\" decoding=\"async\" width=\"1080\" height=\"1080\" data-id=\"6619\" src=\"https:\/\/mptpetitcharran.fr\/wp-content\/uploads\/2025\/07\/Copie-de-Carroussel-post-activite-MPT-Nouvelle-activite21.png\" alt=\"\" class=\"wp-image-6619\" srcset=\"https:\/\/mptpetitcharran.fr\/wp-content\/uploads\/2025\/07\/Copie-de-Carroussel-post-activite-MPT-Nouvelle-activite21.png 1080w, https:\/\/mptpetitcharran.fr\/wp-content\/uploads\/2025\/07\/Copie-de-Carroussel-post-activite-MPT-Nouvelle-activite21-300x300.png 300w, https:\/\/mptpetitcharran.fr\/wp-content\/uploads\/2025\/07\/Copie-de-Carroussel-post-activite-MPT-Nouvelle-activite21-1024x1024.png 1024w, https:\/\/mptpetitcharran.fr\/wp-content\/uploads\/2025\/07\/Copie-de-Carroussel-post-activite-MPT-Nouvelle-activite21-150x150.png 150w, https:\/\/mptpetitcharran.fr\/wp-content\/uploads\/2025\/07\/Copie-de-Carroussel-post-activite-MPT-Nouvelle-activite21-768x768.png 768w, https:\/\/mptpetitcharran.fr\/wp-content\/uploads\/2025\/07\/Copie-de-Carroussel-post-activite-MPT-Nouvelle-activite21-700x700.png 700w, https:\/\/mptpetitcharran.fr\/wp-content\/uploads\/2025\/07\/Copie-de-Carroussel-post-activite-MPT-Nouvelle-activite21-100x100.png 100w, https:\/\/mptpetitcharran.fr\/wp-content\/uploads\/2025\/07\/Copie-de-Carroussel-post-activite-MPT-Nouvelle-activite21-400x400.png 400w\" sizes=\"auto, (max-width: 1080px) 100vw, 1080px\" \/><\/a><\/figure>\n<\/figure>\n<\/div>\n\n\n\n<div class=\"wp-block-column is-layout-flow wp-block-column-is-layout-flow\">\n<figure class=\"wp-block-image size-full\"><a href=\"https:\/\/mptpetitcharran.fr\/?page_id=195\"><img loading=\"lazy\" decoding=\"async\" width=\"1080\" height=\"1080\" src=\"https:\/\/mptpetitcharran.fr\/wp-content\/uploads\/2025\/07\/Copie-de-Carroussel-post-activite-MPT-Nouvelle-activite22.png\" alt=\"\" class=\"wp-image-6620\" srcset=\"https:\/\/mptpetitcharran.fr\/wp-content\/uploads\/2025\/07\/Copie-de-Carroussel-post-activite-MPT-Nouvelle-activite22.png 1080w, https:\/\/mptpetitcharran.fr\/wp-content\/uploads\/2025\/07\/Copie-de-Carroussel-post-activite-MPT-Nouvelle-activite22-300x300.png 300w, https:\/\/mptpetitcharran.fr\/wp-content\/uploads\/2025\/07\/Copie-de-Carroussel-post-activite-MPT-Nouvelle-activite22-1024x1024.png 1024w, https:\/\/mptpetitcharran.fr\/wp-content\/uploads\/2025\/07\/Copie-de-Carroussel-post-activite-MPT-Nouvelle-activite22-150x150.png 150w, https:\/\/mptpetitcharran.fr\/wp-content\/uploads\/2025\/07\/Copie-de-Carroussel-post-activite-MPT-Nouvelle-activite22-768x768.png 768w, https:\/\/mptpetitcharran.fr\/wp-content\/uploads\/2025\/07\/Copie-de-Carroussel-post-activite-MPT-Nouvelle-activite22-700x700.png 700w, https:\/\/mptpetitcharran.fr\/wp-content\/uploads\/2025\/07\/Copie-de-Carroussel-post-activite-MPT-Nouvelle-activite22-100x100.png 100w, https:\/\/mptpetitcharran.fr\/wp-content\/uploads\/2025\/07\/Copie-de-Carroussel-post-activite-MPT-Nouvelle-activite22-400x400.png 400w\" sizes=\"auto, (max-width: 1080px) 100vw, 1080px\" \/><\/a><\/figure>\n<\/div>\n<\/div>\n\n\n\n<div class=\"wp-block-columns has-2-columns is-layout-flex wp-container-core-columns-is-layout-9d6595d7 wp-block-columns-is-layout-flex\">\n<div class=\"wp-block-column is-layout-flow wp-block-column-is-layout-flow\">\n<figure class=\"wp-block-image size-full\"><a href=\"https:\/\/mptpetitcharran.fr\/?page_id=194\"><img loading=\"lazy\" decoding=\"async\" width=\"1080\" height=\"1080\" src=\"https:\/\/mptpetitcharran.fr\/wp-content\/uploads\/2025\/07\/Copie-de-Carroussel-post-activite-MPT-Nouvelle-activite23.png\" alt=\"\" class=\"wp-image-6621\" srcset=\"https:\/\/mptpetitcharran.fr\/wp-content\/uploads\/2025\/07\/Copie-de-Carroussel-post-activite-MPT-Nouvelle-activite23.png 1080w, https:\/\/mptpetitcharran.fr\/wp-content\/uploads\/2025\/07\/Copie-de-Carroussel-post-activite-MPT-Nouvelle-activite23-300x300.png 300w, https:\/\/mptpetitcharran.fr\/wp-content\/uploads\/2025\/07\/Copie-de-Carroussel-post-activite-MPT-Nouvelle-activite23-1024x1024.png 1024w, https:\/\/mptpetitcharran.fr\/wp-content\/uploads\/2025\/07\/Copie-de-Carroussel-post-activite-MPT-Nouvelle-activite23-150x150.png 150w, https:\/\/mptpetitcharran.fr\/wp-content\/uploads\/2025\/07\/Copie-de-Carroussel-post-activite-MPT-Nouvelle-activite23-768x768.png 768w, https:\/\/mptpetitcharran.fr\/wp-content\/uploads\/2025\/07\/Copie-de-Carroussel-post-activite-MPT-Nouvelle-activite23-700x700.png 700w, https:\/\/mptpetitcharran.fr\/wp-content\/uploads\/2025\/07\/Copie-de-Carroussel-post-activite-MPT-Nouvelle-activite23-100x100.png 100w, https:\/\/mptpetitcharran.fr\/wp-content\/uploads\/2025\/07\/Copie-de-Carroussel-post-activite-MPT-Nouvelle-activite23-400x400.png 400w\" sizes=\"auto, (max-width: 1080px) 100vw, 1080px\" \/><\/a><\/figure>\n<\/div>\n\n\n\n<div class=\"wp-block-column is-layout-flow wp-block-column-is-layout-flow\">\n<figure class=\"wp-block-image size-full\"><a href=\"https:\/\/mptpetitcharran.fr\/?page_id=191\"><img loading=\"lazy\" decoding=\"async\" width=\"1080\" height=\"1080\" src=\"https:\/\/mptpetitcharran.fr\/wp-content\/uploads\/2025\/07\/Copie-de-Carroussel-post-activite-MPT-Nouvelle-activite24.png\" alt=\"\" class=\"wp-image-6623\" srcset=\"https:\/\/mptpetitcharran.fr\/wp-content\/uploads\/2025\/07\/Copie-de-Carroussel-post-activite-MPT-Nouvelle-activite24.png 1080w, https:\/\/mptpetitcharran.fr\/wp-content\/uploads\/2025\/07\/Copie-de-Carroussel-post-activite-MPT-Nouvelle-activite24-300x300.png 300w, https:\/\/mptpetitcharran.fr\/wp-content\/uploads\/2025\/07\/Copie-de-Carroussel-post-activite-MPT-Nouvelle-activite24-1024x1024.png 1024w, https:\/\/mptpetitcharran.fr\/wp-content\/uploads\/2025\/07\/Copie-de-Carroussel-post-activite-MPT-Nouvelle-activite24-150x150.png 150w, https:\/\/mptpetitcharran.fr\/wp-content\/uploads\/2025\/07\/Copie-de-Carroussel-post-activite-MPT-Nouvelle-activite24-768x768.png 768w, https:\/\/mptpetitcharran.fr\/wp-content\/uploads\/2025\/07\/Copie-de-Carroussel-post-activite-MPT-Nouvelle-activite24-700x700.png 700w, https:\/\/mptpetitcharran.fr\/wp-content\/uploads\/2025\/07\/Copie-de-Carroussel-post-activite-MPT-Nouvelle-activite24-100x100.png 100w, https:\/\/mptpetitcharran.fr\/wp-content\/uploads\/2025\/07\/Copie-de-Carroussel-post-activite-MPT-Nouvelle-activite24-400x400.png 400w\" sizes=\"auto, (max-width: 1080px) 100vw, 1080px\" \/><\/a><\/figure>\n<\/div>\n<\/div>\n","protected":false},"excerpt":{"rendered":"<p>Bienvenue \u00e0 la Maison Pour Tous du Petit Charran !Au c\u0153ur du quartier du Petit Charran \u00e0 Valence, notre MPT est un lieu de rencontre et de partage ouvert \u00e0 &hellip; <a href=\"https:\/\/mptpetitcharran.fr\/?page_id=190\" class=\"more-link\">Continue reading <span class=\"screen-reader-text\">La MPT<\/span> <span class=\"meta-nav\">&rarr;<\/span><\/a><\/p>\n","protected":false},"author":1,"featured_media":0,"parent":0,"menu_order":0,"comment_status":"closed","ping_status":"closed","template":"","meta":{"footnotes":""},"class_list":["post-190","page","type-page","status-publish","hentry"],"yoast_head":"<!-- This site is optimized with the Yoast SEO plugin v27.0 - https:\/\/yoast.com\/product\/yoast-seo-wordpress\/ -->\n<title>La MPT - Maison pour tous du Petit charran<\/title>\n<meta name=\"robots\" content=\"index, follow, max-snippet:-1, max-image-preview:large, max-video-preview:-1\" \/>\n<link rel=\"canonical\" href=\"https:\/\/mptpetitcharran.fr\/?page_id=190\" \/>\n<meta property=\"og:locale\" content=\"fr_FR\" \/>\n<meta property=\"og:type\" content=\"article\" \/>\n<meta property=\"og:title\" content=\"La MPT - Maison pour tous du Petit charran\" \/>\n<meta property=\"og:description\" content=\"Bienvenue \u00e0 la Maison Pour Tous du Petit Charran !Au c\u0153ur du quartier du Petit Charran \u00e0 Valence, notre MPT est un lieu de rencontre et de partage ouvert \u00e0 &hellip; Continue reading La MPT &rarr;\" \/>\n<meta property=\"og:url\" content=\"https:\/\/mptpetitcharran.fr\/?page_id=190\" \/>\n<meta property=\"og:site_name\" content=\"Maison pour tous du Petit charran\" \/>\n<meta property=\"article:publisher\" content=\"https:\/\/www.facebook.com\/mptpetitcharran\" \/>\n<meta property=\"article:modified_time\" content=\"2025-07-01T14:54:49+00:00\" \/>\n<meta property=\"og:image\" content=\"https:\/\/mptpetitcharran.fr\/wp-content\/uploads\/2025\/07\/Copie-de-Carroussel-post-activite-MPT-Nouvelle-activite21.png\" \/>\n\t<meta property=\"og:image:width\" content=\"1080\" \/>\n\t<meta property=\"og:image:height\" content=\"1080\" \/>\n\t<meta property=\"og:image:type\" content=\"image\/png\" \/>\n<meta name=\"twitter:card\" content=\"summary_large_image\" \/>\n<meta name=\"twitter:label1\" content=\"Dur\u00e9e de lecture estim\u00e9e\" \/>\n\t<meta name=\"twitter:data1\" content=\"2 minutes\" \/>\n<script type=\"application\/ld+json\" class=\"yoast-schema-graph\">{\"@context\":\"https:\/\/schema.org\",\"@graph\":[{\"@type\":\"WebPage\",\"@id\":\"https:\/\/mptpetitcharran.fr\/?page_id=190\",\"url\":\"https:\/\/mptpetitcharran.fr\/?page_id=190\",\"name\":\"La MPT - Maison pour tous du Petit charran\",\"isPartOf\":{\"@id\":\"https:\/\/mptpetitcharran.fr\/#website\"},\"primaryImageOfPage\":{\"@id\":\"https:\/\/mptpetitcharran.fr\/?page_id=190#primaryimage\"},\"image\":{\"@id\":\"https:\/\/mptpetitcharran.fr\/?page_id=190#primaryimage\"},\"thumbnailUrl\":\"https:\/\/mptpetitcharran.fr\/wp-content\/uploads\/2025\/07\/Copie-de-Carroussel-post-activite-MPT-Nouvelle-activite21.png\",\"datePublished\":\"2019-06-06T08:05:33+00:00\",\"dateModified\":\"2025-07-01T14:54:49+00:00\",\"breadcrumb\":{\"@id\":\"https:\/\/mptpetitcharran.fr\/?page_id=190#breadcrumb\"},\"inLanguage\":\"fr-FR\",\"potentialAction\":[{\"@type\":\"ReadAction\",\"target\":[\"https:\/\/mptpetitcharran.fr\/?page_id=190\"]}]},{\"@type\":\"ImageObject\",\"inLanguage\":\"fr-FR\",\"@id\":\"https:\/\/mptpetitcharran.fr\/?page_id=190#primaryimage\",\"url\":\"https:\/\/mptpetitcharran.fr\/wp-content\/uploads\/2025\/07\/Copie-de-Carroussel-post-activite-MPT-Nouvelle-activite21.png\",\"contentUrl\":\"https:\/\/mptpetitcharran.fr\/wp-content\/uploads\/2025\/07\/Copie-de-Carroussel-post-activite-MPT-Nouvelle-activite21.png\",\"width\":1080,\"height\":1080},{\"@type\":\"BreadcrumbList\",\"@id\":\"https:\/\/mptpetitcharran.fr\/?page_id=190#breadcrumb\",\"itemListElement\":[{\"@type\":\"ListItem\",\"position\":1,\"name\":\"Accueil\",\"item\":\"https:\/\/mptpetitcharran.fr\/\"},{\"@type\":\"ListItem\",\"position\":2,\"name\":\"La MPT\"}]},{\"@type\":\"WebSite\",\"@id\":\"https:\/\/mptpetitcharran.fr\/#website\",\"url\":\"https:\/\/mptpetitcharran.fr\/\",\"name\":\"Maison pour tous du Petit charran\",\"description\":\"\",\"publisher\":{\"@id\":\"https:\/\/mptpetitcharran.fr\/#organization\"},\"potentialAction\":[{\"@type\":\"SearchAction\",\"target\":{\"@type\":\"EntryPoint\",\"urlTemplate\":\"https:\/\/mptpetitcharran.fr\/?s={search_term_string}\"},\"query-input\":{\"@type\":\"PropertyValueSpecification\",\"valueRequired\":true,\"valueName\":\"search_term_string\"}}],\"inLanguage\":\"fr-FR\"},{\"@type\":\"Organization\",\"@id\":\"https:\/\/mptpetitcharran.fr\/#organization\",\"name\":\"Maison pour tous du Petit charran\",\"url\":\"https:\/\/mptpetitcharran.fr\/\",\"logo\":{\"@type\":\"ImageObject\",\"inLanguage\":\"fr-FR\",\"@id\":\"https:\/\/mptpetitcharran.fr\/#\/schema\/logo\/image\/\",\"url\":\"http:\/\/mptpetitcharran.fr\/wp-content\/uploads\/2023\/07\/cropped-logo_mptpc.jpg\",\"contentUrl\":\"http:\/\/mptpetitcharran.fr\/wp-content\/uploads\/2023\/07\/cropped-logo_mptpc.jpg\",\"width\":532,\"height\":529,\"caption\":\"Maison pour tous du Petit charran\"},\"image\":{\"@id\":\"https:\/\/mptpetitcharran.fr\/#\/schema\/logo\/image\/\"},\"sameAs\":[\"https:\/\/www.facebook.com\/mptpetitcharran\",\"https:\/\/www.instagram.com\/mptpetitcharran\/\"]}]}<\/script>\n<!-- \/ Yoast SEO plugin. -->","yoast_head_json":{"title":"La MPT - Maison pour tous du Petit charran","robots":{"index":"index","follow":"follow","max-snippet":"max-snippet:-1","max-image-preview":"max-image-preview:large","max-video-preview":"max-video-preview:-1"},"canonical":"https:\/\/mptpetitcharran.fr\/?page_id=190","og_locale":"fr_FR","og_type":"article","og_title":"La MPT - Maison pour tous du Petit charran","og_description":"Bienvenue \u00e0 la Maison Pour Tous du Petit Charran !Au c\u0153ur du quartier du Petit Charran \u00e0 Valence, notre MPT est un lieu de rencontre et de partage ouvert \u00e0 &hellip; Continue reading La MPT &rarr;","og_url":"https:\/\/mptpetitcharran.fr\/?page_id=190","og_site_name":"Maison pour tous du Petit charran","article_publisher":"https:\/\/www.facebook.com\/mptpetitcharran","article_modified_time":"2025-07-01T14:54:49+00:00","og_image":[{"width":1080,"height":1080,"url":"https:\/\/mptpetitcharran.fr\/wp-content\/uploads\/2025\/07\/Copie-de-Carroussel-post-activite-MPT-Nouvelle-activite21.png","type":"image\/png"}],"twitter_card":"summary_large_image","twitter_misc":{"Dur\u00e9e de lecture estim\u00e9e":"2 minutes"},"schema":{"@context":"https:\/\/schema.org","@graph":[{"@type":"WebPage","@id":"https:\/\/mptpetitcharran.fr\/?page_id=190","url":"https:\/\/mptpetitcharran.fr\/?page_id=190","name":"La MPT - Maison pour tous du Petit charran","isPartOf":{"@id":"https:\/\/mptpetitcharran.fr\/#website"},"primaryImageOfPage":{"@id":"https:\/\/mptpetitcharran.fr\/?page_id=190#primaryimage"},"image":{"@id":"https:\/\/mptpetitcharran.fr\/?page_id=190#primaryimage"},"thumbnailUrl":"https:\/\/mptpetitcharran.fr\/wp-content\/uploads\/2025\/07\/Copie-de-Carroussel-post-activite-MPT-Nouvelle-activite21.png","datePublished":"2019-06-06T08:05:33+00:00","dateModified":"2025-07-01T14:54:49+00:00","breadcrumb":{"@id":"https:\/\/mptpetitcharran.fr\/?page_id=190#breadcrumb"},"inLanguage":"fr-FR","potentialAction":[{"@type":"ReadAction","target":["https:\/\/mptpetitcharran.fr\/?page_id=190"]}]},{"@type":"ImageObject","inLanguage":"fr-FR","@id":"https:\/\/mptpetitcharran.fr\/?page_id=190#primaryimage","url":"https:\/\/mptpetitcharran.fr\/wp-content\/uploads\/2025\/07\/Copie-de-Carroussel-post-activite-MPT-Nouvelle-activite21.png","contentUrl":"https:\/\/mptpetitcharran.fr\/wp-content\/uploads\/2025\/07\/Copie-de-Carroussel-post-activite-MPT-Nouvelle-activite21.png","width":1080,"height":1080},{"@type":"BreadcrumbList","@id":"https:\/\/mptpetitcharran.fr\/?page_id=190#breadcrumb","itemListElement":[{"@type":"ListItem","position":1,"name":"Accueil","item":"https:\/\/mptpetitcharran.fr\/"},{"@type":"ListItem","position":2,"name":"La MPT"}]},{"@type":"WebSite","@id":"https:\/\/mptpetitcharran.fr\/#website","url":"https:\/\/mptpetitcharran.fr\/","name":"Maison pour tous du Petit charran","description":"","publisher":{"@id":"https:\/\/mptpetitcharran.fr\/#organization"},"potentialAction":[{"@type":"SearchAction","target":{"@type":"EntryPoint","urlTemplate":"https:\/\/mptpetitcharran.fr\/?s={search_term_string}"},"query-input":{"@type":"PropertyValueSpecification","valueRequired":true,"valueName":"search_term_string"}}],"inLanguage":"fr-FR"},{"@type":"Organization","@id":"https:\/\/mptpetitcharran.fr\/#organization","name":"Maison pour tous du Petit charran","url":"https:\/\/mptpetitcharran.fr\/","logo":{"@type":"ImageObject","inLanguage":"fr-FR","@id":"https:\/\/mptpetitcharran.fr\/#\/schema\/logo\/image\/","url":"http:\/\/mptpetitcharran.fr\/wp-content\/uploads\/2023\/07\/cropped-logo_mptpc.jpg","contentUrl":"http:\/\/mptpetitcharran.fr\/wp-content\/uploads\/2023\/07\/cropped-logo_mptpc.jpg","width":532,"height":529,"caption":"Maison pour tous du Petit charran"},"image":{"@id":"https:\/\/mptpetitcharran.fr\/#\/schema\/logo\/image\/"},"sameAs":["https:\/\/www.facebook.com\/mptpetitcharran","https:\/\/www.instagram.com\/mptpetitcharran\/"]}]}},"publishpress_future_action":{"enabled":false,"date":"2026-04-27 04:56:12","action":"change-status","newStatus":"draft","terms":[],"taxonomy":"","extraData":[]},"publishpress_future_workflow_manual_trigger":{"enabledWorkflows":[]},"_links":{"self":[{"href":"https:\/\/mptpetitcharran.fr\/index.php?rest_route=\/wp\/v2\/pages\/190","targetHints":{"allow":["GET"]}}],"collection":[{"href":"https:\/\/mptpetitcharran.fr\/index.php?rest_route=\/wp\/v2\/pages"}],"about":[{"href":"https:\/\/mptpetitcharran.fr\/index.php?rest_route=\/wp\/v2\/types\/page"}],"author":[{"embeddable":true,"href":"https:\/\/mptpetitcharran.fr\/index.php?rest_route=\/wp\/v2\/users\/1"}],"replies":[{"embeddable":true,"href":"https:\/\/mptpetitcharran.fr\/index.php?rest_route=%2Fwp%2Fv2%2Fcomments&post=190"}],"version-history":[{"count":12,"href":"https:\/\/mptpetitcharran.fr\/index.php?rest_route=\/wp\/v2\/pages\/190\/revisions"}],"predecessor-version":[{"id":6624,"href":"https:\/\/mptpetitcharran.fr\/index.php?rest_route=\/wp\/v2\/pages\/190\/revisions\/6624"}],"wp:attachment":[{"href":"https:\/\/mptpetitcharran.fr\/index.php?rest_route=%2Fwp%2Fv2%2Fmedia&parent=190"}],"curies":[{"name":"wp","href":"https:\/\/api.w.org\/{rel}","templated":true}]}}