{"id":1140,"date":"2019-07-11T07:32:32","date_gmt":"2019-07-11T07:32:32","guid":{"rendered":"http:\/\/mptpetitcharran.fr\/?page_id=1140"},"modified":"2025-07-18T14:09:10","modified_gmt":"2025-07-18T13:09:10","slug":"mentions-legales","status":"publish","type":"page","link":"https:\/\/mptpetitcharran.fr\/?page_id=1140","title":{"rendered":"Mentions l\u00e9gales"},"content":{"rendered":"\n<p><\/p>\n\n\n\n<p class=\"has-medium-font-size\"><strong>Site de l\u2019association : Maison Pour Tous du Petit Charran<\/strong><br><\/p>\n\n\n\n<figure class=\"wp-block-image size-large is-resized\"><img loading=\"lazy\" decoding=\"async\" width=\"1024\" height=\"785\" src=\"https:\/\/mptpetitcharran.fr\/wp-content\/uploads\/2025\/04\/cropped-LOGO-MPT-PRINCIPALE-1024x785.png\" alt=\"\" class=\"wp-image-6174\" style=\"width:115px;height:auto\" srcset=\"https:\/\/mptpetitcharran.fr\/wp-content\/uploads\/2025\/04\/cropped-LOGO-MPT-PRINCIPALE-1024x785.png 1024w, https:\/\/mptpetitcharran.fr\/wp-content\/uploads\/2025\/04\/cropped-LOGO-MPT-PRINCIPALE-300x230.png 300w, https:\/\/mptpetitcharran.fr\/wp-content\/uploads\/2025\/04\/cropped-LOGO-MPT-PRINCIPALE-768x589.png 768w, https:\/\/mptpetitcharran.fr\/wp-content\/uploads\/2025\/04\/cropped-LOGO-MPT-PRINCIPALE-1536x1178.png 1536w, https:\/\/mptpetitcharran.fr\/wp-content\/uploads\/2025\/04\/cropped-LOGO-MPT-PRINCIPALE-2048x1570.png 2048w, https:\/\/mptpetitcharran.fr\/wp-content\/uploads\/2025\/04\/cropped-LOGO-MPT-PRINCIPALE-700x537.png 700w, https:\/\/mptpetitcharran.fr\/wp-content\/uploads\/2025\/04\/cropped-LOGO-MPT-PRINCIPALE-2000x1534.png 2000w, https:\/\/mptpetitcharran.fr\/wp-content\/uploads\/2025\/04\/cropped-LOGO-MPT-PRINCIPALE-522x400.png 522w\" sizes=\"auto, (max-width: 1024px) 100vw, 1024px\" \/><\/figure>\n\n\n\n<p>30 rue Henri Dunant, 26000 Valence<br>T\u00e9l\u00e9phone : <a href=\"tel:0475434852\">04-75-43-48-52<\/a> \/ Fax : <a href=\"fax:+33475322432\">04-75-43-24-32<\/a><br>Mail : contact@mptpetitcharrannumerique<\/p>\n\n\n\n<p>Association loi 1901<br>SIRET : 327 461 083 000 13<br>Directrice de la publication : Josiane ARIENTI et Audrey FAYARD, co-pr\u00e9sidentes de l\u2019association.<\/p>\n\n\n\n<p class=\"has-medium-font-size\"><strong>H\u00c9BERGEUR DU SITE-WEB<\/strong><\/p>\n\n\n\n<p>1&amp;1 IONOS <br>SARL au capital de 100 000 \u20ac<br>Code APE: 6201Z<br><em>1&amp;1 Internet SARL : 7, place de la Gare &#8211; BP 70109 &#8211; 57200 Sarreguemines Cedex , France<\/em><br>SIRET : 43130377500016<\/p>\n\n\n\n<p><\/p>\n\n\n\n<p class=\"has-medium-font-size\"><strong>R\u00c9ALISATION DU SITE-WEB<\/strong><\/p>\n\n\n\n<p>Sur la base graphique du th\u00e8me \u00ab\u00a0LODESTAR BY AUTOMATTIC\u00a0\u00bb propos\u00e9 par le CMS WordPress, le site-web a \u00e9t\u00e9 r\u00e9alis\u00e9 par Julien BONZON (int\u00e9gration et d\u00e9veloppement) et <a href=\"https:\/\/www.janniceguilloux.com\/\" target=\"_blank\" rel=\"noreferrer noopener\">Jannice Guilloux<\/a> (webdesign et mise en page).<\/p>\n\n\n\n<p><\/p>\n\n\n\n<p class=\"has-medium-font-size\"><strong>DROIT D\u2019AUTEUR &amp; PROPRI\u00c9T\u00c9 INTELLECTUELLE<\/strong><\/p>\n\n\n\n<p> En application du Code Fran\u00e7ais de la Propri\u00e9t\u00e9 Intellectuelle (copyright), la reproduction pour un usage autre que priv\u00e9, la vente, la diffusion, la publication, l\u2019adaptation ou la communication, partielles ou int\u00e9grales, des donn\u00e9es (pr\u00e9sentation, agencement du site, photos, textes et illustrations prot\u00e9g\u00e9s par le droit d\u2019auteur) sont strictement soumises \u00e0 l\u2019autorisation \u00e9crite et pr\u00e9alable des d\u00e9tenteurs des droits.<\/p>\n\n\n\n<p>Les photographies pr\u00e9sentes sur ce site-web proviennent de banques d&rsquo;images libres de droits, telles que Pixabay ou Unsplash.<\/p>\n\n\n\n<p><\/p>\n\n\n\n<p class=\"has-medium-font-size\"><strong>INFORMATIQUE ET LIBERT\u00c9S<\/strong><\/p>\n\n\n\n<p> Conform\u00e9ment \u00e0 la loi \u00ab\u00a0Informatique et libert\u00e9s\u00a0\u00bb n\u00b0 78-17 du 6 janvier 1978, tout utilisateur ayant d\u00e9pos\u00e9 des informations directement ou indirectement nominatives dispose d\u2019un droit d\u2019acc\u00e8s et de rectification aupr\u00e8s de l\u2019administrateur du site.<\/p>\n\n\n\n<p><\/p>\n\n\n\n<p class=\"has-medium-font-size\"><strong>R\u00c9GLEMENTATION G\u00c9N\u00c9RALE SUR LA PROTECTION DES DONN\u00c9ES<\/strong><\/p>\n\n\n\n<p> Conform\u00e9ment au R\u00e8glement G\u00e9n\u00e9ral sur la Protection des Donn\u00e9es (\u00ab\u00a0RGPD\u00a0\u00bb) du 25 mai 2018 et tout texte en vigueur \u00e0 venir, vous b\u00e9n\u00e9ficiez d\u2019un droit d\u2019acc\u00e8s, de rectification, d\u2019opposition pour motifs l\u00e9gitimes et de total oubli (effacement de toutes vos donn\u00e9es num\u00e9riques, non anonymis\u00e9es, aux sein de notre ou nos serveurs).<\/p>\n\n\n\n<p><\/p>\n","protected":false},"excerpt":{"rendered":"<p>Site de l\u2019association : Maison Pour Tous du Petit Charran 30 rue Henri Dunant, 26000 ValenceT\u00e9l\u00e9phone : 04-75-43-48-52 \/ Fax : 04-75-43-24-32Mail : contact@mptpetitcharrannumerique Association loi 1901SIRET : 327 461 &hellip; <a href=\"https:\/\/mptpetitcharran.fr\/?page_id=1140\" class=\"more-link\">Continue reading <span class=\"screen-reader-text\">Mentions l\u00e9gales<\/span> <span class=\"meta-nav\">&rarr;<\/span><\/a><\/p>\n","protected":false},"author":1,"featured_media":0,"parent":0,"menu_order":0,"comment_status":"closed","ping_status":"closed","template":"","meta":{"footnotes":""},"class_list":["post-1140","page","type-page","status-publish","hentry"],"yoast_head":"<!-- This site is optimized with the Yoast SEO plugin v27.0 - https:\/\/yoast.com\/product\/yoast-seo-wordpress\/ -->\n<title>Mentions l\u00e9gales - Maison pour tous du Petit charran<\/title>\n<meta name=\"robots\" content=\"index, follow, max-snippet:-1, max-image-preview:large, max-video-preview:-1\" \/>\n<link rel=\"canonical\" href=\"https:\/\/mptpetitcharran.fr\/?page_id=1140\" \/>\n<meta property=\"og:locale\" content=\"fr_FR\" \/>\n<meta property=\"og:type\" content=\"article\" \/>\n<meta property=\"og:title\" content=\"Mentions l\u00e9gales - Maison pour tous du Petit charran\" \/>\n<meta property=\"og:description\" content=\"Site de l\u2019association : Maison Pour Tous du Petit Charran 30 rue Henri Dunant, 26000 ValenceT\u00e9l\u00e9phone : 04-75-43-48-52 \/ Fax : 04-75-43-24-32Mail : contact@mptpetitcharrannumerique Association loi 1901SIRET : 327 461 &hellip; Continue reading Mentions l\u00e9gales &rarr;\" \/>\n<meta property=\"og:url\" content=\"https:\/\/mptpetitcharran.fr\/?page_id=1140\" \/>\n<meta property=\"og:site_name\" content=\"Maison pour tous du Petit charran\" \/>\n<meta property=\"article:publisher\" content=\"https:\/\/www.facebook.com\/mptpetitcharran\" \/>\n<meta property=\"article:modified_time\" content=\"2025-07-18T13:09:10+00:00\" \/>\n<meta property=\"og:image\" content=\"https:\/\/mptpetitcharran.fr\/wp-content\/uploads\/2025\/04\/cropped-LOGO-MPT-PRINCIPALE.png\" \/>\n\t<meta property=\"og:image:width\" content=\"2363\" \/>\n\t<meta property=\"og:image:height\" content=\"1812\" \/>\n\t<meta property=\"og:image:type\" content=\"image\/png\" \/>\n<meta name=\"twitter:card\" content=\"summary_large_image\" \/>\n<meta name=\"twitter:label1\" content=\"Dur\u00e9e de lecture estim\u00e9e\" \/>\n\t<meta name=\"twitter:data1\" content=\"2 minutes\" \/>\n<script type=\"application\/ld+json\" class=\"yoast-schema-graph\">{\"@context\":\"https:\/\/schema.org\",\"@graph\":[{\"@type\":\"WebPage\",\"@id\":\"https:\/\/mptpetitcharran.fr\/?page_id=1140\",\"url\":\"https:\/\/mptpetitcharran.fr\/?page_id=1140\",\"name\":\"Mentions l\u00e9gales - Maison pour tous du Petit charran\",\"isPartOf\":{\"@id\":\"https:\/\/mptpetitcharran.fr\/#website\"},\"primaryImageOfPage\":{\"@id\":\"https:\/\/mptpetitcharran.fr\/?page_id=1140#primaryimage\"},\"image\":{\"@id\":\"https:\/\/mptpetitcharran.fr\/?page_id=1140#primaryimage\"},\"thumbnailUrl\":\"https:\/\/mptpetitcharran.fr\/wp-content\/uploads\/2025\/04\/cropped-LOGO-MPT-PRINCIPALE-1024x785.png\",\"datePublished\":\"2019-07-11T07:32:32+00:00\",\"dateModified\":\"2025-07-18T13:09:10+00:00\",\"breadcrumb\":{\"@id\":\"https:\/\/mptpetitcharran.fr\/?page_id=1140#breadcrumb\"},\"inLanguage\":\"fr-FR\",\"potentialAction\":[{\"@type\":\"ReadAction\",\"target\":[\"https:\/\/mptpetitcharran.fr\/?page_id=1140\"]}]},{\"@type\":\"ImageObject\",\"inLanguage\":\"fr-FR\",\"@id\":\"https:\/\/mptpetitcharran.fr\/?page_id=1140#primaryimage\",\"url\":\"https:\/\/mptpetitcharran.fr\/wp-content\/uploads\/2025\/04\/cropped-LOGO-MPT-PRINCIPALE.png\",\"contentUrl\":\"https:\/\/mptpetitcharran.fr\/wp-content\/uploads\/2025\/04\/cropped-LOGO-MPT-PRINCIPALE.png\",\"width\":2363,\"height\":1812},{\"@type\":\"BreadcrumbList\",\"@id\":\"https:\/\/mptpetitcharran.fr\/?page_id=1140#breadcrumb\",\"itemListElement\":[{\"@type\":\"ListItem\",\"position\":1,\"name\":\"Accueil\",\"item\":\"https:\/\/mptpetitcharran.fr\/\"},{\"@type\":\"ListItem\",\"position\":2,\"name\":\"Mentions l\u00e9gales\"}]},{\"@type\":\"WebSite\",\"@id\":\"https:\/\/mptpetitcharran.fr\/#website\",\"url\":\"https:\/\/mptpetitcharran.fr\/\",\"name\":\"Maison pour tous du Petit charran\",\"description\":\"\",\"publisher\":{\"@id\":\"https:\/\/mptpetitcharran.fr\/#organization\"},\"potentialAction\":[{\"@type\":\"SearchAction\",\"target\":{\"@type\":\"EntryPoint\",\"urlTemplate\":\"https:\/\/mptpetitcharran.fr\/?s={search_term_string}\"},\"query-input\":{\"@type\":\"PropertyValueSpecification\",\"valueRequired\":true,\"valueName\":\"search_term_string\"}}],\"inLanguage\":\"fr-FR\"},{\"@type\":\"Organization\",\"@id\":\"https:\/\/mptpetitcharran.fr\/#organization\",\"name\":\"Maison pour tous du Petit charran\",\"url\":\"https:\/\/mptpetitcharran.fr\/\",\"logo\":{\"@type\":\"ImageObject\",\"inLanguage\":\"fr-FR\",\"@id\":\"https:\/\/mptpetitcharran.fr\/#\/schema\/logo\/image\/\",\"url\":\"http:\/\/mptpetitcharran.fr\/wp-content\/uploads\/2023\/07\/cropped-logo_mptpc.jpg\",\"contentUrl\":\"http:\/\/mptpetitcharran.fr\/wp-content\/uploads\/2023\/07\/cropped-logo_mptpc.jpg\",\"width\":532,\"height\":529,\"caption\":\"Maison pour tous du Petit charran\"},\"image\":{\"@id\":\"https:\/\/mptpetitcharran.fr\/#\/schema\/logo\/image\/\"},\"sameAs\":[\"https:\/\/www.facebook.com\/mptpetitcharran\",\"https:\/\/www.instagram.com\/mptpetitcharran\/\"]}]}<\/script>\n<!-- \/ Yoast SEO plugin. -->","yoast_head_json":{"title":"Mentions l\u00e9gales - Maison pour tous du Petit charran","robots":{"index":"index","follow":"follow","max-snippet":"max-snippet:-1","max-image-preview":"max-image-preview:large","max-video-preview":"max-video-preview:-1"},"canonical":"https:\/\/mptpetitcharran.fr\/?page_id=1140","og_locale":"fr_FR","og_type":"article","og_title":"Mentions l\u00e9gales - Maison pour tous du Petit charran","og_description":"Site de l\u2019association : Maison Pour Tous du Petit Charran 30 rue Henri Dunant, 26000 ValenceT\u00e9l\u00e9phone : 04-75-43-48-52 \/ Fax : 04-75-43-24-32Mail : contact@mptpetitcharrannumerique Association loi 1901SIRET : 327 461 &hellip; Continue reading Mentions l\u00e9gales &rarr;","og_url":"https:\/\/mptpetitcharran.fr\/?page_id=1140","og_site_name":"Maison pour tous du Petit charran","article_publisher":"https:\/\/www.facebook.com\/mptpetitcharran","article_modified_time":"2025-07-18T13:09:10+00:00","og_image":[{"width":2363,"height":1812,"url":"https:\/\/mptpetitcharran.fr\/wp-content\/uploads\/2025\/04\/cropped-LOGO-MPT-PRINCIPALE.png","type":"image\/png"}],"twitter_card":"summary_large_image","twitter_misc":{"Dur\u00e9e de lecture estim\u00e9e":"2 minutes"},"schema":{"@context":"https:\/\/schema.org","@graph":[{"@type":"WebPage","@id":"https:\/\/mptpetitcharran.fr\/?page_id=1140","url":"https:\/\/mptpetitcharran.fr\/?page_id=1140","name":"Mentions l\u00e9gales - Maison pour tous du Petit charran","isPartOf":{"@id":"https:\/\/mptpetitcharran.fr\/#website"},"primaryImageOfPage":{"@id":"https:\/\/mptpetitcharran.fr\/?page_id=1140#primaryimage"},"image":{"@id":"https:\/\/mptpetitcharran.fr\/?page_id=1140#primaryimage"},"thumbnailUrl":"https:\/\/mptpetitcharran.fr\/wp-content\/uploads\/2025\/04\/cropped-LOGO-MPT-PRINCIPALE-1024x785.png","datePublished":"2019-07-11T07:32:32+00:00","dateModified":"2025-07-18T13:09:10+00:00","breadcrumb":{"@id":"https:\/\/mptpetitcharran.fr\/?page_id=1140#breadcrumb"},"inLanguage":"fr-FR","potentialAction":[{"@type":"ReadAction","target":["https:\/\/mptpetitcharran.fr\/?page_id=1140"]}]},{"@type":"ImageObject","inLanguage":"fr-FR","@id":"https:\/\/mptpetitcharran.fr\/?page_id=1140#primaryimage","url":"https:\/\/mptpetitcharran.fr\/wp-content\/uploads\/2025\/04\/cropped-LOGO-MPT-PRINCIPALE.png","contentUrl":"https:\/\/mptpetitcharran.fr\/wp-content\/uploads\/2025\/04\/cropped-LOGO-MPT-PRINCIPALE.png","width":2363,"height":1812},{"@type":"BreadcrumbList","@id":"https:\/\/mptpetitcharran.fr\/?page_id=1140#breadcrumb","itemListElement":[{"@type":"ListItem","position":1,"name":"Accueil","item":"https:\/\/mptpetitcharran.fr\/"},{"@type":"ListItem","position":2,"name":"Mentions l\u00e9gales"}]},{"@type":"WebSite","@id":"https:\/\/mptpetitcharran.fr\/#website","url":"https:\/\/mptpetitcharran.fr\/","name":"Maison pour tous du Petit charran","description":"","publisher":{"@id":"https:\/\/mptpetitcharran.fr\/#organization"},"potentialAction":[{"@type":"SearchAction","target":{"@type":"EntryPoint","urlTemplate":"https:\/\/mptpetitcharran.fr\/?s={search_term_string}"},"query-input":{"@type":"PropertyValueSpecification","valueRequired":true,"valueName":"search_term_string"}}],"inLanguage":"fr-FR"},{"@type":"Organization","@id":"https:\/\/mptpetitcharran.fr\/#organization","name":"Maison pour tous du Petit charran","url":"https:\/\/mptpetitcharran.fr\/","logo":{"@type":"ImageObject","inLanguage":"fr-FR","@id":"https:\/\/mptpetitcharran.fr\/#\/schema\/logo\/image\/","url":"http:\/\/mptpetitcharran.fr\/wp-content\/uploads\/2023\/07\/cropped-logo_mptpc.jpg","contentUrl":"http:\/\/mptpetitcharran.fr\/wp-content\/uploads\/2023\/07\/cropped-logo_mptpc.jpg","width":532,"height":529,"caption":"Maison pour tous du Petit charran"},"image":{"@id":"https:\/\/mptpetitcharran.fr\/#\/schema\/logo\/image\/"},"sameAs":["https:\/\/www.facebook.com\/mptpetitcharran","https:\/\/www.instagram.com\/mptpetitcharran\/"]}]}},"publishpress_future_action":{"enabled":false,"date":"2026-04-29 09:57:18","action":"change-status","newStatus":"draft","terms":[],"taxonomy":"","extraData":[]},"publishpress_future_workflow_manual_trigger":{"enabledWorkflows":[]},"_links":{"self":[{"href":"https:\/\/mptpetitcharran.fr\/index.php?rest_route=\/wp\/v2\/pages\/1140","targetHints":{"allow":["GET"]}}],"collection":[{"href":"https:\/\/mptpetitcharran.fr\/index.php?rest_route=\/wp\/v2\/pages"}],"about":[{"href":"https:\/\/mptpetitcharran.fr\/index.php?rest_route=\/wp\/v2\/types\/page"}],"author":[{"embeddable":true,"href":"https:\/\/mptpetitcharran.fr\/index.php?rest_route=\/wp\/v2\/users\/1"}],"replies":[{"embeddable":true,"href":"https:\/\/mptpetitcharran.fr\/index.php?rest_route=%2Fwp%2Fv2%2Fcomments&post=1140"}],"version-history":[{"count":37,"href":"https:\/\/mptpetitcharran.fr\/index.php?rest_route=\/wp\/v2\/pages\/1140\/revisions"}],"predecessor-version":[{"id":6661,"href":"https:\/\/mptpetitcharran.fr\/index.php?rest_route=\/wp\/v2\/pages\/1140\/revisions\/6661"}],"wp:attachment":[{"href":"https:\/\/mptpetitcharran.fr\/index.php?rest_route=%2Fwp%2Fv2%2Fmedia&parent=1140"}],"curies":[{"name":"wp","href":"https:\/\/api.w.org\/{rel}","templated":true}]}}